{"id":539,"date":"2021-11-08T16:43:44","date_gmt":"2021-11-08T15:43:44","guid":{"rendered":"https:\/\/agora.xtec.cat\/ceipvilaroja\/?page_id=539"},"modified":"2025-10-20T13:31:01","modified_gmt":"2025-10-20T11:31:01","slug":"pla-dactuacio","status":"publish","type":"page","link":"https:\/\/agora.xtec.cat\/ceipvilaroja\/projecte-educatiu\/pla-dactuacio\/","title":{"rendered":"Programaci\u00f3 General Anual"},"content":{"rendered":"<p>La Programaci\u00f3 General Anual de Centre (PGA) \u00e9s un instrument a curt termini de gesti\u00f3 i organitzaci\u00f3 de centre en qu\u00e8 es concreten els objectius del Projecte de Direcci\u00f3 i del Projecte Educatiu de Centre al llarg d\u2019un curs escolar, d\u2019acord amb el que estableix l\u2019article 10del Decret 102\/2010 d\u2019autonomia dels centres educatius.<br \/>\nEl marc normatiu b\u00e0sic de refer\u00e8ncia d\u2019aquest document \u00e9s el seg\u00fcent:<br \/>\n\uf0b7 Llei org\u00e0nica 3\/2020, de 29 de desembre, d\u2019Educaci\u00f3 (LOMLOE)<br \/>\n\uf0b7 Llei Org\u00e0nica 8\/2013, de 9 de desembre. (LOMCE) \u25cb La Llei 12\/2009, del 10 dejuliol, d\u2019educaci\u00f3. (LEC)<br \/>\n\uf0b7 El Decret 155\/2010, de 2 de novembre, de la direcci\u00f3 dels centres educatiusp\u00fablics i del personal directiu professional docent.<br \/>\n\uf0b7 El Decret 102\/2010, de 3 d\u2019agost, d\u2019autonomia dels centres educatius.<br \/>\n\uf0b7 Resoluci\u00f3 per la qual s&#8217;aproven els documents per a l\u2019organitzaci\u00f3 i gesti\u00f3 decentre per al curs 2021-2022.<\/p>\n<p>Aquesta Programaci\u00f3 General Anual del Centre surt del projecte de direcci\u00f3 actualitzat i s\u2019ha elaborat tenint en compte els objectius prioritaris del Sistema Educatiu, el Projecte Educatiu de Centre (PEC), el Projecte de Direcci\u00f3 (PdD) i les necessitats detectades en la Mem\u00f2ria Anual del curs anterior, 2021-2022. Tamb\u00e9 s\u2019inclouen els projectes espec\u00edfics que es duen a terme a l\u2019escola i que s\u00f3n un tret distintiu de la nostra manera de ser i de fer. \u00c9s un document consultable per tot l\u2019equip docent, aprovat pel claustre i pel Consell Escolar amb data<br \/>\n26\/10\/2022.<\/p>\n<p>Podeu consultar el document al seg\u00fcent enlla\u00e7:<\/p>\n<p>Programaci\u00f3 General Anual: <a href=\"https:\/\/agora.xtec.cat\/ceipvilaroja\/wp-content\/uploads\/usu2929\/2025\/10\/PGA-25-26-1.pdf\">PGA 25-26 <\/a><\/p>\n","protected":false},"excerpt":{"rendered":"<p>La Programaci\u00f3 General Anual de Centre (PGA) \u00e9s un instrument a curt termini de gesti\u00f3 i organitzaci\u00f3 de centre en qu\u00e8 es concreten els objectius del Projecte de Direcci\u00f3 i del Projecte Educatiu de Centre al llarg d\u2019un curs escolar, d\u2019acord amb el que estableix&hellip;  <a href=\"https:\/\/agora.xtec.cat\/ceipvilaroja\/projecte-educatiu\/pla-dactuacio\/\" title=\"Read Programaci\u00f3 General Anual\">Llegeix m\u00e9s\u00bb<\/a><\/p>\n","protected":false},"author":1,"featured_media":0,"parent":64,"menu_order":0,"comment_status":"closed","ping_status":"closed","template":"page-templates\/side-menu.php","meta":{"_bbp_topic_count":0,"_bbp_reply_count":0,"_bbp_total_topic_count":0,"_bbp_total_reply_count":0,"_bbp_voice_count":0,"_bbp_anonymous_reply_count":0,"_bbp_topic_count_hidden":0,"_bbp_reply_count_hidden":0,"_bbp_forum_subforum_count":0,"footnotes":""},"class_list":["post-539","page","type-page","status-publish","hentry"],"post_mailing_queue_ids":[],"_links":{"self":[{"href":"https:\/\/agora.xtec.cat\/ceipvilaroja\/wp-json\/wp\/v2\/pages\/539","targetHints":{"allow":["GET"]}}],"collection":[{"href":"https:\/\/agora.xtec.cat\/ceipvilaroja\/wp-json\/wp\/v2\/pages"}],"about":[{"href":"https:\/\/agora.xtec.cat\/ceipvilaroja\/wp-json\/wp\/v2\/types\/page"}],"author":[{"embeddable":true,"href":"https:\/\/agora.xtec.cat\/ceipvilaroja\/wp-json\/wp\/v2\/users\/1"}],"replies":[{"embeddable":true,"href":"https:\/\/agora.xtec.cat\/ceipvilaroja\/wp-json\/wp\/v2\/comments?post=539"}],"version-history":[{"count":5,"href":"https:\/\/agora.xtec.cat\/ceipvilaroja\/wp-json\/wp\/v2\/pages\/539\/revisions"}],"predecessor-version":[{"id":991,"href":"https:\/\/agora.xtec.cat\/ceipvilaroja\/wp-json\/wp\/v2\/pages\/539\/revisions\/991"}],"up":[{"embeddable":true,"href":"https:\/\/agora.xtec.cat\/ceipvilaroja\/wp-json\/wp\/v2\/pages\/64"}],"wp:attachment":[{"href":"https:\/\/agora.xtec.cat\/ceipvilaroja\/wp-json\/wp\/v2\/media?parent=539"}],"curies":[{"name":"wp","href":"https:\/\/api.w.org\/{rel}","templated":true}]}}