{"id":537,"date":"2021-11-08T16:39:43","date_gmt":"2021-11-08T15:39:43","guid":{"rendered":"https:\/\/agora.xtec.cat\/ceipvilaroja\/?page_id=537"},"modified":"2025-10-20T13:31:41","modified_gmt":"2025-10-20T11:31:41","slug":"temps-de-migdia","status":"publish","type":"page","link":"https:\/\/agora.xtec.cat\/ceipvilaroja\/projecte-educatiu\/temps-de-migdia\/","title":{"rendered":"Temps de Migdia"},"content":{"rendered":"<p>Fruit del conveni de delegaci\u00f3 de compet\u00e8ncies del Departament d\u2019Ensenyament en favor dels Consells Comarcals, \u00e9s el <a href=\"https:\/\/www.girones.cat\/arees\/ensenyament-cultura-turisme-catala-joventut-i-esports\/ensenyament\/menjador-escolar\/\" target=\"_blank\" rel=\"noopener\"><strong>Consell Comarcal del Giron\u00e8s<\/strong><\/a> qui gestiona el servei de menjador.<\/p>\n<p>Actualment contracta els serveis i el subministrament a l&#8217;empresa SERHS FOOD AREA S.L. (subministrament, transport del menjar, servei de neteja i monitoratge).<\/p>\n<p>Per tal que hi hagi una continu\u00eftat entre l&#8217;horari lectiu i el temps de migdia, la direcci\u00f3 i el Consell escolar, vetllen perqu\u00e8 el servei sigui coherent amb el Projecte educatiu i la normativa d\u2019organitzaci\u00f3 i funcionament del centre.<\/p>\n<ul>\n<li><a href=\"https:\/\/agora.xtec.cat\/ceipvilaroja\/wp-content\/uploads\/usu2929\/2025\/10\/Pla-de-Funcionament-de-menjador-Vila-roja-25-26-2.pdf\">Pla de Funcionament de menjador Vila-roja 25-26<\/a><\/li>\n<li><a href=\"https:\/\/agora.xtec.cat\/ceipvilaroja\/wp-content\/uploads\/usu2929\/2024\/03\/20240229-Girona-Escola-de-Vila-roja-REV.pdf\">Informe Valoraci\u00f3 Programaci\u00f3 dels Men\u00fas<\/a><\/li>\n<\/ul>\n","protected":false},"excerpt":{"rendered":"<p>Fruit del conveni de delegaci\u00f3 de compet\u00e8ncies del Departament d\u2019Ensenyament en favor dels Consells Comarcals, \u00e9s el <a href=\"https:\/\/www.girones.cat\/arees\/ensenyament-cultura-turisme-catala-joventut-i-esports\/ensenyament\/menjador-escolar\/\" target=\"_blank\" rel=\"noopener\">Consell Comarcal del Giron\u00e8s<\/a> qui gestiona el servei de menjador.<br \/>\nActualment contracta els serveis i el subministrament a l&#8217;empresa SERHS FOOD AREA S.L. (subministrament, transport del&hellip;  <a href=\"https:\/\/agora.xtec.cat\/ceipvilaroja\/projecte-educatiu\/temps-de-migdia\/\" title=\"Read Temps de Migdia\">Llegeix m\u00e9s\u00bb<\/a><\/p>\n","protected":false},"author":1,"featured_media":0,"parent":64,"menu_order":0,"comment_status":"closed","ping_status":"closed","template":"page-templates\/side-menu.php","meta":{"_bbp_topic_count":0,"_bbp_reply_count":0,"_bbp_total_topic_count":0,"_bbp_total_reply_count":0,"_bbp_voice_count":0,"_bbp_anonymous_reply_count":0,"_bbp_topic_count_hidden":0,"_bbp_reply_count_hidden":0,"_bbp_forum_subforum_count":0,"footnotes":""},"class_list":["post-537","page","type-page","status-publish","hentry"],"post_mailing_queue_ids":[],"_links":{"self":[{"href":"https:\/\/agora.xtec.cat\/ceipvilaroja\/wp-json\/wp\/v2\/pages\/537","targetHints":{"allow":["GET"]}}],"collection":[{"href":"https:\/\/agora.xtec.cat\/ceipvilaroja\/wp-json\/wp\/v2\/pages"}],"about":[{"href":"https:\/\/agora.xtec.cat\/ceipvilaroja\/wp-json\/wp\/v2\/types\/page"}],"author":[{"embeddable":true,"href":"https:\/\/agora.xtec.cat\/ceipvilaroja\/wp-json\/wp\/v2\/users\/1"}],"replies":[{"embeddable":true,"href":"https:\/\/agora.xtec.cat\/ceipvilaroja\/wp-json\/wp\/v2\/comments?post=537"}],"version-history":[{"count":7,"href":"https:\/\/agora.xtec.cat\/ceipvilaroja\/wp-json\/wp\/v2\/pages\/537\/revisions"}],"predecessor-version":[{"id":993,"href":"https:\/\/agora.xtec.cat\/ceipvilaroja\/wp-json\/wp\/v2\/pages\/537\/revisions\/993"}],"up":[{"embeddable":true,"href":"https:\/\/agora.xtec.cat\/ceipvilaroja\/wp-json\/wp\/v2\/pages\/64"}],"wp:attachment":[{"href":"https:\/\/agora.xtec.cat\/ceipvilaroja\/wp-json\/wp\/v2\/media?parent=537"}],"curies":[{"name":"wp","href":"https:\/\/api.w.org\/{rel}","templated":true}]}}