{"id":533,"date":"2021-11-08T16:32:23","date_gmt":"2021-11-08T15:32:23","guid":{"rendered":"https:\/\/agora.xtec.cat\/ceipvilaroja\/?page_id=533"},"modified":"2022-09-15T20:50:18","modified_gmt":"2022-09-15T18:50:18","slug":"projecte-linguistic","status":"publish","type":"page","link":"https:\/\/agora.xtec.cat\/ceipvilaroja\/projecte-educatiu\/projecte-linguistic\/","title":{"rendered":"Projecte ling\u00fc\u00edstic"},"content":{"rendered":"<p>El projecte ling\u00fc\u00edstic (PLC) forma part del projecte educatiu de centre (PEC) i recull els aspectes relatius a l\u2019ensenyament i l\u2019\u00fas de les lleng\u00fces en els diferents \u00e0mbits del centre. . A m\u00e9s a m\u00e9s, regula l\u2019\u00fas del catal\u00e0 com a llengua vehicular, l\u2019ensenyament i l\u2019aprenentatge de la llengua catalana i la castellana i el tractament de les lleng\u00fces estrangeres, l\u2019angl\u00e8s. Aix\u00ed, el PLC estableix els criteris generals per a les actuacions del proc\u00e9s d\u2019ensenyament de les diferents lleng\u00fces i l\u2019adequaci\u00f3 a la realitat socioling\u00fc\u00edstica del centre.<\/p>\n<p>En relaci\u00f3 a aix\u00f2 els objectius del proc\u00e9s ensenyament i aprenentatge de les lleng\u00fces que prioritzem s\u00f3n:<\/p>\n<ul>\n<li>Garantir que la llengua catalana sigui la llengua habitual del centre en tots els seus \u00e0mbits, tant a nivell oral com escrit.<\/li>\n<li>Incrementar la participaci\u00f3 de tota la comunitat educativa en el proc\u00e9s de normalitzaci\u00f3 de la llengua al centre.<\/li>\n<li>Aconseguir d\u2019actituds positives vers l\u2019\u00fas i el coneixement de la llengua i la cultura catalanes.<\/li>\n<li>Planificar i promoure la participaci\u00f3 de tota la comunitat educativa en <span style=\"font-family: inherit; font-size: 1em;\">activitats (festes, tradicions, costums) que fomentin l\u2019\u00fas de la llengua i <\/span><span style=\"font-family: inherit; font-size: 1em;\">la integraci\u00f3 a la cultura catalana.<\/span><\/li>\n<\/ul>\n<p>La llengua vehicular de les diferents activitats d\u2019ensenyament i aprenentatge \u00e9s el catal\u00e0. \u00c9s la llengua usada en les activitats acad\u00e8miques i \u00e9s l\u2019eina de cohesi\u00f3 i integraci\u00f3 de totes les persones del centre.<\/p>\n<p>Podeu consultar el document al seg\u00fcent enlla\u00e7:<\/p>\n<p><a style=\"color: #2795b6;\" href=\"https:\/\/drive.google.com\/file\/d\/1BOeKkDKoxafEx1b68NbXSEnsYaab5BGF\/view?usp=sharing\">Projecte Ling\u00fc\u00edstic<\/a><\/p>\n","protected":false},"excerpt":{"rendered":"<p>El projecte ling\u00fc\u00edstic (PLC) forma part del projecte educatiu de centre (PEC) i recull els aspectes relatius a l\u2019ensenyament i l\u2019\u00fas de les lleng\u00fces en els diferents \u00e0mbits del centre. . A m\u00e9s a m\u00e9s, regula l\u2019\u00fas del catal\u00e0 com a llengua vehicular, l\u2019ensenyament i&hellip;  <a href=\"https:\/\/agora.xtec.cat\/ceipvilaroja\/projecte-educatiu\/projecte-linguistic\/\" title=\"Read Projecte ling\u00fc\u00edstic\">Llegeix m\u00e9s\u00bb<\/a><\/p>\n","protected":false},"author":1,"featured_media":0,"parent":64,"menu_order":0,"comment_status":"closed","ping_status":"closed","template":"page-templates\/side-menu.php","meta":{"_bbp_topic_count":0,"_bbp_reply_count":0,"_bbp_total_topic_count":0,"_bbp_total_reply_count":0,"_bbp_voice_count":0,"_bbp_anonymous_reply_count":0,"_bbp_topic_count_hidden":0,"_bbp_reply_count_hidden":0,"_bbp_forum_subforum_count":0,"footnotes":""},"class_list":["post-533","page","type-page","status-publish","hentry"],"post_mailing_queue_ids":[],"_links":{"self":[{"href":"https:\/\/agora.xtec.cat\/ceipvilaroja\/wp-json\/wp\/v2\/pages\/533","targetHints":{"allow":["GET"]}}],"collection":[{"href":"https:\/\/agora.xtec.cat\/ceipvilaroja\/wp-json\/wp\/v2\/pages"}],"about":[{"href":"https:\/\/agora.xtec.cat\/ceipvilaroja\/wp-json\/wp\/v2\/types\/page"}],"author":[{"embeddable":true,"href":"https:\/\/agora.xtec.cat\/ceipvilaroja\/wp-json\/wp\/v2\/users\/1"}],"replies":[{"embeddable":true,"href":"https:\/\/agora.xtec.cat\/ceipvilaroja\/wp-json\/wp\/v2\/comments?post=533"}],"version-history":[{"count":4,"href":"https:\/\/agora.xtec.cat\/ceipvilaroja\/wp-json\/wp\/v2\/pages\/533\/revisions"}],"predecessor-version":[{"id":766,"href":"https:\/\/agora.xtec.cat\/ceipvilaroja\/wp-json\/wp\/v2\/pages\/533\/revisions\/766"}],"up":[{"embeddable":true,"href":"https:\/\/agora.xtec.cat\/ceipvilaroja\/wp-json\/wp\/v2\/pages\/64"}],"wp:attachment":[{"href":"https:\/\/agora.xtec.cat\/ceipvilaroja\/wp-json\/wp\/v2\/media?parent=533"}],"curies":[{"name":"wp","href":"https:\/\/api.w.org\/{rel}","templated":true}]}}