{"id":36,"date":"2014-09-18T12:33:11","date_gmt":"2014-09-18T11:33:11","guid":{"rendered":"http:\/\/agora.xtec.cat\/ceipvilaroja\/?page_id=36"},"modified":"2024-09-17T10:56:56","modified_gmt":"2024-09-17T08:56:56","slug":"material-escolar","status":"publish","type":"page","link":"https:\/\/agora.xtec.cat\/ceipvilaroja\/lescola\/material-escolar\/","title":{"rendered":"Material escolar"},"content":{"rendered":"<p><strong>Material Escolar:<\/strong><\/p>\n<p>A inici de curs l&#8217;escola s&#8217;encarrega de comprar el material necessari per tot el curs (llibres de text, lectures, dispositius digitals, material de taller, de dibuix\u2026). Alguns materials s\u00f3n d&#8217;\u00fas individual i d&#8217;altres d&#8217;\u00fas col\u00b7lectiu.<\/p>\n<p>Quota anual de material: 80\u20ac<\/p>\n<p><strong>Material per anar a Educaci\u00f3 F\u00edsica al pavell\u00f3:<\/strong><\/p>\n<p>Per fer la classe cal portar: roba i sabates esportives.<\/p>\n<p>Per dutxar-se: roba de recanvi, xancletes, tovallola, sab\u00f3.<\/p>\n<p>&nbsp;<\/p>\n","protected":false},"excerpt":{"rendered":"<p>Material Escolar:<br \/>\nA inici de curs l&#8217;escola s&#8217;encarrega de comprar el material necessari per tot el curs (llibres de text, lectures, dispositius digitals, material de taller, de dibuix\u2026). Alguns materials s\u00f3n d&#8217;\u00fas individual i d&#8217;altres d&#8217;\u00fas col\u00b7lectiu.<br \/>\nQuota anual de material: 80\u20ac<br \/>\nMaterial per anar a Educaci\u00f3 F\u00edsica&hellip;  <a href=\"https:\/\/agora.xtec.cat\/ceipvilaroja\/lescola\/material-escolar\/\" title=\"Read Material escolar\">Llegeix m\u00e9s\u00bb<\/a><\/p>\n","protected":false},"author":1,"featured_media":0,"parent":22,"menu_order":70,"comment_status":"closed","ping_status":"closed","template":"page-templates\/side-menu.php","meta":{"_bbp_topic_count":0,"_bbp_reply_count":0,"_bbp_total_topic_count":0,"_bbp_total_reply_count":0,"_bbp_voice_count":0,"_bbp_anonymous_reply_count":0,"_bbp_topic_count_hidden":0,"_bbp_reply_count_hidden":0,"_bbp_forum_subforum_count":0,"footnotes":""},"class_list":["post-36","page","type-page","status-publish","hentry"],"post_mailing_queue_ids":[],"_links":{"self":[{"href":"https:\/\/agora.xtec.cat\/ceipvilaroja\/wp-json\/wp\/v2\/pages\/36","targetHints":{"allow":["GET"]}}],"collection":[{"href":"https:\/\/agora.xtec.cat\/ceipvilaroja\/wp-json\/wp\/v2\/pages"}],"about":[{"href":"https:\/\/agora.xtec.cat\/ceipvilaroja\/wp-json\/wp\/v2\/types\/page"}],"author":[{"embeddable":true,"href":"https:\/\/agora.xtec.cat\/ceipvilaroja\/wp-json\/wp\/v2\/users\/1"}],"replies":[{"embeddable":true,"href":"https:\/\/agora.xtec.cat\/ceipvilaroja\/wp-json\/wp\/v2\/comments?post=36"}],"version-history":[{"count":5,"href":"https:\/\/agora.xtec.cat\/ceipvilaroja\/wp-json\/wp\/v2\/pages\/36\/revisions"}],"predecessor-version":[{"id":969,"href":"https:\/\/agora.xtec.cat\/ceipvilaroja\/wp-json\/wp\/v2\/pages\/36\/revisions\/969"}],"up":[{"embeddable":true,"href":"https:\/\/agora.xtec.cat\/ceipvilaroja\/wp-json\/wp\/v2\/pages\/22"}],"wp:attachment":[{"href":"https:\/\/agora.xtec.cat\/ceipvilaroja\/wp-json\/wp\/v2\/media?parent=36"}],"curies":[{"name":"wp","href":"https:\/\/api.w.org\/{rel}","templated":true}]}}