{"id":28,"date":"2014-09-18T12:29:35","date_gmt":"2014-09-18T11:29:35","guid":{"rendered":"http:\/\/agora.xtec.cat\/ceipvilaroja\/?page_id=28"},"modified":"2021-11-29T16:51:22","modified_gmt":"2021-11-29T15:51:22","slug":"consell-escolar","status":"publish","type":"page","link":"https:\/\/agora.xtec.cat\/ceipvilaroja\/lescola\/consell-escolar\/","title":{"rendered":"Consell escolar"},"content":{"rendered":"<h2><\/h2>\n<p>\u00c9s el m\u00e0xim \u00f2rgan de govern de l\u2019escola. Es reuneix peri\u00f2dicament per tractar temes de la seva compet\u00e8ncia com ara: l\u2019aprovaci\u00f3 de la programaci\u00f3 anual escolar, aprovaci\u00f3 del pressupost escolar, aprovaci\u00f3 del calendari i horari escolar, sortides i activitats\u2026<\/p>\n<p>Est\u00e0 format per 15 membres: l\u2019Equip Directiu (3), mestres (5), pares i mares (5), representant municipal (1) i representant del Personal d\u2019Administraci\u00f3 i Serveis (1).<\/p>\n<p>Les persones que formen part del Consell Escolar de l\u2019escola s\u00f3n:<\/p>\n<table style=\"border-collapse: collapse; width: 49.695%; height: 109px;\">\n<tbody>\n<tr style=\"height: 33px;\">\n<td style=\"width: 100%; height: 33px;\"><strong style=\"font-size: 16px;\">Sector mestres<\/strong><\/td>\n<\/tr>\n<tr style=\"height: 33px;\">\n<td style=\"width: 100%; height: 33px;\"><span style=\"font-size: 16px; background-color: #ffffff;\">M\u00f2nica Bracero,\u00a0 Montse Marqu\u00e9s, Irene Brun<\/span><\/td>\n<\/tr>\n<tr style=\"height: 33px;\">\n<td style=\"width: 100%; height: 33px;\"><span style=\"font-size: 16px;\">M\u00edriam Mart\u00edn, Imma Pascual, Marta Saubi, <\/span><span style=\"font-size: 16px;\">Marta Sent\u00eds i Laura Vila<\/span><\/td>\n<\/tr>\n<\/tbody>\n<\/table>\n<table style=\"border-collapse: collapse; width: 49.6951%;\">\n<tbody>\n<tr>\n<td style=\"width: 100%;\"><strong style=\"font-size: 16px;\">Sector PAS<\/strong><\/td>\n<\/tr>\n<tr>\n<td style=\"width: 100%;\"><span style=\"font-size: 16px; background-color: #ffffff;\">Susanna Romero<\/span><\/td>\n<\/tr>\n<\/tbody>\n<\/table>\n<table style=\"border-collapse: collapse; width: 49.5739%;\">\n<tbody>\n<tr>\n<td style=\"width: 100%;\"><strong style=\"font-size: 16px;\">Sector pares\/mares<\/strong><\/td>\n<\/tr>\n<tr>\n<td style=\"width: 100%;\"><span style=\"font-size: 16px; background-color: #ffffff;\">Jessica Heredia, V\u00edctor Heredia, Josefa Heredia, Cristina Fern\u00e1ndez, Wissam es Salmi<\/span><\/td>\n<\/tr>\n<\/tbody>\n<\/table>\n<table style=\"border-collapse: collapse; width: 49.5739%;\">\n<tbody>\n<tr>\n<td style=\"width: 100%;\"><strong style=\"font-size: 16px;\">Representant de l\u2019AMPA<\/strong><\/td>\n<\/tr>\n<tr>\n<td style=\"width: 100%;\"><span style=\"font-size: 16px; background-color: #ffffff;\">Jessica Heredia<\/span><\/td>\n<\/tr>\n<\/tbody>\n<\/table>\n<table style=\"border-collapse: collapse; width: 49.4545%;\">\n<tbody>\n<tr>\n<td style=\"width: 100%;\"><strong style=\"font-size: 16px;\">Representant de l\u2019Ajuntament<\/strong><\/td>\n<\/tr>\n<tr>\n<td style=\"width: 100%;\"><span style=\"font-size: 16px; background-color: #ffffff;\">N\u00faria Pi M\u00e9ndez<\/span><\/td>\n<\/tr>\n<\/tbody>\n<\/table>\n<p>Cada dos anys es renova parcialment mitjan\u00e7ant un proc\u00e9s electoral.<\/p>\n","protected":false},"excerpt":{"rendered":"<p>\u00c9s el m\u00e0xim \u00f2rgan de govern de l\u2019escola. Es reuneix peri\u00f2dicament per tractar temes de la seva compet\u00e8ncia com ara: l\u2019aprovaci\u00f3 de la programaci\u00f3 anual escolar, aprovaci\u00f3 del pressupost escolar, aprovaci\u00f3 del calendari i horari escolar, sortides i activitats\u2026<br \/>\nEst\u00e0 format per 15 membres: l\u2019Equip Directiu&hellip;  <a href=\"https:\/\/agora.xtec.cat\/ceipvilaroja\/lescola\/consell-escolar\/\" title=\"Read Consell escolar\">Llegeix m\u00e9s\u00bb<\/a><\/p>\n","protected":false},"author":1,"featured_media":0,"parent":22,"menu_order":30,"comment_status":"closed","ping_status":"closed","template":"page-templates\/side-menu.php","meta":{"_bbp_topic_count":0,"_bbp_reply_count":0,"_bbp_total_topic_count":0,"_bbp_total_reply_count":0,"_bbp_voice_count":0,"_bbp_anonymous_reply_count":0,"_bbp_topic_count_hidden":0,"_bbp_reply_count_hidden":0,"_bbp_forum_subforum_count":0,"footnotes":""},"class_list":["post-28","page","type-page","status-publish","hentry"],"post_mailing_queue_ids":[],"_links":{"self":[{"href":"https:\/\/agora.xtec.cat\/ceipvilaroja\/wp-json\/wp\/v2\/pages\/28","targetHints":{"allow":["GET"]}}],"collection":[{"href":"https:\/\/agora.xtec.cat\/ceipvilaroja\/wp-json\/wp\/v2\/pages"}],"about":[{"href":"https:\/\/agora.xtec.cat\/ceipvilaroja\/wp-json\/wp\/v2\/types\/page"}],"author":[{"embeddable":true,"href":"https:\/\/agora.xtec.cat\/ceipvilaroja\/wp-json\/wp\/v2\/users\/1"}],"replies":[{"embeddable":true,"href":"https:\/\/agora.xtec.cat\/ceipvilaroja\/wp-json\/wp\/v2\/comments?post=28"}],"version-history":[{"count":3,"href":"https:\/\/agora.xtec.cat\/ceipvilaroja\/wp-json\/wp\/v2\/pages\/28\/revisions"}],"predecessor-version":[{"id":640,"href":"https:\/\/agora.xtec.cat\/ceipvilaroja\/wp-json\/wp\/v2\/pages\/28\/revisions\/640"}],"up":[{"embeddable":true,"href":"https:\/\/agora.xtec.cat\/ceipvilaroja\/wp-json\/wp\/v2\/pages\/22"}],"wp:attachment":[{"href":"https:\/\/agora.xtec.cat\/ceipvilaroja\/wp-json\/wp\/v2\/media?parent=28"}],"curies":[{"name":"wp","href":"https:\/\/api.w.org\/{rel}","templated":true}]}}