{"id":26,"date":"2014-09-18T12:24:32","date_gmt":"2014-09-18T11:24:32","guid":{"rendered":"http:\/\/agora.xtec.cat\/ceipvilaroja\/?page_id=26"},"modified":"2024-09-30T13:18:02","modified_gmt":"2024-09-30T11:18:02","slug":"historia","status":"publish","type":"page","link":"https:\/\/agora.xtec.cat\/ceipvilaroja\/lescola\/historia\/","title":{"rendered":"Hist\u00f2ria"},"content":{"rendered":"<p><a href=\"https:\/\/agora.xtec.cat\/ceipvilaroja\/wp-content\/uploads\/usu2929\/2021\/11\/20211129_133128.jpg\"><img loading=\"lazy\" decoding=\"async\" class=\"wp-image-632 aligncenter\" src=\"https:\/\/agora.xtec.cat\/ceipvilaroja\/wp-content\/uploads\/usu2929\/2021\/11\/20211129_133128-1024x676.jpg\" alt=\"\" width=\"638\" height=\"421\" srcset=\"https:\/\/agora.xtec.cat\/ceipvilaroja\/wp-content\/uploads\/usu2929\/2021\/11\/20211129_133128-1024x676.jpg 1024w, https:\/\/agora.xtec.cat\/ceipvilaroja\/wp-content\/uploads\/usu2929\/2021\/11\/20211129_133128-300x198.jpg 300w, https:\/\/agora.xtec.cat\/ceipvilaroja\/wp-content\/uploads\/usu2929\/2021\/11\/20211129_133128-768x507.jpg 768w, https:\/\/agora.xtec.cat\/ceipvilaroja\/wp-content\/uploads\/usu2929\/2021\/11\/20211129_133128.jpg 1280w\" sizes=\"auto, (max-width: 638px) 100vw, 638px\" \/><\/a>La hist\u00f2ria de l&#8217;escola est\u00e0 relacionada amb la hist\u00f2ria del barri. La seva hist\u00f2ria comen\u00e7a cap al final dels anys 50 , quan la instituci\u00f3 &#8220;Obra sindical del Hogar &#8221; depenent de la Delegaci\u00f3 Nacional de Sindicats adquireix aquests terrenys per a edificar.<br \/>\nL\u2019any 1957 es lliuraren els primers habitacles unifamiliars. El barri es va anar omplint amb\u00a0 fam\u00edlies immigrades provinents sobretot d&#8217;Andalusia, moltes de les quals ja vivien en barraques a Montju\u00efc.<br \/>\nAmb l\u2019augment de poblaci\u00f3, es va crear<strong> l\u2019escola<\/strong> en un petit edifici sense les m\u00ednimes condicions.<br \/>\nPels vols de l\u2019any 62 es posa en funcionament un servei d\u2019autobusos que comunica el barri amb el centre de la ciutat, dada molt important, ja que el barri s\u2019obre a la ciutat de Girona .<br \/>\nL\u2019any 67 s\u2019urbanitza completament el barri i es comencen a edificar nous habitacles, en blocs de pisos, tant a la part nord com a la zona del Grup S. Daniel. Es creen comer\u00e7os i serveis (farm\u00e0cia, correus, fleca, supermercat..). El barri assoleix els 2.500 habitants.<br \/>\nL\u2019any 1969 s\u2019inaugura l\u2019escola p\u00fablica actual amb 8 unitats d\u2019EGB i 2 de Preescolar. Oficialment es va inagurar el 29 de juliol de 1970, recentment ha fet <strong>50 anys<\/strong>.<\/p>\n<p>L&#8217;oferta educativa actual \u00e9s de Prim\u00e0ria; de 1r fins a 6\u00e8. L&#8217;any 2022 el Sector Est fa una reorganitzaci\u00f3 dels centres escolars deixant l&#8217;escolaritzaci\u00f3 Infantil al centre de Font de la P\u00f2lvora i l&#8217;escolaritzaci\u00f3 Prim\u00e0ria a l&#8217;Escola Vila-roja. Donada aquesta situaci\u00f3 l&#8217;Escola Vila-roja comen\u00e7a una nova etapa amb molt m\u00e9s alumnes i passa a ser el centre de refer\u00e8ncia p\u00fablic del Sector Est.<\/p>\n<p>Per altra banda, el curs 22-23 i 23-24 l&#8217;escola rep una nova mirada gr\u00e0cies a l&#8217;artista mural &#8220;Rata con corbata&#8221; i la participaci\u00f3 de la Fundaci\u00f3 Est. El 2023 es pinta la fa\u00e7ana principal de l&#8217;escola i el 2024 la resta de l&#8217;escola.<\/p>\n<p><a href=\"https:\/\/agora.xtec.cat\/ceipvilaroja\/wp-content\/uploads\/usu2929\/2024\/09\/IMG_4193-1.jpg\"><img loading=\"lazy\" decoding=\"async\" class=\"alignleft size-large wp-image-977\" src=\"https:\/\/agora.xtec.cat\/ceipvilaroja\/wp-content\/uploads\/usu2929\/2024\/09\/IMG_4193-1-1024x768.jpg\" alt=\"\" width=\"1024\" height=\"768\" srcset=\"https:\/\/agora.xtec.cat\/ceipvilaroja\/wp-content\/uploads\/usu2929\/2024\/09\/IMG_4193-1-1024x768.jpg 1024w, https:\/\/agora.xtec.cat\/ceipvilaroja\/wp-content\/uploads\/usu2929\/2024\/09\/IMG_4193-1-300x225.jpg 300w, https:\/\/agora.xtec.cat\/ceipvilaroja\/wp-content\/uploads\/usu2929\/2024\/09\/IMG_4193-1-768x576.jpg 768w, https:\/\/agora.xtec.cat\/ceipvilaroja\/wp-content\/uploads\/usu2929\/2024\/09\/IMG_4193-1-1536x1152.jpg 1536w, https:\/\/agora.xtec.cat\/ceipvilaroja\/wp-content\/uploads\/usu2929\/2024\/09\/IMG_4193-1-200x150.jpg 200w, https:\/\/agora.xtec.cat\/ceipvilaroja\/wp-content\/uploads\/usu2929\/2024\/09\/IMG_4193-1.jpg 2016w\" sizes=\"auto, (max-width: 1024px) 100vw, 1024px\" \/><\/a><\/p>\n","protected":false},"excerpt":{"rendered":"<p><a href=\"https:\/\/agora.xtec.cat\/ceipvilaroja\/wp-content\/uploads\/usu2929\/2021\/11\/20211129_133128.jpg\"><\/a>La hist\u00f2ria de l&#8217;escola est\u00e0 relacionada amb la hist\u00f2ria del barri. La seva hist\u00f2ria comen\u00e7a cap al final dels anys 50 , quan la instituci\u00f3 &#8220;Obra sindical del Hogar &#8221; depenent de la Delegaci\u00f3 Nacional de Sindicats adquireix aquests terrenys per a edificar.<br \/>\nL\u2019any 1957&hellip;  <a href=\"https:\/\/agora.xtec.cat\/ceipvilaroja\/lescola\/historia\/\" title=\"Read Hist\u00f2ria\">Llegeix m\u00e9s\u00bb<\/a><\/p>\n","protected":false},"author":1,"featured_media":0,"parent":22,"menu_order":20,"comment_status":"closed","ping_status":"closed","template":"page-templates\/side-menu.php","meta":{"_bbp_topic_count":0,"_bbp_reply_count":0,"_bbp_total_topic_count":0,"_bbp_total_reply_count":0,"_bbp_voice_count":0,"_bbp_anonymous_reply_count":0,"_bbp_topic_count_hidden":0,"_bbp_reply_count_hidden":0,"_bbp_forum_subforum_count":0,"footnotes":""},"class_list":["post-26","page","type-page","status-publish","hentry"],"post_mailing_queue_ids":[],"_links":{"self":[{"href":"https:\/\/agora.xtec.cat\/ceipvilaroja\/wp-json\/wp\/v2\/pages\/26","targetHints":{"allow":["GET"]}}],"collection":[{"href":"https:\/\/agora.xtec.cat\/ceipvilaroja\/wp-json\/wp\/v2\/pages"}],"about":[{"href":"https:\/\/agora.xtec.cat\/ceipvilaroja\/wp-json\/wp\/v2\/types\/page"}],"author":[{"embeddable":true,"href":"https:\/\/agora.xtec.cat\/ceipvilaroja\/wp-json\/wp\/v2\/users\/1"}],"replies":[{"embeddable":true,"href":"https:\/\/agora.xtec.cat\/ceipvilaroja\/wp-json\/wp\/v2\/comments?post=26"}],"version-history":[{"count":6,"href":"https:\/\/agora.xtec.cat\/ceipvilaroja\/wp-json\/wp\/v2\/pages\/26\/revisions"}],"predecessor-version":[{"id":978,"href":"https:\/\/agora.xtec.cat\/ceipvilaroja\/wp-json\/wp\/v2\/pages\/26\/revisions\/978"}],"up":[{"embeddable":true,"href":"https:\/\/agora.xtec.cat\/ceipvilaroja\/wp-json\/wp\/v2\/pages\/22"}],"wp:attachment":[{"href":"https:\/\/agora.xtec.cat\/ceipvilaroja\/wp-json\/wp\/v2\/media?parent=26"}],"curies":[{"name":"wp","href":"https:\/\/api.w.org\/{rel}","templated":true}]}}