{"id":22,"date":"2014-09-18T12:19:57","date_gmt":"2014-09-18T11:19:57","guid":{"rendered":"http:\/\/agora.xtec.cat\/ceipvilaroja\/?page_id=22"},"modified":"2021-11-30T17:37:03","modified_gmt":"2021-11-30T16:37:03","slug":"lescola","status":"publish","type":"page","link":"https:\/\/agora.xtec.cat\/ceipvilaroja\/lescola\/","title":{"rendered":"L&#8217;escola"},"content":{"rendered":"<p><strong>L\u2019Escola Vila-roja: una escola de tothom i per a tothom<\/strong><\/p>\n<p>Som una escola\u00a0<strong>inclusiva<\/strong>, oferim<strong>\u00a0<\/strong>amb una educaci\u00f3 de qualitat per a tothom i comptem amb una comunitat educativa oberta a l\u2019entorn i a les fam\u00edlies dels nostres alumnes.<\/p>\n<p>Alhora ens definim com una escola ideol\u00f2gicament\u00a0<strong>pluralista<\/strong>, sobretot en les seves vessants pol\u00edtica i religiosa. Pluralista en la mesura que no s\u2019exclou a ning\u00fa per la seva proced\u00e8ncia, religi\u00f3, ideologia o nivell econ\u00f2mic.<\/p>\n<p>Treballem per una educaci\u00f3 en pro de la igualtat sense discriminaci\u00f3 per raons de g\u00e8nere i garantim la llibertat de pensament i de ideologies. Intentem transmetre als nostres alumnes els valors b\u00e0sics d\u2019una societat democr\u00e0tica: el respecte als altres i a un mateix, la solidaritat, el sentit de la llibertat lligat a la responsabilitat i el dret dels altres.<\/p>\n<p>&nbsp;<\/p>\n","protected":false},"excerpt":{"rendered":"<p>L\u2019Escola Vila-roja: una escola de tothom i per a tothom<br \/>\nSom una escola\u00a0inclusiva, oferim\u00a0amb una educaci\u00f3 de qualitat per a tothom i comptem amb una comunitat educativa oberta a l\u2019entorn i a les fam\u00edlies dels nostres alumnes.<br \/>\nAlhora ens definim com una escola ideol\u00f2gicament\u00a0pluralista, sobretot en les&hellip;  <a href=\"https:\/\/agora.xtec.cat\/ceipvilaroja\/lescola\/\" title=\"Read L&#8217;escola\">Llegeix m\u00e9s\u00bb<\/a><\/p>\n","protected":false},"author":1,"featured_media":0,"parent":0,"menu_order":0,"comment_status":"closed","ping_status":"closed","template":"page-templates\/side-menu.php","meta":{"_bbp_topic_count":0,"_bbp_reply_count":0,"_bbp_total_topic_count":0,"_bbp_total_reply_count":0,"_bbp_voice_count":0,"_bbp_anonymous_reply_count":0,"_bbp_topic_count_hidden":0,"_bbp_reply_count_hidden":0,"_bbp_forum_subforum_count":0,"footnotes":""},"class_list":["post-22","page","type-page","status-publish","hentry"],"post_mailing_queue_ids":[],"_links":{"self":[{"href":"https:\/\/agora.xtec.cat\/ceipvilaroja\/wp-json\/wp\/v2\/pages\/22","targetHints":{"allow":["GET"]}}],"collection":[{"href":"https:\/\/agora.xtec.cat\/ceipvilaroja\/wp-json\/wp\/v2\/pages"}],"about":[{"href":"https:\/\/agora.xtec.cat\/ceipvilaroja\/wp-json\/wp\/v2\/types\/page"}],"author":[{"embeddable":true,"href":"https:\/\/agora.xtec.cat\/ceipvilaroja\/wp-json\/wp\/v2\/users\/1"}],"replies":[{"embeddable":true,"href":"https:\/\/agora.xtec.cat\/ceipvilaroja\/wp-json\/wp\/v2\/comments?post=22"}],"version-history":[{"count":1,"href":"https:\/\/agora.xtec.cat\/ceipvilaroja\/wp-json\/wp\/v2\/pages\/22\/revisions"}],"predecessor-version":[{"id":650,"href":"https:\/\/agora.xtec.cat\/ceipvilaroja\/wp-json\/wp\/v2\/pages\/22\/revisions\/650"}],"wp:attachment":[{"href":"https:\/\/agora.xtec.cat\/ceipvilaroja\/wp-json\/wp\/v2\/media?parent=22"}],"curies":[{"name":"wp","href":"https:\/\/api.w.org\/{rel}","templated":true}]}}