{"id":80,"date":"2014-09-18T14:09:48","date_gmt":"2014-09-18T13:09:48","guid":{"rendered":"http:\/\/agora.xtec.cat\/ceipvilademany\/?page_id=80"},"modified":"2018-01-11T13:33:14","modified_gmt":"2018-01-11T12:33:14","slug":"transport-escolar","status":"publish","type":"page","link":"https:\/\/agora.xtec.cat\/ceipvilademany\/serveis\/transport-escolar\/","title":{"rendered":"Transport Escolar"},"content":{"rendered":"<p>El nostre centre no disposa de cap l\u00ednia de transport escolar. Les fam\u00edlies que resideixen dins del municipi a m\u00e9s de 3 Km de l&#8217;escola poden optar als ajuts individuals de despla\u00e7ament que convoca anualment el Consell Comarcal del Giron\u00e8s.<\/p>\n<p>M\u00e9s informaci\u00f3\u00a0<a href=\"http:\/\/www.girones.cat\/2012\/12\/ajuts-individuals-de-desplacament-aids_21.html\">http:\/\/www.girones.cat\/2012\/12\/ajuts-individuals-de-desplacament-aids_21.html<\/a><\/p>\n<p>&nbsp;<\/p>\n","protected":false},"excerpt":{"rendered":"<p>El nostre centre no disposa de cap l\u00ednia de transport escolar. Les fam\u00edlies que resideixen dins del municipi a m\u00e9s de 3 Km de l&#8217;escola poden optar als ajuts individuals de despla\u00e7ament que convoca anualment el Consell Comarcal del Giron\u00e8s.<br \/>\nM\u00e9s informaci\u00f3\u00a0<a href=\"http:\/\/www.girones.cat\/2012\/12\/ajuts-individuals-de-desplacament-aids_21.html\">http:\/\/www.girones.cat\/2012\/12\/ajuts-individuals-de-desplacament-aids_21.html<\/a><br \/>\n&nbsp;<\/p>\n","protected":false},"author":1,"featured_media":0,"parent":66,"menu_order":40,"comment_status":"closed","ping_status":"closed","template":"page-templates\/side-menu.php","meta":{"_bbp_topic_count":0,"_bbp_reply_count":0,"_bbp_total_topic_count":0,"_bbp_total_reply_count":0,"_bbp_voice_count":0,"_bbp_anonymous_reply_count":0,"_bbp_topic_count_hidden":0,"_bbp_reply_count_hidden":0,"_bbp_forum_subforum_count":0,"footnotes":""},"class_list":["post-80","page","type-page","status-publish","hentry"],"post_mailing_queue_ids":[],"_links":{"self":[{"href":"https:\/\/agora.xtec.cat\/ceipvilademany\/wp-json\/wp\/v2\/pages\/80","targetHints":{"allow":["GET"]}}],"collection":[{"href":"https:\/\/agora.xtec.cat\/ceipvilademany\/wp-json\/wp\/v2\/pages"}],"about":[{"href":"https:\/\/agora.xtec.cat\/ceipvilademany\/wp-json\/wp\/v2\/types\/page"}],"author":[{"embeddable":true,"href":"https:\/\/agora.xtec.cat\/ceipvilademany\/wp-json\/wp\/v2\/users\/1"}],"replies":[{"embeddable":true,"href":"https:\/\/agora.xtec.cat\/ceipvilademany\/wp-json\/wp\/v2\/comments?post=80"}],"version-history":[{"count":4,"href":"https:\/\/agora.xtec.cat\/ceipvilademany\/wp-json\/wp\/v2\/pages\/80\/revisions"}],"predecessor-version":[{"id":302,"href":"https:\/\/agora.xtec.cat\/ceipvilademany\/wp-json\/wp\/v2\/pages\/80\/revisions\/302"}],"up":[{"embeddable":true,"href":"https:\/\/agora.xtec.cat\/ceipvilademany\/wp-json\/wp\/v2\/pages\/66"}],"wp:attachment":[{"href":"https:\/\/agora.xtec.cat\/ceipvilademany\/wp-json\/wp\/v2\/media?parent=80"}],"curies":[{"name":"wp","href":"https:\/\/api.w.org\/{rel}","templated":true}]}}