{"id":73,"date":"2014-09-18T14:01:51","date_gmt":"2014-09-18T13:01:51","guid":{"rendered":"http:\/\/agora.xtec.cat\/ceipvilademany\/?page_id=73"},"modified":"2021-10-13T15:00:12","modified_gmt":"2021-10-13T13:00:12","slug":"menjador-escolar","status":"publish","type":"page","link":"https:\/\/agora.xtec.cat\/ceipvilademany\/serveis\/menjador-escolar\/","title":{"rendered":"Menjador escolar"},"content":{"rendered":"<p>El servei del menjador escolar el gestiona l&#8217;AMPA del centre. L&#8217;empresa adjudicat\u00e0ria \u00e9s Espais. Aqu\u00ed us mostrem els men\u00fas del present curs 2020-21:<\/p>\n<p><a href=\"https:\/\/agora.xtec.cat\/ceipvilademany\/wp-content\/uploads\/usu610\/2021\/10\/MENU-vilademany-OCTNOV-21.pdf\">MENU vilademany OCTNOV 21<\/a><\/p>\n<p><a href=\"https:\/\/agora.xtec.cat\/ceipvilademany\/wp-content\/uploads\/usu610\/2021\/10\/MENU-INTOLERANT-LACTOSA-VILADEMANY-OCTNOV21.pdf\">MENU INTOLERANT LACTOSA VILADEMANY OCTNOV21<\/a><\/p>\n<p><a href=\"https:\/\/agora.xtec.cat\/ceipvilademany\/wp-content\/uploads\/usu610\/2021\/10\/MENU-CELIACS-VILADEMANY-OCTNOV21.pdf\">MENU CELIACS VILADEMANY OCTNOV21<\/a><\/p>\n<p><a href=\"https:\/\/agora.xtec.cat\/ceipvilademany\/wp-content\/uploads\/usu610\/2021\/10\/MENU-AL.LERGIA-AL-PEIX-MARISC-I-MOLUSC-VILADEMANY-OCTNOV21.pdf\">MENU AL.L\u00c8RGIA AL PEIX, MARISC I MOLUSC VILADEMANY OCTNOV21<\/a><\/p>\n","protected":false},"excerpt":{"rendered":"<p>El servei del menjador escolar el gestiona l&#8217;AMPA del centre. L&#8217;empresa adjudicat\u00e0ria \u00e9s Espais. Aqu\u00ed us mostrem els men\u00fas del present curs 2020-21:<br \/>\n<a href=\"https:\/\/agora.xtec.cat\/ceipvilademany\/wp-content\/uploads\/usu610\/2021\/10\/MENU-vilademany-OCTNOV-21.pdf\">MENU vilademany OCTNOV 21<\/a><br \/>\n<a href=\"https:\/\/agora.xtec.cat\/ceipvilademany\/wp-content\/uploads\/usu610\/2021\/10\/MENU-INTOLERANT-LACTOSA-VILADEMANY-OCTNOV21.pdf\">MENU INTOLERANT LACTOSA VILADEMANY OCTNOV21<\/a><br \/>\n<a href=\"https:\/\/agora.xtec.cat\/ceipvilademany\/wp-content\/uploads\/usu610\/2021\/10\/MENU-CELIACS-VILADEMANY-OCTNOV21.pdf\">MENU CELIACS VILADEMANY OCTNOV21<\/a><br \/>\n<a href=\"https:\/\/agora.xtec.cat\/ceipvilademany\/wp-content\/uploads\/usu610\/2021\/10\/MENU-AL.LERGIA-AL-PEIX-MARISC-I-MOLUSC-VILADEMANY-OCTNOV21.pdf\">MENU AL.L\u00c8RGIA AL PEIX, MARISC I MOLUSC VILADEMANY OCTNOV21<\/a><\/p>\n","protected":false},"author":1,"featured_media":0,"parent":66,"menu_order":30,"comment_status":"closed","ping_status":"closed","template":"page-templates\/side-menu.php","meta":{"_bbp_topic_count":0,"_bbp_reply_count":0,"_bbp_total_topic_count":0,"_bbp_total_reply_count":0,"_bbp_voice_count":0,"_bbp_anonymous_reply_count":0,"_bbp_topic_count_hidden":0,"_bbp_reply_count_hidden":0,"_bbp_forum_subforum_count":0,"footnotes":""},"class_list":["post-73","page","type-page","status-publish","hentry"],"post_mailing_queue_ids":[],"_links":{"self":[{"href":"https:\/\/agora.xtec.cat\/ceipvilademany\/wp-json\/wp\/v2\/pages\/73","targetHints":{"allow":["GET"]}}],"collection":[{"href":"https:\/\/agora.xtec.cat\/ceipvilademany\/wp-json\/wp\/v2\/pages"}],"about":[{"href":"https:\/\/agora.xtec.cat\/ceipvilademany\/wp-json\/wp\/v2\/types\/page"}],"author":[{"embeddable":true,"href":"https:\/\/agora.xtec.cat\/ceipvilademany\/wp-json\/wp\/v2\/users\/1"}],"replies":[{"embeddable":true,"href":"https:\/\/agora.xtec.cat\/ceipvilademany\/wp-json\/wp\/v2\/comments?post=73"}],"version-history":[{"count":5,"href":"https:\/\/agora.xtec.cat\/ceipvilademany\/wp-json\/wp\/v2\/pages\/73\/revisions"}],"predecessor-version":[{"id":4872,"href":"https:\/\/agora.xtec.cat\/ceipvilademany\/wp-json\/wp\/v2\/pages\/73\/revisions\/4872"}],"up":[{"embeddable":true,"href":"https:\/\/agora.xtec.cat\/ceipvilademany\/wp-json\/wp\/v2\/pages\/66"}],"wp:attachment":[{"href":"https:\/\/agora.xtec.cat\/ceipvilademany\/wp-json\/wp\/v2\/media?parent=73"}],"curies":[{"name":"wp","href":"https:\/\/api.w.org\/{rel}","templated":true}]}}