{"id":419,"date":"2018-03-02T13:14:20","date_gmt":"2018-03-02T12:14:20","guid":{"rendered":"http:\/\/agora.xtec.cat\/ceipvilademany\/?page_id=419"},"modified":"2018-03-02T13:14:20","modified_gmt":"2018-03-02T12:14:20","slug":"assemblea-escola-verda-marc-2018","status":"publish","type":"page","link":"https:\/\/agora.xtec.cat\/ceipvilademany\/assemblea-escola-verda-marc-2018\/","title":{"rendered":"Assemblea Escola Verda mar\u00e7 2018"},"content":{"rendered":"<p>Avui al menjador els representants del Comit\u00e8 Ambiental de Centre han presentat les actuacions d&#8217;aquest curs als alumnes i mestres. Aqu\u00ed podeu veure les presentacions que han fet.<\/p>\n<p><a href=\"http:\/\/agora.xtec.cat\/ceipvilademany\/wp-content\/uploads\/usu610\/2018\/03\/herbes-remeieres.pdf\">herbes remeieres<\/a><\/p>\n<p><a href=\"http:\/\/agora.xtec.cat\/ceipvilademany\/wp-content\/uploads\/usu610\/2018\/03\/hort-i-jardi.pdf\">hort i jardi<\/a><\/p>\n<p><a href=\"http:\/\/agora.xtec.cat\/ceipvilademany\/wp-content\/uploads\/usu610\/2018\/03\/mengem-fruita.pdf\">mengem fruita<\/a><\/p>\n<p><a href=\"http:\/\/agora.xtec.cat\/ceipvilademany\/wp-content\/uploads\/usu610\/2018\/03\/mes-jocs-al-pati.pdf\">mes jocs al pati<\/a><\/p>\n<p><a href=\"http:\/\/agora.xtec.cat\/ceipvilademany\/wp-content\/uploads\/usu610\/2018\/03\/videos-i-cartells-pel-reciclatge.pdf\">videos i cartells pel reciclatge<\/a><\/p>\n","protected":false},"excerpt":{"rendered":"<p>Avui al menjador els representants del Comit\u00e8 Ambiental de Centre han presentat les actuacions d&#8217;aquest curs als alumnes i mestres. Aqu\u00ed podeu veure les presentacions que han fet.<br \/>\n<a href=\"http:\/\/agora.xtec.cat\/ceipvilademany\/wp-content\/uploads\/usu610\/2018\/03\/herbes-remeieres.pdf\">herbes remeieres<\/a><br \/>\n<a href=\"http:\/\/agora.xtec.cat\/ceipvilademany\/wp-content\/uploads\/usu610\/2018\/03\/hort-i-jardi.pdf\">hort i jardi<\/a><br \/>\n<a href=\"http:\/\/agora.xtec.cat\/ceipvilademany\/wp-content\/uploads\/usu610\/2018\/03\/mengem-fruita.pdf\">mengem fruita<\/a><br \/>\n<a href=\"http:\/\/agora.xtec.cat\/ceipvilademany\/wp-content\/uploads\/usu610\/2018\/03\/mes-jocs-al-pati.pdf\">mes jocs al pati<\/a><br \/>\n<a href=\"http:\/\/agora.xtec.cat\/ceipvilademany\/wp-content\/uploads\/usu610\/2018\/03\/videos-i-cartells-pel-reciclatge.pdf\">videos i cartells pel reciclatge<\/a><\/p>\n","protected":false},"author":3,"featured_media":0,"parent":0,"menu_order":0,"comment_status":"closed","ping_status":"closed","template":"","meta":{"_bbp_topic_count":0,"_bbp_reply_count":0,"_bbp_total_topic_count":0,"_bbp_total_reply_count":0,"_bbp_voice_count":0,"_bbp_anonymous_reply_count":0,"_bbp_topic_count_hidden":0,"_bbp_reply_count_hidden":0,"_bbp_forum_subforum_count":0,"footnotes":""},"class_list":["post-419","page","type-page","status-publish","hentry"],"post_mailing_queue_ids":[],"_links":{"self":[{"href":"https:\/\/agora.xtec.cat\/ceipvilademany\/wp-json\/wp\/v2\/pages\/419","targetHints":{"allow":["GET"]}}],"collection":[{"href":"https:\/\/agora.xtec.cat\/ceipvilademany\/wp-json\/wp\/v2\/pages"}],"about":[{"href":"https:\/\/agora.xtec.cat\/ceipvilademany\/wp-json\/wp\/v2\/types\/page"}],"author":[{"embeddable":true,"href":"https:\/\/agora.xtec.cat\/ceipvilademany\/wp-json\/wp\/v2\/users\/3"}],"replies":[{"embeddable":true,"href":"https:\/\/agora.xtec.cat\/ceipvilademany\/wp-json\/wp\/v2\/comments?post=419"}],"version-history":[{"count":1,"href":"https:\/\/agora.xtec.cat\/ceipvilademany\/wp-json\/wp\/v2\/pages\/419\/revisions"}],"predecessor-version":[{"id":425,"href":"https:\/\/agora.xtec.cat\/ceipvilademany\/wp-json\/wp\/v2\/pages\/419\/revisions\/425"}],"wp:attachment":[{"href":"https:\/\/agora.xtec.cat\/ceipvilademany\/wp-json\/wp\/v2\/media?parent=419"}],"curies":[{"name":"wp","href":"https:\/\/api.w.org\/{rel}","templated":true}]}}