{"id":310,"date":"2018-01-15T09:36:17","date_gmt":"2018-01-15T08:36:17","guid":{"rendered":"http:\/\/agora.xtec.cat\/ceipvilademany\/?page_id=310"},"modified":"2020-03-18T18:03:01","modified_gmt":"2020-03-18T17:03:01","slug":"webs-especialitats","status":"publish","type":"page","link":"https:\/\/agora.xtec.cat\/ceipvilademany\/lescola\/webs-especialitats\/","title":{"rendered":"Webs Especialitats"},"content":{"rendered":"<p><a href=\"http:\/\/blocs.xtec.cat\/vilademanyfestes1718\/\">Festes 1<\/a>\u00a0 <a href=\"http:\/\/blocs.xtec.cat\/vilademanyfestesicelebracions21718\/\">Festes 2<\/a><\/p>\n<p>Sortides<\/p>\n<p>Escola Verda<\/p>\n<p><a href=\"http:\/\/blocs.xtec.cat\/educaciofisicavilademany\/\">Educaci\u00f3 F\u00edsica<\/a><\/p>\n<p><a href=\"http:\/\/blocs.xtec.cat\/vilademany1718englisheici\/\">Angl\u00e8s EI i CI<\/a><\/p>\n<p>Angl\u00e8s CM i CS<\/p>\n<p><a href=\"http:\/\/blocs.xtec.cat\/vilademany1718\">Matem\u00e0tiques 5\u00e8 i 6\u00e8<\/a><\/p>\n<p><a href=\"http:\/\/blocs.xtec.cat\/vilademany1718sciencecicm\/\">Science<\/a><\/p>\n<p><a href=\"http:\/\/blocs.xtec.cat\/vilademany1718frances\">Franc\u00e8s<\/a><\/p>\n<p><a href=\"https:\/\/blocs.xtec.cat\/vilademanyartistica1819\/\">Educaci\u00f3 Art\u00edstica<\/a><\/p>\n<p><a href=\"https:\/\/sites.google.com\/a\/xtec.cat\/informaticavilademany\/\">Inform\u00e0tica CS<\/a><\/p>\n<p><a href=\"https:\/\/sites.google.com\/a\/xtec.cat\/reliaiguaviva\/\">Religi\u00f3<\/a><\/p>\n<p>&nbsp;<\/p>\n","protected":false},"excerpt":{"rendered":"<p><a href=\"http:\/\/blocs.xtec.cat\/vilademanyfestes1718\/\">Festes 1<\/a>\u00a0 <a href=\"http:\/\/blocs.xtec.cat\/vilademanyfestesicelebracions21718\/\">Festes 2<\/a><br \/>\nSortides<br \/>\nEscola Verda<br \/>\n<a href=\"http:\/\/blocs.xtec.cat\/educaciofisicavilademany\/\">Educaci\u00f3 F\u00edsica<\/a><br \/>\n<a href=\"http:\/\/blocs.xtec.cat\/vilademany1718englisheici\/\">Angl\u00e8s EI i CI<\/a><br \/>\nAngl\u00e8s CM i CS<br \/>\n<a href=\"http:\/\/blocs.xtec.cat\/vilademany1718\">Matem\u00e0tiques 5\u00e8 i 6\u00e8<\/a><br \/>\n<a href=\"http:\/\/blocs.xtec.cat\/vilademany1718sciencecicm\/\">Science<\/a><br \/>\n<a href=\"http:\/\/blocs.xtec.cat\/vilademany1718frances\">Franc\u00e8s<\/a><br \/>\n<a href=\"https:\/\/blocs.xtec.cat\/vilademanyartistica1819\/\">Educaci\u00f3 Art\u00edstica<\/a><br \/>\n<a href=\"https:\/\/sites.google.com\/a\/xtec.cat\/informaticavilademany\/\">Inform\u00e0tica CS<\/a><br \/>\n<a href=\"https:\/\/sites.google.com\/a\/xtec.cat\/reliaiguaviva\/\">Religi\u00f3<\/a><br \/>\n&nbsp;<\/p>\n","protected":false},"author":3,"featured_media":0,"parent":22,"menu_order":0,"comment_status":"closed","ping_status":"closed","template":"","meta":{"_bbp_topic_count":0,"_bbp_reply_count":0,"_bbp_total_topic_count":0,"_bbp_total_reply_count":0,"_bbp_voice_count":0,"_bbp_anonymous_reply_count":0,"_bbp_topic_count_hidden":0,"_bbp_reply_count_hidden":0,"_bbp_forum_subforum_count":0,"footnotes":""},"class_list":["post-310","page","type-page","status-publish","hentry"],"post_mailing_queue_ids":[],"_links":{"self":[{"href":"https:\/\/agora.xtec.cat\/ceipvilademany\/wp-json\/wp\/v2\/pages\/310","targetHints":{"allow":["GET"]}}],"collection":[{"href":"https:\/\/agora.xtec.cat\/ceipvilademany\/wp-json\/wp\/v2\/pages"}],"about":[{"href":"https:\/\/agora.xtec.cat\/ceipvilademany\/wp-json\/wp\/v2\/types\/page"}],"author":[{"embeddable":true,"href":"https:\/\/agora.xtec.cat\/ceipvilademany\/wp-json\/wp\/v2\/users\/3"}],"replies":[{"embeddable":true,"href":"https:\/\/agora.xtec.cat\/ceipvilademany\/wp-json\/wp\/v2\/comments?post=310"}],"version-history":[{"count":4,"href":"https:\/\/agora.xtec.cat\/ceipvilademany\/wp-json\/wp\/v2\/pages\/310\/revisions"}],"predecessor-version":[{"id":3554,"href":"https:\/\/agora.xtec.cat\/ceipvilademany\/wp-json\/wp\/v2\/pages\/310\/revisions\/3554"}],"up":[{"embeddable":true,"href":"https:\/\/agora.xtec.cat\/ceipvilademany\/wp-json\/wp\/v2\/pages\/22"}],"wp:attachment":[{"href":"https:\/\/agora.xtec.cat\/ceipvilademany\/wp-json\/wp\/v2\/media?parent=310"}],"curies":[{"name":"wp","href":"https:\/\/api.w.org\/{rel}","templated":true}]}}