{"id":30,"date":"2014-09-18T12:30:23","date_gmt":"2014-09-18T11:30:23","guid":{"rendered":"http:\/\/agora.xtec.cat\/ceipvilademany\/?page_id=30"},"modified":"2025-11-07T16:30:18","modified_gmt":"2025-11-07T15:30:18","slug":"instal%c2%b7lacions","status":"publish","type":"page","link":"https:\/\/agora.xtec.cat\/ceipvilademany\/lescola\/instal%c2%b7lacions\/","title":{"rendered":"Instal\u00b7lacions"},"content":{"rendered":"<p>L&#8217;escola Vilademany disposa d&#8217;una aula per cada grup classe, repartides entre l&#8217;edifici nou (aules d&#8217;infantil i un grup de prim\u00e0ria) i l&#8217;escola vella (4 grups de prim\u00e0ria), menjador, aula de ci\u00e8ncies (que tamb\u00e9 \u00e9s aula d&#8217;inform\u00e0tica i de m\u00fasica i pl\u00e0stica)<\/p>\n<p><a href=\"http:\/\/agora.xtec.cat\/ceipvilademany\/wp-content\/uploads\/usu610\/2014\/09\/IMG_6292-800x600.jpg\"><img loading=\"lazy\" decoding=\"async\" class=\"alignnone wp-image-286\" src=\"http:\/\/agora.xtec.cat\/ceipvilademany\/wp-content\/uploads\/usu610\/2014\/09\/IMG_6292-800x600.jpg\" alt=\"\" width=\"505\" height=\"379\" srcset=\"https:\/\/agora.xtec.cat\/ceipvilademany\/wp-content\/uploads\/usu610\/2014\/09\/IMG_6292-800x600.jpg 800w, https:\/\/agora.xtec.cat\/ceipvilademany\/wp-content\/uploads\/usu610\/2014\/09\/IMG_6292-800x600-300x225.jpg 300w, https:\/\/agora.xtec.cat\/ceipvilademany\/wp-content\/uploads\/usu610\/2014\/09\/IMG_6292-800x600-768x576.jpg 768w, https:\/\/agora.xtec.cat\/ceipvilademany\/wp-content\/uploads\/usu610\/2014\/09\/IMG_6292-800x600-200x150.jpg 200w\" sizes=\"auto, (max-width: 505px) 100vw, 505px\" \/> <img loading=\"lazy\" decoding=\"async\" class=\"alignnone wp-image-6264\" src=\"https:\/\/agora.xtec.cat\/ceipvilademany\/wp-content\/uploads\/usu610\/2025\/02\/cropped-20250218_152537-P.jpg\" alt=\"\" width=\"372\" height=\"372\" srcset=\"https:\/\/agora.xtec.cat\/ceipvilademany\/wp-content\/uploads\/usu610\/2025\/02\/cropped-20250218_152537-P.jpg 512w, https:\/\/agora.xtec.cat\/ceipvilademany\/wp-content\/uploads\/usu610\/2025\/02\/cropped-20250218_152537-P-300x300.jpg 300w, https:\/\/agora.xtec.cat\/ceipvilademany\/wp-content\/uploads\/usu610\/2025\/02\/cropped-20250218_152537-P-150x150.jpg 150w, https:\/\/agora.xtec.cat\/ceipvilademany\/wp-content\/uploads\/usu610\/2025\/02\/cropped-20250218_152537-P-270x270.jpg 270w, https:\/\/agora.xtec.cat\/ceipvilademany\/wp-content\/uploads\/usu610\/2025\/02\/cropped-20250218_152537-P-192x192.jpg 192w, https:\/\/agora.xtec.cat\/ceipvilademany\/wp-content\/uploads\/usu610\/2025\/02\/cropped-20250218_152537-P-180x180.jpg 180w, https:\/\/agora.xtec.cat\/ceipvilademany\/wp-content\/uploads\/usu610\/2025\/02\/cropped-20250218_152537-P-32x32.jpg 32w\" sizes=\"auto, (max-width: 372px) 100vw, 372px\" \/> <img loading=\"lazy\" decoding=\"async\" class=\"alignnone wp-image-6262\" src=\"https:\/\/agora.xtec.cat\/ceipvilademany\/wp-content\/uploads\/usu610\/2025\/02\/20250218_152635-P-1024x768.jpg\" alt=\"\" width=\"446\" height=\"334\" srcset=\"https:\/\/agora.xtec.cat\/ceipvilademany\/wp-content\/uploads\/usu610\/2025\/02\/20250218_152635-P-1024x768.jpg 1024w, https:\/\/agora.xtec.cat\/ceipvilademany\/wp-content\/uploads\/usu610\/2025\/02\/20250218_152635-P-300x225.jpg 300w, https:\/\/agora.xtec.cat\/ceipvilademany\/wp-content\/uploads\/usu610\/2025\/02\/20250218_152635-P-768x576.jpg 768w, https:\/\/agora.xtec.cat\/ceipvilademany\/wp-content\/uploads\/usu610\/2025\/02\/20250218_152635-P-1536x1152.jpg 1536w, https:\/\/agora.xtec.cat\/ceipvilademany\/wp-content\/uploads\/usu610\/2025\/02\/20250218_152635-P-2048x1536.jpg 2048w, https:\/\/agora.xtec.cat\/ceipvilademany\/wp-content\/uploads\/usu610\/2025\/02\/20250218_152635-P-200x150.jpg 200w\" sizes=\"auto, (max-width: 446px) 100vw, 446px\" \/> <img loading=\"lazy\" decoding=\"async\" class=\"alignnone wp-image-6261\" src=\"https:\/\/agora.xtec.cat\/ceipvilademany\/wp-content\/uploads\/usu610\/2025\/02\/20250218_152608-P-1024x768.jpg\" alt=\"\" width=\"731\" height=\"548\" srcset=\"https:\/\/agora.xtec.cat\/ceipvilademany\/wp-content\/uploads\/usu610\/2025\/02\/20250218_152608-P-1024x768.jpg 1024w, https:\/\/agora.xtec.cat\/ceipvilademany\/wp-content\/uploads\/usu610\/2025\/02\/20250218_152608-P-300x225.jpg 300w, https:\/\/agora.xtec.cat\/ceipvilademany\/wp-content\/uploads\/usu610\/2025\/02\/20250218_152608-P-768x576.jpg 768w, https:\/\/agora.xtec.cat\/ceipvilademany\/wp-content\/uploads\/usu610\/2025\/02\/20250218_152608-P-1536x1152.jpg 1536w, https:\/\/agora.xtec.cat\/ceipvilademany\/wp-content\/uploads\/usu610\/2025\/02\/20250218_152608-P-2048x1536.jpg 2048w, https:\/\/agora.xtec.cat\/ceipvilademany\/wp-content\/uploads\/usu610\/2025\/02\/20250218_152608-P-200x150.jpg 200w\" sizes=\"auto, (max-width: 731px) 100vw, 731px\" \/><\/a><\/p>\n<p>Tamb\u00e9 tenim un pati amb un porxo i un petit hort.<\/p>\n","protected":false},"excerpt":{"rendered":"<p>L&#8217;escola Vilademany disposa d&#8217;una aula per cada grup classe, repartides entre l&#8217;edifici nou (aules d&#8217;infantil i un grup de prim\u00e0ria) i l&#8217;escola vella (4 grups de prim\u00e0ria), menjador, aula de ci\u00e8ncies (que tamb\u00e9 \u00e9s aula d&#8217;inform\u00e0tica i de m\u00fasica i pl\u00e0stica)<br \/>\n<a href=\"http:\/\/agora.xtec.cat\/ceipvilademany\/wp-content\/uploads\/usu610\/2014\/09\/IMG_6292-800x600.jpg\">   <\/a><br \/>\nTamb\u00e9&hellip;  <a href=\"https:\/\/agora.xtec.cat\/ceipvilademany\/lescola\/instal%c2%b7lacions\/\" title=\"Read Instal\u00b7lacions\">Llegeix m\u00e9s\u00bb<\/a><\/p>\n","protected":false},"author":1,"featured_media":0,"parent":22,"menu_order":40,"comment_status":"closed","ping_status":"closed","template":"page-templates\/side-menu.php","meta":{"_bbp_topic_count":0,"_bbp_reply_count":0,"_bbp_total_topic_count":0,"_bbp_total_reply_count":0,"_bbp_voice_count":0,"_bbp_anonymous_reply_count":0,"_bbp_topic_count_hidden":0,"_bbp_reply_count_hidden":0,"_bbp_forum_subforum_count":0,"footnotes":""},"class_list":["post-30","page","type-page","status-publish","hentry"],"post_mailing_queue_ids":[],"_links":{"self":[{"href":"https:\/\/agora.xtec.cat\/ceipvilademany\/wp-json\/wp\/v2\/pages\/30","targetHints":{"allow":["GET"]}}],"collection":[{"href":"https:\/\/agora.xtec.cat\/ceipvilademany\/wp-json\/wp\/v2\/pages"}],"about":[{"href":"https:\/\/agora.xtec.cat\/ceipvilademany\/wp-json\/wp\/v2\/types\/page"}],"author":[{"embeddable":true,"href":"https:\/\/agora.xtec.cat\/ceipvilademany\/wp-json\/wp\/v2\/users\/1"}],"replies":[{"embeddable":true,"href":"https:\/\/agora.xtec.cat\/ceipvilademany\/wp-json\/wp\/v2\/comments?post=30"}],"version-history":[{"count":5,"href":"https:\/\/agora.xtec.cat\/ceipvilademany\/wp-json\/wp\/v2\/pages\/30\/revisions"}],"predecessor-version":[{"id":6436,"href":"https:\/\/agora.xtec.cat\/ceipvilademany\/wp-json\/wp\/v2\/pages\/30\/revisions\/6436"}],"up":[{"embeddable":true,"href":"https:\/\/agora.xtec.cat\/ceipvilademany\/wp-json\/wp\/v2\/pages\/22"}],"wp:attachment":[{"href":"https:\/\/agora.xtec.cat\/ceipvilademany\/wp-json\/wp\/v2\/media?parent=30"}],"curies":[{"name":"wp","href":"https:\/\/api.w.org\/{rel}","templated":true}]}}