{"id":28,"date":"2014-09-18T12:29:35","date_gmt":"2014-09-18T11:29:35","guid":{"rendered":"http:\/\/agora.xtec.cat\/ceipvilademany\/?page_id=28"},"modified":"2025-11-07T16:31:39","modified_gmt":"2025-11-07T15:31:39","slug":"consell-escolar","status":"publish","type":"page","link":"https:\/\/agora.xtec.cat\/ceipvilademany\/lescola\/consell-escolar\/","title":{"rendered":"Consell escolar"},"content":{"rendered":"<p>\u00c9s el m\u00e0xim \u00f2rgan de decisi\u00f3 del centre. Les funcions i compet\u00e8ncies les marca l\u2019article 127 de la LOE i les Normes d\u2019Organitzaci\u00f3 i Funcionament de Centre.<\/p>\n<p>Aprofundint en la idea que tenim d\u2019escola \u00e9s absolutament necessari que el Consell Escolar, que \u00e9s l\u2019\u00fanic \u00e0mbit de relaci\u00f3 establert on hi participem tots els grups que la formem, prengui la rellev\u00e0ncia que li pertoca. Tenint en compte que l\u2019objectiu de tots i totes \u00e9s que l\u2019escola funcioni i tiri endavant, cal que la feina a fer-hi resulti de la cooperaci\u00f3 entre els diferents sectors, aportant cada sector el que sigui de la seva compet\u00e8ncia. Una de les maneres de portar a terme aquesta feina \u00e9s a trav\u00e9s de les comissions mixtes del Consell Escolar.<\/p>\n<p>Est\u00e0 format per l\u2019Equip Directiu, 2 representants de mestres, 1 representant de pares i mares, 1 representant de l&#8217;AMPA i 1 representant de l\u2019ajuntament.<\/p>\n<p>Les seves funcions s\u00f3n entre altres:<\/p>\n<ul>\n<li>Aprovar el pressupost del centre, fer-ne el seguiment i aprovar-ne la liquidaci\u00f3.<\/li>\n<li>Aprovar les Normes d&#8217;Organitzaci\u00f3 i Funcionament del centre.<\/li>\n<li>Promoure la conservaci\u00f3 i renovaci\u00f3 de les instal\u00b7lacions i material escolar.<\/li>\n<li>Analitzar i valorar el funcionament general del centre, l&#8217;evoluci\u00f3 del rendiment escolar.<\/li>\n<li>Elaborar un informe que s&#8217;inclou en la mem\u00f2ria anual.<\/li>\n<\/ul>\n<p>Es reuneix una vegada per trimestre i sempre que es cregui convenient, convocat per la directora.<\/p>\n<p>&nbsp;<\/p>\n<p style=\"text-align: center;\"><strong>MEMBRES DEL CONSELL ESCOLAR<\/strong><\/p>\n<table class=\" aligncenter\" style=\"height: 933px;\" width=\"578\">\n<tbody>\n<tr>\n<td style=\"width: 285px;\"><strong>\u00a0<\/strong><\/td>\n<td style=\"width: 285px;\"><strong>\u00a0<\/strong><\/td>\n<\/tr>\n<tr>\n<td style=\"width: 285px;\"><strong>PRESIDENTA<\/strong><\/td>\n<td style=\"width: 285px;\">X\u00e8nia Torras<\/p>\n<p>&nbsp;<\/td>\n<\/tr>\n<tr>\n<td style=\"width: 285px;\"><strong>CAP D\u2019ESTUDIS<\/strong><\/td>\n<td style=\"width: 285px;\">Pere Salvatella<\/p>\n<p>&nbsp;<\/td>\n<\/tr>\n<tr>\n<td style=\"width: 285px;\"><strong>SECRET\u00c0RIA<\/strong><\/td>\n<td style=\"width: 285px;\">Meritxell Serra<\/p>\n<p>&nbsp;<\/td>\n<\/tr>\n<tr>\n<td style=\"width: 285px;\"><strong>REPRESENTANT AJUNTAMENT<\/strong><\/td>\n<td style=\"width: 285px;\">Noem\u00ed Viso<\/p>\n<p>&nbsp;<\/td>\n<\/tr>\n<tr>\n<td style=\"width: 285px;\"><strong>REPRESENTANT AMPA<\/strong><\/td>\n<td style=\"width: 285px;\">Sandra P\u00e1ez<\/p>\n<p>&nbsp;<\/td>\n<\/tr>\n<tr>\n<td style=\"width: 285px;\"><strong>REPRESENTANT FAM\u00cdLIES<\/strong><\/td>\n<td style=\"width: 285px;\">Joan C\u00e1liz<\/p>\n<p>&nbsp;<\/td>\n<\/tr>\n<tr>\n<td style=\"width: 285px;\" rowspan=\"2\"><strong>\u00a0<\/strong><\/p>\n<p><strong>REPRESENTANT MESTRES<\/strong><\/td>\n<td style=\"width: 285px;\">M\u00f2nica S\u00e1nchez<\/p>\n<p>&nbsp;<\/td>\n<\/tr>\n<tr>\n<td style=\"width: 285px;\">\u00cdngrid Camps<\/p>\n<p>&nbsp;<\/td>\n<\/tr>\n<tr>\n<td style=\"width: 285px;\"><\/td>\n<td style=\"width: 285px;\">&nbsp;<\/p>\n<p>&nbsp;<\/td>\n<\/tr>\n<\/tbody>\n<\/table>\n<p>&nbsp;<\/p>\n<p>&nbsp;<\/p>\n<p>&nbsp;<\/p>\n<p>&nbsp;<\/p>\n<p>&nbsp;<\/p>\n","protected":false},"excerpt":{"rendered":"<p>\u00c9s el m\u00e0xim \u00f2rgan de decisi\u00f3 del centre. Les funcions i compet\u00e8ncies les marca l\u2019article 127 de la LOE i les Normes d\u2019Organitzaci\u00f3 i Funcionament de Centre.<br \/>\nAprofundint en la idea que tenim d\u2019escola \u00e9s absolutament necessari que el Consell Escolar, que \u00e9s l\u2019\u00fanic \u00e0mbit de&hellip;  <a href=\"https:\/\/agora.xtec.cat\/ceipvilademany\/lescola\/consell-escolar\/\" title=\"Read Consell escolar\">Llegeix m\u00e9s\u00bb<\/a><\/p>\n","protected":false},"author":1,"featured_media":0,"parent":22,"menu_order":30,"comment_status":"closed","ping_status":"closed","template":"page-templates\/side-menu.php","meta":{"_bbp_topic_count":0,"_bbp_reply_count":0,"_bbp_total_topic_count":0,"_bbp_total_reply_count":0,"_bbp_voice_count":0,"_bbp_anonymous_reply_count":0,"_bbp_topic_count_hidden":0,"_bbp_reply_count_hidden":0,"_bbp_forum_subforum_count":0,"footnotes":""},"class_list":["post-28","page","type-page","status-publish","hentry"],"post_mailing_queue_ids":[],"_links":{"self":[{"href":"https:\/\/agora.xtec.cat\/ceipvilademany\/wp-json\/wp\/v2\/pages\/28","targetHints":{"allow":["GET"]}}],"collection":[{"href":"https:\/\/agora.xtec.cat\/ceipvilademany\/wp-json\/wp\/v2\/pages"}],"about":[{"href":"https:\/\/agora.xtec.cat\/ceipvilademany\/wp-json\/wp\/v2\/types\/page"}],"author":[{"embeddable":true,"href":"https:\/\/agora.xtec.cat\/ceipvilademany\/wp-json\/wp\/v2\/users\/1"}],"replies":[{"embeddable":true,"href":"https:\/\/agora.xtec.cat\/ceipvilademany\/wp-json\/wp\/v2\/comments?post=28"}],"version-history":[{"count":5,"href":"https:\/\/agora.xtec.cat\/ceipvilademany\/wp-json\/wp\/v2\/pages\/28\/revisions"}],"predecessor-version":[{"id":6437,"href":"https:\/\/agora.xtec.cat\/ceipvilademany\/wp-json\/wp\/v2\/pages\/28\/revisions\/6437"}],"up":[{"embeddable":true,"href":"https:\/\/agora.xtec.cat\/ceipvilademany\/wp-json\/wp\/v2\/pages\/22"}],"wp:attachment":[{"href":"https:\/\/agora.xtec.cat\/ceipvilademany\/wp-json\/wp\/v2\/media?parent=28"}],"curies":[{"name":"wp","href":"https:\/\/api.w.org\/{rel}","templated":true}]}}