{"id":26,"date":"2014-09-18T12:24:32","date_gmt":"2014-09-18T11:24:32","guid":{"rendered":"http:\/\/agora.xtec.cat\/ceipvilademany\/?page_id=26"},"modified":"2021-01-15T12:31:37","modified_gmt":"2021-01-15T11:31:37","slug":"historia","status":"publish","type":"page","link":"https:\/\/agora.xtec.cat\/ceipvilademany\/lescola\/historia\/","title":{"rendered":"Hist\u00f2ria"},"content":{"rendered":"<p>El municipi d\u2019Aiguaviva, presenta unes caracter\u00edstiques singulars. El seu territori compta amb innombrables turons d\u2019escassa al\u00e7ada, amb cims arrodonits i situats indiscriminadament pel territori com si hom s\u2019hagu\u00e9s entretingut a integrar-los acuradament dins aquesta contrada encisadora. Entre un tur\u00f3 i l\u2019altre, s\u2019estenen amples planes de conreu, en general molt f\u00e8rtils. D\u2019uns anys en\u00e7\u00e0 Aiguaviva es va transformant amb un ritme\u00a0 for\u00e7a accelerat gr\u00e0cies a la instal\u00b7laci\u00f3 d\u2019un bon nombre d\u2019ind\u00fastries. El riu G\u00fcell, la riera Masrocs, el torrent de la Torre \u2013que travessen el terme municipal-, combinat amb altres torrents i recs i importants deus que s\u2019han descobert en el subs\u00f2l, fan que aquest sigui abundant d\u2019aigua, permetent el reg d\u2019una bona part dels camps. Aquesta circumst\u00e0ncia fa possible un conreu intensiu, amb domini de cereals, userda i farratge.<\/p>\n<p>En conseq\u00fc\u00e8ncia, podem afirmar que degut a la seva situaci\u00f3 geogr\u00e0fica (prop de Girona), degut al seu ampli ventall de possibilitats de despla\u00e7ament f\u00e0cil ( carretera de santa Coloma, N-II, autopista, Eix Transversal, transport municipal, tren, avi\u00f3&#8230;), degut als seus serveis, ( escola, llar d\u2019infants, supermercat, carnisseria, fleca, bar- restaurants, farm\u00e0cia, consultori m\u00e8dic, etc&#8230;), degut a la m\u00e9s probable possibilitat de trobar llocs de treball (l\u2019elevat nombre d\u2019empreses instal\u00b7lades requereix una estreta relaci\u00f3 d\u2019aquestes amb l\u2019ajuntament, que hi col\u00b7labora efica\u00e7ment, per facilitar les necessitats de m\u00e0 d\u2019obra ) i degut a la bellesa del paisatge, podem afirmar, que Aiguaviva \u00e9s un poble que ofereix tots els atractius que necessita una fam\u00edlia per fixar-hi la seva resid\u00e8ncia.<\/p>\n<p>L\u2019escola va ser inaugurada l\u2019any 1998 per nom\u00e9s 15 alumnes.<\/p>\n","protected":false},"excerpt":{"rendered":"<p>El municipi d\u2019Aiguaviva, presenta unes caracter\u00edstiques singulars. El seu territori compta amb innombrables turons d\u2019escassa al\u00e7ada, amb cims arrodonits i situats indiscriminadament pel territori com si hom s\u2019hagu\u00e9s entretingut a integrar-los acuradament dins aquesta contrada encisadora. Entre un tur\u00f3 i l\u2019altre, s\u2019estenen amples planes de&hellip;  <a href=\"https:\/\/agora.xtec.cat\/ceipvilademany\/lescola\/historia\/\" title=\"Read Hist\u00f2ria\">Llegeix m\u00e9s\u00bb<\/a><\/p>\n","protected":false},"author":1,"featured_media":0,"parent":22,"menu_order":20,"comment_status":"closed","ping_status":"closed","template":"page-templates\/side-menu.php","meta":{"_bbp_topic_count":0,"_bbp_reply_count":0,"_bbp_total_topic_count":0,"_bbp_total_reply_count":0,"_bbp_voice_count":0,"_bbp_anonymous_reply_count":0,"_bbp_topic_count_hidden":0,"_bbp_reply_count_hidden":0,"_bbp_forum_subforum_count":0,"footnotes":""},"class_list":["post-26","page","type-page","status-publish","hentry"],"post_mailing_queue_ids":[],"_links":{"self":[{"href":"https:\/\/agora.xtec.cat\/ceipvilademany\/wp-json\/wp\/v2\/pages\/26","targetHints":{"allow":["GET"]}}],"collection":[{"href":"https:\/\/agora.xtec.cat\/ceipvilademany\/wp-json\/wp\/v2\/pages"}],"about":[{"href":"https:\/\/agora.xtec.cat\/ceipvilademany\/wp-json\/wp\/v2\/types\/page"}],"author":[{"embeddable":true,"href":"https:\/\/agora.xtec.cat\/ceipvilademany\/wp-json\/wp\/v2\/users\/1"}],"replies":[{"embeddable":true,"href":"https:\/\/agora.xtec.cat\/ceipvilademany\/wp-json\/wp\/v2\/comments?post=26"}],"version-history":[{"count":2,"href":"https:\/\/agora.xtec.cat\/ceipvilademany\/wp-json\/wp\/v2\/pages\/26\/revisions"}],"predecessor-version":[{"id":4411,"href":"https:\/\/agora.xtec.cat\/ceipvilademany\/wp-json\/wp\/v2\/pages\/26\/revisions\/4411"}],"up":[{"embeddable":true,"href":"https:\/\/agora.xtec.cat\/ceipvilademany\/wp-json\/wp\/v2\/pages\/22"}],"wp:attachment":[{"href":"https:\/\/agora.xtec.cat\/ceipvilademany\/wp-json\/wp\/v2\/media?parent=26"}],"curies":[{"name":"wp","href":"https:\/\/api.w.org\/{rel}","templated":true}]}}