{"id":967,"date":"2023-02-02T13:26:25","date_gmt":"2023-02-02T12:26:25","guid":{"rendered":"https:\/\/agora.xtec.cat\/ceipvilademager\/?page_id=967"},"modified":"2024-09-22T18:07:45","modified_gmt":"2024-09-22T16:07:45","slug":"menjador-escolar","status":"publish","type":"page","link":"https:\/\/agora.xtec.cat\/ceipvilademager\/menjador-escolar\/","title":{"rendered":"Menjador escolar"},"content":{"rendered":"<p>SERVEI DE MENJADOR:<\/p>\n<p>La gesti\u00f3 del menjador escolar la porta l&#8217;AFA de l&#8217;escola, mitjan\u00e7ant l&#8217;empresa &#8220;AlimentArt&#8221;.<\/p>\n<p>En el seg\u00fcent enlla\u00e7 podreu anar consultant els diferents <strong>men\u00fas mensuals<\/strong> del servei de menjador escolar (men\u00fa basal i men\u00fa derivats):<\/p>\n<p><a href=\"https:\/\/drive.google.com\/drive\/folders\/17gHnLG0IeOjgMOUz4RVRR1lCTpdtOemp?usp=sharing\">https:\/\/drive.google.com\/drive\/folders\/17gHnLG0IeOjgMOUz4RVRR1lCTpdtOemp?usp=sharing<\/a><\/p>\n<p>* Preu per alumnat <strong>espor\u00e0dic:<\/strong> 6,41\u20ac<\/p>\n<p>* Preu per alumnat <strong>fixe<\/strong> (m\u00e9s de tres dies setmanals): 5,83\u20ac<\/p>\n<p>*Es pot sol\u00b7licitar beca menjador a trav\u00e9s del consell Comarcal de l&#8217;Anoia. Si alguna fam\u00edlia necessita suport administratiu durant el proc\u00e9s de sol\u00b7licitud pot demanar cita al personal administratiu de l&#8217;escola.<\/p>\n","protected":false},"excerpt":{"rendered":"<p>SERVEI DE MENJADOR:<br \/>\nLa gesti\u00f3 del menjador escolar la porta l&#8217;AFA de l&#8217;escola, mitjan\u00e7ant l&#8217;empresa &#8220;AlimentArt&#8221;.<br \/>\nEn el seg\u00fcent enlla\u00e7 podreu anar consultant els diferents men\u00fas mensuals del servei de menjador escolar (men\u00fa basal i men\u00fa derivats):<br \/>\n<a href=\"https:\/\/drive.google.com\/drive\/folders\/17gHnLG0IeOjgMOUz4RVRR1lCTpdtOemp?usp=sharing\">https:\/\/drive.google.com\/drive\/folders\/17gHnLG0IeOjgMOUz4RVRR1lCTpdtOemp?usp=sharing<\/a><br \/>\n* Preu per alumnat espor\u00e0dic: 6,41\u20ac<br \/>\n* Preu per alumnat fixe&hellip;  <a href=\"https:\/\/agora.xtec.cat\/ceipvilademager\/menjador-escolar\/\" title=\"Read Menjador escolar\">Llegeix m\u00e9s\u00bb<\/a><\/p>\n","protected":false},"author":1,"featured_media":0,"parent":0,"menu_order":0,"comment_status":"closed","ping_status":"closed","template":"","meta":{"_bbp_topic_count":0,"_bbp_reply_count":0,"_bbp_total_topic_count":0,"_bbp_total_reply_count":0,"_bbp_voice_count":0,"_bbp_anonymous_reply_count":0,"_bbp_topic_count_hidden":0,"_bbp_reply_count_hidden":0,"_bbp_forum_subforum_count":0,"footnotes":""},"class_list":["post-967","page","type-page","status-publish","hentry"],"post_mailing_queue_ids":[],"_links":{"self":[{"href":"https:\/\/agora.xtec.cat\/ceipvilademager\/wp-json\/wp\/v2\/pages\/967","targetHints":{"allow":["GET"]}}],"collection":[{"href":"https:\/\/agora.xtec.cat\/ceipvilademager\/wp-json\/wp\/v2\/pages"}],"about":[{"href":"https:\/\/agora.xtec.cat\/ceipvilademager\/wp-json\/wp\/v2\/types\/page"}],"author":[{"embeddable":true,"href":"https:\/\/agora.xtec.cat\/ceipvilademager\/wp-json\/wp\/v2\/users\/1"}],"replies":[{"embeddable":true,"href":"https:\/\/agora.xtec.cat\/ceipvilademager\/wp-json\/wp\/v2\/comments?post=967"}],"version-history":[{"count":3,"href":"https:\/\/agora.xtec.cat\/ceipvilademager\/wp-json\/wp\/v2\/pages\/967\/revisions"}],"predecessor-version":[{"id":1939,"href":"https:\/\/agora.xtec.cat\/ceipvilademager\/wp-json\/wp\/v2\/pages\/967\/revisions\/1939"}],"wp:attachment":[{"href":"https:\/\/agora.xtec.cat\/ceipvilademager\/wp-json\/wp\/v2\/media?parent=967"}],"curies":[{"name":"wp","href":"https:\/\/api.w.org\/{rel}","templated":true}]}}