{"id":9,"date":"2014-09-17T15:08:18","date_gmt":"2014-09-17T13:08:18","guid":{"rendered":"http:\/\/agora.xtec.cat\/ceipvilademager\/?page_id=9"},"modified":"2024-09-27T19:47:35","modified_gmt":"2024-09-27T17:47:35","slug":"serveis-escola","status":"publish","type":"page","link":"https:\/\/agora.xtec.cat\/ceipvilademager\/serveis\/serveis-escola\/","title":{"rendered":"Serveis d&#8217;escola"},"content":{"rendered":"<p>Actualment, a l&#8217;escola hi ha els seg\u00fcents serveis:<\/p>\n<p><b>Atenci\u00f3 a l&#8217;alumnat:<\/b><\/p>\n<ul>\n<li aria-level=\"1\">Menjador escolar de 12:30 a 15.00 h (empresa AlimentArt). Beques menjador (Consell Comarcal)<\/li>\n<li aria-level=\"1\">Acollida matinal de 8.00 a 9.00 h a c\u00e0rrec de l&#8217;AFA<\/li>\n<li aria-level=\"1\">Activitats extraescolars de 16.30 a 17.30 h a c\u00e0rrec de l&#8217;AFA (entrar en l&#8217;apartat AFA per a m\u00e9s informaci\u00f3).<\/li>\n<li aria-level=\"1\">Casals (Nadal, setmana Santa gestionats per l&#8217;AFA \/ Casal Estiu gestionats per l&#8217;Ajuntament de La Llacuna).<\/li>\n<\/ul>\n<p><b>Comunicaci\u00f3 amb les fam\u00edlies<\/b>:<\/p>\n<ul>\n<li aria-level=\"1\">WhatsApp escola<\/li>\n<li aria-level=\"1\">WhatsApp AFA<\/li>\n<li aria-level=\"1\">Vitrina escolar<\/li>\n<li aria-level=\"1\">Correus d&#8217;aula<\/li>\n<li aria-level=\"1\">Correu d&#8217;escola<\/li>\n<\/ul>\n","protected":false},"excerpt":{"rendered":"<p>Actualment, a l&#8217;escola hi ha els seg\u00fcents serveis:<br \/>\nAtenci\u00f3 a l&#8217;alumnat:<\/p>\n<ul>\n<li aria-level=\"1\">Menjador escolar de 12:30 a 15.00 h (empresa AlimentArt). Beques menjador (Consell Comarcal)<\/li>\n<li aria-level=\"1\">Acollida matinal de 8.00 a 9.00 h a c\u00e0rrec de l&#8217;AFA<\/li>\n<li aria-level=\"1\">Activitats extraescolars de 16.30 a 17.30 h a c\u00e0rrec de l&#8217;AFA&hellip;  <a href=\"https:\/\/agora.xtec.cat\/ceipvilademager\/serveis\/serveis-escola\/\" title=\"Read Serveis d&#8217;escola\">Llegeix m\u00e9s\u00bb<\/a><br \/>\n","protected":false},"author":1,"featured_media":0,"parent":66,"menu_order":3,"comment_status":"closed","ping_status":"closed","template":"page-templates\/side-menu.php","meta":{"_bbp_topic_count":0,"_bbp_reply_count":0,"_bbp_total_topic_count":0,"_bbp_total_reply_count":0,"_bbp_voice_count":0,"_bbp_anonymous_reply_count":0,"_bbp_topic_count_hidden":0,"_bbp_reply_count_hidden":0,"_bbp_forum_subforum_count":0,"footnotes":""},"class_list":["post-9","page","type-page","status-publish","hentry"],"post_mailing_queue_ids":[],"_links":{"self":[{"href":"https:\/\/agora.xtec.cat\/ceipvilademager\/wp-json\/wp\/v2\/pages\/9","targetHints":{"allow":["GET"]}}],"collection":[{"href":"https:\/\/agora.xtec.cat\/ceipvilademager\/wp-json\/wp\/v2\/pages"}],"about":[{"href":"https:\/\/agora.xtec.cat\/ceipvilademager\/wp-json\/wp\/v2\/types\/page"}],"author":[{"embeddable":true,"href":"https:\/\/agora.xtec.cat\/ceipvilademager\/wp-json\/wp\/v2\/users\/1"}],"replies":[{"embeddable":true,"href":"https:\/\/agora.xtec.cat\/ceipvilademager\/wp-json\/wp\/v2\/comments?post=9"}],"version-history":[{"count":5,"href":"https:\/\/agora.xtec.cat\/ceipvilademager\/wp-json\/wp\/v2\/pages\/9\/revisions"}],"predecessor-version":[{"id":1943,"href":"https:\/\/agora.xtec.cat\/ceipvilademager\/wp-json\/wp\/v2\/pages\/9\/revisions\/1943"}],"up":[{"embeddable":true,"href":"https:\/\/agora.xtec.cat\/ceipvilademager\/wp-json\/wp\/v2\/pages\/66"}],"wp:attachment":[{"href":"https:\/\/agora.xtec.cat\/ceipvilademager\/wp-json\/wp\/v2\/media?parent=9"}],"curies":[{"name":"wp","href":"https:\/\/api.w.org\/{rel}","templated":true}]}}