{"id":720,"date":"2022-11-08T13:34:49","date_gmt":"2022-11-08T12:34:49","guid":{"rendered":"https:\/\/agora.xtec.cat\/ceipvilademager\/?page_id=720"},"modified":"2024-09-27T19:43:47","modified_gmt":"2024-09-27T17:43:47","slug":"documents","status":"publish","type":"page","link":"https:\/\/agora.xtec.cat\/ceipvilademager\/documents\/","title":{"rendered":"Documents"},"content":{"rendered":"<p>Com escola rural formem part de la ZER Serra d&#8217;Ancosa.<\/p>\n<p>Els documents oficials del Departament (PEC, PGA, NOFC, &#8230;) s\u00f3n compartits entre les dues escoles que en formem part i sempre que hi ha una modificaci\u00f3 s&#8217;aproven en consell escolar de ZER. Si es volen consultar cal pr\u00e9mer la pestanya &#8220;ZER Serra d&#8217;Ancosa&#8221;.<\/p>\n<p>Els documents propis i elaborats \u00fanicament per l&#8217;escola Viladem\u00e0ger tamb\u00e9 es poden consultar accedint a la pestanya &#8220;escola&#8221;.<\/p>\n<p>&nbsp;<\/p>\n<p>&nbsp;<\/p>\n","protected":false},"excerpt":{"rendered":"<p>Com escola rural formem part de la ZER Serra d&#8217;Ancosa.<br \/>\nEls documents oficials del Departament (PEC, PGA, NOFC, &#8230;) s\u00f3n compartits entre les dues escoles que en formem part i sempre que hi ha una modificaci\u00f3 s&#8217;aproven en consell escolar de ZER. Si es volen consultar&hellip;  <a href=\"https:\/\/agora.xtec.cat\/ceipvilademager\/documents\/\" title=\"Read Documents\">Llegeix m\u00e9s\u00bb<\/a><\/p>\n","protected":false},"author":1,"featured_media":0,"parent":0,"menu_order":0,"comment_status":"closed","ping_status":"closed","template":"","meta":{"_bbp_topic_count":0,"_bbp_reply_count":0,"_bbp_total_topic_count":0,"_bbp_total_reply_count":0,"_bbp_voice_count":0,"_bbp_anonymous_reply_count":0,"_bbp_topic_count_hidden":0,"_bbp_reply_count_hidden":0,"_bbp_forum_subforum_count":0,"footnotes":""},"class_list":["post-720","page","type-page","status-publish","hentry"],"post_mailing_queue_ids":[],"_links":{"self":[{"href":"https:\/\/agora.xtec.cat\/ceipvilademager\/wp-json\/wp\/v2\/pages\/720","targetHints":{"allow":["GET"]}}],"collection":[{"href":"https:\/\/agora.xtec.cat\/ceipvilademager\/wp-json\/wp\/v2\/pages"}],"about":[{"href":"https:\/\/agora.xtec.cat\/ceipvilademager\/wp-json\/wp\/v2\/types\/page"}],"author":[{"embeddable":true,"href":"https:\/\/agora.xtec.cat\/ceipvilademager\/wp-json\/wp\/v2\/users\/1"}],"replies":[{"embeddable":true,"href":"https:\/\/agora.xtec.cat\/ceipvilademager\/wp-json\/wp\/v2\/comments?post=720"}],"version-history":[{"count":3,"href":"https:\/\/agora.xtec.cat\/ceipvilademager\/wp-json\/wp\/v2\/pages\/720\/revisions"}],"predecessor-version":[{"id":1941,"href":"https:\/\/agora.xtec.cat\/ceipvilademager\/wp-json\/wp\/v2\/pages\/720\/revisions\/1941"}],"wp:attachment":[{"href":"https:\/\/agora.xtec.cat\/ceipvilademager\/wp-json\/wp\/v2\/media?parent=720"}],"curies":[{"name":"wp","href":"https:\/\/api.w.org\/{rel}","templated":true}]}}