{"id":683,"date":"2022-10-07T10:20:04","date_gmt":"2022-10-07T08:20:04","guid":{"rendered":"https:\/\/agora.xtec.cat\/ceipvilademager\/?page_id=683"},"modified":"2024-05-24T11:18:39","modified_gmt":"2024-05-24T09:18:39","slug":"avaluacio","status":"publish","type":"page","link":"https:\/\/agora.xtec.cat\/ceipvilademager\/edc\/estrategia\/avaluacio\/","title":{"rendered":"Avaluaci\u00f3"},"content":{"rendered":"<p class=\"CDt4Ke zfr3Q\" dir=\"ltr\">Per tal d\u2019avaluar la implementaci\u00f3 de l\u2019Estrat\u00e8gia digital al nostre centre, amb la realitzaci\u00f3 de la Mem\u00f2ria Anual de\u00a0 ZER la comissi\u00f3 digital \u00e9s on recollir\u00e0 la valoraci\u00f3 de l\u2019assoliment dels criteris, dels indicadors, de les activitats i dels objectius previstos per a cada curs en el que desenvoluparem el desplegament de la nostra Estrat\u00e8gia Digital de Centre.<\/p>\n<p class=\"CDt4Ke zfr3Q\" dir=\"ltr\">Cada responsable \u00e9s qui far\u00e0 la mem\u00f2ria del que s\u2019ha assolit i del que no s\u2019ha assolit, i redactar\u00e0 les propostes de millora.<\/p>\n<p class=\"CDt4Ke zfr3Q\" dir=\"ltr\">A partir d\u2019aqu\u00ed, la comissi\u00f3 modificar\u00e0 l\u2019ECD pel que queda de temps d\u2019implementaci\u00f3, si s\u2019escau, per tal de garantir una veritable implantaci\u00f3 dels criteris, les activitats i els objectius previstos.<\/p>\n<p>Quan tot el proc\u00e9s acabi, es podr\u00e0 avaluar i fins i tot millorar depenent de la consecuci\u00f3 dels objectius establerts i planificats. En aquest punt, s\u2019haur\u00e0 de comen\u00e7ar un proc\u00e9s de reflexi\u00f3 per avaluar tota l\u2019EDC. No cal oblidar que la finalitat principal del curr\u00edculum en relaci\u00f3 a l\u2019estrat\u00e8gia digital \u00e9s l\u2019adquisici\u00f3 d\u2019un conjunt de coneixements, destreses, actituds i aptituds que facilitin l\u2019aprofitament de les eines de les tecnologies de la informaci\u00f3 i la comunicaci\u00f3 en la seva interacci\u00f3 present i futura amb l\u2019entorn social.<\/p>\n<p><img decoding=\"async\" src=\"https:\/\/www.serraiabella.cat\/wp-content\/uploads\/INFOGRAFIA-V1-1024x724.png\" alt=\"Estrat\u00e8gia digital de Centre \u2013 Serra i Abella\" \/><\/p>\n","protected":false},"excerpt":{"rendered":"<p>Per tal d\u2019avaluar la implementaci\u00f3 de l\u2019Estrat\u00e8gia digital al nostre centre, amb la realitzaci\u00f3 de la Mem\u00f2ria Anual de\u00a0 ZER la comissi\u00f3 digital \u00e9s on recollir\u00e0 la valoraci\u00f3 de l\u2019assoliment dels criteris, dels indicadors, de les activitats i dels objectius previstos per a cada curs&hellip;  <a href=\"https:\/\/agora.xtec.cat\/ceipvilademager\/edc\/estrategia\/avaluacio\/\" title=\"Read Avaluaci\u00f3\">Llegeix m\u00e9s\u00bb<\/a><\/p>\n","protected":false},"author":1,"featured_media":0,"parent":661,"menu_order":3,"comment_status":"closed","ping_status":"closed","template":"page-templates\/side-menu.php","meta":{"_bbp_topic_count":0,"_bbp_reply_count":0,"_bbp_total_topic_count":0,"_bbp_total_reply_count":0,"_bbp_voice_count":0,"_bbp_anonymous_reply_count":0,"_bbp_topic_count_hidden":0,"_bbp_reply_count_hidden":0,"_bbp_forum_subforum_count":0,"footnotes":""},"class_list":["post-683","page","type-page","status-publish","hentry"],"post_mailing_queue_ids":[],"_links":{"self":[{"href":"https:\/\/agora.xtec.cat\/ceipvilademager\/wp-json\/wp\/v2\/pages\/683","targetHints":{"allow":["GET"]}}],"collection":[{"href":"https:\/\/agora.xtec.cat\/ceipvilademager\/wp-json\/wp\/v2\/pages"}],"about":[{"href":"https:\/\/agora.xtec.cat\/ceipvilademager\/wp-json\/wp\/v2\/types\/page"}],"author":[{"embeddable":true,"href":"https:\/\/agora.xtec.cat\/ceipvilademager\/wp-json\/wp\/v2\/users\/1"}],"replies":[{"embeddable":true,"href":"https:\/\/agora.xtec.cat\/ceipvilademager\/wp-json\/wp\/v2\/comments?post=683"}],"version-history":[{"count":4,"href":"https:\/\/agora.xtec.cat\/ceipvilademager\/wp-json\/wp\/v2\/pages\/683\/revisions"}],"predecessor-version":[{"id":1857,"href":"https:\/\/agora.xtec.cat\/ceipvilademager\/wp-json\/wp\/v2\/pages\/683\/revisions\/1857"}],"up":[{"embeddable":true,"href":"https:\/\/agora.xtec.cat\/ceipvilademager\/wp-json\/wp\/v2\/pages\/661"}],"wp:attachment":[{"href":"https:\/\/agora.xtec.cat\/ceipvilademager\/wp-json\/wp\/v2\/media?parent=683"}],"curies":[{"name":"wp","href":"https:\/\/api.w.org\/{rel}","templated":true}]}}