{"id":661,"date":"2022-10-07T09:59:26","date_gmt":"2022-10-07T07:59:26","guid":{"rendered":"https:\/\/agora.xtec.cat\/ceipvilademager\/?page_id=661"},"modified":"2024-05-22T21:23:32","modified_gmt":"2024-05-22T19:23:32","slug":"estrategia","status":"publish","type":"page","link":"https:\/\/agora.xtec.cat\/ceipvilademager\/edc\/estrategia\/","title":{"rendered":"ESTRAT\u00c8GIA"},"content":{"rendered":"<h2 style=\"text-align: center;\"><strong>ESTRAT\u00c8GIA DIGITAL DE\u00a0 CENTRE <\/strong><\/h2>\n<p>L\u2019EDC\u00a0 de l&#8217;escola Viladem\u00e0ger defineix i concreta les l\u00ednies d\u2019actuaci\u00f3 d\u2019un centre que fan possible que <strong>docents, alumnat i centre<\/strong> assoleixin la compet\u00e8ncia digital.<\/p>\n<p>L\u2019Estrat\u00e8gia Digital de Centre t\u00e9 com a referent el Pla d\u2019Educaci\u00f3 Digital de Catalunya (PEDC), on s\u2019indica la necessitat d\u2019assolir la fita d\u2019una societat digitalment competent, fent \u00e8mfasi en l\u2019equitat i tenint en compte l\u2019evoluci\u00f3 del context social i tecnol\u00f2gic.<\/p>\n<div class=\"entry-content\">\n<p>L\u2019Estrat\u00e8gia Digital de Centre (EDC) de l\u2019escola\u00a0 defineix i concreta les l\u00ednies d\u2019actuaci\u00f3 d\u2019un centre que fan possible que docents, alumnat i centre assoleixin <strong>la compet\u00e8ncia digital<\/strong>. Per aconseguir aquesta compet\u00e8ncia digital, l\u2019EDC compr\u00e8n tots els \u00e0mbits del centre: organitzatius, metodol\u00f2gics, curriculars i comunicatius, els quals s\u2019han de veure necess\u00e0riament implicats i, si escau, transformats, des d\u2019una perspectiva d\u2019innovaci\u00f3 i de millora cont\u00ednua.<\/p>\n<p>Els objectius de l\u2019EDC es poden agrupar en cinc \u00e0mbits, que tenen com a fita el m\u00e0xim assoliment de la compet\u00e8ncia digital de l\u2019alumnat, del professorat i del centre:<\/p>\n<ul>\n<li>Assoliment de la compet\u00e8ncia digital<\/li>\n<li>Planificaci\u00f3 estrat\u00e8gica i organitzaci\u00f3<\/li>\n<li>Metodologies did\u00e0ctiques i innovaci\u00f3<\/li>\n<li>Inclusi\u00f3 digital i de g\u00e8nere<\/li>\n<li>Seguretat i protecci\u00f3 de dades<\/li>\n<\/ul>\n<p>Com a tal, des de l\u2019escola Viladem\u00e0ger s\u2019est\u00e0 treballant en aquesta l\u00ednia i s\u2019han elaborat els <strong>punts forts i punts febles<\/strong> a partir d\u2019una diagnosi feta amb diferents recursos com l\u2019eina <strong>Selfie<\/strong> i <strong>Selfie for Teachers<\/strong> contestada per equip directiu, docents i alumnat i tamb\u00e9 un q\u00fcestionari fet a les fam\u00edlies.<\/p>\n<p>Un cop analitzada aquesta diagnosi i els punts forts i punts febles, des de la <strong>Comissi\u00f3 d\u2019Estrat\u00e8gia Digital<\/strong>, s\u2019han desplegat una s\u00e8rie d\u2019<strong>objectius<\/strong> pel curs 22-23.<\/p>\n<\/div>\n<p><a href=\"https:\/\/agora.xtec.cat\/ceipvilademager\/wp-content\/uploads\/usu2505\/2022\/11\/Captura.jpg\"><img loading=\"lazy\" decoding=\"async\" class=\"alignnone size-large wp-image-713\" src=\"https:\/\/agora.xtec.cat\/ceipvilademager\/wp-content\/uploads\/usu2505\/2022\/11\/Captura-1024x721.jpg\" alt=\"\" width=\"1024\" height=\"721\" srcset=\"https:\/\/agora.xtec.cat\/ceipvilademager\/wp-content\/uploads\/usu2505\/2022\/11\/Captura-1024x721.jpg 1024w, https:\/\/agora.xtec.cat\/ceipvilademager\/wp-content\/uploads\/usu2505\/2022\/11\/Captura-300x211.jpg 300w, https:\/\/agora.xtec.cat\/ceipvilademager\/wp-content\/uploads\/usu2505\/2022\/11\/Captura-768x541.jpg 768w, https:\/\/agora.xtec.cat\/ceipvilademager\/wp-content\/uploads\/usu2505\/2022\/11\/Captura.jpg 1291w\" sizes=\"auto, (max-width: 1024px) 100vw, 1024px\" \/><\/a><\/p>\n<p>P\u00e0gines de refer\u00e8ncia:<\/p>\n<p><a href=\"https:\/\/educacio.gencat.cat\/ca\/departament\/linies-estrategiques\/pla-educacio-digital\/\"><img loading=\"lazy\" decoding=\"async\" class=\"n3VNCb KAlRDb\" src=\"https:\/\/educacio.gencat.cat\/web\/.content\/home\/departament\/publicacions\/colleccions\/pla-educacio-digital\/estrategia-digital-centre\/edc-268x378.jpg_2026732490.jpg\" alt=\"Estrat\u00e8gia digital de centre. Departament d'Educaci\u00f3\" width=\"209\" height=\"294\" data-noaft=\"1\" \/><\/a><\/p>\n","protected":false},"excerpt":{"rendered":"<p>ESTRAT\u00c8GIA DIGITAL DE\u00a0 CENTRE<br \/>\nL\u2019EDC\u00a0 de l&#8217;escola Viladem\u00e0ger defineix i concreta les l\u00ednies d\u2019actuaci\u00f3 d\u2019un centre que fan possible que docents, alumnat i centre assoleixin la compet\u00e8ncia digital.<br \/>\nL\u2019Estrat\u00e8gia Digital de Centre t\u00e9 com a referent el Pla d\u2019Educaci\u00f3 Digital de Catalunya (PEDC), on s\u2019indica la&hellip;  <a href=\"https:\/\/agora.xtec.cat\/ceipvilademager\/edc\/estrategia\/\" title=\"Read ESTRAT\u00c8GIA\">Llegeix m\u00e9s\u00bb<\/a><\/p>\n","protected":false},"author":1,"featured_media":0,"parent":648,"menu_order":0,"comment_status":"closed","ping_status":"closed","template":"page-templates\/side-menu.php","meta":{"_bbp_topic_count":0,"_bbp_reply_count":0,"_bbp_total_topic_count":0,"_bbp_total_reply_count":0,"_bbp_voice_count":0,"_bbp_anonymous_reply_count":0,"_bbp_topic_count_hidden":0,"_bbp_reply_count_hidden":0,"_bbp_forum_subforum_count":0,"footnotes":""},"class_list":["post-661","page","type-page","status-publish","hentry"],"post_mailing_queue_ids":[],"_links":{"self":[{"href":"https:\/\/agora.xtec.cat\/ceipvilademager\/wp-json\/wp\/v2\/pages\/661","targetHints":{"allow":["GET"]}}],"collection":[{"href":"https:\/\/agora.xtec.cat\/ceipvilademager\/wp-json\/wp\/v2\/pages"}],"about":[{"href":"https:\/\/agora.xtec.cat\/ceipvilademager\/wp-json\/wp\/v2\/types\/page"}],"author":[{"embeddable":true,"href":"https:\/\/agora.xtec.cat\/ceipvilademager\/wp-json\/wp\/v2\/users\/1"}],"replies":[{"embeddable":true,"href":"https:\/\/agora.xtec.cat\/ceipvilademager\/wp-json\/wp\/v2\/comments?post=661"}],"version-history":[{"count":4,"href":"https:\/\/agora.xtec.cat\/ceipvilademager\/wp-json\/wp\/v2\/pages\/661\/revisions"}],"predecessor-version":[{"id":776,"href":"https:\/\/agora.xtec.cat\/ceipvilademager\/wp-json\/wp\/v2\/pages\/661\/revisions\/776"}],"up":[{"embeddable":true,"href":"https:\/\/agora.xtec.cat\/ceipvilademager\/wp-json\/wp\/v2\/pages\/648"}],"wp:attachment":[{"href":"https:\/\/agora.xtec.cat\/ceipvilademager\/wp-json\/wp\/v2\/media?parent=661"}],"curies":[{"name":"wp","href":"https:\/\/api.w.org\/{rel}","templated":true}]}}