{"id":618,"date":"2022-02-09T13:25:33","date_gmt":"2022-02-09T12:25:33","guid":{"rendered":"https:\/\/agora.xtec.cat\/ceipvilademager\/?page_id=618"},"modified":"2023-02-14T15:48:14","modified_gmt":"2023-02-14T14:48:14","slug":"salut","status":"publish","type":"page","link":"https:\/\/agora.xtec.cat\/ceipvilademager\/salut\/","title":{"rendered":"Salut"},"content":{"rendered":"<p><span style=\"font-weight: 400;\">Durant tot el curs escolar hi ha diferents situacions relacionades amb SALUT que s\u2019han de tenir en compte:<\/span><\/p>\n<ul>\n<li style=\"font-weight: 400;\" aria-level=\"1\"><span style=\"font-weight: 400;\">Si es detecta que l\u2019alumnat t\u00e9 polls, aquest no podr\u00e0 assistir a l&#8217;escola. La fam\u00edlia ho ha de comunicar a l\u2019escola com abans millor i aix\u00ed aquesta podr\u00e0 fer un comunicat a la resta de fam\u00edlies de la classe o de l&#8217;escoa. En cas que la detecci\u00f3 sigui al centre, es trucar\u00e0 la fam\u00edlia en el moment de la detecci\u00f3 i caldr\u00e0 recollir el fill\/a.<\/span><\/li>\n<li style=\"font-weight: 400;\" aria-level=\"1\"><span style=\"font-weight: 400;\">Tenir febre (superior a 37,5\u00baC) o qualsevol malaltia que es pugui contagiar als companys d\u2019escola \u00e9s motiu perqu\u00e8 l\u2019alumnat no vingui a l&#8217;escola. En cas de febre, es podr\u00e0 assistir 24h despr\u00e9s de no tenir-ne.<\/span><\/li>\n<li style=\"font-weight: 400;\" aria-level=\"1\"><span style=\"font-weight: 400;\">Si l\u2019alumne\/a necessita prendre alguna medicaci\u00f3, haur\u00e0 de portar emplenada l\u2019autoritzaci\u00f3 del metge. L&#8217;educador\/a haur\u00e0 d&#8217;entregar l&#8217;autoritzaci\u00f3 al centre anotant la quantitat i l&#8217;hora (Enlla\u00e7 seg\u00fcent)\u00a0<\/span><\/li>\n<\/ul>\n<p><a href=\"https:\/\/documents.espai.educacio.gencat.cat\/FormularisModels\/CentresGestioAdministrativa\/Y332_188.pdf\">https:\/\/documents.espai.educacio.gencat.cat\/FormularisModels\/CentresGestioAdministrativa\/Y332_188.pdf<\/a><\/p>\n<p><span style=\"color: #333399;\"><strong>REVISIONS QUE ES FAN AL LLARG DEL CURS:<\/strong><\/span><\/p>\n<ul>\n<li>Revisi\u00f3 odontol\u00f2gica a 1r i 6\u00e8 de prim\u00e0ria<\/li>\n<li>Vacunes a 6\u00e8<\/li>\n<\/ul>\n","protected":false},"excerpt":{"rendered":"<p>Durant tot el curs escolar hi ha diferents situacions relacionades amb SALUT que s\u2019han de tenir en compte:<\/p>\n<ul>\n<li style=\"font-weight: 400;\" aria-level=\"1\">Si es detecta que l\u2019alumnat t\u00e9 polls, aquest no podr\u00e0 assistir a l&#8217;escola. La fam\u00edlia ho ha de comunicar a l\u2019escola com abans millor i&hellip;  <a href=\"https:\/\/agora.xtec.cat\/ceipvilademager\/salut\/\" title=\"Read Salut\">Llegeix m\u00e9s\u00bb<\/a><br \/>\n","protected":false},"author":1,"featured_media":0,"parent":0,"menu_order":0,"comment_status":"closed","ping_status":"closed","template":"","meta":{"_bbp_topic_count":0,"_bbp_reply_count":0,"_bbp_total_topic_count":0,"_bbp_total_reply_count":0,"_bbp_voice_count":0,"_bbp_anonymous_reply_count":0,"_bbp_topic_count_hidden":0,"_bbp_reply_count_hidden":0,"_bbp_forum_subforum_count":0,"footnotes":""},"class_list":["post-618","page","type-page","status-publish","hentry"],"post_mailing_queue_ids":[],"_links":{"self":[{"href":"https:\/\/agora.xtec.cat\/ceipvilademager\/wp-json\/wp\/v2\/pages\/618","targetHints":{"allow":["GET"]}}],"collection":[{"href":"https:\/\/agora.xtec.cat\/ceipvilademager\/wp-json\/wp\/v2\/pages"}],"about":[{"href":"https:\/\/agora.xtec.cat\/ceipvilademager\/wp-json\/wp\/v2\/types\/page"}],"author":[{"embeddable":true,"href":"https:\/\/agora.xtec.cat\/ceipvilademager\/wp-json\/wp\/v2\/users\/1"}],"replies":[{"embeddable":true,"href":"https:\/\/agora.xtec.cat\/ceipvilademager\/wp-json\/wp\/v2\/comments?post=618"}],"version-history":[{"count":4,"href":"https:\/\/agora.xtec.cat\/ceipvilademager\/wp-json\/wp\/v2\/pages\/618\/revisions"}],"predecessor-version":[{"id":866,"href":"https:\/\/agora.xtec.cat\/ceipvilademager\/wp-json\/wp\/v2\/pages\/618\/revisions\/866"}],"wp:attachment":[{"href":"https:\/\/agora.xtec.cat\/ceipvilademager\/wp-json\/wp\/v2\/media?parent=618"}],"curies":[{"name":"wp","href":"https:\/\/api.w.org\/{rel}","templated":true}]}}