{"id":608,"date":"2022-02-09T12:55:44","date_gmt":"2022-02-09T11:55:44","guid":{"rendered":"https:\/\/agora.xtec.cat\/ceipvilademager\/?page_id=608"},"modified":"2024-04-25T15:29:12","modified_gmt":"2024-04-25T13:29:12","slug":"projectes-escola","status":"publish","type":"page","link":"https:\/\/agora.xtec.cat\/ceipvilademager\/projectes-escola\/","title":{"rendered":"Projectes d&#8217;innovaci\u00f3"},"content":{"rendered":"<h3><a href=\"https:\/\/agora.xtec.cat\/ceipvilademager\/wp-content\/uploads\/usu2505\/2023\/01\/PI-1.jpg\">\u00a0 \u00a0 <img loading=\"lazy\" decoding=\"async\" class=\"wp-image-875 alignnone\" src=\"https:\/\/agora.xtec.cat\/ceipvilademager\/wp-content\/uploads\/usu2505\/2023\/01\/PI-1-1024x576.jpg\" alt=\"\" width=\"247\" height=\"139\" srcset=\"https:\/\/agora.xtec.cat\/ceipvilademager\/wp-content\/uploads\/usu2505\/2023\/01\/PI-1-1024x576.jpg 1024w, https:\/\/agora.xtec.cat\/ceipvilademager\/wp-content\/uploads\/usu2505\/2023\/01\/PI-1-300x169.jpg 300w, https:\/\/agora.xtec.cat\/ceipvilademager\/wp-content\/uploads\/usu2505\/2023\/01\/PI-1-768x432.jpg 768w, https:\/\/agora.xtec.cat\/ceipvilademager\/wp-content\/uploads\/usu2505\/2023\/01\/PI-1.jpg 1152w\" sizes=\"auto, (max-width: 247px) 100vw, 247px\" \/><\/a><a style=\"color: #2795b6;\" href=\"https:\/\/agora.xtec.cat\/ceipvilademager\/wp-content\/uploads\/usu2505\/2023\/01\/plafruit1.jpg\"><span style=\"color: #2795b6;\"><img loading=\"lazy\" decoding=\"async\" class=\"alignleft\" style=\"font-size: 16px;\" src=\"https:\/\/olot.escolapia.cat\/wp-content\/uploads\/2019\/03\/pagina-escola-verda-t.png\" alt=\"ESCOLA VERDA | Escola Pia Olot\" width=\"113\" height=\"102\" \/><\/span><span style=\"color: #2795b6;\"><img loading=\"lazy\" decoding=\"async\" class=\"wp-image-878 alignleft\" src=\"https:\/\/agora.xtec.cat\/ceipvilademager\/wp-content\/uploads\/usu2505\/2023\/01\/plafruit1.jpg\" alt=\"\" width=\"205\" height=\"79\" srcset=\"https:\/\/agora.xtec.cat\/ceipvilademager\/wp-content\/uploads\/usu2505\/2023\/01\/plafruit1.jpg 770w, https:\/\/agora.xtec.cat\/ceipvilademager\/wp-content\/uploads\/usu2505\/2023\/01\/plafruit1-300x116.jpg 300w, https:\/\/agora.xtec.cat\/ceipvilademager\/wp-content\/uploads\/usu2505\/2023\/01\/plafruit1-768x297.jpg 768w\" sizes=\"auto, (max-width: 205px) 100vw, 205px\" \/><\/span><\/a><\/h3>\n<p><strong>Escola Verda<\/strong>: L&#8217;escola forma part del grup d&#8217;escoles verdes de Catalunya. Cada dia a les aules fomentem accions per a cuidar el nostre entorn proper. Tamb\u00e9 fem trobades quinzenals, on dos alumnes de cada grup, es coordinen amb dos docents per a fer reflexions, pensar propostes de millora, buidar les papereres de reciclatge, fer petits treballs a l&#8217;hort, etc.<\/p>\n<p><strong>Programa de fruites a les escoles<\/strong>: Una setmana al mes rebem fruita i la repartim al nostre alumnat a l&#8217;esmorzar i al berenar per tal de fomentar els bons h\u00e0bits d&#8217;alimentaci\u00f3 saludable.<\/p>\n<p><strong>Programa de Salut Integral<\/strong>: cada curs dediquem una jornada sencera per a treballar la consci\u00e8ncia del nostre cos. Els \u00e0mbits d&#8217;actuaci\u00f3 s\u00f3n: L&#8217;adquisici\u00f3 d&#8217;h\u00e0bits d&#8217;alimentaci\u00f3 saludable,\u00a0el desenvolupament de l&#8217;activitat f\u00edsica, el\u00a0coneixement del cos\u00a0i la\u00a0gesti\u00f3 emocional\u00a0com a factor de protecci\u00f3 envers les addicions.<\/p>\n<p>&nbsp;<\/p>\n","protected":false},"excerpt":{"rendered":"<p><a href=\"https:\/\/agora.xtec.cat\/ceipvilademager\/wp-content\/uploads\/usu2505\/2023\/01\/PI-1.jpg\">\u00a0 \u00a0 <\/a><a style=\"color: #2795b6;\" href=\"https:\/\/agora.xtec.cat\/ceipvilademager\/wp-content\/uploads\/usu2505\/2023\/01\/plafruit1.jpg\"><\/a><br \/>\nEscola Verda: L&#8217;escola forma part del grup d&#8217;escoles verdes de Catalunya. Cada dia a les aules fomentem accions per a cuidar el nostre entorn proper. Tamb\u00e9 fem trobades quinzenals, on dos alumnes de cada grup, es coordinen amb dos&hellip;  <a href=\"https:\/\/agora.xtec.cat\/ceipvilademager\/projectes-escola\/\" title=\"Read Projectes d&#8217;innovaci\u00f3\">Llegeix m\u00e9s\u00bb<\/a><\/p>\n","protected":false},"author":1,"featured_media":0,"parent":0,"menu_order":0,"comment_status":"closed","ping_status":"closed","template":"","meta":{"_bbp_topic_count":0,"_bbp_reply_count":0,"_bbp_total_topic_count":0,"_bbp_total_reply_count":0,"_bbp_voice_count":0,"_bbp_anonymous_reply_count":0,"_bbp_topic_count_hidden":0,"_bbp_reply_count_hidden":0,"_bbp_forum_subforum_count":0,"footnotes":""},"class_list":["post-608","page","type-page","status-publish","hentry"],"post_mailing_queue_ids":[],"_links":{"self":[{"href":"https:\/\/agora.xtec.cat\/ceipvilademager\/wp-json\/wp\/v2\/pages\/608","targetHints":{"allow":["GET"]}}],"collection":[{"href":"https:\/\/agora.xtec.cat\/ceipvilademager\/wp-json\/wp\/v2\/pages"}],"about":[{"href":"https:\/\/agora.xtec.cat\/ceipvilademager\/wp-json\/wp\/v2\/types\/page"}],"author":[{"embeddable":true,"href":"https:\/\/agora.xtec.cat\/ceipvilademager\/wp-json\/wp\/v2\/users\/1"}],"replies":[{"embeddable":true,"href":"https:\/\/agora.xtec.cat\/ceipvilademager\/wp-json\/wp\/v2\/comments?post=608"}],"version-history":[{"count":6,"href":"https:\/\/agora.xtec.cat\/ceipvilademager\/wp-json\/wp\/v2\/pages\/608\/revisions"}],"predecessor-version":[{"id":1778,"href":"https:\/\/agora.xtec.cat\/ceipvilademager\/wp-json\/wp\/v2\/pages\/608\/revisions\/1778"}],"wp:attachment":[{"href":"https:\/\/agora.xtec.cat\/ceipvilademager\/wp-json\/wp\/v2\/media?parent=608"}],"curies":[{"name":"wp","href":"https:\/\/api.w.org\/{rel}","templated":true}]}}