{"id":36,"date":"2014-09-18T12:33:11","date_gmt":"2014-09-18T11:33:11","guid":{"rendered":"http:\/\/agora.xtec.cat\/ceipvilademager\/?page_id=36"},"modified":"2024-09-22T17:59:07","modified_gmt":"2024-09-22T15:59:07","slug":"material-escolar","status":"publish","type":"page","link":"https:\/\/agora.xtec.cat\/ceipvilademager\/lescola\/material-escolar\/","title":{"rendered":"Material i llibres"},"content":{"rendered":"<p>El primer dia de curs, l&#8217;alumnat ha de portar el seg\u00fcent material:<\/p>\n<p><strong>EDUCACI\u00d3 INFANTIL<\/strong><\/p>\n<ul>\n<li>Bata escolar (que es cordi per davant, amb botons grans, nom i beta)<\/li>\n<li>Bata per pl\u00e0stica marcada amb el nom<\/li>\n<li>Bata de menjador (si es queda a dinar)<\/li>\n<li>Cantimplora d&#8217;\u00fas individual, marcada amb el nom<\/li>\n<\/ul>\n<p><span style=\"text-decoration: underline;\">HIGIENE<\/span><\/p>\n<ul>\n<li>Capsa de mocadors de paper<\/li>\n<li>Paquet de tovalloletes humides i un paquet de tovalloletes biodegradables WC<\/li>\n<li>Roba de recanvi (adequada per a l&#8217;estaci\u00f3 de l&#8217;any, marcada amb el nom.<\/li>\n<\/ul>\n<p><strong>EDUCACI\u00d3 PRIM\u00c0RIA<\/strong><\/p>\n<ul>\n<li>Estoig, que s&#8217;omplir\u00e0 a l&#8217;escola<\/li>\n<li>Bata o samarretes per pl\u00e0stica marcada amb el nom<\/li>\n<li>Bata de menjador (nom\u00e9s 1r i 2n) si es queden a dinar<\/li>\n<li>Cantimplora d&#8217;\u00fas individual, marcada amb el nom<\/li>\n<\/ul>\n<p><span style=\"text-decoration: underline;\">HIGIENE<\/span><\/p>\n<ul>\n<li>Capsa de mocadors de paper<\/li>\n<li>Samarreta de recanvi els dies d&#8217;educaci\u00f3 f\u00edsica<\/li>\n<\/ul>\n<p style=\"text-align: center;\"><strong>MATERIAL DID\u00c0CTIC- LLIBRES (curs 2024-2025)<\/strong><\/p>\n<p><span style=\"text-decoration: underline;\">MATERIAL DID\u00c0CTIC INFANTIL<\/span><\/p>\n<ul>\n<li>Projectes d&#8217;aula<\/li>\n<li>Grafisme &#8220;el tra\u00e7&#8221; n\u00ba1 (I3) \/ n\u00ba2 (I4) \/ n\u00ba3 (I5)<\/li>\n<li>EMAT: matem\u00e0tiques (I4-I5). Editorial Tekman<\/li>\n<li>Racons de llengua, mates i experimentaci\u00f3<\/li>\n<\/ul>\n<p><span style=\"text-decoration: underline;\">MATERIAL DID\u00c0CTIC DE CICLE INICIAL<\/span><\/p>\n<ul>\n<li>EMAT:\u00a0 matem\u00e0tiques (1r i 2n). Editorial Tekman<\/li>\n<li>M\u00f3n lector 1r i 2n. Editorial Barcanova<\/li>\n<li>Quadern Practica la llengua nivell 1 i 2- Ed. Vicens Vives<\/li>\n<li>Racons de llengua catalana i castellana<\/li>\n<li>Llibre de lectura: &#8220;Tots per un i un per tots&#8221; &#8211; Ed. Vicens Vives<\/li>\n<li>Projectes d&#8217;aula<\/li>\n<\/ul>\n<p><span style=\"text-decoration: underline;\">MATERIAL DID\u00c0CTIC DE CICLE MITJ\u00c0\u00a0<\/span><\/p>\n<ul>\n<li>EMAT: matem\u00e0tiques (3r, 4t) Editorial Tekman<\/li>\n<li>Castell\u00e0: Zozo 3 i 4<\/li>\n<li>Catal\u00e0: Comprendre i aprendre 3 i 4<\/li>\n<li>2 llibres de lectura<\/li>\n<li>Projectes d&#8217;aula<\/li>\n<li>Flauta dol\u00e7a<\/li>\n<\/ul>\n<p><span style=\"text-decoration: underline;\">MATERIAL DID\u00c0CTIC DE CICLE SUPERIOR\u00a0<\/span><\/p>\n<ul>\n<li>EMAT: matem\u00e0tiques (5\u00e8 i 6\u00e8) -Editorial Tekman<\/li>\n<li>CAT I CAST: projecte Superlletres &#8211; Ed. Tekman + aplicaci\u00f3 digital de cada \u00e0rea<\/li>\n<li>3 llibres de lectura del projecte Superllestres + llibre de lectura (a concretar)<\/li>\n<li>Projectes d&#8217;aula<\/li>\n<li>Flauta dol\u00e7a<\/li>\n<\/ul>\n<p>&nbsp;<\/p>\n<table style=\"border-collapse: collapse; width: 100%;\">\n<tbody>\n<tr>\n<td style=\"width: 100%;\">El curs 24-25 hi ha una part de la quota material o quota llibres que es pot pagar amb els vals escolars de prim\u00e0ria. (*consultar el document enviat al juliol. Si no el teniu preguntar a direcci\u00f3).<\/p>\n<p>&nbsp;<\/p>\n<p><span style=\"font-size: 16px;\">Cliqueu sobre l&#8217;enlla\u00e7 per consultar els preus dels llibres: <a href=\"https:\/\/drive.google.com\/file\/d\/14tvEWUBqvJjlIGibDHp-7HDfe6NozOik\/view?usp=drive_link\">https:\/\/drive.google.com\/file\/d\/18K0-_vTF-0Wi2Uh5oZwiuS2XzBTEGzrH\/view?usp=drive_link<\/a><\/span><\/p>\n<p>&nbsp;<\/td>\n<\/tr>\n<\/tbody>\n<\/table>\n<p>&nbsp;<\/p>\n","protected":false},"excerpt":{"rendered":"<p>El primer dia de curs, l&#8217;alumnat ha de portar el seg\u00fcent material:<br \/>\nEDUCACI\u00d3 INFANTIL<\/p>\n<ul>\n<li>Bata escolar (que es cordi per davant, amb botons grans, nom i beta)<\/li>\n<li>Bata per pl\u00e0stica marcada amb el nom<\/li>\n<li>Bata de menjador (si es queda a dinar)<\/li>\n<li>Cantimplora d&#8217;\u00fas individual, marcada amb el nom<\/li>\n<\/ul>\n<p>HIGIENE<\/p>\n<ul>\n<li>Capsa de&hellip;  <a href=\"https:\/\/agora.xtec.cat\/ceipvilademager\/lescola\/material-escolar\/\" title=\"Read Material i llibres\">Llegeix m\u00e9s\u00bb<\/a><br \/>\n","protected":false},"author":1,"featured_media":0,"parent":22,"menu_order":70,"comment_status":"closed","ping_status":"closed","template":"page-templates\/side-menu.php","meta":{"_bbp_topic_count":0,"_bbp_reply_count":0,"_bbp_total_topic_count":0,"_bbp_total_reply_count":0,"_bbp_voice_count":0,"_bbp_anonymous_reply_count":0,"_bbp_topic_count_hidden":0,"_bbp_reply_count_hidden":0,"_bbp_forum_subforum_count":0,"footnotes":""},"class_list":["post-36","page","type-page","status-publish","hentry"],"post_mailing_queue_ids":[],"_links":{"self":[{"href":"https:\/\/agora.xtec.cat\/ceipvilademager\/wp-json\/wp\/v2\/pages\/36","targetHints":{"allow":["GET"]}}],"collection":[{"href":"https:\/\/agora.xtec.cat\/ceipvilademager\/wp-json\/wp\/v2\/pages"}],"about":[{"href":"https:\/\/agora.xtec.cat\/ceipvilademager\/wp-json\/wp\/v2\/types\/page"}],"author":[{"embeddable":true,"href":"https:\/\/agora.xtec.cat\/ceipvilademager\/wp-json\/wp\/v2\/users\/1"}],"replies":[{"embeddable":true,"href":"https:\/\/agora.xtec.cat\/ceipvilademager\/wp-json\/wp\/v2\/comments?post=36"}],"version-history":[{"count":4,"href":"https:\/\/agora.xtec.cat\/ceipvilademager\/wp-json\/wp\/v2\/pages\/36\/revisions"}],"predecessor-version":[{"id":1937,"href":"https:\/\/agora.xtec.cat\/ceipvilademager\/wp-json\/wp\/v2\/pages\/36\/revisions\/1937"}],"up":[{"embeddable":true,"href":"https:\/\/agora.xtec.cat\/ceipvilademager\/wp-json\/wp\/v2\/pages\/22"}],"wp:attachment":[{"href":"https:\/\/agora.xtec.cat\/ceipvilademager\/wp-json\/wp\/v2\/media?parent=36"}],"curies":[{"name":"wp","href":"https:\/\/api.w.org\/{rel}","templated":true}]}}