{"id":34,"date":"2014-09-18T12:32:18","date_gmt":"2014-09-18T11:32:18","guid":{"rendered":"http:\/\/agora.xtec.cat\/ceipvilademager\/?page_id=34"},"modified":"2024-09-22T18:01:11","modified_gmt":"2024-09-22T16:01:11","slug":"oferta-educativa","status":"publish","type":"page","link":"https:\/\/agora.xtec.cat\/ceipvilademager\/lescola\/oferta-educativa\/","title":{"rendered":"Oferta educativa"},"content":{"rendered":"<p><em><strong>TIPOLOGIA ESCOLAR<\/strong><\/em><\/p>\n<p>Som una escola catalana de titularitat p\u00fablica, laica, c\u00edclica que pret\u00e9n ser integradora i oberta per a tothom i que t\u00e9 com a objectiu la formaci\u00f3 de persones solid\u00e0ries, tolerants, respectuoses i lliures.<\/p>\n<p>Formem part de la ZER Serra d&#8217;Ancosa, conjuntament amb l&#8217;escola Oliveres (Canaletes, Cabrera d&#8217;Anoia).<\/p>\n<p>L&#8217;escola Viladem\u00e0ger actualment t\u00e9 quatre aules (una d&#8217;infantil i tres de prim\u00e0ria) i \u00e9s una escola d&#8217;una sola l\u00ednia. El nombre d&#8217;alumnes que en formem part s\u00f3n uns 60 aproximadament.<\/p>\n<table class=\" alignleft\" width=\"590\">\n<tbody>\n<tr>\n<td width=\"233\">\u00a0<strong>CRITERIS<\/strong><\/td>\n<td width=\"20\"><\/td>\n<td width=\"345\"><strong>TIPOLOGIA DE CENTRE<\/strong><\/td>\n<\/tr>\n<tr>\n<td width=\"233\">\n<ul>\n<li>Denominaci\u00f3<\/li>\n<\/ul>\n<\/td>\n<td width=\"20\"><\/td>\n<td width=\"345\">Escola Viladem\u00e0ger (ZER SERRA D&#8217;ANCOSA)<\/td>\n<\/tr>\n<tr>\n<td width=\"233\">\n<ul>\n<li>Titularitat<\/li>\n<\/ul>\n<\/td>\n<td width=\"20\"><\/td>\n<td width=\"345\">P\u00fablica depenent del Departament d\u2019Educaci\u00f3<\/td>\n<\/tr>\n<tr>\n<td width=\"233\">\n<ul>\n<li>Nivells educatius que ofereix<\/li>\n<\/ul>\n<\/td>\n<td width=\"20\"><\/td>\n<td width=\"345\">Ed. Infantil i Ed. Prim\u00e0ria<\/td>\n<\/tr>\n<tr>\n<td width=\"233\">\n<ul>\n<li>Ubicaci\u00f3 s\u00f2cio-geogr\u00e0fica<\/li>\n<\/ul>\n<\/td>\n<td width=\"20\"><\/td>\n<td width=\"345\">Rural<\/td>\n<\/tr>\n<tr>\n<td width=\"233\">\n<ul>\n<li>Horari<\/li>\n<\/ul>\n<\/td>\n<td width=\"20\"><\/td>\n<td width=\"345\">Alumnat: 9h-12:30h i 15h-16:30h<\/td>\n<\/tr>\n<tr>\n<td width=\"233\">\n<ul>\n<li>Finan\u00e7ament<\/li>\n<\/ul>\n<\/td>\n<td width=\"20\"><\/td>\n<td width=\"345\">Gratu\u00eft<\/td>\n<\/tr>\n<\/tbody>\n<\/table>\n","protected":false},"excerpt":{"rendered":"<p>TIPOLOGIA ESCOLAR<br \/>\nSom una escola catalana de titularitat p\u00fablica, laica, c\u00edclica que pret\u00e9n ser integradora i oberta per a tothom i que t\u00e9 com a objectiu la formaci\u00f3 de persones solid\u00e0ries, tolerants, respectuoses i lliures.<br \/>\nFormem part de la ZER Serra d&#8217;Ancosa, conjuntament amb l&#8217;escola Oliveres (Canaletes,&hellip;  <a href=\"https:\/\/agora.xtec.cat\/ceipvilademager\/lescola\/oferta-educativa\/\" title=\"Read Oferta educativa\">Llegeix m\u00e9s\u00bb<\/a><\/p>\n","protected":false},"author":1,"featured_media":0,"parent":22,"menu_order":60,"comment_status":"closed","ping_status":"closed","template":"page-templates\/side-menu.php","meta":{"_bbp_topic_count":0,"_bbp_reply_count":0,"_bbp_total_topic_count":0,"_bbp_total_reply_count":0,"_bbp_voice_count":0,"_bbp_anonymous_reply_count":0,"_bbp_topic_count_hidden":0,"_bbp_reply_count_hidden":0,"_bbp_forum_subforum_count":0,"footnotes":""},"class_list":["post-34","page","type-page","status-publish","hentry"],"post_mailing_queue_ids":[],"_links":{"self":[{"href":"https:\/\/agora.xtec.cat\/ceipvilademager\/wp-json\/wp\/v2\/pages\/34","targetHints":{"allow":["GET"]}}],"collection":[{"href":"https:\/\/agora.xtec.cat\/ceipvilademager\/wp-json\/wp\/v2\/pages"}],"about":[{"href":"https:\/\/agora.xtec.cat\/ceipvilademager\/wp-json\/wp\/v2\/types\/page"}],"author":[{"embeddable":true,"href":"https:\/\/agora.xtec.cat\/ceipvilademager\/wp-json\/wp\/v2\/users\/1"}],"replies":[{"embeddable":true,"href":"https:\/\/agora.xtec.cat\/ceipvilademager\/wp-json\/wp\/v2\/comments?post=34"}],"version-history":[{"count":5,"href":"https:\/\/agora.xtec.cat\/ceipvilademager\/wp-json\/wp\/v2\/pages\/34\/revisions"}],"predecessor-version":[{"id":1938,"href":"https:\/\/agora.xtec.cat\/ceipvilademager\/wp-json\/wp\/v2\/pages\/34\/revisions\/1938"}],"up":[{"embeddable":true,"href":"https:\/\/agora.xtec.cat\/ceipvilademager\/wp-json\/wp\/v2\/pages\/22"}],"wp:attachment":[{"href":"https:\/\/agora.xtec.cat\/ceipvilademager\/wp-json\/wp\/v2\/media?parent=34"}],"curies":[{"name":"wp","href":"https:\/\/api.w.org\/{rel}","templated":true}]}}