{"id":32,"date":"2014-09-18T12:31:33","date_gmt":"2014-09-18T11:31:33","guid":{"rendered":"http:\/\/agora.xtec.cat\/ceipvilademager\/?page_id=32"},"modified":"2025-11-18T13:32:10","modified_gmt":"2025-11-18T12:32:10","slug":"calendari-del-curs","status":"publish","type":"page","link":"https:\/\/agora.xtec.cat\/ceipvilademager\/lescola\/calendari-del-curs\/","title":{"rendered":"Calendari del curs"},"content":{"rendered":"<h4><\/h4>\n<p><strong>L<\/strong>\u2019<b>horari lectiu<\/b> del centre \u00e9s de 9 a 12,30 h i de 15,00 a 16,30 h per a tots els alumnes del centre.<\/p>\n<p><strong>L&#8217;horari lectiu en jornada intensiva<\/strong> \u00e9s de 9 a 13h. (Els alumnes que utilitzen el servei de menjador surten a les 15:30h.)<\/p>\n<p>Per als alumnes que inicien l\u2019escolaritzaci\u00f3 a I3 s\u2019organitza un breu per\u00edode d\u2019adaptaci\u00f3 que suposa una certa modificaci\u00f3 dels horaris dels dos primers dies de classe, i que es fa saber a les fam\u00edlies en les reunions pr\u00e8vies corresponents.<\/p>\n<p><strong>Festes locals i dies de lliure disposici\u00f3<\/strong>:<\/p>\n<ul>\n<li>11 de setembre 2025<\/li>\n<li>3 de novembre 2025<\/li>\n<li>5 de desembre 2025<\/li>\n<li>8 de desembre 2025<\/li>\n<li>16 de febrer 2026<\/li>\n<li>7 d&#8217;abril 2026<\/li>\n<li>30 d&#8217;abril 2026<\/li>\n<li>25 de maig 2026<\/li>\n<\/ul>\n<p><iframe loading=\"lazy\" style=\"border: solid 1px #777;\" src=\"https:\/\/calendar.google.com\/calendar\/embed?height=600&amp;wkst=2&amp;bgcolor=%23ffffff&amp;ctz=Europe%2FMadrid&amp;src=YTgwMTk2OTFAeHRlYy5jYXQ&amp;src=YWRkcmVzc2Jvb2sjY29udGFjdHNAZ3JvdXAudi5jYWxlbmRhci5nb29nbGUuY29t&amp;src=ZXMuc3BhaW4jaG9saWRheUBncm91cC52LmNhbGVuZGFyLmdvb2dsZS5jb20&amp;color=%234285F4&amp;color=%2333B679&amp;color=%23E67C73\" width=\"800\" height=\"600\" frameborder=\"0\" scrolling=\"no\"><\/iframe><\/p>\n<p>&nbsp;<\/p>\n","protected":false},"excerpt":{"rendered":"<p>L\u2019horari lectiu del centre \u00e9s de 9 a 12,30 h i de 15,00 a 16,30 h per a tots els alumnes del centre.<br \/>\nL&#8217;horari lectiu en jornada intensiva \u00e9s de 9 a 13h. (Els alumnes que utilitzen el servei de menjador surten a les 15:30h.)<br \/>\nPer als&hellip;  <a href=\"https:\/\/agora.xtec.cat\/ceipvilademager\/lescola\/calendari-del-curs\/\" title=\"Read Calendari del curs\">Llegeix m\u00e9s\u00bb<\/a><\/p>\n","protected":false},"author":1,"featured_media":0,"parent":22,"menu_order":50,"comment_status":"closed","ping_status":"closed","template":"page-templates\/side-menu.php","meta":{"_bbp_topic_count":0,"_bbp_reply_count":0,"_bbp_total_topic_count":0,"_bbp_total_reply_count":0,"_bbp_voice_count":0,"_bbp_anonymous_reply_count":0,"_bbp_topic_count_hidden":0,"_bbp_reply_count_hidden":0,"_bbp_forum_subforum_count":0,"footnotes":""},"class_list":["post-32","page","type-page","status-publish","hentry"],"post_mailing_queue_ids":[],"_links":{"self":[{"href":"https:\/\/agora.xtec.cat\/ceipvilademager\/wp-json\/wp\/v2\/pages\/32","targetHints":{"allow":["GET"]}}],"collection":[{"href":"https:\/\/agora.xtec.cat\/ceipvilademager\/wp-json\/wp\/v2\/pages"}],"about":[{"href":"https:\/\/agora.xtec.cat\/ceipvilademager\/wp-json\/wp\/v2\/types\/page"}],"author":[{"embeddable":true,"href":"https:\/\/agora.xtec.cat\/ceipvilademager\/wp-json\/wp\/v2\/users\/1"}],"replies":[{"embeddable":true,"href":"https:\/\/agora.xtec.cat\/ceipvilademager\/wp-json\/wp\/v2\/comments?post=32"}],"version-history":[{"count":6,"href":"https:\/\/agora.xtec.cat\/ceipvilademager\/wp-json\/wp\/v2\/pages\/32\/revisions"}],"predecessor-version":[{"id":2471,"href":"https:\/\/agora.xtec.cat\/ceipvilademager\/wp-json\/wp\/v2\/pages\/32\/revisions\/2471"}],"up":[{"embeddable":true,"href":"https:\/\/agora.xtec.cat\/ceipvilademager\/wp-json\/wp\/v2\/pages\/22"}],"wp:attachment":[{"href":"https:\/\/agora.xtec.cat\/ceipvilademager\/wp-json\/wp\/v2\/media?parent=32"}],"curies":[{"name":"wp","href":"https:\/\/api.w.org\/{rel}","templated":true}]}}