{"id":26,"date":"2014-09-18T12:24:32","date_gmt":"2014-09-18T11:24:32","guid":{"rendered":"http:\/\/agora.xtec.cat\/ceipvilademager\/?page_id=26"},"modified":"2023-01-24T17:30:04","modified_gmt":"2023-01-24T16:30:04","slug":"historia","status":"publish","type":"page","link":"https:\/\/agora.xtec.cat\/ceipvilademager\/lescola\/historia\/","title":{"rendered":"Hist\u00f2ria"},"content":{"rendered":"<p>\u00c9s una escola d\u2019educaci\u00f3 p\u00fablica catalana d\u2019una sola l\u00ednia. \u00c9s una escola c\u00edclica de quatre unitats. L\u2019educaci\u00f3 infantil compta amb una \u00fanica classe amb alumnes dels tres nivells: I3, I4 i I5. L\u2019educaci\u00f3 prim\u00e0ria compta de tres aules, una per cada cicle: CI (1r i 2n), CM (3r i 4t) i CS (5\u00e8 i 6\u00e8).<\/p>\n<p>L\u2019edifici escolar, inaugurat l\u2019any 1991, est\u00e0 situat al cam\u00ed del castell de Viladem\u00e0ger del qual pren el seu nom. Aquesta escola \u00e9s una de les dues escoles pertanyents a La Zer Serra d\u2019Ancosa, juntament amb l\u2019escola Les Oliveres de Cabrera d\u2019Anoia:<\/p>\n<ul>\n<li><strong>Escola Viladem\u00e0ger (considerada la SEU)<\/strong>\n<ul>\n<li>Cam\u00ed del Castell, s\/n, Llacuna (08779)<\/li>\n<\/ul>\n<\/li>\n<li><strong>Escola Les Oliveres <\/strong>\n<ul>\n<li>Cam\u00ed de Can Gallego s\/n\u00ba Cabrera d\u2019Anoia (08718)<\/li>\n<\/ul>\n<\/li>\n<\/ul>\n<p><a href=\"https:\/\/agora.xtec.cat\/ceipvilademager\/wp-content\/uploads\/usu2505\/2021\/05\/4390_cat_ESCALA_333_146.jpeg\"><img loading=\"lazy\" decoding=\"async\" class=\"alignnone wp-image-508\" src=\"https:\/\/agora.xtec.cat\/ceipvilademager\/wp-content\/uploads\/usu2505\/2021\/05\/4390_cat_ESCALA_333_146.jpeg\" alt=\"\" width=\"472\" height=\"207\" srcset=\"https:\/\/agora.xtec.cat\/ceipvilademager\/wp-content\/uploads\/usu2505\/2021\/05\/4390_cat_ESCALA_333_146.jpeg 333w, https:\/\/agora.xtec.cat\/ceipvilademager\/wp-content\/uploads\/usu2505\/2021\/05\/4390_cat_ESCALA_333_146-300x132.jpeg 300w\" sizes=\"auto, (max-width: 472px) 100vw, 472px\" \/><\/a><\/p>\n","protected":false},"excerpt":{"rendered":"<p>\u00c9s una escola d\u2019educaci\u00f3 p\u00fablica catalana d\u2019una sola l\u00ednia. \u00c9s una escola c\u00edclica de quatre unitats. L\u2019educaci\u00f3 infantil compta amb una \u00fanica classe amb alumnes dels tres nivells: I3, I4 i I5. L\u2019educaci\u00f3 prim\u00e0ria compta de tres aules, una per cada cicle: CI (1r i&hellip;  <a href=\"https:\/\/agora.xtec.cat\/ceipvilademager\/lescola\/historia\/\" title=\"Read Hist\u00f2ria\">Llegeix m\u00e9s\u00bb<\/a><\/p>\n","protected":false},"author":1,"featured_media":0,"parent":22,"menu_order":20,"comment_status":"closed","ping_status":"closed","template":"page-templates\/side-menu.php","meta":{"_bbp_topic_count":0,"_bbp_reply_count":0,"_bbp_total_topic_count":0,"_bbp_total_reply_count":0,"_bbp_voice_count":0,"_bbp_anonymous_reply_count":0,"_bbp_topic_count_hidden":0,"_bbp_reply_count_hidden":0,"_bbp_forum_subforum_count":0,"footnotes":""},"class_list":["post-26","page","type-page","status-publish","hentry"],"post_mailing_queue_ids":[],"_links":{"self":[{"href":"https:\/\/agora.xtec.cat\/ceipvilademager\/wp-json\/wp\/v2\/pages\/26","targetHints":{"allow":["GET"]}}],"collection":[{"href":"https:\/\/agora.xtec.cat\/ceipvilademager\/wp-json\/wp\/v2\/pages"}],"about":[{"href":"https:\/\/agora.xtec.cat\/ceipvilademager\/wp-json\/wp\/v2\/types\/page"}],"author":[{"embeddable":true,"href":"https:\/\/agora.xtec.cat\/ceipvilademager\/wp-json\/wp\/v2\/users\/1"}],"replies":[{"embeddable":true,"href":"https:\/\/agora.xtec.cat\/ceipvilademager\/wp-json\/wp\/v2\/comments?post=26"}],"version-history":[{"count":3,"href":"https:\/\/agora.xtec.cat\/ceipvilademager\/wp-json\/wp\/v2\/pages\/26\/revisions"}],"predecessor-version":[{"id":864,"href":"https:\/\/agora.xtec.cat\/ceipvilademager\/wp-json\/wp\/v2\/pages\/26\/revisions\/864"}],"up":[{"embeddable":true,"href":"https:\/\/agora.xtec.cat\/ceipvilademager\/wp-json\/wp\/v2\/pages\/22"}],"wp:attachment":[{"href":"https:\/\/agora.xtec.cat\/ceipvilademager\/wp-json\/wp\/v2\/media?parent=26"}],"curies":[{"name":"wp","href":"https:\/\/api.w.org\/{rel}","templated":true}]}}