{"id":1868,"date":"2024-05-26T18:28:00","date_gmt":"2024-05-26T16:28:00","guid":{"rendered":"https:\/\/agora.xtec.cat\/ceipvilademager\/?page_id=1868"},"modified":"2024-06-17T18:14:29","modified_gmt":"2024-06-17T16:14:29","slug":"competencial-digital","status":"publish","type":"page","link":"https:\/\/agora.xtec.cat\/ceipvilademager\/edc\/cultura-digital\/competencial-digital\/","title":{"rendered":"Competencia digital"},"content":{"rendered":"<p><a href=\"https:\/\/drive.google.com\/drive\/folders\/1gGPeR-m--p6Ja1BOsn5lLfC_MJfzW-Tk?usp=sharing\" rel=\"attachment wp-att-1871\"><img loading=\"lazy\" decoding=\"async\" class=\"alignnone wp-image-1871\" src=\"https:\/\/agora.xtec.cat\/ceipvilademager\/wp-content\/uploads\/usu2505\/2024\/05\/file-computer-folder-icon-isolated-on-white-background-free-vector-300x300.jpg\" alt=\"\" width=\"240\" height=\"240\" srcset=\"https:\/\/agora.xtec.cat\/ceipvilademager\/wp-content\/uploads\/usu2505\/2024\/05\/file-computer-folder-icon-isolated-on-white-background-free-vector-300x300.jpg 300w, https:\/\/agora.xtec.cat\/ceipvilademager\/wp-content\/uploads\/usu2505\/2024\/05\/file-computer-folder-icon-isolated-on-white-background-free-vector-150x150.jpg 150w, https:\/\/agora.xtec.cat\/ceipvilademager\/wp-content\/uploads\/usu2505\/2024\/05\/file-computer-folder-icon-isolated-on-white-background-free-vector-768x768.jpg 768w, https:\/\/agora.xtec.cat\/ceipvilademager\/wp-content\/uploads\/usu2505\/2024\/05\/file-computer-folder-icon-isolated-on-white-background-free-vector.jpg 980w\" sizes=\"auto, (max-width: 240px) 100vw, 240px\" \/> <\/a>\u00a0 \u00a0 \u00a0 \u00a0 \u00a0 \u00a0 \u00a0 \u00a0 \u00a0 \u00a0 \u00a0 \u00a0 \u00a0 \u00a0 \u00a0 \u00a0 \u00a0 \u00a0 \u00a0 \u00a0 \u00a0 \u00a0 \u00a0 \u00a0 \u00a0 \u00a0 \u00a0 \u00a0 \u00a0 \u00a0 \u00a0 \u00a0 \u00a0 \u00a0 \u00a0 \u00a0 \u00a0 \u00a0 \u00a0 \u00a0 \u00a0 \u00a0 \u00a0 \u00a0 \u00a0 \u00a0<a href=\"https:\/\/docs.google.com\/spreadsheets\/d\/1zA5jwjNdkpAkuZ7Z7JVt8xIsHku3V4Yji0yI_yZxA3I\/edit#gid=1171099995\" rel=\"attachment wp-att-1872\"><img loading=\"lazy\" decoding=\"async\" class=\"alignnone size-medium wp-image-1872\" src=\"https:\/\/agora.xtec.cat\/ceipvilademager\/wp-content\/uploads\/usu2505\/2024\/05\/posgrau-300x191.jpg\" alt=\"\" width=\"300\" height=\"191\" srcset=\"https:\/\/agora.xtec.cat\/ceipvilademager\/wp-content\/uploads\/usu2505\/2024\/05\/posgrau-300x191.jpg 300w, https:\/\/agora.xtec.cat\/ceipvilademager\/wp-content\/uploads\/usu2505\/2024\/05\/posgrau.jpg 500w\" sizes=\"auto, (max-width: 300px) 100vw, 300px\" \/><\/a><\/p>\n<p>DESPLEGAMENT CURRICULAR PER TRIMESTRES (NOU CURR\u00cdCULUM) \u00a0 \u00a0 \u00a0 \u00a0AVALUACI\u00d3 PER COMPET\u00c8NCIES (ANTIC CURR\u00cdCULUM)<\/p>\n<p>&nbsp;<\/p>\n<p>&nbsp;<\/p>\n<p><a href=\"https:\/\/docs.google.com\/spreadsheets\/d\/1vPTONrP-y6rZGIa3pzxOjFh94_h6nwC6\/edit?usp=sharing&amp;ouid=106486974772723324442&amp;rtpof=true&amp;sd=true\"><img decoding=\"async\" src=\"https:\/\/serveiseducatius.xtec.cat\/altemporda\/wp-content\/uploads\/usu1156\/2023\/02\/baixa.png\" alt=\"Nou curr\u00edculum: medi | Servei Educatiu Alt Empord\u00e0\" \/><\/a><\/p>\n<p>AVALUACI\u00d3 PER COMPET\u00c8NCIES (NOU CURR\u00cdCULUM)<\/p>\n<p>&nbsp;<\/p>\n<p>&nbsp;<\/p>\n<p>&nbsp;<\/p>\n<p>&nbsp;<\/p>\n<p>&nbsp;<\/p>\n","protected":false},"excerpt":{"rendered":"<p><a href=\"https:\/\/drive.google.com\/drive\/folders\/1gGPeR-m--p6Ja1BOsn5lLfC_MJfzW-Tk?usp=sharing\" rel=\"attachment wp-att-1871\"> <\/a>\u00a0 \u00a0 \u00a0 \u00a0 \u00a0 \u00a0 \u00a0 \u00a0 \u00a0 \u00a0 \u00a0 \u00a0 \u00a0 \u00a0 \u00a0 \u00a0 \u00a0 \u00a0 \u00a0 \u00a0 \u00a0 \u00a0 \u00a0 \u00a0 \u00a0 \u00a0 \u00a0 \u00a0 \u00a0 \u00a0 \u00a0 \u00a0 \u00a0 \u00a0 \u00a0 \u00a0 \u00a0 \u00a0 \u00a0 \u00a0 \u00a0&hellip;  <a href=\"https:\/\/agora.xtec.cat\/ceipvilademager\/edc\/cultura-digital\/competencial-digital\/\" title=\"Read Competencia digital\">Llegeix m\u00e9s\u00bb<\/a><\/p>\n","protected":false},"author":1,"featured_media":0,"parent":663,"menu_order":2,"comment_status":"closed","ping_status":"closed","template":"page-templates\/side-menu.php","meta":{"_bbp_topic_count":0,"_bbp_reply_count":0,"_bbp_total_topic_count":0,"_bbp_total_reply_count":0,"_bbp_voice_count":0,"_bbp_anonymous_reply_count":0,"_bbp_topic_count_hidden":0,"_bbp_reply_count_hidden":0,"_bbp_forum_subforum_count":0,"footnotes":""},"class_list":["post-1868","page","type-page","status-publish","hentry"],"post_mailing_queue_ids":[],"_links":{"self":[{"href":"https:\/\/agora.xtec.cat\/ceipvilademager\/wp-json\/wp\/v2\/pages\/1868","targetHints":{"allow":["GET"]}}],"collection":[{"href":"https:\/\/agora.xtec.cat\/ceipvilademager\/wp-json\/wp\/v2\/pages"}],"about":[{"href":"https:\/\/agora.xtec.cat\/ceipvilademager\/wp-json\/wp\/v2\/types\/page"}],"author":[{"embeddable":true,"href":"https:\/\/agora.xtec.cat\/ceipvilademager\/wp-json\/wp\/v2\/users\/1"}],"replies":[{"embeddable":true,"href":"https:\/\/agora.xtec.cat\/ceipvilademager\/wp-json\/wp\/v2\/comments?post=1868"}],"version-history":[{"count":5,"href":"https:\/\/agora.xtec.cat\/ceipvilademager\/wp-json\/wp\/v2\/pages\/1868\/revisions"}],"predecessor-version":[{"id":1911,"href":"https:\/\/agora.xtec.cat\/ceipvilademager\/wp-json\/wp\/v2\/pages\/1868\/revisions\/1911"}],"up":[{"embeddable":true,"href":"https:\/\/agora.xtec.cat\/ceipvilademager\/wp-json\/wp\/v2\/pages\/663"}],"wp:attachment":[{"href":"https:\/\/agora.xtec.cat\/ceipvilademager\/wp-json\/wp\/v2\/media?parent=1868"}],"curies":[{"name":"wp","href":"https:\/\/api.w.org\/{rel}","templated":true}]}}