{"id":1850,"date":"2024-05-23T13:30:17","date_gmt":"2024-05-23T11:30:17","guid":{"rendered":"https:\/\/agora.xtec.cat\/ceipvilademager\/?page_id=1850"},"modified":"2024-06-17T18:14:05","modified_gmt":"2024-06-17T16:14:05","slug":"comunicacio","status":"publish","type":"page","link":"https:\/\/agora.xtec.cat\/ceipvilademager\/edc\/cultura-digital\/comunicacio\/","title":{"rendered":"Comunicaci\u00f3"},"content":{"rendered":"<header class=\"entry-header\">\n<h1 class=\"entry-title\">Pla de Comunicaci\u00f3 Digital<\/h1>\n<\/header>\n<div class=\"entry-content\">\n<h3><strong>JUSTIFICACI\u00d3<\/strong><\/h3>\n<h3><strong><a href=\"https:\/\/agora-eoi.xtec.cat\/eoiolot\/wp-content\/uploads\/usu2459\/2022\/11\/Ask-Why-Symbol-Cloud-Sketch-4076928-1.jpg\"><img loading=\"lazy\" decoding=\"async\" class=\"wp-image-11852 alignleft\" src=\"https:\/\/agora-eoi.xtec.cat\/eoiolot\/wp-content\/uploads\/usu2459\/2022\/11\/Ask-Why-Symbol-Cloud-Sketch-4076928-1.jpg\" sizes=\"auto, (max-width: 114px) 100vw, 114px\" srcset=\"https:\/\/agora-eoi.xtec.cat\/eoiolot\/wp-content\/uploads\/usu2459\/2022\/11\/Ask-Why-Symbol-Cloud-Sketch-4076928-1.jpg 720w, https:\/\/agora-eoi.xtec.cat\/eoiolot\/wp-content\/uploads\/usu2459\/2022\/11\/Ask-Why-Symbol-Cloud-Sketch-4076928-1-300x300.jpg 300w, https:\/\/agora-eoi.xtec.cat\/eoiolot\/wp-content\/uploads\/usu2459\/2022\/11\/Ask-Why-Symbol-Cloud-Sketch-4076928-1-150x150.jpg 150w\" alt=\"\" width=\"114\" height=\"114\" \/><\/a><\/strong><\/h3>\n<p>Aquest Pla de Comunicaci\u00f3 Digital neix amb l\u2019objectiu de definir una estrat\u00e8gia enfocada a la millora de la gesti\u00f3 de la informaci\u00f3 digital, el coneixement i la comunicaci\u00f3 en l\u2019\u00e0mbit d\u2019actuaci\u00f3 del centre. Amb la creaci\u00f3 d\u2019aquest Pla, volem identificar, anticipar i satisfer les necessitats de l\u2019alumnat, el professorat, els membres del PAS i altres institucions que puguin ser receptores o prove\u00efdores dels serves que prestem.<\/p>\n<h3><\/h3>\n<h3><strong>LA COMUNICACI\u00d3 EXTERNA<\/strong><\/h3>\n<h3><strong><a href=\"https:\/\/agora-eoi.xtec.cat\/eoiolot\/wp-content\/uploads\/usu2459\/2022\/11\/comunicacio-externa.jpg\"><img loading=\"lazy\" decoding=\"async\" class=\" wp-image-11854 alignleft\" src=\"https:\/\/agora-eoi.xtec.cat\/eoiolot\/wp-content\/uploads\/usu2459\/2022\/11\/comunicacio-externa.jpg\" alt=\"\" width=\"167\" height=\"104\" \/><\/a><\/strong><\/h3>\n<p>La comunicaci\u00f3 externa del centre es canalitza a trav\u00e9s del correu electr\u00f2nic i de la p\u00e0gina web, on es publiquen totes les novetats de l\u2019escola, s\u2019informa dels terminis per les diferents gestions administratives i acad\u00e8miques, i es fa difusi\u00f3 de les activitats culturals i altres esdeveniments. Utilitzem una via alternativa a trav\u00e9s del whatsapp per comunicar informacions d&#8217;inter\u00e8s a les fam\u00edlies del centre.<\/p>\n<h3><\/h3>\n<h3><strong>LA COMUNICACI\u00d3 INTERNA<\/strong><\/h3>\n<h3><strong><a href=\"https:\/\/agora-eoi.xtec.cat\/eoiolot\/wp-content\/uploads\/usu2459\/2022\/11\/comunicacio-interna.png\"><img loading=\"lazy\" decoding=\"async\" class=\"wp-image-11855 alignleft\" src=\"https:\/\/agora-eoi.xtec.cat\/eoiolot\/wp-content\/uploads\/usu2459\/2022\/11\/comunicacio-interna.png\" sizes=\"auto, (max-width: 83px) 100vw, 83px\" srcset=\"https:\/\/agora-eoi.xtec.cat\/eoiolot\/wp-content\/uploads\/usu2459\/2022\/11\/comunicacio-interna.png 225w, https:\/\/agora-eoi.xtec.cat\/eoiolot\/wp-content\/uploads\/usu2459\/2022\/11\/comunicacio-interna-150x150.png 150w\" alt=\"\" width=\"83\" height=\"83\" \/><\/a><\/strong><\/h3>\n<p>La comunicaci\u00f3 interna del centre inclou l\u2019intercanvi d\u2019informaci\u00f3 i les interaccions digitals entre totes les persones que hi treballen o en s\u00f3n usu\u00e0ries: el professorat dels diferents departaments i nivells, els membres del PAS, l\u2019alumnat, les fam\u00edlies i els representants del Consell Escolar.<\/p>\n<h3><\/h3>\n<h3><strong>QUINES EINES DIGITALS UTILITZEM EN LA COMUNICACI\u00d3 EXTERNA I INTERNA DEL CENTRE?<\/strong><\/h3>\n<p><a href=\"https:\/\/agora-eoi.xtec.cat\/eoiolot\/wp-content\/uploads\/usu2459\/2022\/11\/logo-xtec.png\"><img loading=\"lazy\" decoding=\"async\" class=\" wp-image-11861 alignleft\" src=\"https:\/\/agora-eoi.xtec.cat\/eoiolot\/wp-content\/uploads\/usu2459\/2022\/11\/logo-xtec.png\" sizes=\"auto, (max-width: 336px) 100vw, 336px\" srcset=\"https:\/\/agora-eoi.xtec.cat\/eoiolot\/wp-content\/uploads\/usu2459\/2022\/11\/logo-xtec.png 320w, https:\/\/agora-eoi.xtec.cat\/eoiolot\/wp-content\/uploads\/usu2459\/2022\/11\/logo-xtec-300x124.png 300w\" alt=\"\" width=\"336\" height=\"139\" \/><\/a>Per una banda, el professorat del centre disposa d\u2019un usuari corporatiu, sota el domini @xtec, que li proporciona serveis digitals com ara correu electr\u00f2nic, calendari, aplicacions col\u00b7laboratives al n\u00favol i emmagatzematge de dades. A m\u00e9s a m\u00e9s, el professorat fa servir l\u2019aplicaci\u00f3 CentrosNET per les notificacions de les qualificacions de l\u2019alumnat<\/p>\n<p>&nbsp;<\/p>\n<p>.<\/p>\n<h3><strong>ESPAI VIRTUAL D\u2019APRENENTATGE<\/strong><\/h3>\n<p><a href=\"https:\/\/agora-eoi.xtec.cat\/eoiolot\/wp-content\/uploads\/usu2459\/2022\/11\/moodle-image.png\"><img loading=\"lazy\" decoding=\"async\" class=\"wp-image-11887 alignleft\" src=\"https:\/\/agora-eoi.xtec.cat\/eoiolot\/wp-content\/uploads\/usu2459\/2022\/11\/moodle-image.png\" sizes=\"auto, (max-width: 97px) 100vw, 97px\" srcset=\"https:\/\/agora-eoi.xtec.cat\/eoiolot\/wp-content\/uploads\/usu2459\/2022\/11\/moodle-image.png 1024w, https:\/\/agora-eoi.xtec.cat\/eoiolot\/wp-content\/uploads\/usu2459\/2022\/11\/moodle-image-300x300.png 300w, https:\/\/agora-eoi.xtec.cat\/eoiolot\/wp-content\/uploads\/usu2459\/2022\/11\/moodle-image-150x150.png 150w, https:\/\/agora-eoi.xtec.cat\/eoiolot\/wp-content\/uploads\/usu2459\/2022\/11\/moodle-image-768x768.png 768w\" alt=\"\" width=\"97\" height=\"97\" \/><\/a>El Moodle \u00e9s la plataforma virtual d\u2019aprenentatge i la principal eina de comunicaci\u00f3 digital dels docents amb l\u2019alumnat. A trav\u00e9s del Moodle el professorat pot crear f\u00f2rums de not\u00edcies, obrir espais de discussi\u00f3 grupal, enviar missatges individualitzats o notificacions generals, proporcionar retroacci\u00f3 sobre les tasques elaborades per l\u2019alumnat, aix\u00ed com fer un seguiment i avaluaci\u00f3 del proc\u00e9s d\u2019ensenyament i aprenentatge.<\/p>\n<h3><\/h3>\n<section id=\"h.2aeb099473b400f4_70\" class=\"yaqOZd lQAHbd\">\n<div class=\"mYVXT\">\n<div class=\"LS81yb VICjCf j5pSsc db35Fc\" tabindex=\"-1\">\n<div class=\"hJDwNd-AhqUyc-uQSCkd Ft7HRd-AhqUyc-uQSCkd purZT-AhqUyc-II5mzb ZcASvf-AhqUyc-II5mzb pSzOP-AhqUyc-qWD73c Ktthjf-AhqUyc-qWD73c JNdkSc SQVYQc\">\n<div class=\"JNdkSc-SmKAyb LkDMRd\">\n<div class=\"\">\n<div class=\"oKdM2c ZZyype Kzv0Me\">\n<div id=\"h.2aeb099473b400f4_67\" class=\"hJDwNd-AhqUyc-uQSCkd Ft7HRd-AhqUyc-uQSCkd jXK9ad D2fZ2 zu5uec OjCsFc dmUFtb wHaque g5GTcb\">\n<div class=\"jXK9ad-SmKAyb\">\n<div class=\"tyJCtd mGzaTb Depvyb baZpAe\">\n<h3><strong>OBJECTIUS<\/strong><\/h3>\n<\/div>\n<\/div>\n<\/div>\n<\/div>\n<\/div>\n<\/div>\n<\/div>\n<\/div>\n<\/div>\n<\/section>\n<section id=\"h.2aeb099473b400f4_62\" class=\"yaqOZd\">\n<div class=\"IFuOkc\"><\/div>\n<div class=\"mYVXT\">\n<div class=\"LS81yb VICjCf j5pSsc db35Fc\" tabindex=\"-1\">\n<div class=\"hJDwNd-AhqUyc-uQSCkd Ft7HRd-AhqUyc-uQSCkd purZT-AhqUyc-II5mzb ZcASvf-AhqUyc-II5mzb pSzOP-AhqUyc-qWD73c Ktthjf-AhqUyc-qWD73c JNdkSc SQVYQc\">\n<div class=\"JNdkSc-SmKAyb LkDMRd\">\n<div class=\"\">\n<div class=\"oKdM2c ZZyype Kzv0Me\">\n<div id=\"h.2aeb099473b400f4_59\" class=\"hJDwNd-AhqUyc-uQSCkd Ft7HRd-AhqUyc-uQSCkd jXK9ad D2fZ2 zu5uec OjCsFc dmUFtb wHaque g5GTcb\">\n<div class=\"jXK9ad-SmKAyb\">\n<div class=\"tyJCtd mGzaTb Depvyb baZpAe\">\n<ul class=\"n8H08c UVNKR \">\n<li class=\"zfr3Q TYR86d eD0Rn \" dir=\"ltr\">\n<p class=\"zfr3Q CDt4Ke \" dir=\"ltr\" role=\"presentation\"><span class=\"C9DxTc \">Aconseguir el seguiment d&#8217;un alt percentatge de les fam\u00edlies a trav\u00e9s de les diferents plataformes del centre.<\/span><\/p>\n<\/li>\n<li class=\"zfr3Q TYR86d eD0Rn \" dir=\"ltr\">\n<p class=\"zfr3Q CDt4Ke \" dir=\"ltr\" role=\"presentation\"><span class=\"C9DxTc \">Donar a con\u00e8ixer la majoria de les activitats docents del centre a les fam\u00edlies.<\/span><\/p>\n<\/li>\n<li class=\"zfr3Q TYR86d eD0Rn \" dir=\"ltr\">\n<p class=\"zfr3Q CDt4Ke \" dir=\"ltr\" role=\"presentation\"><span class=\"C9DxTc \">Fer arribar tots els avisos i informacions a les fam\u00edlies en format digital i tendir a la supressi\u00f3 del format paper.<\/span><\/p>\n<\/li>\n<li class=\"zfr3Q TYR86d eD0Rn \" dir=\"ltr\">\n<p class=\"zfr3Q CDt4Ke \" dir=\"ltr\" role=\"presentation\"><span class=\"C9DxTc \">Empoderar els alumnes en l\u2019\u00fas del correu electr\u00f2nic i la xarxa docent Google Classroom i de les diverses Google Apps.<\/span><\/p>\n<\/li>\n<li class=\"zfr3Q TYR86d eD0Rn \" dir=\"ltr\">\n<p class=\"zfr3Q CDt4Ke \" dir=\"ltr\" role=\"presentation\"><span class=\"C9DxTc \">Facilitar als alumnes espais de temps\u00a0 per a l\u2019us d\u2019ordinadors per assegurar la igualtat d\u2019oportunitats en relaci\u00f3 amb la comunicaci\u00f3 digital.<\/span><\/p>\n<\/li>\n<li class=\"zfr3Q TYR86d eD0Rn \" dir=\"ltr\">\n<p class=\"zfr3Q CDt4Ke \" dir=\"ltr\" role=\"presentation\"><span class=\"C9DxTc \">Facilitat als alumnes dispositius i connectivitat per a reduir al m\u00e0xim la bretxa digital.<\/span><\/p>\n<\/li>\n<\/ul>\n<\/div>\n<\/div>\n<\/div>\n<\/div>\n<\/div>\n<\/div>\n<\/div>\n<\/div>\n<\/div>\n<\/section>\n<section id=\"h.2aeb099473b400f4_66\" class=\"yaqOZd lQAHbd\">\n<div class=\"IFuOkc\"><\/div>\n<div class=\"mYVXT\">\n<div class=\"LS81yb VICjCf j5pSsc db35Fc\" tabindex=\"-1\">\n<div class=\"hJDwNd-AhqUyc-uQSCkd Ft7HRd-AhqUyc-uQSCkd purZT-AhqUyc-II5mzb ZcASvf-AhqUyc-II5mzb pSzOP-AhqUyc-qWD73c Ktthjf-AhqUyc-qWD73c JNdkSc SQVYQc\">\n<div class=\"JNdkSc-SmKAyb LkDMRd\">\n<div class=\"\">\n<div class=\"oKdM2c ZZyype Kzv0Me\">\n<div id=\"h.2aeb099473b400f4_63\" class=\"hJDwNd-AhqUyc-uQSCkd Ft7HRd-AhqUyc-uQSCkd jXK9ad D2fZ2 zu5uec OjCsFc dmUFtb wHaque g5GTcb\">\n<div class=\"jXK9ad-SmKAyb\">\n<div class=\"tyJCtd mGzaTb Depvyb baZpAe\">\n<div id=\"h.21b5b1su6ak1\" class=\"Ap4VC yMxPgf aP9Z7e\"><\/div>\n<div><\/div>\n<div class=\"CjVfdc\">\n<div class=\"PPhIP rviiZ\">\n<div class=\"U26fgb mUbCce fKz7Od LRAOtb Znu9nd M9Bg4d\" role=\"presentation\" aria-describedby=\"h.21b5b1su6ak1_l\" aria-label=\"Copia l'enlla\u00e7 del t\u00edtol\" aria-disabled=\"false\" data-tooltip=\"Copia l'enlla\u00e7 del t\u00edtol\" aria-hidden=\"true\" data-tooltip-position=\"top\" data-tooltip-vertical-offset=\"12\" data-tooltip-horizontal-offset=\"0\">\n<div class=\"VTBa7b MbhUzd\">\n<h3><strong>PRES\u00c8NCIA A LA XARXA<\/strong><\/h3>\n<\/div>\n<\/div>\n<\/div>\n<\/div>\n<\/div>\n<\/div>\n<\/div>\n<\/div>\n<\/div>\n<\/div>\n<\/div>\n<\/div>\n<\/div>\n<\/section>\n<section id=\"h.2aeb099473b400f4_74\" class=\"yaqOZd\">\n<div class=\"mYVXT\">\n<div class=\"LS81yb VICjCf j5pSsc db35Fc\" tabindex=\"-1\">\n<div class=\"hJDwNd-AhqUyc-uQSCkd Ft7HRd-AhqUyc-uQSCkd purZT-AhqUyc-II5mzb ZcASvf-AhqUyc-II5mzb pSzOP-AhqUyc-qWD73c Ktthjf-AhqUyc-qWD73c JNdkSc SQVYQc\">\n<div class=\"JNdkSc-SmKAyb LkDMRd\">\n<div class=\"\">\n<div class=\"oKdM2c ZZyype Kzv0Me\">\n<div id=\"h.2aeb099473b400f4_71\" class=\"hJDwNd-AhqUyc-uQSCkd Ft7HRd-AhqUyc-uQSCkd jXK9ad D2fZ2 zu5uec OjCsFc dmUFtb wHaque g5GTcb\">\n<div class=\"jXK9ad-SmKAyb\">\n<div class=\"tyJCtd mGzaTb Depvyb baZpAe\">\n<p class=\"zfr3Q CDt4Ke \" dir=\"ltr\"><span class=\"C9DxTc \">Totes les fam\u00edlies han de signar una\u00a0<\/span><span class=\"C9DxTc \">autoritzaci\u00f3 d&#8217;\u00fas d&#8217;imatge<\/span><span class=\"C9DxTc \">\u00a0al principi de la seva escolaritat. En cas contrari, l&#8217;infant en q\u00fcesti\u00f3 no pot apar\u00e8ixer en cap publicaci\u00f3 de l&#8217;escola.<\/span><\/p>\n<div id=\"h.ndfdj4fghai\" class=\"GV3q8e yMxPgf aP9Z7e\"><\/div>\n<div class=\"CjVfdc\">\n<div class=\"PPhIP rviiZ\">\n<div class=\"U26fgb mUbCce fKz7Od LRAOtb Znu9nd M9Bg4d\" role=\"presentation\" aria-describedby=\"h.ndfdj4fghai_l\" aria-label=\"Copia l'enlla\u00e7 del t\u00edtol\" aria-disabled=\"false\" data-tooltip=\"Copia l'enlla\u00e7 del t\u00edtol\" aria-hidden=\"true\" data-tooltip-position=\"top\" data-tooltip-vertical-offset=\"12\" data-tooltip-horizontal-offset=\"0\">\n<div class=\"VTBa7b MbhUzd\"><\/div>\n<\/div>\n<\/div>\n<h3><strong>WEB NODES<\/strong><\/h3>\n<\/div>\n<ul class=\"n8H08c UVNKR \">\n<li class=\"zfr3Q TYR86d eD0Rn \" dir=\"ltr\">\n<p class=\"zfr3Q CDt4Ke \" dir=\"ltr\" role=\"presentation\"><span class=\"C9DxTc \">El web Nodes del centre \u00e9s <a href=\"https:\/\/agora.xtec.cat\/ceipvilademager\/\">https:\/\/agora.xtec.cat\/ceipvilademager\/<\/a><\/span><\/p>\n<\/li>\n<li class=\"zfr3Q TYR86d eD0Rn \" dir=\"ltr\">\n<p class=\"zfr3Q CDt4Ke \" dir=\"ltr\" role=\"presentation\"><span class=\"C9DxTc \">Hi ha diferents apartats, que s&#8217;accedeixen a trav\u00e9s del men\u00fa.<\/span><\/p>\n<\/li>\n<\/ul>\n<ul class=\"n8H08c UVNKR \">\n<li class=\"zfr3Q TYR86d eD0Rn \" dir=\"ltr\">\n<p class=\"zfr3Q CDt4Ke \" dir=\"ltr\" role=\"presentation\"><span class=\"C9DxTc \">Es publiquen articles en relaci\u00f3 amb les activitats m\u00e9s destacades dels alumnes del centre. Els articles poden anar acompanyats per fotografies, carrussels de fotos, i\/o v\u00eddeos.<\/span><\/p>\n<\/li>\n<li class=\"zfr3Q TYR86d eD0Rn \" dir=\"ltr\">\n<p class=\"zfr3Q CDt4Ke \" dir=\"ltr\" role=\"presentation\"><span class=\"C9DxTc \">\u00a0<\/span><span class=\"C9DxTc \">Tots els alumnes no tenen drets d&#8217;image i s&#8217;ha de vetllar per tal que no estiguin presents al web.\u00a0<\/span><\/p>\n<\/li>\n<\/ul>\n<div id=\"h.sdowmbplsj5p\" class=\"GV3q8e yMxPgf aP9Z7e\"><\/div>\n<\/div>\n<\/div>\n<\/div>\n<\/div>\n<\/div>\n<\/div>\n<\/div>\n<\/div>\n<\/div>\n<\/section>\n<section id=\"h.2aeb099473b400f4_86\" class=\"yaqOZd lQAHbd\">\n<div class=\"IFuOkc\"><\/div>\n<div class=\"mYVXT\">\n<div class=\"LS81yb VICjCf j5pSsc db35Fc\" tabindex=\"-1\">\n<div class=\"hJDwNd-AhqUyc-uQSCkd Ft7HRd-AhqUyc-uQSCkd purZT-AhqUyc-II5mzb ZcASvf-AhqUyc-II5mzb pSzOP-AhqUyc-qWD73c Ktthjf-AhqUyc-qWD73c JNdkSc SQVYQc\">\n<div class=\"JNdkSc-SmKAyb LkDMRd\">\n<div class=\"\">\n<div class=\"oKdM2c ZZyype Kzv0Me\">\n<div id=\"h.2aeb099473b400f4_83\" class=\"hJDwNd-AhqUyc-uQSCkd Ft7HRd-AhqUyc-uQSCkd jXK9ad D2fZ2 zu5uec OjCsFc dmUFtb wHaque g5GTcb\">\n<div class=\"jXK9ad-SmKAyb\">\n<div class=\"tyJCtd mGzaTb Depvyb baZpAe\">\n<div class=\"CjVfdc\">\n<h3><strong>INCID\u00c8NCIES<\/strong><\/h3>\n<\/div>\n<\/div>\n<\/div>\n<\/div>\n<\/div>\n<\/div>\n<\/div>\n<\/div>\n<\/div>\n<\/div>\n<\/section>\n<section id=\"h.2aeb099473b400f4_82\" class=\"yaqOZd\">\n<div class=\"IFuOkc\"><span style=\"font-family: inherit; font-size: 1em;\">S&#8217;han de comunicar al resposable de la coordinaci\u00f3 digital de l&#8217;escola Viladem\u00e0ger.\u00a0<\/span><\/div>\n<\/section>\n<\/div>\n","protected":false},"excerpt":{"rendered":"<p>Pla de Comunicaci\u00f3 Digital<\/p>\n<p>JUSTIFICACI\u00d3<br \/>\n<a href=\"https:\/\/agora-eoi.xtec.cat\/eoiolot\/wp-content\/uploads\/usu2459\/2022\/11\/Ask-Why-Symbol-Cloud-Sketch-4076928-1.jpg\"><\/a><br \/>\nAquest Pla de Comunicaci\u00f3 Digital neix amb l\u2019objectiu de definir una estrat\u00e8gia enfocada a la millora de la gesti\u00f3 de la informaci\u00f3 digital, el coneixement i la comunicaci\u00f3 en l\u2019\u00e0mbit d\u2019actuaci\u00f3 del centre. Amb la creaci\u00f3 d\u2019aquest Pla, volem identificar, anticipar&hellip;  <a href=\"https:\/\/agora.xtec.cat\/ceipvilademager\/edc\/cultura-digital\/comunicacio\/\" title=\"Read Comunicaci\u00f3\">Llegeix m\u00e9s\u00bb<\/a><\/p>\n","protected":false},"author":1,"featured_media":0,"parent":663,"menu_order":1,"comment_status":"closed","ping_status":"closed","template":"page-templates\/side-menu.php","meta":{"_bbp_topic_count":0,"_bbp_reply_count":0,"_bbp_total_topic_count":0,"_bbp_total_reply_count":0,"_bbp_voice_count":0,"_bbp_anonymous_reply_count":0,"_bbp_topic_count_hidden":0,"_bbp_reply_count_hidden":0,"_bbp_forum_subforum_count":0,"footnotes":""},"class_list":["post-1850","page","type-page","status-publish","hentry"],"post_mailing_queue_ids":[],"_links":{"self":[{"href":"https:\/\/agora.xtec.cat\/ceipvilademager\/wp-json\/wp\/v2\/pages\/1850","targetHints":{"allow":["GET"]}}],"collection":[{"href":"https:\/\/agora.xtec.cat\/ceipvilademager\/wp-json\/wp\/v2\/pages"}],"about":[{"href":"https:\/\/agora.xtec.cat\/ceipvilademager\/wp-json\/wp\/v2\/types\/page"}],"author":[{"embeddable":true,"href":"https:\/\/agora.xtec.cat\/ceipvilademager\/wp-json\/wp\/v2\/users\/1"}],"replies":[{"embeddable":true,"href":"https:\/\/agora.xtec.cat\/ceipvilademager\/wp-json\/wp\/v2\/comments?post=1850"}],"version-history":[{"count":4,"href":"https:\/\/agora.xtec.cat\/ceipvilademager\/wp-json\/wp\/v2\/pages\/1850\/revisions"}],"predecessor-version":[{"id":1864,"href":"https:\/\/agora.xtec.cat\/ceipvilademager\/wp-json\/wp\/v2\/pages\/1850\/revisions\/1864"}],"up":[{"embeddable":true,"href":"https:\/\/agora.xtec.cat\/ceipvilademager\/wp-json\/wp\/v2\/pages\/663"}],"wp:attachment":[{"href":"https:\/\/agora.xtec.cat\/ceipvilademager\/wp-json\/wp\/v2\/media?parent=1850"}],"curies":[{"name":"wp","href":"https:\/\/api.w.org\/{rel}","templated":true}]}}