{"id":1273,"date":"2023-05-11T13:25:16","date_gmt":"2023-05-11T11:25:16","guid":{"rendered":"https:\/\/agora.xtec.cat\/ceipvilademager\/?page_id=1273"},"modified":"2024-06-18T10:33:17","modified_gmt":"2024-06-18T08:33:17","slug":"revista-cervol-blau","status":"publish","type":"page","link":"https:\/\/agora.xtec.cat\/ceipvilademager\/revista-cervol-blau\/","title":{"rendered":"Revista C\u00e9rvol blau"},"content":{"rendered":"<p>Us compartim l&#8217;enlla\u00e7 de la revista C\u00e9rvol Blau<\/p>\n<p><a href=\"https:\/\/drive.google.com\/drive\/folders\/1-ZzpNefVpfKFlAp4Ubj3cEWD39rLUSuF\" rel=\"https:\/\/drive.google.com\/drive\/folders\/1-ZzpNefVpfKFlAp4Ubj3cEWD39rLUSuF\"><img loading=\"lazy\" decoding=\"async\" class=\"aligncenter wp-image-1923 size-medium\" src=\"https:\/\/agora.xtec.cat\/ceipvilademager\/wp-content\/uploads\/usu2505\/2024\/06\/portada-cervol-blau-2-300x130.jpg\" alt=\"\" width=\"300\" height=\"130\" srcset=\"https:\/\/agora.xtec.cat\/ceipvilademager\/wp-content\/uploads\/usu2505\/2024\/06\/portada-cervol-blau-2-300x130.jpg 300w, https:\/\/agora.xtec.cat\/ceipvilademager\/wp-content\/uploads\/usu2505\/2024\/06\/portada-cervol-blau-2.jpg 498w\" sizes=\"auto, (max-width: 300px) 100vw, 300px\" \/><\/a><\/p>\n<p>&nbsp;<\/p>\n","protected":false},"excerpt":{"rendered":"<p>Us compartim l&#8217;enlla\u00e7 de la revista C\u00e9rvol Blau<br \/>\n<a href=\"https:\/\/drive.google.com\/drive\/folders\/1-ZzpNefVpfKFlAp4Ubj3cEWD39rLUSuF\" rel=\"https:\/\/drive.google.com\/drive\/folders\/1-ZzpNefVpfKFlAp4Ubj3cEWD39rLUSuF\"><\/a><br \/>\n&nbsp;<\/p>\n","protected":false},"author":1,"featured_media":0,"parent":0,"menu_order":0,"comment_status":"closed","ping_status":"closed","template":"","meta":{"_bbp_topic_count":0,"_bbp_reply_count":0,"_bbp_total_topic_count":0,"_bbp_total_reply_count":0,"_bbp_voice_count":0,"_bbp_anonymous_reply_count":0,"_bbp_topic_count_hidden":0,"_bbp_reply_count_hidden":0,"_bbp_forum_subforum_count":0,"footnotes":""},"class_list":["post-1273","page","type-page","status-publish","hentry"],"post_mailing_queue_ids":[],"_links":{"self":[{"href":"https:\/\/agora.xtec.cat\/ceipvilademager\/wp-json\/wp\/v2\/pages\/1273","targetHints":{"allow":["GET"]}}],"collection":[{"href":"https:\/\/agora.xtec.cat\/ceipvilademager\/wp-json\/wp\/v2\/pages"}],"about":[{"href":"https:\/\/agora.xtec.cat\/ceipvilademager\/wp-json\/wp\/v2\/types\/page"}],"author":[{"embeddable":true,"href":"https:\/\/agora.xtec.cat\/ceipvilademager\/wp-json\/wp\/v2\/users\/1"}],"replies":[{"embeddable":true,"href":"https:\/\/agora.xtec.cat\/ceipvilademager\/wp-json\/wp\/v2\/comments?post=1273"}],"version-history":[{"count":6,"href":"https:\/\/agora.xtec.cat\/ceipvilademager\/wp-json\/wp\/v2\/pages\/1273\/revisions"}],"predecessor-version":[{"id":1926,"href":"https:\/\/agora.xtec.cat\/ceipvilademager\/wp-json\/wp\/v2\/pages\/1273\/revisions\/1926"}],"wp:attachment":[{"href":"https:\/\/agora.xtec.cat\/ceipvilademager\/wp-json\/wp\/v2\/media?parent=1273"}],"curies":[{"name":"wp","href":"https:\/\/api.w.org\/{rel}","templated":true}]}}