{"id":1178,"date":"2023-04-15T12:44:01","date_gmt":"2023-04-15T10:44:01","guid":{"rendered":"https:\/\/agora.xtec.cat\/ceipvilademager\/?page_id=1178"},"modified":"2024-09-27T19:45:06","modified_gmt":"2024-09-27T17:45:06","slug":"informes-davaluacio","status":"publish","type":"page","link":"https:\/\/agora.xtec.cat\/ceipvilademager\/informes-davaluacio\/","title":{"rendered":"Informes d&#8217;avaluaci\u00f3"},"content":{"rendered":"<p>En aquest document es detalla el proc\u00e9s d&#8217;avaluaci\u00f3 que seguim a l&#8217;escola:<\/p>\n<p><a href=\"https:\/\/drive.google.com\/file\/d\/13ZfmNungIrinLboH_ED9VP0jx5cNzg7s\/view?usp=sharing\" target=\"_blank\" rel=\"noopener\">Avaluacions Viladem\u00e0ger<\/a><\/p>\n<p>Els informes recullen el grau d&#8217;assoliment de les compet\u00e8ncies a trav\u00e9s dels seg\u00fcents \u00edtems.<\/p>\n<table style=\"border-collapse: collapse; width: 100%;\">\n<tbody>\n<tr>\n<td style=\"width: 50%;\">NA<\/td>\n<td style=\"width: 50%;\">No assoliment<\/td>\n<\/tr>\n<tr>\n<td style=\"width: 50%;\">AS<\/td>\n<td style=\"width: 50%;\">Assoliment Satisfactori<\/td>\n<\/tr>\n<tr>\n<td style=\"width: 50%;\">AN<\/td>\n<td style=\"width: 50%;\">Assoliment Notable<\/td>\n<\/tr>\n<tr>\n<td style=\"width: 50%;\">AE<\/td>\n<td style=\"width: 50%;\">Assoliment Excel\u00b7lent<\/td>\n<\/tr>\n<\/tbody>\n<\/table>\n<p>&nbsp;<\/p>\n","protected":false},"excerpt":{"rendered":"<p>En aquest document es detalla el proc\u00e9s d&#8217;avaluaci\u00f3 que seguim a l&#8217;escola:<br \/>\n<a href=\"https:\/\/drive.google.com\/file\/d\/13ZfmNungIrinLboH_ED9VP0jx5cNzg7s\/view?usp=sharing\" target=\"_blank\" rel=\"noopener\">Avaluacions Viladem\u00e0ger<\/a><br \/>\nEls informes recullen el grau d&#8217;assoliment de les compet\u00e8ncies a trav\u00e9s dels seg\u00fcents \u00edtems.<\/p>\n<p>NA<br \/>\nNo assoliment<\/p>\n<p>AS<br \/>\nAssoliment Satisfactori<\/p>\n<p>AN<br \/>\nAssoliment Notable<\/p>\n<p>AE<br \/>\nAssoliment Excel\u00b7lent<\/p>\n<p>&nbsp;<\/p>\n","protected":false},"author":1,"featured_media":0,"parent":0,"menu_order":0,"comment_status":"closed","ping_status":"closed","template":"","meta":{"_bbp_topic_count":0,"_bbp_reply_count":0,"_bbp_total_topic_count":0,"_bbp_total_reply_count":0,"_bbp_voice_count":0,"_bbp_anonymous_reply_count":0,"_bbp_topic_count_hidden":0,"_bbp_reply_count_hidden":0,"_bbp_forum_subforum_count":0,"footnotes":""},"class_list":["post-1178","page","type-page","status-publish","hentry"],"post_mailing_queue_ids":[],"_links":{"self":[{"href":"https:\/\/agora.xtec.cat\/ceipvilademager\/wp-json\/wp\/v2\/pages\/1178","targetHints":{"allow":["GET"]}}],"collection":[{"href":"https:\/\/agora.xtec.cat\/ceipvilademager\/wp-json\/wp\/v2\/pages"}],"about":[{"href":"https:\/\/agora.xtec.cat\/ceipvilademager\/wp-json\/wp\/v2\/types\/page"}],"author":[{"embeddable":true,"href":"https:\/\/agora.xtec.cat\/ceipvilademager\/wp-json\/wp\/v2\/users\/1"}],"replies":[{"embeddable":true,"href":"https:\/\/agora.xtec.cat\/ceipvilademager\/wp-json\/wp\/v2\/comments?post=1178"}],"version-history":[{"count":4,"href":"https:\/\/agora.xtec.cat\/ceipvilademager\/wp-json\/wp\/v2\/pages\/1178\/revisions"}],"predecessor-version":[{"id":1942,"href":"https:\/\/agora.xtec.cat\/ceipvilademager\/wp-json\/wp\/v2\/pages\/1178\/revisions\/1942"}],"wp:attachment":[{"href":"https:\/\/agora.xtec.cat\/ceipvilademager\/wp-json\/wp\/v2\/media?parent=1178"}],"curies":[{"name":"wp","href":"https:\/\/api.w.org\/{rel}","templated":true}]}}