{"id":702,"date":"2018-12-17T15:43:32","date_gmt":"2018-12-17T14:43:32","guid":{"rendered":"http:\/\/agora.xtec.cat\/ceipvictorcatala\/?page_id=702"},"modified":"2024-02-20T13:46:54","modified_gmt":"2024-02-20T12:46:54","slug":"tots-a-punt","status":"publish","type":"page","link":"https:\/\/agora.xtec.cat\/ceipvictorcatala\/serveis\/tots-a-punt\/","title":{"rendered":"Comissi\u00f3 de Sostenibilitat"},"content":{"rendered":"<p><strong>Curs 2023-2024<\/strong><\/p>\n<p>&nbsp;<\/p>\n<p><strong>2n\u00a0<\/strong><em><span style=\"font-weight: 400;\">Menjar fruita \u00e9s bo per la salut<\/span><\/em><\/p>\n<p>https:\/\/youtu.be\/oV0BFlLCCQo<\/p>\n<p><strong>3r <\/strong><em>\u00c9s bo i sa menjar fruita cada dia.<\/em><\/p>\n<p>https:\/\/youtu.be\/bL6f50bpj_8<\/p>\n<p><strong>4t<\/strong> <em><span style=\"font-weight: 400;\">Necessitem menjar de manera responsable per tenir una vida saludable.<\/span><\/em><\/p>\n<p>https:\/\/youtu.be\/FlN6KXuXX48<\/p>\n<p><strong>5\u00e8<\/strong> <em><span style=\"font-weight: 400;\">Menjar \u201cmola\u201d! Aqu\u00ed tens una poma!<\/span><\/em><\/p>\n<p>https:\/\/youtu.be\/0P8tGQ4QjCM<\/p>\n<p><strong>6\u00e8 <\/strong><em><span style=\"font-weight: 400;\">Menja sa per cr\u00e9ixer i ser m\u00e9s fort.<\/span><\/em><\/p>\n<p>https:\/\/youtu.be\/LCCKTaESTRU<\/p>\n","protected":false},"excerpt":{"rendered":"<p>Curs 2023-2024 &nbsp; 2n\u00a0Menjar fruita \u00e9s bo per la salut https:\/\/youtu.be\/oV0BFlLCCQo 3r \u00c9s bo i sa menjar fruita cada dia. https:\/\/youtu.be\/bL6f50bpj_8 4t Necessitem menjar de manera responsable per tenir una vida saludable. https:\/\/youtu.be\/FlN6KXuXX48 5\u00e8 Menjar \u201cmola\u201d! Aqu\u00ed tens una poma! https:\/\/youtu.be\/0P8tGQ4QjCM 6\u00e8 Menja sa per cr\u00e9ixer i ser m\u00e9s fort. https:\/\/youtu.be\/LCCKTaESTRU<\/p>\n","protected":false},"author":1,"featured_media":0,"parent":66,"menu_order":0,"comment_status":"closed","ping_status":"closed","template":"page-templates\/side-menu.php","meta":{"_bbp_topic_count":0,"_bbp_reply_count":0,"_bbp_total_topic_count":0,"_bbp_total_reply_count":0,"_bbp_voice_count":0,"_bbp_anonymous_reply_count":0,"_bbp_topic_count_hidden":0,"_bbp_reply_count_hidden":0,"_bbp_forum_subforum_count":0,"site-sidebar-layout":"default","site-content-layout":"","ast-site-content-layout":"","site-content-style":"default","site-sidebar-style":"default","ast-global-header-display":"","ast-banner-title-visibility":"","ast-main-header-display":"","ast-hfb-above-header-display":"","ast-hfb-below-header-display":"","ast-hfb-mobile-header-display":"","site-post-title":"","ast-breadcrumbs-content":"","ast-featured-img":"","footer-sml-layout":"","theme-transparent-header-meta":"","adv-header-id-meta":"","stick-header-meta":"","header-above-stick-meta":"","header-main-stick-meta":"","header-below-stick-meta":"","astra-migrate-meta-layouts":"default","ast-page-background-enabled":"default","ast-page-background-meta":{"desktop":{"background-color":"var(--ast-global-color-4)","background-image":"","background-repeat":"repeat","background-position":"center center","background-size":"auto","background-attachment":"scroll","background-type":"","background-media":"","overlay-type":"","overlay-color":"","overlay-opacity":"","overlay-gradient":""},"tablet":{"background-color":"","background-image":"","background-repeat":"repeat","background-position":"center center","background-size":"auto","background-attachment":"scroll","background-type":"","background-media":"","overlay-type":"","overlay-color":"","overlay-opacity":"","overlay-gradient":""},"mobile":{"background-color":"","background-image":"","background-repeat":"repeat","background-position":"center center","background-size":"auto","background-attachment":"scroll","background-type":"","background-media":"","overlay-type":"","overlay-color":"","overlay-opacity":"","overlay-gradient":""}},"ast-content-background-meta":{"desktop":{"background-color":"var(--ast-global-color-5)","background-image":"","background-repeat":"repeat","background-position":"center center","background-size":"auto","background-attachment":"scroll","background-type":"","background-media":"","overlay-type":"","overlay-color":"","overlay-opacity":"","overlay-gradient":""},"tablet":{"background-color":"var(--ast-global-color-5)","background-image":"","background-repeat":"repeat","background-position":"center center","background-size":"auto","background-attachment":"scroll","background-type":"","background-media":"","overlay-type":"","overlay-color":"","overlay-opacity":"","overlay-gradient":""},"mobile":{"background-color":"var(--ast-global-color-5)","background-image":"","background-repeat":"repeat","background-position":"center center","background-size":"auto","background-attachment":"scroll","background-type":"","background-media":"","overlay-type":"","overlay-color":"","overlay-opacity":"","overlay-gradient":""}},"footnotes":""},"class_list":["post-702","page","type-page","status-publish","hentry"],"post_mailing_queue_ids":[],"_links":{"self":[{"href":"https:\/\/agora.xtec.cat\/ceipvictorcatala\/wp-json\/wp\/v2\/pages\/702","targetHints":{"allow":["GET"]}}],"collection":[{"href":"https:\/\/agora.xtec.cat\/ceipvictorcatala\/wp-json\/wp\/v2\/pages"}],"about":[{"href":"https:\/\/agora.xtec.cat\/ceipvictorcatala\/wp-json\/wp\/v2\/types\/page"}],"author":[{"embeddable":true,"href":"https:\/\/agora.xtec.cat\/ceipvictorcatala\/wp-json\/wp\/v2\/users\/1"}],"replies":[{"embeddable":true,"href":"https:\/\/agora.xtec.cat\/ceipvictorcatala\/wp-json\/wp\/v2\/comments?post=702"}],"version-history":[{"count":4,"href":"https:\/\/agora.xtec.cat\/ceipvictorcatala\/wp-json\/wp\/v2\/pages\/702\/revisions"}],"predecessor-version":[{"id":4918,"href":"https:\/\/agora.xtec.cat\/ceipvictorcatala\/wp-json\/wp\/v2\/pages\/702\/revisions\/4918"}],"up":[{"embeddable":true,"href":"https:\/\/agora.xtec.cat\/ceipvictorcatala\/wp-json\/wp\/v2\/pages\/66"}],"wp:attachment":[{"href":"https:\/\/agora.xtec.cat\/ceipvictorcatala\/wp-json\/wp\/v2\/media?parent=702"}],"curies":[{"name":"wp","href":"https:\/\/api.w.org\/{rel}","templated":true}]}}