{"id":6205,"date":"2026-02-24T00:18:29","date_gmt":"2026-02-23T23:18:29","guid":{"rendered":"https:\/\/agora.xtec.cat\/ceipvictorcatala\/?page_id=6205"},"modified":"2026-02-24T00:21:09","modified_gmt":"2026-02-23T23:21:09","slug":"colonies-2026","status":"publish","type":"page","link":"https:\/\/agora.xtec.cat\/ceipvictorcatala\/curs-2023-2024\/colonies-2026\/","title":{"rendered":"Col\u00f2nies 2026"},"content":{"rendered":"<p data-start=\"113\" data-end=\"232\">En aquest espai trobareu tota la informaci\u00f3 referent a les col\u00f2nies escolars que es portaran a terme al llarg del curs.<\/p>\n<p data-start=\"234\" data-end=\"448\">Hi anirem publicant els detalls m\u00e9s rellevants: dates, lloc de realitzaci\u00f3, programa d\u2019activitats, material necessari, autoritzacions, terminis de pagament i qualsevol altra informaci\u00f3 important per a les fam\u00edlies.<\/p>\n<p data-start=\"450\" data-end=\"603\">Aquesta p\u00e0gina s\u2019anir\u00e0 actualitzant a mesura que s\u2019acosti la data de les col\u00f2nies, amb l\u2019objectiu de facilitar-vos una comunicaci\u00f3 clara i centralitzada.<\/p>\n<p data-start=\"605\" data-end=\"688\" data-is-last-node=\"\" data-is-only-node=\"\">Us recomanem que la consulteu peri\u00f2dicament per estar al dia de totes les novetats.<\/p>\n","protected":false},"excerpt":{"rendered":"<p>En aquest espai trobareu tota la informaci\u00f3 referent a les col\u00f2nies escolars que es portaran a terme al llarg del curs. Hi anirem publicant els detalls m\u00e9s rellevants: dates, lloc de realitzaci\u00f3, programa d\u2019activitats, material necessari, autoritzacions, terminis de pagament i qualsevol altra informaci\u00f3 important per a les fam\u00edlies. Aquesta p\u00e0gina s\u2019anir\u00e0 actualitzant a mesura [&hellip;]<\/p>\n","protected":false},"author":1,"featured_media":0,"parent":4519,"menu_order":0,"comment_status":"closed","ping_status":"closed","template":"","meta":{"_bbp_topic_count":0,"_bbp_reply_count":0,"_bbp_total_topic_count":0,"_bbp_total_reply_count":0,"_bbp_voice_count":0,"_bbp_anonymous_reply_count":0,"_bbp_topic_count_hidden":0,"_bbp_reply_count_hidden":0,"_bbp_forum_subforum_count":0,"site-sidebar-layout":"right-sidebar","site-content-layout":"","ast-site-content-layout":"default","site-content-style":"default","site-sidebar-style":"default","ast-global-header-display":"","ast-banner-title-visibility":"","ast-main-header-display":"","ast-hfb-above-header-display":"","ast-hfb-below-header-display":"","ast-hfb-mobile-header-display":"","site-post-title":"","ast-breadcrumbs-content":"","ast-featured-img":"","footer-sml-layout":"","theme-transparent-header-meta":"default","adv-header-id-meta":"","stick-header-meta":"","header-above-stick-meta":"","header-main-stick-meta":"","header-below-stick-meta":"","astra-migrate-meta-layouts":"set","ast-page-background-enabled":"default","ast-page-background-meta":{"desktop":{"background-color":"var(--ast-global-color-4)","background-image":"","background-repeat":"repeat","background-position":"center center","background-size":"auto","background-attachment":"scroll","background-type":"","background-media":"","overlay-type":"","overlay-color":"","overlay-opacity":"","overlay-gradient":""},"tablet":{"background-color":"","background-image":"","background-repeat":"repeat","background-position":"center center","background-size":"auto","background-attachment":"scroll","background-type":"","background-media":"","overlay-type":"","overlay-color":"","overlay-opacity":"","overlay-gradient":""},"mobile":{"background-color":"","background-image":"","background-repeat":"repeat","background-position":"center center","background-size":"auto","background-attachment":"scroll","background-type":"","background-media":"","overlay-type":"","overlay-color":"","overlay-opacity":"","overlay-gradient":""}},"ast-content-background-meta":{"desktop":{"background-color":"var(--ast-global-color-5)","background-image":"","background-repeat":"repeat","background-position":"center center","background-size":"auto","background-attachment":"scroll","background-type":"","background-media":"","overlay-type":"","overlay-color":"","overlay-opacity":"","overlay-gradient":""},"tablet":{"background-color":"var(--ast-global-color-5)","background-image":"","background-repeat":"repeat","background-position":"center center","background-size":"auto","background-attachment":"scroll","background-type":"","background-media":"","overlay-type":"","overlay-color":"","overlay-opacity":"","overlay-gradient":""},"mobile":{"background-color":"var(--ast-global-color-5)","background-image":"","background-repeat":"repeat","background-position":"center center","background-size":"auto","background-attachment":"scroll","background-type":"","background-media":"","overlay-type":"","overlay-color":"","overlay-opacity":"","overlay-gradient":""}},"footnotes":""},"class_list":["post-6205","page","type-page","status-publish","hentry"],"post_mailing_queue_ids":[],"_links":{"self":[{"href":"https:\/\/agora.xtec.cat\/ceipvictorcatala\/wp-json\/wp\/v2\/pages\/6205","targetHints":{"allow":["GET"]}}],"collection":[{"href":"https:\/\/agora.xtec.cat\/ceipvictorcatala\/wp-json\/wp\/v2\/pages"}],"about":[{"href":"https:\/\/agora.xtec.cat\/ceipvictorcatala\/wp-json\/wp\/v2\/types\/page"}],"author":[{"embeddable":true,"href":"https:\/\/agora.xtec.cat\/ceipvictorcatala\/wp-json\/wp\/v2\/users\/1"}],"replies":[{"embeddable":true,"href":"https:\/\/agora.xtec.cat\/ceipvictorcatala\/wp-json\/wp\/v2\/comments?post=6205"}],"version-history":[{"count":1,"href":"https:\/\/agora.xtec.cat\/ceipvictorcatala\/wp-json\/wp\/v2\/pages\/6205\/revisions"}],"predecessor-version":[{"id":6206,"href":"https:\/\/agora.xtec.cat\/ceipvictorcatala\/wp-json\/wp\/v2\/pages\/6205\/revisions\/6206"}],"up":[{"embeddable":true,"href":"https:\/\/agora.xtec.cat\/ceipvictorcatala\/wp-json\/wp\/v2\/pages\/4519"}],"wp:attachment":[{"href":"https:\/\/agora.xtec.cat\/ceipvictorcatala\/wp-json\/wp\/v2\/media?parent=6205"}],"curies":[{"name":"wp","href":"https:\/\/api.w.org\/{rel}","templated":true}]}}