{"id":602,"date":"2018-08-30T03:05:36","date_gmt":"2018-08-30T01:05:36","guid":{"rendered":"http:\/\/agora.xtec.cat\/ceipvictorcatala\/?page_id=602"},"modified":"2024-09-30T16:10:19","modified_gmt":"2024-09-30T14:10:19","slug":"menus","status":"publish","type":"page","link":"https:\/\/agora.xtec.cat\/ceipvictorcatala\/menjador\/menus\/","title":{"rendered":"Men\u00fas"},"content":{"rendered":"<p><span style=\"text-decoration: underline;\"><strong>MEN\u00daS OCTUBRE 2024<\/strong><\/span><\/p>\n<table style=\"width: 99.0087%; height: 239px;\">\n<tbody>\n<tr style=\"height: 31px;\">\n<td style=\"width: 48.7208%; height: 10px;\">\n<p style=\"text-align: center;\"><strong>MEN\u00da BASAL<\/strong><\/p>\n<\/td>\n<td style=\"width: 50.3893%; height: 10px; text-align: center;\"><strong>MEN\u00da SENSE PEIX NI MARISC<\/strong><\/td>\n<\/tr>\n<tr style=\"height: 31px;\">\n<td style=\"width: 48.7208%; height: 31px; text-align: center;\"><a href=\"https:\/\/agora.xtec.cat\/ceipvictorcatala\/wp-content\/uploads\/usu1671\/2024\/09\/VICTOR-CATALA-MENU-BASAL-OCTUBRE-2024.pdf\" target=\"_blank\" rel=\"noopener\"><img loading=\"lazy\" decoding=\"async\" class=\"wp-image-5337 size-full aligncenter\" src=\"https:\/\/agora.xtec.cat\/ceipvictorcatala\/wp-content\/uploads\/usu1671\/2024\/09\/BASAL-VC-MENU-OCTUBRE-24.png\" alt=\"\" width=\"1249\" height=\"886\" srcset=\"https:\/\/agora.xtec.cat\/ceipvictorcatala\/wp-content\/uploads\/usu1671\/2024\/09\/BASAL-VC-MENU-OCTUBRE-24.png 1249w, https:\/\/agora.xtec.cat\/ceipvictorcatala\/wp-content\/uploads\/usu1671\/2024\/09\/BASAL-VC-MENU-OCTUBRE-24-300x213.png 300w, https:\/\/agora.xtec.cat\/ceipvictorcatala\/wp-content\/uploads\/usu1671\/2024\/09\/BASAL-VC-MENU-OCTUBRE-24-1024x726.png 1024w, https:\/\/agora.xtec.cat\/ceipvictorcatala\/wp-content\/uploads\/usu1671\/2024\/09\/BASAL-VC-MENU-OCTUBRE-24-768x545.png 768w\" sizes=\"auto, (max-width: 1249px) 100vw, 1249px\" \/><\/a><\/td>\n<td style=\"width: 50.3893%; height: 31px; text-align: center;\"><a href=\"https:\/\/agora.xtec.cat\/ceipvictorcatala\/wp-content\/uploads\/usu1671\/2024\/09\/ESCOLA_VICTOR_CATALA-Menu_sense_peix_ni_marisc_Victor_Catala-Octubre_2024_808_211_10_2024.pdf\" target=\"_blank\" rel=\"noopener\"><img loading=\"lazy\" decoding=\"async\" class=\"aligncenter wp-image-5340 size-full\" src=\"https:\/\/agora.xtec.cat\/ceipvictorcatala\/wp-content\/uploads\/usu1671\/2024\/09\/SENSE-PEIX-NI-MARISC-VC-MENU-OCTUBRE-24.png\" alt=\"\" width=\"943\" height=\"853\" srcset=\"https:\/\/agora.xtec.cat\/ceipvictorcatala\/wp-content\/uploads\/usu1671\/2024\/09\/SENSE-PEIX-NI-MARISC-VC-MENU-OCTUBRE-24.png 943w, https:\/\/agora.xtec.cat\/ceipvictorcatala\/wp-content\/uploads\/usu1671\/2024\/09\/SENSE-PEIX-NI-MARISC-VC-MENU-OCTUBRE-24-300x271.png 300w, https:\/\/agora.xtec.cat\/ceipvictorcatala\/wp-content\/uploads\/usu1671\/2024\/09\/SENSE-PEIX-NI-MARISC-VC-MENU-OCTUBRE-24-768x695.png 768w\" sizes=\"auto, (max-width: 943px) 100vw, 943px\" \/><\/a><\/td>\n<\/tr>\n<tr style=\"height: 31px;\">\n<td style=\"width: 48.7208%; height: 31px; text-align: center;\"><strong>MEN\u00da SENSE CARN<\/strong><\/td>\n<td style=\"width: 50.3893%; height: 31px; text-align: center;\"><strong>MEN\u00da SENSE GLUTEN<\/strong><\/td>\n<\/tr>\n<tr style=\"height: 31px;\">\n<td style=\"width: 48.7208%; height: 31px; text-align: center;\"><a href=\"https:\/\/agora.xtec.cat\/ceipvictorcatala\/wp-content\/uploads\/usu1671\/2024\/09\/ESCOLA_VICTOR_CATALA-Menu_sense_carn_Victor_Catala-Octubre_2024_808_207_10_2024.pdf\" target=\"_blank\" rel=\"noopener\"><img loading=\"lazy\" decoding=\"async\" class=\"aligncenter wp-image-5338 size-full\" src=\"https:\/\/agora.xtec.cat\/ceipvictorcatala\/wp-content\/uploads\/usu1671\/2024\/09\/SENSE-CARN-VC-MENU-OCTUBRE-24.png\" alt=\"\" width=\"975\" height=\"847\" srcset=\"https:\/\/agora.xtec.cat\/ceipvictorcatala\/wp-content\/uploads\/usu1671\/2024\/09\/SENSE-CARN-VC-MENU-OCTUBRE-24.png 975w, https:\/\/agora.xtec.cat\/ceipvictorcatala\/wp-content\/uploads\/usu1671\/2024\/09\/SENSE-CARN-VC-MENU-OCTUBRE-24-300x261.png 300w, https:\/\/agora.xtec.cat\/ceipvictorcatala\/wp-content\/uploads\/usu1671\/2024\/09\/SENSE-CARN-VC-MENU-OCTUBRE-24-768x667.png 768w\" sizes=\"auto, (max-width: 975px) 100vw, 975px\" \/><\/a><\/td>\n<td style=\"width: 50.3893%; height: 31px; text-align: center;\"><a href=\"https:\/\/agora.xtec.cat\/ceipvictorcatala\/wp-content\/uploads\/usu1671\/2024\/09\/ESCOLA_VICTOR_CATALA-Menu_sense_gluten_Victor_Catala-Octubre_2024_808_209_10_2024.pdf\" target=\"_blank\" rel=\"noopener\"><img loading=\"lazy\" decoding=\"async\" class=\"aligncenter wp-image-5336 size-full\" src=\"https:\/\/agora.xtec.cat\/ceipvictorcatala\/wp-content\/uploads\/usu1671\/2024\/09\/SENSE-GLUTEN-VC-MENU-OCTUBRE-24.png\" alt=\"\" width=\"960\" height=\"858\" srcset=\"https:\/\/agora.xtec.cat\/ceipvictorcatala\/wp-content\/uploads\/usu1671\/2024\/09\/SENSE-GLUTEN-VC-MENU-OCTUBRE-24.png 960w, https:\/\/agora.xtec.cat\/ceipvictorcatala\/wp-content\/uploads\/usu1671\/2024\/09\/SENSE-GLUTEN-VC-MENU-OCTUBRE-24-300x268.png 300w, https:\/\/agora.xtec.cat\/ceipvictorcatala\/wp-content\/uploads\/usu1671\/2024\/09\/SENSE-GLUTEN-VC-MENU-OCTUBRE-24-768x686.png 768w\" sizes=\"auto, (max-width: 960px) 100vw, 960px\" \/><\/a><\/td>\n<\/tr>\n<tr style=\"height: 46px;\">\n<td style=\"width: 48.7208%; height: 46px; text-align: center;\"><strong style=\"background-color: #f9f9f9;\">MEN\u00da SENSE OU<\/strong><\/td>\n<td style=\"width: 50.3893%; height: 46px; text-align: center;\"><b>MEN\u00da SENSE FRUITS SECS<\/b><\/td>\n<\/tr>\n<tr style=\"height: 31px;\">\n<td style=\"width: 48.7208%; height: 31px; text-align: center;\"><a href=\"https:\/\/agora.xtec.cat\/ceipvictorcatala\/wp-content\/uploads\/usu1671\/2024\/09\/ESCOLA_VICTOR_CATALA-Menu_sense_ou_Victor_Catala-Octubre_2024_808_212_10_2024.pdf\" target=\"_blank\" rel=\"noopener\"><img loading=\"lazy\" decoding=\"async\" class=\"aligncenter wp-image-5343 size-full\" src=\"https:\/\/agora.xtec.cat\/ceipvictorcatala\/wp-content\/uploads\/usu1671\/2024\/09\/SENSE-OU-VC-MENU-OCTUBRE-24.png\" alt=\"\" width=\"945\" height=\"858\" srcset=\"https:\/\/agora.xtec.cat\/ceipvictorcatala\/wp-content\/uploads\/usu1671\/2024\/09\/SENSE-OU-VC-MENU-OCTUBRE-24.png 945w, https:\/\/agora.xtec.cat\/ceipvictorcatala\/wp-content\/uploads\/usu1671\/2024\/09\/SENSE-OU-VC-MENU-OCTUBRE-24-300x272.png 300w, https:\/\/agora.xtec.cat\/ceipvictorcatala\/wp-content\/uploads\/usu1671\/2024\/09\/SENSE-OU-VC-MENU-OCTUBRE-24-768x697.png 768w\" sizes=\"auto, (max-width: 945px) 100vw, 945px\" \/><\/a><\/td>\n<td style=\"width: 50.3893%; height: 31px; text-align: center;\"><a href=\"https:\/\/agora.xtec.cat\/ceipvictorcatala\/wp-content\/uploads\/usu1671\/2024\/09\/ESCOLA_VICTOR_CATALA-Menu_sense_fruits_secs_Victor_Catala-Octubre_2024_808_213_10_2024.pdf\" target=\"_blank\" rel=\"noopener\"><img loading=\"lazy\" decoding=\"async\" class=\"aligncenter wp-image-5339 size-full\" src=\"https:\/\/agora.xtec.cat\/ceipvictorcatala\/wp-content\/uploads\/usu1671\/2024\/09\/SENSE-FRUITS-SECS-VC-MENU-OCTUBRE-24.png\" alt=\"\" width=\"928\" height=\"847\" srcset=\"https:\/\/agora.xtec.cat\/ceipvictorcatala\/wp-content\/uploads\/usu1671\/2024\/09\/SENSE-FRUITS-SECS-VC-MENU-OCTUBRE-24.png 928w, https:\/\/agora.xtec.cat\/ceipvictorcatala\/wp-content\/uploads\/usu1671\/2024\/09\/SENSE-FRUITS-SECS-VC-MENU-OCTUBRE-24-300x274.png 300w, https:\/\/agora.xtec.cat\/ceipvictorcatala\/wp-content\/uploads\/usu1671\/2024\/09\/SENSE-FRUITS-SECS-VC-MENU-OCTUBRE-24-768x701.png 768w\" sizes=\"auto, (max-width: 928px) 100vw, 928px\" \/><\/a><\/td>\n<\/tr>\n<tr style=\"height: 31px;\">\n<td style=\"width: 48.7208%; height: 28px; text-align: center;\"><strong>MEN\u00da SENSE LACTOSA<\/strong><\/td>\n<td style=\"width: 50.3893%; height: 28px; text-align: center;\"><strong>SENSE PEIX, FRUITS SECS, LLEGUMS I PROTEINA DE LA VACA<\/strong><\/td>\n<\/tr>\n<tr style=\"height: 31px;\">\n<td style=\"width: 48.7208%; height: 31px; text-align: center;\"><a href=\"https:\/\/agora.xtec.cat\/ceipvictorcatala\/wp-content\/uploads\/usu1671\/2024\/09\/ESCOLA_VICTOR_CATALA-Menu_sense_lactosa_Victor_Catala-Octubre_2024_808_210_10_2024.pdf\" target=\"_blank\" rel=\"noopener\"><img loading=\"lazy\" decoding=\"async\" class=\"aligncenter wp-image-5342 size-full\" src=\"https:\/\/agora.xtec.cat\/ceipvictorcatala\/wp-content\/uploads\/usu1671\/2024\/09\/SENSE-LACTOSA-VC-MENU-OCTUBRE-24.png\" alt=\"\" width=\"946\" height=\"850\" srcset=\"https:\/\/agora.xtec.cat\/ceipvictorcatala\/wp-content\/uploads\/usu1671\/2024\/09\/SENSE-LACTOSA-VC-MENU-OCTUBRE-24.png 946w, https:\/\/agora.xtec.cat\/ceipvictorcatala\/wp-content\/uploads\/usu1671\/2024\/09\/SENSE-LACTOSA-VC-MENU-OCTUBRE-24-300x270.png 300w, https:\/\/agora.xtec.cat\/ceipvictorcatala\/wp-content\/uploads\/usu1671\/2024\/09\/SENSE-LACTOSA-VC-MENU-OCTUBRE-24-768x690.png 768w\" sizes=\"auto, (max-width: 946px) 100vw, 946px\" \/><\/a><\/td>\n<td style=\"width: 50.3893%; height: 31px; text-align: center;\"><a href=\"https:\/\/agora.xtec.cat\/ceipvictorcatala\/wp-content\/uploads\/usu1671\/2024\/09\/ESCOLA_VICTOR_CATALA-Menu_sense_gluten_peix_fruits_secs_llegums_i_proteina_vaca_Victor_Catala-Octubre_2024_808_245_10_2024.pdf\" target=\"_blank\" rel=\"noopener\"><img loading=\"lazy\" decoding=\"async\" class=\"aligncenter wp-image-5341 size-full\" src=\"https:\/\/agora.xtec.cat\/ceipvictorcatala\/wp-content\/uploads\/usu1671\/2024\/09\/SENSE-GLUTEN-PEIS-FRUITS-SECS-LLEGUMS-I-PROTEINA-DE-LA-VACA-VC-MENU-OCTUBRE-24.png\" alt=\"\" width=\"955\" height=\"844\" srcset=\"https:\/\/agora.xtec.cat\/ceipvictorcatala\/wp-content\/uploads\/usu1671\/2024\/09\/SENSE-GLUTEN-PEIS-FRUITS-SECS-LLEGUMS-I-PROTEINA-DE-LA-VACA-VC-MENU-OCTUBRE-24.png 955w, https:\/\/agora.xtec.cat\/ceipvictorcatala\/wp-content\/uploads\/usu1671\/2024\/09\/SENSE-GLUTEN-PEIS-FRUITS-SECS-LLEGUMS-I-PROTEINA-DE-LA-VACA-VC-MENU-OCTUBRE-24-300x265.png 300w, https:\/\/agora.xtec.cat\/ceipvictorcatala\/wp-content\/uploads\/usu1671\/2024\/09\/SENSE-GLUTEN-PEIS-FRUITS-SECS-LLEGUMS-I-PROTEINA-DE-LA-VACA-VC-MENU-OCTUBRE-24-768x679.png 768w\" sizes=\"auto, (max-width: 955px) 100vw, 955px\" \/><\/a><\/td>\n<\/tr>\n<\/tbody>\n<\/table>\n<p>&nbsp;<\/p>\n<p><span style=\"text-decoration: underline;\"><strong>MEN\u00daS SETEMBRE 2024<\/strong><\/span><\/p>\n<table style=\"width: 99.0087%; height: 239px;\">\n<tbody>\n<tr style=\"height: 31px;\">\n<td style=\"width: 48.7208%; height: 10px;\">\n<p style=\"text-align: center;\"><strong>MEN\u00da BASAL<\/strong><\/p>\n<\/td>\n<td style=\"width: 50.3893%; height: 10px; text-align: center;\"><strong>MEN\u00da SENSE PEIX NI MARISC<\/strong><\/td>\n<\/tr>\n<tr style=\"height: 31px;\">\n<td style=\"width: 48.7208%; height: 31px; text-align: center;\"><a href=\"https:\/\/agora.xtec.cat\/ceipvictorcatala\/wp-content\/uploads\/usu1671\/2024\/09\/VICTOR-CATALA-MENU-BASAL-SETEMBRE-2024.pdf\" target=\"_blank\" rel=\"noopener\"><img loading=\"lazy\" decoding=\"async\" class=\"aligncenter wp-image-5317 size-full\" src=\"https:\/\/agora.xtec.cat\/ceipvictorcatala\/wp-content\/uploads\/usu1671\/2024\/09\/BASAL-VC-MENU-SETEMBRE-24.png\" alt=\"\" width=\"1242\" height=\"867\" srcset=\"https:\/\/agora.xtec.cat\/ceipvictorcatala\/wp-content\/uploads\/usu1671\/2024\/09\/BASAL-VC-MENU-SETEMBRE-24.png 1242w, https:\/\/agora.xtec.cat\/ceipvictorcatala\/wp-content\/uploads\/usu1671\/2024\/09\/BASAL-VC-MENU-SETEMBRE-24-300x209.png 300w, https:\/\/agora.xtec.cat\/ceipvictorcatala\/wp-content\/uploads\/usu1671\/2024\/09\/BASAL-VC-MENU-SETEMBRE-24-1024x715.png 1024w, https:\/\/agora.xtec.cat\/ceipvictorcatala\/wp-content\/uploads\/usu1671\/2024\/09\/BASAL-VC-MENU-SETEMBRE-24-768x536.png 768w\" sizes=\"auto, (max-width: 1242px) 100vw, 1242px\" \/><\/a><\/td>\n<td style=\"width: 50.3893%; height: 31px; text-align: center;\"><a href=\"https:\/\/agora.xtec.cat\/ceipvictorcatala\/wp-content\/uploads\/usu1671\/2024\/09\/ESCOLA_VICTOR_CATALA-Menu_sense_peix_ni_marisc_Victor_Catala-Setembre_2024_808_211_9_2024.pdf\" target=\"_blank\" rel=\"noopener\"><img loading=\"lazy\" decoding=\"async\" class=\"aligncenter wp-image-5316 size-full\" src=\"https:\/\/agora.xtec.cat\/ceipvictorcatala\/wp-content\/uploads\/usu1671\/2024\/09\/SENSE-PEIX-NI-MARISC-VC-MENU-SETEMBRE-24.png\" alt=\"\" width=\"928\" height=\"858\" srcset=\"https:\/\/agora.xtec.cat\/ceipvictorcatala\/wp-content\/uploads\/usu1671\/2024\/09\/SENSE-PEIX-NI-MARISC-VC-MENU-SETEMBRE-24.png 928w, https:\/\/agora.xtec.cat\/ceipvictorcatala\/wp-content\/uploads\/usu1671\/2024\/09\/SENSE-PEIX-NI-MARISC-VC-MENU-SETEMBRE-24-300x277.png 300w, https:\/\/agora.xtec.cat\/ceipvictorcatala\/wp-content\/uploads\/usu1671\/2024\/09\/SENSE-PEIX-NI-MARISC-VC-MENU-SETEMBRE-24-768x710.png 768w\" sizes=\"auto, (max-width: 928px) 100vw, 928px\" \/><\/a><\/td>\n<\/tr>\n<tr style=\"height: 31px;\">\n<td style=\"width: 48.7208%; height: 31px; text-align: center;\"><strong>MEN\u00da SENSE CARN<\/strong><\/td>\n<td style=\"width: 50.3893%; height: 31px; text-align: center;\"><strong>MEN\u00da SENSE GLUTEN<\/strong><\/td>\n<\/tr>\n<tr style=\"height: 31px;\">\n<td style=\"width: 48.7208%; height: 31px; text-align: center;\"><a href=\"https:\/\/agora.xtec.cat\/ceipvictorcatala\/wp-content\/uploads\/usu1671\/2024\/09\/ESCOLA_VICTOR_CATALA-Menu_sense_carn_Victor_Catala-Setembre_2024_808_207_9_2024.pdf\" target=\"_blank\" rel=\"noopener\"><img loading=\"lazy\" decoding=\"async\" class=\"aligncenter wp-image-5310 size-full\" src=\"https:\/\/agora.xtec.cat\/ceipvictorcatala\/wp-content\/uploads\/usu1671\/2024\/09\/SENSE-CARN-VC-MENU-SETEMBRE-24.png\" alt=\"\" width=\"945\" height=\"856\" srcset=\"https:\/\/agora.xtec.cat\/ceipvictorcatala\/wp-content\/uploads\/usu1671\/2024\/09\/SENSE-CARN-VC-MENU-SETEMBRE-24.png 945w, https:\/\/agora.xtec.cat\/ceipvictorcatala\/wp-content\/uploads\/usu1671\/2024\/09\/SENSE-CARN-VC-MENU-SETEMBRE-24-300x272.png 300w, https:\/\/agora.xtec.cat\/ceipvictorcatala\/wp-content\/uploads\/usu1671\/2024\/09\/SENSE-CARN-VC-MENU-SETEMBRE-24-768x696.png 768w\" sizes=\"auto, (max-width: 945px) 100vw, 945px\" \/><\/a><\/td>\n<td style=\"width: 50.3893%; height: 31px; text-align: center;\"><a href=\"https:\/\/agora.xtec.cat\/ceipvictorcatala\/wp-content\/uploads\/usu1671\/2024\/09\/ESCOLA_VICTOR_CATALA-Menu_sense_gluten_Victor_Catala-Setembre_2024_808_209_9_2024.pdf\" target=\"_blank\" rel=\"noopener\"><img loading=\"lazy\" decoding=\"async\" class=\"aligncenter wp-image-5313 size-full\" src=\"https:\/\/agora.xtec.cat\/ceipvictorcatala\/wp-content\/uploads\/usu1671\/2024\/09\/SENSE-GLUTEN-VC-MENU-SETEMBRE-24.png\" alt=\"\" width=\"936\" height=\"850\" srcset=\"https:\/\/agora.xtec.cat\/ceipvictorcatala\/wp-content\/uploads\/usu1671\/2024\/09\/SENSE-GLUTEN-VC-MENU-SETEMBRE-24.png 936w, https:\/\/agora.xtec.cat\/ceipvictorcatala\/wp-content\/uploads\/usu1671\/2024\/09\/SENSE-GLUTEN-VC-MENU-SETEMBRE-24-300x272.png 300w, https:\/\/agora.xtec.cat\/ceipvictorcatala\/wp-content\/uploads\/usu1671\/2024\/09\/SENSE-GLUTEN-VC-MENU-SETEMBRE-24-768x697.png 768w\" sizes=\"auto, (max-width: 936px) 100vw, 936px\" \/><\/a><\/td>\n<\/tr>\n<tr style=\"height: 46px;\">\n<td style=\"width: 48.7208%; height: 46px; text-align: center;\"><strong style=\"background-color: #f9f9f9;\">MEN\u00da SENSE OU<\/strong><\/td>\n<td style=\"width: 50.3893%; height: 46px; text-align: center;\"><b>MEN\u00da SENSE FRUITS SECS<\/b><\/td>\n<\/tr>\n<tr style=\"height: 31px;\">\n<td style=\"width: 48.7208%; height: 31px; text-align: center;\"><a href=\"https:\/\/agora.xtec.cat\/ceipvictorcatala\/wp-content\/uploads\/usu1671\/2024\/09\/ESCOLA_VICTOR_CATALA-Menu_sense_ou_Victor_Catala-Setembre_2024_808_212_9_2024.pdf\" target=\"_blank\" rel=\"noopener\"><img loading=\"lazy\" decoding=\"async\" class=\"aligncenter wp-image-5315 size-full\" src=\"https:\/\/agora.xtec.cat\/ceipvictorcatala\/wp-content\/uploads\/usu1671\/2024\/09\/SENSE-OU-VC-MENU-SETEMBRE-24.png\" alt=\"\" width=\"937\" height=\"856\" srcset=\"https:\/\/agora.xtec.cat\/ceipvictorcatala\/wp-content\/uploads\/usu1671\/2024\/09\/SENSE-OU-VC-MENU-SETEMBRE-24.png 937w, https:\/\/agora.xtec.cat\/ceipvictorcatala\/wp-content\/uploads\/usu1671\/2024\/09\/SENSE-OU-VC-MENU-SETEMBRE-24-300x274.png 300w, https:\/\/agora.xtec.cat\/ceipvictorcatala\/wp-content\/uploads\/usu1671\/2024\/09\/SENSE-OU-VC-MENU-SETEMBRE-24-768x702.png 768w\" sizes=\"auto, (max-width: 937px) 100vw, 937px\" \/><\/a><\/td>\n<td style=\"width: 50.3893%; height: 31px; text-align: center;\"><a href=\"https:\/\/agora.xtec.cat\/ceipvictorcatala\/wp-content\/uploads\/usu1671\/2024\/09\/ESCOLA_VICTOR_CATALA-Menu_sense_fruits_secs_Victor_Catala-Setembre_2024_808_213_9_2024.pdf\" target=\"_blank\" rel=\"noopener\"><img loading=\"lazy\" decoding=\"async\" class=\"aligncenter wp-image-5311 size-full\" src=\"https:\/\/agora.xtec.cat\/ceipvictorcatala\/wp-content\/uploads\/usu1671\/2024\/09\/SENSE-FRUITS-SECS-VC-MENU-SETEMBRE-24.png\" alt=\"\" width=\"939\" height=\"847\" srcset=\"https:\/\/agora.xtec.cat\/ceipvictorcatala\/wp-content\/uploads\/usu1671\/2024\/09\/SENSE-FRUITS-SECS-VC-MENU-SETEMBRE-24.png 939w, https:\/\/agora.xtec.cat\/ceipvictorcatala\/wp-content\/uploads\/usu1671\/2024\/09\/SENSE-FRUITS-SECS-VC-MENU-SETEMBRE-24-300x271.png 300w, https:\/\/agora.xtec.cat\/ceipvictorcatala\/wp-content\/uploads\/usu1671\/2024\/09\/SENSE-FRUITS-SECS-VC-MENU-SETEMBRE-24-768x693.png 768w\" sizes=\"auto, (max-width: 939px) 100vw, 939px\" \/><\/a><\/td>\n<\/tr>\n<tr style=\"height: 31px;\">\n<td style=\"width: 48.7208%; height: 28px; text-align: center;\"><strong>MEN\u00da SENSE LACTOSA<\/strong><\/td>\n<td style=\"width: 50.3893%; height: 28px; text-align: center;\"><strong>SENSE PEIX, FRUITS SECS, LLEGUMS I PROTEINA DE LA VACA<\/strong><\/td>\n<\/tr>\n<tr style=\"height: 31px;\">\n<td style=\"width: 48.7208%; height: 31px; text-align: center;\"><a href=\"https:\/\/agora.xtec.cat\/ceipvictorcatala\/wp-content\/uploads\/usu1671\/2024\/09\/ESCOLA_VICTOR_CATALA-Menu_sense_lactosa_Victor_Catala-Setembre_2024_808_210_9_2024.pdf\" target=\"_blank\" rel=\"noopener\"><img loading=\"lazy\" decoding=\"async\" class=\"aligncenter wp-image-5314 size-full\" src=\"https:\/\/agora.xtec.cat\/ceipvictorcatala\/wp-content\/uploads\/usu1671\/2024\/09\/SENSE-LACTOSA-VC-MENU-SETEMBRE-24.png\" alt=\"\" width=\"946\" height=\"856\" srcset=\"https:\/\/agora.xtec.cat\/ceipvictorcatala\/wp-content\/uploads\/usu1671\/2024\/09\/SENSE-LACTOSA-VC-MENU-SETEMBRE-24.png 946w, https:\/\/agora.xtec.cat\/ceipvictorcatala\/wp-content\/uploads\/usu1671\/2024\/09\/SENSE-LACTOSA-VC-MENU-SETEMBRE-24-300x271.png 300w, https:\/\/agora.xtec.cat\/ceipvictorcatala\/wp-content\/uploads\/usu1671\/2024\/09\/SENSE-LACTOSA-VC-MENU-SETEMBRE-24-768x695.png 768w\" sizes=\"auto, (max-width: 946px) 100vw, 946px\" \/><\/a><\/td>\n<td style=\"width: 50.3893%; height: 31px; text-align: center;\"><a href=\"https:\/\/agora.xtec.cat\/ceipvictorcatala\/wp-content\/uploads\/usu1671\/2024\/09\/ESCOLA_VICTOR_CATALA-Menu_sense_gluten_peix_fruits_secs_llegums_i_proteina_vaca_Victor_Catala-Setembre_2024_808_245_9_2024.pdf\" target=\"_blank\" rel=\"noopener\"><img loading=\"lazy\" decoding=\"async\" class=\"aligncenter wp-image-5312 size-full\" src=\"https:\/\/agora.xtec.cat\/ceipvictorcatala\/wp-content\/uploads\/usu1671\/2024\/09\/SENSE-GLUTEN-PEIX-FRUITS-SECS-LLEGUMS-I-PROTEINA-VACA-VC-MENU-SETEMBRE-24.png\" alt=\"\" width=\"922\" height=\"849\" srcset=\"https:\/\/agora.xtec.cat\/ceipvictorcatala\/wp-content\/uploads\/usu1671\/2024\/09\/SENSE-GLUTEN-PEIX-FRUITS-SECS-LLEGUMS-I-PROTEINA-VACA-VC-MENU-SETEMBRE-24.png 922w, https:\/\/agora.xtec.cat\/ceipvictorcatala\/wp-content\/uploads\/usu1671\/2024\/09\/SENSE-GLUTEN-PEIX-FRUITS-SECS-LLEGUMS-I-PROTEINA-VACA-VC-MENU-SETEMBRE-24-300x276.png 300w, https:\/\/agora.xtec.cat\/ceipvictorcatala\/wp-content\/uploads\/usu1671\/2024\/09\/SENSE-GLUTEN-PEIX-FRUITS-SECS-LLEGUMS-I-PROTEINA-VACA-VC-MENU-SETEMBRE-24-768x707.png 768w\" sizes=\"auto, (max-width: 922px) 100vw, 922px\" \/><\/a><\/td>\n<\/tr>\n<\/tbody>\n<\/table>\n<p>&nbsp;<\/p>\n<p style=\"text-align: left;\">\n","protected":false},"excerpt":{"rendered":"<p>MEN\u00daS OCTUBRE 2024 MEN\u00da BASAL MEN\u00da SENSE PEIX NI MARISC MEN\u00da SENSE CARN MEN\u00da SENSE GLUTEN MEN\u00da SENSE OU MEN\u00da SENSE FRUITS SECS MEN\u00da SENSE LACTOSA SENSE PEIX, FRUITS SECS, LLEGUMS I PROTEINA DE LA VACA &nbsp; MEN\u00daS SETEMBRE 2024 MEN\u00da BASAL MEN\u00da SENSE PEIX NI MARISC MEN\u00da SENSE CARN MEN\u00da SENSE GLUTEN MEN\u00da SENSE [&hellip;]<\/p>\n","protected":false},"author":1,"featured_media":0,"parent":600,"menu_order":0,"comment_status":"closed","ping_status":"closed","template":"","meta":{"_bbp_topic_count":0,"_bbp_reply_count":0,"_bbp_total_topic_count":0,"_bbp_total_reply_count":0,"_bbp_voice_count":0,"_bbp_anonymous_reply_count":0,"_bbp_topic_count_hidden":0,"_bbp_reply_count_hidden":0,"_bbp_forum_subforum_count":0,"site-sidebar-layout":"default","site-content-layout":"","ast-site-content-layout":"","site-content-style":"default","site-sidebar-style":"default","ast-global-header-display":"","ast-banner-title-visibility":"","ast-main-header-display":"","ast-hfb-above-header-display":"","ast-hfb-below-header-display":"","ast-hfb-mobile-header-display":"","site-post-title":"","ast-breadcrumbs-content":"","ast-featured-img":"","footer-sml-layout":"","theme-transparent-header-meta":"","adv-header-id-meta":"","stick-header-meta":"","header-above-stick-meta":"","header-main-stick-meta":"","header-below-stick-meta":"","astra-migrate-meta-layouts":"default","ast-page-background-enabled":"default","ast-page-background-meta":{"desktop":{"background-color":"var(--ast-global-color-4)","background-image":"","background-repeat":"repeat","background-position":"center center","background-size":"auto","background-attachment":"scroll","background-type":"","background-media":"","overlay-type":"","overlay-color":"","overlay-opacity":"","overlay-gradient":""},"tablet":{"background-color":"","background-image":"","background-repeat":"repeat","background-position":"center center","background-size":"auto","background-attachment":"scroll","background-type":"","background-media":"","overlay-type":"","overlay-color":"","overlay-opacity":"","overlay-gradient":""},"mobile":{"background-color":"","background-image":"","background-repeat":"repeat","background-position":"center center","background-size":"auto","background-attachment":"scroll","background-type":"","background-media":"","overlay-type":"","overlay-color":"","overlay-opacity":"","overlay-gradient":""}},"ast-content-background-meta":{"desktop":{"background-color":"var(--ast-global-color-5)","background-image":"","background-repeat":"repeat","background-position":"center center","background-size":"auto","background-attachment":"scroll","background-type":"","background-media":"","overlay-type":"","overlay-color":"","overlay-opacity":"","overlay-gradient":""},"tablet":{"background-color":"var(--ast-global-color-5)","background-image":"","background-repeat":"repeat","background-position":"center center","background-size":"auto","background-attachment":"scroll","background-type":"","background-media":"","overlay-type":"","overlay-color":"","overlay-opacity":"","overlay-gradient":""},"mobile":{"background-color":"var(--ast-global-color-5)","background-image":"","background-repeat":"repeat","background-position":"center center","background-size":"auto","background-attachment":"scroll","background-type":"","background-media":"","overlay-type":"","overlay-color":"","overlay-opacity":"","overlay-gradient":""}},"footnotes":""},"class_list":["post-602","page","type-page","status-publish","hentry"],"post_mailing_queue_ids":[],"_links":{"self":[{"href":"https:\/\/agora.xtec.cat\/ceipvictorcatala\/wp-json\/wp\/v2\/pages\/602","targetHints":{"allow":["GET"]}}],"collection":[{"href":"https:\/\/agora.xtec.cat\/ceipvictorcatala\/wp-json\/wp\/v2\/pages"}],"about":[{"href":"https:\/\/agora.xtec.cat\/ceipvictorcatala\/wp-json\/wp\/v2\/types\/page"}],"author":[{"embeddable":true,"href":"https:\/\/agora.xtec.cat\/ceipvictorcatala\/wp-json\/wp\/v2\/users\/1"}],"replies":[{"embeddable":true,"href":"https:\/\/agora.xtec.cat\/ceipvictorcatala\/wp-json\/wp\/v2\/comments?post=602"}],"version-history":[{"count":6,"href":"https:\/\/agora.xtec.cat\/ceipvictorcatala\/wp-json\/wp\/v2\/pages\/602\/revisions"}],"predecessor-version":[{"id":5345,"href":"https:\/\/agora.xtec.cat\/ceipvictorcatala\/wp-json\/wp\/v2\/pages\/602\/revisions\/5345"}],"up":[{"embeddable":true,"href":"https:\/\/agora.xtec.cat\/ceipvictorcatala\/wp-json\/wp\/v2\/pages\/600"}],"wp:attachment":[{"href":"https:\/\/agora.xtec.cat\/ceipvictorcatala\/wp-json\/wp\/v2\/media?parent=602"}],"curies":[{"name":"wp","href":"https:\/\/api.w.org\/{rel}","templated":true}]}}