{"id":600,"date":"2018-08-30T03:04:01","date_gmt":"2018-08-30T01:04:01","guid":{"rendered":"http:\/\/agora.xtec.cat\/ceipvictorcatala\/?page_id=600"},"modified":"2025-11-11T15:58:21","modified_gmt":"2025-11-11T14:58:21","slug":"menjador","status":"publish","type":"page","link":"https:\/\/agora.xtec.cat\/ceipvictorcatala\/menjador\/","title":{"rendered":"Menjador"},"content":{"rendered":"<p>El menjador escolar est\u00e0 gestionat per la direcci\u00f3 de l\u2019escola<br \/>\nL\u2019empresa que ofereix aquest servei \u00e9s\u00a0<strong>Barnalleure.<\/strong><\/p>\n<p style=\"font-weight: 400;\">Des de l\u2019equip de coordinaci\u00f3 del servei de menjador, us volem donar la benvinguda a aquest nou curs.<\/p>\n<p style=\"font-weight: 400;\">Per tal que pugueu con\u00e8ixer el funcionament del servei, us compartim el seg\u00fcent enlla\u00e7 amb una presentaci\u00f3 en format <a href=\"https:\/\/www.canva.com\/design\/DAGRSSGFx2I\/mOVum6YR9Qwmxq968oOF5w\/view?utm_content=DAGRSSGFx2I&amp;utm_campaign=designshare&amp;utm_medium=link2&amp;utm_source=uniquelinks&amp;utlId=h395356500d\" target=\"_blank\" rel=\"noopener\">Canva:<\/a><\/p>\n<p style=\"font-weight: 400;\"><a href=\"https:\/\/www.canva.com\/design\/DAGRSSGFx2I\/mOVum6YR9Qwmxq968oOF5w\/view?utm_content=DAGRSSGFx2I&amp;utm_campaign=designshare&amp;utm_medium=link2&amp;utm_source=uniquelinks&amp;utlId=h395356500d\" target=\"_blank\" rel=\"noopener\">https:\/\/www.canva.com\/design\/DAGRSSGFx2I\/mOVum6YR9Qwmxq968oOF5w\/view?utm_content=DAGRSSGFx2I&amp;utm_campaign=designshare&amp;utm_medium=link2&amp;utm_source=uniquelinks&amp;utlId=h395356500d<\/a><\/p>\n<p><a href=\"https:\/\/www.canva.com\/design\/DAGRSSGFx2I\/mOVum6YR9Qwmxq968oOF5w\/view?utm_content=DAGRSSGFx2I&amp;utm_campaign=designshare&amp;utm_medium=link&amp;utm_source=viewer\">https:\/\/www.canva.com\/design\/DAGRSSGFx2I\/mOVum6YR9Qwmxq968oOF5w\/view?utm_content=DAGRSSGFx2I&amp;utm_campaign=designshare&amp;utm_medium=link&amp;utm_source=viewer<\/a><\/p>\n<p style=\"font-weight: 400;\">Recordeu que per a qualsevol dubte, consulta o inquietud, podeu contactar amb la coordinaci\u00f3:<\/p>\n<p style=\"font-weight: 400;\">\u00a0<b><strong><u>Presencialment: de dilluns a divendres, de 9:00 a 10:00 hores<\/u><\/strong><\/b><\/p>\n<p style=\"font-weight: 400;\"><b><strong><u>Per correu electr\u00f2nic: victorcatal\u00e0menjador@barnalleure.cat<\/u><\/strong><\/b><\/p>\n<p style=\"font-weight: 400;\"><b><strong><u>Per tel\u00e8fon o WhatsApp: 621 21 83 25<\/u><\/strong><\/b><\/p>\n<p style=\"font-weight: 400;\">Estem a la vostra disposici\u00f3 i us agra\u00efm la confian\u00e7a dipositada en el nostre equip.<\/p>\n<p style=\"font-weight: 400;\">Cordialment,<\/p>\n<p style=\"font-weight: 400;\">L\u2019equip de coordinaci\u00f3 del menjador<\/p>\n<p style=\"font-weight: 400;\">Escola V\u00edctor Catal\u00e0 \u2013 Barnalleure<\/p>\n","protected":false},"excerpt":{"rendered":"<p>El menjador escolar est\u00e0 gestionat per la direcci\u00f3 de l\u2019escola L\u2019empresa que ofereix aquest servei \u00e9s\u00a0Barnalleure. Des de l\u2019equip de coordinaci\u00f3 del servei de menjador, us volem donar la benvinguda a aquest nou curs. Per tal que pugueu con\u00e8ixer el funcionament del servei, us compartim el seg\u00fcent enlla\u00e7 amb una presentaci\u00f3 en format Canva: https:\/\/www.canva.com\/design\/DAGRSSGFx2I\/mOVum6YR9Qwmxq968oOF5w\/view?utm_content=DAGRSSGFx2I&amp;utm_campaign=designshare&amp;utm_medium=link2&amp;utm_source=uniquelinks&amp;utlId=h395356500d [&hellip;]<\/p>\n","protected":false},"author":1,"featured_media":0,"parent":0,"menu_order":0,"comment_status":"closed","ping_status":"closed","template":"","meta":{"_bbp_topic_count":0,"_bbp_reply_count":0,"_bbp_total_topic_count":0,"_bbp_total_reply_count":0,"_bbp_voice_count":0,"_bbp_anonymous_reply_count":0,"_bbp_topic_count_hidden":0,"_bbp_reply_count_hidden":0,"_bbp_forum_subforum_count":0,"site-sidebar-layout":"default","site-content-layout":"","ast-site-content-layout":"default","site-content-style":"default","site-sidebar-style":"default","ast-global-header-display":"","ast-banner-title-visibility":"","ast-main-header-display":"","ast-hfb-above-header-display":"","ast-hfb-below-header-display":"","ast-hfb-mobile-header-display":"","site-post-title":"","ast-breadcrumbs-content":"","ast-featured-img":"","footer-sml-layout":"","theme-transparent-header-meta":"default","adv-header-id-meta":"","stick-header-meta":"","header-above-stick-meta":"","header-main-stick-meta":"","header-below-stick-meta":"","astra-migrate-meta-layouts":"set","ast-page-background-enabled":"default","ast-page-background-meta":{"desktop":{"background-color":"var(--ast-global-color-4)","background-image":"","background-repeat":"repeat","background-position":"center center","background-size":"auto","background-attachment":"scroll","background-type":"","background-media":"","overlay-type":"","overlay-color":"","overlay-opacity":"","overlay-gradient":""},"tablet":{"background-color":"","background-image":"","background-repeat":"repeat","background-position":"center center","background-size":"auto","background-attachment":"scroll","background-type":"","background-media":"","overlay-type":"","overlay-color":"","overlay-opacity":"","overlay-gradient":""},"mobile":{"background-color":"","background-image":"","background-repeat":"repeat","background-position":"center center","background-size":"auto","background-attachment":"scroll","background-type":"","background-media":"","overlay-type":"","overlay-color":"","overlay-opacity":"","overlay-gradient":""}},"ast-content-background-meta":{"desktop":{"background-color":"var(--ast-global-color-5)","background-image":"","background-repeat":"repeat","background-position":"center center","background-size":"auto","background-attachment":"scroll","background-type":"","background-media":"","overlay-type":"","overlay-color":"","overlay-opacity":"","overlay-gradient":""},"tablet":{"background-color":"var(--ast-global-color-5)","background-image":"","background-repeat":"repeat","background-position":"center center","background-size":"auto","background-attachment":"scroll","background-type":"","background-media":"","overlay-type":"","overlay-color":"","overlay-opacity":"","overlay-gradient":""},"mobile":{"background-color":"var(--ast-global-color-5)","background-image":"","background-repeat":"repeat","background-position":"center center","background-size":"auto","background-attachment":"scroll","background-type":"","background-media":"","overlay-type":"","overlay-color":"","overlay-opacity":"","overlay-gradient":""}},"footnotes":""},"class_list":["post-600","page","type-page","status-publish","hentry"],"post_mailing_queue_ids":[],"_links":{"self":[{"href":"https:\/\/agora.xtec.cat\/ceipvictorcatala\/wp-json\/wp\/v2\/pages\/600","targetHints":{"allow":["GET"]}}],"collection":[{"href":"https:\/\/agora.xtec.cat\/ceipvictorcatala\/wp-json\/wp\/v2\/pages"}],"about":[{"href":"https:\/\/agora.xtec.cat\/ceipvictorcatala\/wp-json\/wp\/v2\/types\/page"}],"author":[{"embeddable":true,"href":"https:\/\/agora.xtec.cat\/ceipvictorcatala\/wp-json\/wp\/v2\/users\/1"}],"replies":[{"embeddable":true,"href":"https:\/\/agora.xtec.cat\/ceipvictorcatala\/wp-json\/wp\/v2\/comments?post=600"}],"version-history":[{"count":7,"href":"https:\/\/agora.xtec.cat\/ceipvictorcatala\/wp-json\/wp\/v2\/pages\/600\/revisions"}],"predecessor-version":[{"id":6080,"href":"https:\/\/agora.xtec.cat\/ceipvictorcatala\/wp-json\/wp\/v2\/pages\/600\/revisions\/6080"}],"wp:attachment":[{"href":"https:\/\/agora.xtec.cat\/ceipvictorcatala\/wp-json\/wp\/v2\/media?parent=600"}],"curies":[{"name":"wp","href":"https:\/\/api.w.org\/{rel}","templated":true}]}}