{"id":538,"date":"2018-08-23T18:09:04","date_gmt":"2018-08-23T16:09:04","guid":{"rendered":"http:\/\/agora.xtec.cat\/ceipvictorcatala\/?page_id=538"},"modified":"2024-02-20T13:43:06","modified_gmt":"2024-02-20T12:43:06","slug":"linia-pedaagogica","status":"publish","type":"page","link":"https:\/\/agora.xtec.cat\/ceipvictorcatala\/lescola\/innovacio\/linia-pedaagogica\/","title":{"rendered":"L\u00ednia pedag\u00f2gica"},"content":{"rendered":"<p><strong>Bases del model educatiu:<\/strong><\/p>\n<p>La nostra escola pret\u00e9n proporcionar una educaci\u00f3 integral, d&#8217;una forma inclusiva que permeti la socialitzaci\u00f3 de l&#8217;alumnat; establint una relaci\u00f3 positiva entre els diferents membres de la comunitat educativa, respectant la diversitat, desenvolupant el coneixement i el sentit de pertinen\u00e7a a la nostra comunitat.<\/p>\n<p>Fomentem la curiositat del nostre alumnat envers el m\u00f3n i les ganes d&#8217;aprendre, potenciant l&#8217;esfor\u00e7, la responsabilitat, l&#8217;autonomia, la cooperaci\u00f3 i l&#8217;aprenentatge entre iguals.<\/p>\n<p>Fomentem la participaci\u00f3 de l&#8217;alumnat en la vida di\u00e0ria i en les tasques col\u00b7lectives del centre.<\/p>\n<p>Formem nois i noies capa\u00e7os de participar de manera aut\u00f2noma, cr\u00edtica i responsable en la societat, tenint en compte els valors democr\u00e0tics.<\/p>\n<p><strong>Objectius educatius prioritaris:<\/strong><\/p>\n<p>El nostre projecte educatiu potencia:<\/p>\n<ul>\n<li>La compet\u00e8ncia comunicativa en catal\u00e0, castell\u00e0 i angl\u00e8s.<\/li>\n<li>La compet\u00e8ncia art\u00edstica: el coneixement i la comprensi\u00f3 de diferents manifestacions culturals i art\u00edstiques com a font d&#8217;enriquiment personal i social. La m\u00fasica i la dansa s\u00f3n presents en la vida de centre escolar.<\/li>\n<li>La compet\u00e8ncia social i ciutadana: fem que el nostre alumnat conegui el seu entorn i sigui capa\u00e7 de respectar-lo i interaccionar de manera participativa i cr\u00edtica.<\/li>\n<li>La compet\u00e8ncia digital: l&#8217;alumnat ha de ser competent i adquirir les destreses i habilitats necess\u00e0ries per al seu domini. Han de ser capa\u00e7os de gestionar el bloc de l&#8217;aula.<\/li>\n<li>La compet\u00e8ncia d&#8217;autonomia i d&#8217;iniciativa personal: l&#8217;escola fomenta els valors de conviv\u00e8ncia dins la pluralitat de l&#8217;alumnat, la conscienciaci\u00f3 per la pertinen\u00e7a a l&#8217;escola, el treball cooperatiu i la participaci\u00f3.<\/li>\n<\/ul>\n<p><strong>Criteris d&#8217;organitzaci\u00f3 pedag\u00f2gica<\/strong><\/p>\n<p>El centre pret\u00e9n atendre a tot l&#8217;alumnat de manera inclusiva. Per poder dur-ho a la pr\u00e0ctica s&#8217;han organitzat diferents metodologies amb dos mestres a l&#8217;aula en algunes franges hor\u00e0ries:<\/p>\n<p>Educaci\u00f3 Prim\u00e0ria:<\/p>\n<ul>\n<li>\u00a0Propostes\u00a0 de 1r a 5\u00e8 Cicle Inicial: matem\u00e0tiques, lleng\u00fces, digital i art\u00edstic.<\/li>\n<li>\u00a0Treball diferenciat de llengua i matem\u00e0tiques a 6\u00e8.<\/li>\n<li>\u00a0Tallers art\u00edstics de medi.<\/li>\n<li>\u00a0Escacs a 4t.<\/li>\n<li>\u00a0Angl\u00e8s: desdoblament a 1r, 2n, 4t, 5\u00e8 i 6\u00e8 i a 3r treball diferenciat.<\/li>\n<li>\u00a0Comissions amb participaci\u00f3 de l&#8217;alumnat en horari lectiu.<\/li>\n<li>\u00a0Projectes.<\/li>\n<\/ul>\n<p>Educaci\u00f3 Infantil:<\/p>\n<ul>\n<li>Espais: joc i moviment, llum i color, creatiu i art\u00edstic, joc simb\u00f2lic, construccions, natura i miniatures.<\/li>\n<li>Propostes: matem\u00e0tiques, llengua, digital, art\u00edstic.<\/li>\n<li>Tallers.<\/li>\n<li>Angl\u00e8s des de I3.<\/li>\n<li>Psicomotricitat desdoblament<\/li>\n<li>L&#8217;espai del conte<\/li>\n<li>Mindfulness<\/li>\n<\/ul>\n","protected":false},"excerpt":{"rendered":"<p>Bases del model educatiu: La nostra escola pret\u00e9n proporcionar una educaci\u00f3 integral, d&#8217;una forma inclusiva que permeti la socialitzaci\u00f3 de l&#8217;alumnat; establint una relaci\u00f3 positiva entre els diferents membres de la comunitat educativa, respectant la diversitat, desenvolupant el coneixement i el sentit de pertinen\u00e7a a la nostra comunitat. Fomentem la curiositat del nostre alumnat envers [&hellip;]<\/p>\n","protected":false},"author":1,"featured_media":0,"parent":34,"menu_order":40,"comment_status":"closed","ping_status":"closed","template":"page-templates\/side-menu.php","meta":{"_bbp_topic_count":0,"_bbp_reply_count":0,"_bbp_total_topic_count":0,"_bbp_total_reply_count":0,"_bbp_voice_count":0,"_bbp_anonymous_reply_count":0,"_bbp_topic_count_hidden":0,"_bbp_reply_count_hidden":0,"_bbp_forum_subforum_count":0,"site-sidebar-layout":"default","site-content-layout":"","ast-site-content-layout":"","site-content-style":"default","site-sidebar-style":"default","ast-global-header-display":"","ast-banner-title-visibility":"","ast-main-header-display":"","ast-hfb-above-header-display":"","ast-hfb-below-header-display":"","ast-hfb-mobile-header-display":"","site-post-title":"","ast-breadcrumbs-content":"","ast-featured-img":"","footer-sml-layout":"","theme-transparent-header-meta":"","adv-header-id-meta":"","stick-header-meta":"","header-above-stick-meta":"","header-main-stick-meta":"","header-below-stick-meta":"","astra-migrate-meta-layouts":"default","ast-page-background-enabled":"default","ast-page-background-meta":{"desktop":{"background-color":"var(--ast-global-color-4)","background-image":"","background-repeat":"repeat","background-position":"center center","background-size":"auto","background-attachment":"scroll","background-type":"","background-media":"","overlay-type":"","overlay-color":"","overlay-opacity":"","overlay-gradient":""},"tablet":{"background-color":"","background-image":"","background-repeat":"repeat","background-position":"center center","background-size":"auto","background-attachment":"scroll","background-type":"","background-media":"","overlay-type":"","overlay-color":"","overlay-opacity":"","overlay-gradient":""},"mobile":{"background-color":"","background-image":"","background-repeat":"repeat","background-position":"center center","background-size":"auto","background-attachment":"scroll","background-type":"","background-media":"","overlay-type":"","overlay-color":"","overlay-opacity":"","overlay-gradient":""}},"ast-content-background-meta":{"desktop":{"background-color":"var(--ast-global-color-5)","background-image":"","background-repeat":"repeat","background-position":"center center","background-size":"auto","background-attachment":"scroll","background-type":"","background-media":"","overlay-type":"","overlay-color":"","overlay-opacity":"","overlay-gradient":""},"tablet":{"background-color":"var(--ast-global-color-5)","background-image":"","background-repeat":"repeat","background-position":"center center","background-size":"auto","background-attachment":"scroll","background-type":"","background-media":"","overlay-type":"","overlay-color":"","overlay-opacity":"","overlay-gradient":""},"mobile":{"background-color":"var(--ast-global-color-5)","background-image":"","background-repeat":"repeat","background-position":"center center","background-size":"auto","background-attachment":"scroll","background-type":"","background-media":"","overlay-type":"","overlay-color":"","overlay-opacity":"","overlay-gradient":""}},"footnotes":""},"class_list":["post-538","page","type-page","status-publish","hentry"],"post_mailing_queue_ids":[],"_links":{"self":[{"href":"https:\/\/agora.xtec.cat\/ceipvictorcatala\/wp-json\/wp\/v2\/pages\/538","targetHints":{"allow":["GET"]}}],"collection":[{"href":"https:\/\/agora.xtec.cat\/ceipvictorcatala\/wp-json\/wp\/v2\/pages"}],"about":[{"href":"https:\/\/agora.xtec.cat\/ceipvictorcatala\/wp-json\/wp\/v2\/types\/page"}],"author":[{"embeddable":true,"href":"https:\/\/agora.xtec.cat\/ceipvictorcatala\/wp-json\/wp\/v2\/users\/1"}],"replies":[{"embeddable":true,"href":"https:\/\/agora.xtec.cat\/ceipvictorcatala\/wp-json\/wp\/v2\/comments?post=538"}],"version-history":[{"count":4,"href":"https:\/\/agora.xtec.cat\/ceipvictorcatala\/wp-json\/wp\/v2\/pages\/538\/revisions"}],"predecessor-version":[{"id":4916,"href":"https:\/\/agora.xtec.cat\/ceipvictorcatala\/wp-json\/wp\/v2\/pages\/538\/revisions\/4916"}],"up":[{"embeddable":true,"href":"https:\/\/agora.xtec.cat\/ceipvictorcatala\/wp-json\/wp\/v2\/pages\/34"}],"wp:attachment":[{"href":"https:\/\/agora.xtec.cat\/ceipvictorcatala\/wp-json\/wp\/v2\/media?parent=538"}],"curies":[{"name":"wp","href":"https:\/\/api.w.org\/{rel}","templated":true}]}}