{"id":536,"date":"2018-08-23T18:08:16","date_gmt":"2018-08-23T16:08:16","guid":{"rendered":"http:\/\/agora.xtec.cat\/ceipvictorcatala\/?page_id=536"},"modified":"2024-01-18T16:55:06","modified_gmt":"2024-01-18T15:55:06","slug":"consell-escolar","status":"publish","type":"page","link":"https:\/\/agora.xtec.cat\/ceipvictorcatala\/lescola\/consell-escolar\/","title":{"rendered":"Consell escolar"},"content":{"rendered":"<h4><strong>Funcions del Consell Escolar:<\/strong><\/h4>\n<div><span style=\"font-family: 'trebuchet ms', sans-serif; font-size: medium;\">\u00c9s l&#8217;\u00f2rgan de participaci\u00f3 de la comunitat escolar en el govern del centre.<\/span><\/div>\n<ul>\n<li><span style=\"font-family: 'trebuchet ms', sans-serif; font-size: medium;\">Corresponen al consell escolar les funcions seg\u00fcents:<\/span><\/li>\n<li><span style=\"font-family: 'trebuchet ms', sans-serif; font-size: medium;\">Intervenir en la designaci\u00f3 i el cessament del director o directora del centre, en els termes establerts en la legislaci\u00f3 org\u00e0nica\u00a0<\/span><span style=\"font-family: 'trebuchet ms', sans-serif; font-size: medium;\">en aquesta mat\u00e8ria.<\/span><\/li>\n<li><span style=\"font-family: 'trebuchet ms', sans-serif; font-size: medium;\">Participar en el proc\u00e9s d&#8217;admissi\u00f3 dels alumnes i garantir el compliment de les normes que el regulen.<\/span><\/li>\n<li><span style=\"font-family: 'trebuchet ms', sans-serif; font-size: medium;\">Aprovar, a proposta del titular o la titular del centre, la sol\u00b7licitud d&#8217;autoritzaci\u00f3 de percepcions per les activitats\u00a0<\/span><span style=\"font-family: 'trebuchet ms', sans-serif; font-size: medium;\">complement\u00e0ries, extraescolars i els serveis escolars establerts legalment.<br \/>\nAprovar el projecte de pressupost del centre i la seva liquidaci\u00f3. \u00a0\u00a0\u00a0\u00a0\u00a0<\/span><\/li>\n<li><span style=\"font-family: 'trebuchet ms', sans-serif; font-size: medium;\">Con\u00e8ixer la resoluci\u00f3 de conflictes escolars i vetllar perqu\u00e8 s&#8217;ajusti a la normativa vigent.<\/span><\/li>\n<li><span style=\"font-family: 'trebuchet ms', sans-serif; font-size: medium;\">Aprovar les decisions pertinents sobre l&#8217;estructura organitzativa i les normes d&#8217;organitzaci\u00f3 i funcionament del centre.<\/span><\/li>\n<li><span style=\"font-family: 'trebuchet ms', sans-serif; font-size: medium;\">Participar en l&#8217;aplicaci\u00f3 de la l\u00ednia pedag\u00f2gica general del centre.<\/span><\/li>\n<li><span style=\"font-family: 'trebuchet ms', sans-serif; font-size: medium;\">Aprovar la programaci\u00f3 general anual del centre i participar en la supervisi\u00f3 i avaluaci\u00f3 del desenvolupament d&#8217;aquesta\u00a0<\/span><span style=\"font-family: 'trebuchet ms', sans-serif; font-size: medium;\">programaci\u00f3.<\/span><\/li>\n<li><span style=\"font-family: 'trebuchet ms', sans-serif; font-size: medium;\">Aprovar els criteris de col\u00b7laboraci\u00f3 amb altres centres i amb l&#8217;entorn del centre, i a proposta del titular o la titular del centre,\u00a0<\/span><span style=\"font-family: 'trebuchet ms', sans-serif; font-size: medium;\">aprovar els acords de coresponsabilitat i de subscripci\u00f3 de contractes programa i avaluar-ne l&#8217;aplicaci\u00f3.<br \/>\n<\/span><\/li>\n<\/ul>\n<h4><strong>Membres del Consell Escolar:<\/strong><\/h4>\n<p><span style=\"font-family: 'trebuchet ms', sans-serif; font-size: medium;\"><b>Presidenta:<\/b> M\u00aa Pilar Guti\u00e9rrez<\/span><\/p>\n<p><span style=\"font-family: 'trebuchet ms', sans-serif; font-size: medium;\"><b>Secret\u00e0ria:\u00a0<\/b>Vanesa Rodr\u00edguez\u00a0<\/span><\/p>\n<p><span style=\"font-family: 'trebuchet ms', sans-serif; font-size: medium;\"><b>Cap d&#8217;estudis:\u00a0<\/b>Lourdes Aloc\u00e9n\u00a0<\/span><\/p>\n<p><b>Sector mestres:<\/b><\/p>\n<p>Encarna Hern\u00e1ndez, Montse Puig, Rebeca Alcampel<\/p>\n<p><b>Sector fam\u00edlies:<\/b><\/p>\n<p>Iv\u00e1n Bravo, Beatriz de Castro, J\u00e9ssica Mart\u00ednez, Gemma Reviriego, J\u00e9ssica Hern\u00e1ndez, Mercedes Ru\u00edz<\/p>\n<p><b>Representant AFA: <\/b><\/p>\n<p>Neus Gonz\u00e1lez<\/p>\n<p><b>Representant Ajuntament:<\/b><\/p>\n<p>Adolf Jos\u00e9 Fern\u00e1ndez<\/p>\n<p><b>Representant PAS:<\/b><\/p>\n<p>Conxi Pascual<\/p>\n<p><b>Representant PAE:<\/b><\/p>\n<p>Ani M\u00aa Gil<\/p>\n<h4><strong>Comissions:<\/strong><\/h4>\n<ul style=\"list-style-type: disc;\">\n<li><span style=\"font-family: 'trebuchet ms', sans-serif; font-size: medium;\"><strong>Permanent<\/strong>: Equip directiu, Encarna Hern\u00e1ndez, Adolf Jos\u00e9 Fern\u00e1ndez, J\u00e9ssica Mart\u00ednez<\/span><\/li>\n<li><strong><span style=\"font-family: 'trebuchet ms', sans-serif; font-size: medium;\">C<\/span><\/strong><span style=\"font-family: 'trebuchet ms', sans-serif; font-size: medium;\"><strong>onviv\u00e8ncia<\/strong>: Equip directiu, Montse Puig, Beatriz de Castro, Neus Gonz\u00e1lez, Rebeca Alcampel<\/span><\/li>\n<li><strong>Coeducaci\u00f3:<\/strong> <span style=\"font-family: 'trebuchet ms', sans-serif; font-size: medium;\">Equip directiu, J\u00e9ssica Mart\u00ednez,J\u00e9ssica Hern\u00e1ndez,Gemma Reviriego, Ani M\u00aa Gil<\/span><\/li>\n<li><span style=\"font-family: trebuchet ms, sans-serif; font-size: medium;\"><strong>Econ\u00f2mica<\/strong>:\u00a0 <span style=\"font-family: 'trebuchet ms', sans-serif; font-size: medium;\">Vanesa Rodr\u00edguez<\/span>, <span style=\"font-family: 'trebuchet ms', sans-serif; font-size: medium;\">M\u00aa Pilar Guti\u00e9rrez, Rebeca Alcampel , Iv\u00e1n Bravo<\/span><\/span><\/li>\n<\/ul>\n<h4>Resum Actes:<\/h4>\n<ul style=\"list-style-type: circle;\">\n<li><a href=\"https:\/\/agora.xtec.cat\/ceipvictorcatala\/wp-content\/uploads\/usu1671\/2021\/03\/ACORDS-CONSELL-.pdf\">Curs 2020-2021<\/a><\/li>\n<li><a href=\"https:\/\/agora.xtec.cat\/ceipvictorcatala\/wp-content\/uploads\/usu1671\/2022\/06\/RESUM-ACORDS-21-22-1.pdf\">Curs 2021-2022 <\/a><\/li>\n<\/ul>\n<p><a href=\"https:\/\/agora.xtec.cat\/ceipvictorcatala\/wp-content\/uploads\/usu1671\/2021\/03\/Carta-Ajuntament.pdf\">Carta enviada a l&#8217; Ajuntament Nou Barris<\/a><\/p>\n","protected":false},"excerpt":{"rendered":"<p>Funcions del Consell Escolar: \u00c9s l&#8217;\u00f2rgan de participaci\u00f3 de la comunitat escolar en el govern del centre. Corresponen al consell escolar les funcions seg\u00fcents: Intervenir en la designaci\u00f3 i el cessament del director o directora del centre, en els termes establerts en la legislaci\u00f3 org\u00e0nica\u00a0en aquesta mat\u00e8ria. Participar en el proc\u00e9s d&#8217;admissi\u00f3 dels alumnes i [&hellip;]<\/p>\n","protected":false},"author":1,"featured_media":0,"parent":22,"menu_order":70,"comment_status":"closed","ping_status":"closed","template":"page-templates\/side-menu.php","meta":{"_bbp_topic_count":0,"_bbp_reply_count":0,"_bbp_total_topic_count":0,"_bbp_total_reply_count":0,"_bbp_voice_count":0,"_bbp_anonymous_reply_count":0,"_bbp_topic_count_hidden":0,"_bbp_reply_count_hidden":0,"_bbp_forum_subforum_count":0,"site-sidebar-layout":"default","site-content-layout":"","ast-site-content-layout":"","site-content-style":"default","site-sidebar-style":"default","ast-global-header-display":"","ast-banner-title-visibility":"","ast-main-header-display":"","ast-hfb-above-header-display":"","ast-hfb-below-header-display":"","ast-hfb-mobile-header-display":"","site-post-title":"","ast-breadcrumbs-content":"","ast-featured-img":"","footer-sml-layout":"","theme-transparent-header-meta":"","adv-header-id-meta":"","stick-header-meta":"","header-above-stick-meta":"","header-main-stick-meta":"","header-below-stick-meta":"","astra-migrate-meta-layouts":"default","ast-page-background-enabled":"default","ast-page-background-meta":{"desktop":{"background-color":"var(--ast-global-color-4)","background-image":"","background-repeat":"repeat","background-position":"center center","background-size":"auto","background-attachment":"scroll","background-type":"","background-media":"","overlay-type":"","overlay-color":"","overlay-opacity":"","overlay-gradient":""},"tablet":{"background-color":"","background-image":"","background-repeat":"repeat","background-position":"center center","background-size":"auto","background-attachment":"scroll","background-type":"","background-media":"","overlay-type":"","overlay-color":"","overlay-opacity":"","overlay-gradient":""},"mobile":{"background-color":"","background-image":"","background-repeat":"repeat","background-position":"center center","background-size":"auto","background-attachment":"scroll","background-type":"","background-media":"","overlay-type":"","overlay-color":"","overlay-opacity":"","overlay-gradient":""}},"ast-content-background-meta":{"desktop":{"background-color":"var(--ast-global-color-5)","background-image":"","background-repeat":"repeat","background-position":"center center","background-size":"auto","background-attachment":"scroll","background-type":"","background-media":"","overlay-type":"","overlay-color":"","overlay-opacity":"","overlay-gradient":""},"tablet":{"background-color":"var(--ast-global-color-5)","background-image":"","background-repeat":"repeat","background-position":"center center","background-size":"auto","background-attachment":"scroll","background-type":"","background-media":"","overlay-type":"","overlay-color":"","overlay-opacity":"","overlay-gradient":""},"mobile":{"background-color":"var(--ast-global-color-5)","background-image":"","background-repeat":"repeat","background-position":"center center","background-size":"auto","background-attachment":"scroll","background-type":"","background-media":"","overlay-type":"","overlay-color":"","overlay-opacity":"","overlay-gradient":""}},"footnotes":""},"class_list":["post-536","page","type-page","status-publish","hentry"],"post_mailing_queue_ids":[],"_links":{"self":[{"href":"https:\/\/agora.xtec.cat\/ceipvictorcatala\/wp-json\/wp\/v2\/pages\/536","targetHints":{"allow":["GET"]}}],"collection":[{"href":"https:\/\/agora.xtec.cat\/ceipvictorcatala\/wp-json\/wp\/v2\/pages"}],"about":[{"href":"https:\/\/agora.xtec.cat\/ceipvictorcatala\/wp-json\/wp\/v2\/types\/page"}],"author":[{"embeddable":true,"href":"https:\/\/agora.xtec.cat\/ceipvictorcatala\/wp-json\/wp\/v2\/users\/1"}],"replies":[{"embeddable":true,"href":"https:\/\/agora.xtec.cat\/ceipvictorcatala\/wp-json\/wp\/v2\/comments?post=536"}],"version-history":[{"count":5,"href":"https:\/\/agora.xtec.cat\/ceipvictorcatala\/wp-json\/wp\/v2\/pages\/536\/revisions"}],"predecessor-version":[{"id":4734,"href":"https:\/\/agora.xtec.cat\/ceipvictorcatala\/wp-json\/wp\/v2\/pages\/536\/revisions\/4734"}],"up":[{"embeddable":true,"href":"https:\/\/agora.xtec.cat\/ceipvictorcatala\/wp-json\/wp\/v2\/pages\/22"}],"wp:attachment":[{"href":"https:\/\/agora.xtec.cat\/ceipvictorcatala\/wp-json\/wp\/v2\/media?parent=536"}],"curies":[{"name":"wp","href":"https:\/\/api.w.org\/{rel}","templated":true}]}}