{"id":3642,"date":"2022-02-23T17:14:50","date_gmt":"2022-02-23T16:14:50","guid":{"rendered":"https:\/\/agora.xtec.cat\/ceipvictorcatala\/?page_id=3642"},"modified":"2024-02-21T16:32:35","modified_gmt":"2024-02-21T15:32:35","slug":"innovamat","status":"publish","type":"page","link":"https:\/\/agora.xtec.cat\/ceipvictorcatala\/lescola\/innovacio\/projectes\/innovamat\/","title":{"rendered":"Innovamat"},"content":{"rendered":"<p><span style=\"font-weight: 400;\">Amb el projecte Innovamat apostem per un\u00a0<\/span><b>aprenentatge competencial i amb sentit did\u00e0ctic dels conceptes matem\u00e0tics.<\/b><\/p>\n<p><span style=\"font-weight: 400;\">L\u2019aula de matem\u00e0tiques ha de ser un entorn inspirador que el convidi a aprendre i a desenvolupar tot el seu potencial.\u00a0<\/span><\/p>\n<p><span style=\"font-weight: 400;\">I per aconseguir-ho ser\u00e0 clau:\u00a0\u00a0\u00a0\u00a0\u00a0\u00a0\u00a0\u00a0\u00a0\u00a0\u00a0\u00a0\u00a0\u00a0\u00a0\u00a0\u00a0\u00a0\u00a0\u00a0\u00a0\u00a0\u00a0\u00a0\u00a0\u00a0\u00a0\u00a0\u00a0\u00a0\u00a0\u00a0<\/span><\/p>\n<p><span style=\"font-weight: 400;\">Fomentar la reflexi\u00f3, la creativitat i l\u2019amor per les matem\u00e0tiques.<\/span><\/p>\n<p><span style=\"font-weight: 400;\">Respectar els diferents ritmes d\u2019aprenentatge dels nens i les nenes.<\/span><\/p>\n<p><span style=\"font-weight: 400;\">Donar valor als processos matem\u00e0tics: resoldre problemes, raonar, connectar, comunicar-se i representar, sense oblidar els continguts.<\/span><\/p>\n<p><span style=\"font-weight: 400;\">COM TREBALLEM LES MATEM\u00c0TIQUES??<\/span><\/p>\n<p><span style=\"font-weight: 400;\">Innovamat \u00e9s una metodologia per\u00a0<\/span><b>emocionar, estimular i motivar a l\u2019alumnat<\/b><span style=\"font-weight: 400;\">\u00a0en l\u2019\u00e0mbit matem\u00e0tic. Els materials posen a l\u2019infant al centre del seu propi proc\u00e9s d\u2019ensenyament-aprenentatge i li permeten desenvolupar l\u2019autonomia i el pensament cr\u00edtic. Es treballa amb\u00a0<\/span><b>material manipulatiu i tauletes digitals<\/b><span style=\"font-weight: 400;\">\u00a0de forma individual,\u00a0<\/span><b>respectant el ritme d\u2019aprenentatge de cada infant.\u00a0<\/b><\/p>\n<p><b>Construcci\u00f3 del coneixement<\/b><\/p>\n<p><span style=\"font-weight: 400;\">Partint del\u00a0<\/span><b>di\u00e0leg matem\u00e0tic i la manipulaci\u00f3<\/b><span style=\"font-weight: 400;\">, aconseguim que els infants aprenguin els continguts i desenvolupin la seva compet\u00e8ncia matem\u00e0tica.<\/span><\/p>\n<ol>\n<li><b> Introdu\u00efm<\/b><span style=\"font-weight: 400;\"><br \/>\n<\/span><span style=\"font-weight: 400;\">Presentem els conceptes mitjan\u00e7ant preguntes i el joc. Generem situacions que desperten la seva curiositat i les ganes d\u2019aprendre.<\/span><\/li>\n<li><b> Desenvolupem<\/b><span style=\"font-weight: 400;\"><br \/>\n<\/span><span style=\"font-weight: 400;\">Aprofundim en les estrat\u00e8gies mitjan\u00e7ant el di\u00e0leg i la manipulaci\u00f3. Fomentem el descobriment i l\u2019intercanvi d\u2019experi\u00e8ncies.<\/span><\/li>\n<li><b> Enregistrem<\/b><span style=\"font-weight: 400;\"><br \/>\n<\/span><span style=\"font-weight: 400;\">Deixem const\u00e0ncia per escrit i de forma individual de les estrat\u00e8gies descobertes mitjan\u00e7ant activitats que incentiven el seu \u00fas.<\/span><\/li>\n<\/ol>\n<p><b>Pr\u00e0ctica sistem\u00e0tica<\/b><\/p>\n<p><span style=\"font-weight: 400;\">Amb l\u2019ajuda de l\u2019aplicaci\u00f3\u00a0<\/span><b>Innovapp<\/b><span style=\"font-weight: 400;\">\u00a0els i les alumnes posen en pr\u00e0ctica i consoliden el coneixement adquirit durant les din\u00e0miques de construcci\u00f3 del coneixement.<\/span><\/p>\n<p><span style=\"font-weight: 400;\">Adaptativa<\/span><\/p>\n<p><span style=\"font-weight: 400;\">Permet que cadasc\u00fa practiqui al seu ritme i en funci\u00f3 de la seva evoluci\u00f3.<\/span><\/p>\n<p><span style=\"font-weight: 400;\">Gamificada<\/span><\/p>\n<p><span style=\"font-weight: 400;\">Motiva l\u2019alumnat, que construeix el seu propi m\u00f3n de fantasia.<\/span><\/p>\n<p><span style=\"font-weight: 400;\"> \r\n\t<div class=\"slideshow_container slideshow_container_style-light\" style=\"height: 400px; \" data-slideshow-id=\"5043\" data-style-name=\"style-light\" data-style-version=\"2.3.1\" >\r\n\r\n\t\t\t\t\t<div class=\"slideshow_loading_icon\"><\/div>\r\n\t\t\r\n\t\t<div class=\"slideshow_content\" style=\"display: none;\">\r\n\r\n\t\t\t<div class=\"slideshow_view\">\r\n\t\t\t\t<div class=\"slideshow_slide slideshow_slide_image\">\r\n\t\t\t\t\t\t\t\t\t\t\t<img src=\"https:\/\/agora.xtec.cat\/ceipvictorcatala\/wp-content\/uploads\/usu1671\/2024\/02\/Innovamat-3.jpeg\" alt=\"Innovamat (3)\" width=\"2016\" height=\"930\" \/>\r\n\t\t\t\t\t\t\t\t\t\t<div class=\"slideshow_description_box slideshow_transparent\">\r\n\t\t\t\t\t\t<div class=\"slideshow_title\">Innovamat (3)<\/div>\t\t\t\t\t\t\t\t\t\t\t<\/div>\r\n\t\t\t\t<\/div>\r\n\r\n\t\t\t\t\t\t<div style=\"clear: both;\"><\/div><\/div><div class=\"slideshow_view\">\r\n\t\t\t\t<div class=\"slideshow_slide slideshow_slide_image\">\r\n\t\t\t\t\t\t\t\t\t\t\t<img src=\"https:\/\/agora.xtec.cat\/ceipvictorcatala\/wp-content\/uploads\/usu1671\/2024\/02\/Innovamat-2.jpeg\" alt=\"Innovamat (2)\" width=\"2016\" height=\"930\" \/>\r\n\t\t\t\t\t\t\t\t\t\t<div class=\"slideshow_description_box slideshow_transparent\">\r\n\t\t\t\t\t\t<div class=\"slideshow_title\">Innovamat (2)<\/div>\t\t\t\t\t\t\t\t\t\t\t<\/div>\r\n\t\t\t\t<\/div>\r\n\r\n\t\t\t\t\t\t<div style=\"clear: both;\"><\/div><\/div><div class=\"slideshow_view\">\r\n\t\t\t\t<div class=\"slideshow_slide slideshow_slide_image\">\r\n\t\t\t\t\t\t\t\t\t\t\t<img src=\"https:\/\/agora.xtec.cat\/ceipvictorcatala\/wp-content\/uploads\/usu1671\/2024\/02\/Innovamat-1.jpeg\" alt=\"Innovamat (1)\" width=\"2016\" height=\"930\" \/>\r\n\t\t\t\t\t\t\t\t\t\t<div class=\"slideshow_description_box slideshow_transparent\">\r\n\t\t\t\t\t\t<div class=\"slideshow_title\">Innovamat (1)<\/div>\t\t\t\t\t\t\t\t\t\t\t<\/div>\r\n\t\t\t\t<\/div>\r\n\r\n\t\t\t\t\t\t<div style=\"clear: both;\"><\/div><\/div>\r\n\t\t<\/div>\r\n\r\n\t\t<div class=\"slideshow_controlPanel slideshow_transparent\" style=\"display: none;\"><ul><li class=\"slideshow_togglePlay\" data-play-text=\"Visualitza\" data-pause-text=\"Pausa\"><\/li><\/ul><\/div>\r\n\r\n\t\t<div class=\"slideshow_button slideshow_previous slideshow_transparent\" role=\"button\" data-previous-text=\"Anterior\" style=\"display: none;\"><\/div>\r\n\t\t<div class=\"slideshow_button slideshow_next slideshow_transparent\" role=\"button\" data-next-text=\"Seg\u00fcent\" style=\"display: none;\"><\/div>\r\n\r\n\t\t<div class=\"slideshow_pagination\" style=\"display: none;\" data-go-to-text=\"V\u00e9s a la diapositiva\"><div class=\"slideshow_pagination_center\"><\/div><\/div>\r\n\r\n\t\t<!-- WordPress Slideshow Version 2.3.1 -->\r\n\r\n\t\t\t<\/div>\r\n\r\n<br \/>\n<\/span><\/p>\n","protected":false},"excerpt":{"rendered":"<p>Amb el projecte Innovamat apostem per un\u00a0aprenentatge competencial i amb sentit did\u00e0ctic dels conceptes matem\u00e0tics. L\u2019aula de matem\u00e0tiques ha de ser un entorn inspirador que el convidi a aprendre i a desenvolupar tot el seu potencial.\u00a0 I per aconseguir-ho ser\u00e0 clau:\u00a0\u00a0\u00a0\u00a0\u00a0\u00a0\u00a0\u00a0\u00a0\u00a0\u00a0\u00a0\u00a0\u00a0\u00a0\u00a0\u00a0\u00a0\u00a0\u00a0\u00a0\u00a0\u00a0\u00a0\u00a0\u00a0\u00a0\u00a0\u00a0\u00a0\u00a0\u00a0 Fomentar la reflexi\u00f3, la creativitat i l\u2019amor per les matem\u00e0tiques. Respectar els diferents ritmes [&hellip;]<\/p>\n","protected":false},"author":1,"featured_media":0,"parent":475,"menu_order":0,"comment_status":"closed","ping_status":"closed","template":"","meta":{"_bbp_topic_count":0,"_bbp_reply_count":0,"_bbp_total_topic_count":0,"_bbp_total_reply_count":0,"_bbp_voice_count":0,"_bbp_anonymous_reply_count":0,"_bbp_topic_count_hidden":0,"_bbp_reply_count_hidden":0,"_bbp_forum_subforum_count":0,"site-sidebar-layout":"default","site-content-layout":"","ast-site-content-layout":"","site-content-style":"default","site-sidebar-style":"default","ast-global-header-display":"","ast-banner-title-visibility":"","ast-main-header-display":"","ast-hfb-above-header-display":"","ast-hfb-below-header-display":"","ast-hfb-mobile-header-display":"","site-post-title":"","ast-breadcrumbs-content":"","ast-featured-img":"","footer-sml-layout":"","theme-transparent-header-meta":"","adv-header-id-meta":"","stick-header-meta":"","header-above-stick-meta":"","header-main-stick-meta":"","header-below-stick-meta":"","astra-migrate-meta-layouts":"default","ast-page-background-enabled":"default","ast-page-background-meta":{"desktop":{"background-color":"var(--ast-global-color-4)","background-image":"","background-repeat":"repeat","background-position":"center center","background-size":"auto","background-attachment":"scroll","background-type":"","background-media":"","overlay-type":"","overlay-color":"","overlay-opacity":"","overlay-gradient":""},"tablet":{"background-color":"","background-image":"","background-repeat":"repeat","background-position":"center center","background-size":"auto","background-attachment":"scroll","background-type":"","background-media":"","overlay-type":"","overlay-color":"","overlay-opacity":"","overlay-gradient":""},"mobile":{"background-color":"","background-image":"","background-repeat":"repeat","background-position":"center center","background-size":"auto","background-attachment":"scroll","background-type":"","background-media":"","overlay-type":"","overlay-color":"","overlay-opacity":"","overlay-gradient":""}},"ast-content-background-meta":{"desktop":{"background-color":"var(--ast-global-color-5)","background-image":"","background-repeat":"repeat","background-position":"center center","background-size":"auto","background-attachment":"scroll","background-type":"","background-media":"","overlay-type":"","overlay-color":"","overlay-opacity":"","overlay-gradient":""},"tablet":{"background-color":"var(--ast-global-color-5)","background-image":"","background-repeat":"repeat","background-position":"center center","background-size":"auto","background-attachment":"scroll","background-type":"","background-media":"","overlay-type":"","overlay-color":"","overlay-opacity":"","overlay-gradient":""},"mobile":{"background-color":"var(--ast-global-color-5)","background-image":"","background-repeat":"repeat","background-position":"center center","background-size":"auto","background-attachment":"scroll","background-type":"","background-media":"","overlay-type":"","overlay-color":"","overlay-opacity":"","overlay-gradient":""}},"footnotes":""},"class_list":["post-3642","page","type-page","status-publish","hentry"],"post_mailing_queue_ids":[],"_links":{"self":[{"href":"https:\/\/agora.xtec.cat\/ceipvictorcatala\/wp-json\/wp\/v2\/pages\/3642","targetHints":{"allow":["GET"]}}],"collection":[{"href":"https:\/\/agora.xtec.cat\/ceipvictorcatala\/wp-json\/wp\/v2\/pages"}],"about":[{"href":"https:\/\/agora.xtec.cat\/ceipvictorcatala\/wp-json\/wp\/v2\/types\/page"}],"author":[{"embeddable":true,"href":"https:\/\/agora.xtec.cat\/ceipvictorcatala\/wp-json\/wp\/v2\/users\/1"}],"replies":[{"embeddable":true,"href":"https:\/\/agora.xtec.cat\/ceipvictorcatala\/wp-json\/wp\/v2\/comments?post=3642"}],"version-history":[{"count":2,"href":"https:\/\/agora.xtec.cat\/ceipvictorcatala\/wp-json\/wp\/v2\/pages\/3642\/revisions"}],"predecessor-version":[{"id":5047,"href":"https:\/\/agora.xtec.cat\/ceipvictorcatala\/wp-json\/wp\/v2\/pages\/3642\/revisions\/5047"}],"up":[{"embeddable":true,"href":"https:\/\/agora.xtec.cat\/ceipvictorcatala\/wp-json\/wp\/v2\/pages\/475"}],"wp:attachment":[{"href":"https:\/\/agora.xtec.cat\/ceipvictorcatala\/wp-json\/wp\/v2\/media?parent=3642"}],"curies":[{"name":"wp","href":"https:\/\/api.w.org\/{rel}","templated":true}]}}