{"id":3281,"date":"2021-10-03T22:50:58","date_gmt":"2021-10-03T20:50:58","guid":{"rendered":"https:\/\/agora.xtec.cat\/ceipvictorcatala\/?page_id=3281"},"modified":"2025-11-10T13:48:59","modified_gmt":"2025-11-10T12:48:59","slug":"reunio-families-curs-2024-2025","status":"publish","type":"page","link":"https:\/\/agora.xtec.cat\/ceipvictorcatala\/reunio-families-curs-2024-2025\/","title":{"rendered":"Reuni\u00f3 Fam\u00edlies Curs 2025-2026"},"content":{"rendered":"<p>A aquesta p\u00e0gina trobareu tota la informaci\u00f3 donada a la reuni\u00f3 de fam\u00edlies feta a l&#8217;inici de curs per part de cada nivell educatiu.<\/p>\n<h3 style=\"text-align: center;\">Curs 2025-2026<\/h3>\n<table style=\"border-collapse: collapse; width: 100%; height: 335px;\">\n<tbody>\n<tr style=\"height: 40px;\">\n<td style=\"width: 33.3333%; text-align: center; height: 40px;\" colspan=\"3\">\n<h4 style=\"text-align: center;\"><strong>Comunitat de Petits<\/strong><\/h4>\n<\/td>\n<\/tr>\n<tr style=\"height: 32px;\">\n<td style=\"width: 33.3333%; height: 32px; text-align: center;\"><\/td>\n<td style=\"width: 33.3333%; height: 32px; text-align: center;\"><\/td>\n<td style=\"width: 33.3333%; height: 32px; text-align: center;\"><\/td>\n<\/tr>\n<tr style=\"height: 32px;\">\n<td style=\"width: 33.3333%; height: 32px; text-align: center;\"><a href=\"https:\/\/agora.xtec.cat\/ceipvictorcatala\/wp-content\/uploads\/usu1671\/2025\/11\/I3-Reunio-Families-Curs-25-26_compressed.pdf\" target=\"_blank\" rel=\"noopener\">I3 Gui\u00f3 Reuni\u00f3 Fam\u00edlies 2025-2026<\/a><\/td>\n<td style=\"width: 33.3333%; height: 32px; text-align: center;\"><a href=\"https:\/\/agora.xtec.cat\/ceipvictorcatala\/wp-content\/uploads\/usu1671\/2025\/11\/I4-Reunio-Families-Curs-25-26-1.pdf-1.pdf\" target=\"_blank\" rel=\"noopener\">I4 Gui\u00f3 Reuni\u00f3 Fam\u00edlies 2025-2026<\/a><\/td>\n<td style=\"width: 33.3333%; height: 32px; text-align: center;\">I5 Gui\u00f3 Reuni\u00f3 Fam\u00edlies 2025-2026<\/td>\n<\/tr>\n<tr style=\"height: 47px;\">\n<td style=\"width: 33.3333%; height: 47px;\" colspan=\"3\">\n<h4 style=\"text-align: center;\"><strong>Comunitat de Mitjans<\/strong><\/h4>\n<\/td>\n<\/tr>\n<tr style=\"height: 32px;\">\n<td style=\"width: 33.3333%; height: 32px; text-align: center;\"><\/td>\n<td style=\"width: 33.3333%; height: 32px; text-align: center;\"><\/td>\n<td style=\"width: 33.3333%; height: 32px; text-align: center;\"><\/td>\n<\/tr>\n<tr style=\"height: 32px;\">\n<td style=\"width: 33.3333%; height: 32px; text-align: center;\"><a href=\"https:\/\/agora.xtec.cat\/ceipvictorcatala\/wp-content\/uploads\/usu1671\/2025\/11\/1r-Reunio-Families-Curs-25-26.pdf\" target=\"_blank\" rel=\"noopener\">1r Gui\u00f3 Reuni\u00f3 Fam\u00edlies 2025-2026<\/a><\/td>\n<td style=\"width: 33.3333%; height: 32px; text-align: center;\"><a href=\"https:\/\/agora.xtec.cat\/ceipvictorcatala\/wp-content\/uploads\/usu1671\/2025\/11\/2n-Reunio-Families-Curs-25-26.pdf.pdf\" target=\"_blank\" rel=\"noopener\">2n Gui\u00f3 Reuni\u00f3 Fam\u00edlies 2025-2026<\/a><\/td>\n<td style=\"width: 33.3333%; height: 32px; text-align: center;\"><a href=\"https:\/\/agora.xtec.cat\/ceipvictorcatala\/wp-content\/uploads\/usu1671\/2025\/11\/3r-Reunio-Families-Curs-25-26.pdf.pdf\" target=\"_blank\" rel=\"noopener\">3r Gui\u00f3 Reuni\u00f3 Fam\u00edlies 2025-2026<\/a><\/td>\n<\/tr>\n<tr style=\"height: 56px;\">\n<td style=\"width: 33.3333%; text-align: center; height: 56px;\" colspan=\"3\">\n<h4 style=\"text-align: center;\"><strong>Comunitat de Grans<\/strong><\/h4>\n<\/td>\n<\/tr>\n<tr style=\"height: 32px;\">\n<td style=\"width: 33.3333%; height: 32px; text-align: center;\"><\/td>\n<td style=\"width: 33.3333%; height: 32px; text-align: center;\"><\/td>\n<td style=\"width: 33.3333%; height: 32px; text-align: center;\"><\/td>\n<\/tr>\n<tr style=\"height: 32px;\">\n<td style=\"width: 33.3333%; height: 32px; text-align: center;\"><a href=\"https:\/\/agora.xtec.cat\/ceipvictorcatala\/wp-content\/uploads\/usu1671\/2025\/11\/4t-Reunio-Families-Curs-25-26.pdf_compressed.pdf\" target=\"_blank\" rel=\"noopener\">4t Gui\u00f3 Reuni\u00f3 Fam\u00edlies 2025-2026<\/a><\/td>\n<td style=\"width: 33.3333%; height: 32px; text-align: center;\">5\u00e8 Gui\u00f3 Reuni\u00f3 Fam\u00edlies 2025-2026<\/td>\n<td style=\"width: 33.3333%; height: 32px; text-align: center;\">6\u00e8 Gui\u00f3 Reuni\u00f3 Fam\u00edlies 2025-2026<\/td>\n<\/tr>\n<\/tbody>\n<\/table>\n","protected":false},"excerpt":{"rendered":"<p>A aquesta p\u00e0gina trobareu tota la informaci\u00f3 donada a la reuni\u00f3 de fam\u00edlies feta a l&#8217;inici de curs per part de cada nivell educatiu. Curs 2025-2026 Comunitat de Petits I3 Gui\u00f3 Reuni\u00f3 Fam\u00edlies 2025-2026 I4 Gui\u00f3 Reuni\u00f3 Fam\u00edlies 2025-2026 I5 Gui\u00f3 Reuni\u00f3 Fam\u00edlies 2025-2026 Comunitat de Mitjans 1r Gui\u00f3 Reuni\u00f3 Fam\u00edlies 2025-2026 2n Gui\u00f3 Reuni\u00f3 [&hellip;]<\/p>\n","protected":false},"author":1,"featured_media":0,"parent":0,"menu_order":0,"comment_status":"closed","ping_status":"closed","template":"","meta":{"_bbp_topic_count":0,"_bbp_reply_count":0,"_bbp_total_topic_count":0,"_bbp_total_reply_count":0,"_bbp_voice_count":0,"_bbp_anonymous_reply_count":0,"_bbp_topic_count_hidden":0,"_bbp_reply_count_hidden":0,"_bbp_forum_subforum_count":0,"site-sidebar-layout":"default","site-content-layout":"","ast-site-content-layout":"default","site-content-style":"default","site-sidebar-style":"default","ast-global-header-display":"","ast-banner-title-visibility":"","ast-main-header-display":"","ast-hfb-above-header-display":"","ast-hfb-below-header-display":"","ast-hfb-mobile-header-display":"","site-post-title":"","ast-breadcrumbs-content":"","ast-featured-img":"","footer-sml-layout":"","theme-transparent-header-meta":"default","adv-header-id-meta":"","stick-header-meta":"","header-above-stick-meta":"","header-main-stick-meta":"","header-below-stick-meta":"","astra-migrate-meta-layouts":"set","ast-page-background-enabled":"default","ast-page-background-meta":{"desktop":{"background-color":"var(--ast-global-color-4)","background-image":"","background-repeat":"repeat","background-position":"center center","background-size":"auto","background-attachment":"scroll","background-type":"","background-media":"","overlay-type":"","overlay-color":"","overlay-opacity":"","overlay-gradient":""},"tablet":{"background-color":"","background-image":"","background-repeat":"repeat","background-position":"center center","background-size":"auto","background-attachment":"scroll","background-type":"","background-media":"","overlay-type":"","overlay-color":"","overlay-opacity":"","overlay-gradient":""},"mobile":{"background-color":"","background-image":"","background-repeat":"repeat","background-position":"center center","background-size":"auto","background-attachment":"scroll","background-type":"","background-media":"","overlay-type":"","overlay-color":"","overlay-opacity":"","overlay-gradient":""}},"ast-content-background-meta":{"desktop":{"background-color":"var(--ast-global-color-5)","background-image":"","background-repeat":"repeat","background-position":"center center","background-size":"auto","background-attachment":"scroll","background-type":"","background-media":"","overlay-type":"","overlay-color":"","overlay-opacity":"","overlay-gradient":""},"tablet":{"background-color":"var(--ast-global-color-5)","background-image":"","background-repeat":"repeat","background-position":"center center","background-size":"auto","background-attachment":"scroll","background-type":"","background-media":"","overlay-type":"","overlay-color":"","overlay-opacity":"","overlay-gradient":""},"mobile":{"background-color":"var(--ast-global-color-5)","background-image":"","background-repeat":"repeat","background-position":"center center","background-size":"auto","background-attachment":"scroll","background-type":"","background-media":"","overlay-type":"","overlay-color":"","overlay-opacity":"","overlay-gradient":""}},"footnotes":""},"class_list":["post-3281","page","type-page","status-publish","hentry"],"post_mailing_queue_ids":[],"_links":{"self":[{"href":"https:\/\/agora.xtec.cat\/ceipvictorcatala\/wp-json\/wp\/v2\/pages\/3281","targetHints":{"allow":["GET"]}}],"collection":[{"href":"https:\/\/agora.xtec.cat\/ceipvictorcatala\/wp-json\/wp\/v2\/pages"}],"about":[{"href":"https:\/\/agora.xtec.cat\/ceipvictorcatala\/wp-json\/wp\/v2\/types\/page"}],"author":[{"embeddable":true,"href":"https:\/\/agora.xtec.cat\/ceipvictorcatala\/wp-json\/wp\/v2\/users\/1"}],"replies":[{"embeddable":true,"href":"https:\/\/agora.xtec.cat\/ceipvictorcatala\/wp-json\/wp\/v2\/comments?post=3281"}],"version-history":[{"count":7,"href":"https:\/\/agora.xtec.cat\/ceipvictorcatala\/wp-json\/wp\/v2\/pages\/3281\/revisions"}],"predecessor-version":[{"id":6070,"href":"https:\/\/agora.xtec.cat\/ceipvictorcatala\/wp-json\/wp\/v2\/pages\/3281\/revisions\/6070"}],"wp:attachment":[{"href":"https:\/\/agora.xtec.cat\/ceipvictorcatala\/wp-json\/wp\/v2\/media?parent=3281"}],"curies":[{"name":"wp","href":"https:\/\/api.w.org\/{rel}","templated":true}]}}