{"id":32,"date":"2014-09-18T12:31:33","date_gmt":"2014-09-18T10:31:33","guid":{"rendered":"http:\/\/agora.xtec.cat\/ceipvictorcatala\/?page_id=32"},"modified":"2025-11-09T21:46:18","modified_gmt":"2025-11-09T20:46:18","slug":"calendari-del-curs","status":"publish","type":"page","link":"https:\/\/agora.xtec.cat\/ceipvictorcatala\/calendari-del-curs\/","title":{"rendered":"Calendari Escolar Curs 2025-2026"},"content":{"rendered":"<p style=\"text-align: left;\"><strong>Inici de curs:<a href=\"https:\/\/agora.xtec.cat\/ceipvictorcatala\/wp-content\/uploads\/usu1671\/2025\/11\/Calendari-25-26.pdf\"><img loading=\"lazy\" decoding=\"async\" class=\"wp-image-6050  alignright\" src=\"https:\/\/agora.xtec.cat\/ceipvictorcatala\/wp-content\/uploads\/usu1671\/2025\/11\/Calendari-Escolar-25-26.jpg\" alt=\"\" width=\"419\" height=\"548\" srcset=\"https:\/\/agora.xtec.cat\/ceipvictorcatala\/wp-content\/uploads\/usu1671\/2025\/11\/Calendari-Escolar-25-26.jpg 533w, https:\/\/agora.xtec.cat\/ceipvictorcatala\/wp-content\/uploads\/usu1671\/2025\/11\/Calendari-Escolar-25-26-229x300.jpg 229w\" sizes=\"auto, (max-width: 419px) 100vw, 419px\" \/><\/a><\/strong><\/p>\n<p>8 de setembre de 2025<\/p>\n<p><strong style=\"font-size: 1.4375em;\">Vacances:<\/strong><\/p>\n<p>Del 20 de desembre de 2025 al 7 de gener de 2025 (ambd\u00f3s inclosos)<\/p>\n<p>Del 28 de mar\u00e7 al 6 d&#8217;abril de 2026 (ambd\u00f3s inclosos)<\/p>\n<p><span style=\"font-family: inherit; font-size: 1em;\">A partir del 19 de juny de 2026<\/span><\/p>\n<p><strong>Dies festius de lliure disposici\u00f3:<\/strong><\/p>\n<p>10 d&#8217;octubre de 2025<\/p>\n<p>3 de novembre de 2025<\/p>\n<p>16 de febrer de 2026<\/p>\n<p>22 de maig de 2026<\/p>\n<p><strong>Horari lectiu:<\/strong><\/p>\n<p>L\u2019 <b>horari lectiu<\/b> del centre \u00e9s<\/p>\n<p>9:00 a 12:30 h i de 15:00 a 16:30 h<\/p>\n<p><strong>Jornada intensiva<\/strong>:<\/p>\n<p>El 19 de desembre de 2025 hi haur\u00e0 classe fins a les 13 h.<\/p>\n<p>Del 8 al 19 de juny de 2026 es realitza horari compactat de 9h a 13 h.<\/p>\n<p><em><strong>Horari jornada intensiva juny alumnat que fa \u00fas del servei de menjador fins 15:30h<\/strong><\/em><strong style=\"font-family: inherit; font-size: 1em;\"><strong><strong>\u00a0<\/strong><\/strong><\/strong><\/p>\n<p>Per als alumnes que inicien l\u2019 escolaritzaci\u00f3 a I3 s\u2019organitza un breu per\u00edode d \u2019adaptaci\u00f3 que suposa una certa modificaci\u00f3 dels horaris dels tres primers dies de classe, i que es fa saber a les fam\u00edlies en les reunions pr\u00e8vies corresponents.<\/p>\n<p>8, 9 i 10 de setembre de 2025.<\/p>\n<p><a href=\"https:\/\/agora.xtec.cat\/ceipvictorcatala\/wp-content\/uploads\/usu1671\/2025\/11\/Calendari-25-26.pdf\" target=\"_blank\" rel=\"noopener\">Calendari Escolar 2025-2026<\/a><\/p>\n","protected":false},"excerpt":{"rendered":"<p>Inici de curs: 8 de setembre de 2025 Vacances: Del 20 de desembre de 2025 al 7 de gener de 2025 (ambd\u00f3s inclosos) Del 28 de mar\u00e7 al 6 d&#8217;abril de 2026 (ambd\u00f3s inclosos) A partir del 19 de juny de 2026 Dies festius de lliure disposici\u00f3: 10 d&#8217;octubre de 2025 3 de novembre de [&hellip;]<\/p>\n","protected":false},"author":1,"featured_media":0,"parent":0,"menu_order":20,"comment_status":"closed","ping_status":"closed","template":"","meta":{"_bbp_topic_count":0,"_bbp_reply_count":0,"_bbp_total_topic_count":0,"_bbp_total_reply_count":0,"_bbp_voice_count":0,"_bbp_anonymous_reply_count":0,"_bbp_topic_count_hidden":0,"_bbp_reply_count_hidden":0,"_bbp_forum_subforum_count":0,"site-sidebar-layout":"default","site-content-layout":"","ast-site-content-layout":"default","site-content-style":"default","site-sidebar-style":"default","ast-global-header-display":"","ast-banner-title-visibility":"","ast-main-header-display":"","ast-hfb-above-header-display":"","ast-hfb-below-header-display":"","ast-hfb-mobile-header-display":"","site-post-title":"","ast-breadcrumbs-content":"","ast-featured-img":"","footer-sml-layout":"","theme-transparent-header-meta":"default","adv-header-id-meta":"","stick-header-meta":"","header-above-stick-meta":"","header-main-stick-meta":"","header-below-stick-meta":"","astra-migrate-meta-layouts":"set","ast-page-background-enabled":"default","ast-page-background-meta":{"desktop":{"background-color":"var(--ast-global-color-4)","background-image":"","background-repeat":"repeat","background-position":"center center","background-size":"auto","background-attachment":"scroll","background-type":"","background-media":"","overlay-type":"","overlay-color":"","overlay-opacity":"","overlay-gradient":""},"tablet":{"background-color":"","background-image":"","background-repeat":"repeat","background-position":"center center","background-size":"auto","background-attachment":"scroll","background-type":"","background-media":"","overlay-type":"","overlay-color":"","overlay-opacity":"","overlay-gradient":""},"mobile":{"background-color":"","background-image":"","background-repeat":"repeat","background-position":"center center","background-size":"auto","background-attachment":"scroll","background-type":"","background-media":"","overlay-type":"","overlay-color":"","overlay-opacity":"","overlay-gradient":""}},"ast-content-background-meta":{"desktop":{"background-color":"var(--ast-global-color-5)","background-image":"","background-repeat":"repeat","background-position":"center center","background-size":"auto","background-attachment":"scroll","background-type":"","background-media":"","overlay-type":"","overlay-color":"","overlay-opacity":"","overlay-gradient":""},"tablet":{"background-color":"var(--ast-global-color-5)","background-image":"","background-repeat":"repeat","background-position":"center center","background-size":"auto","background-attachment":"scroll","background-type":"","background-media":"","overlay-type":"","overlay-color":"","overlay-opacity":"","overlay-gradient":""},"mobile":{"background-color":"var(--ast-global-color-5)","background-image":"","background-repeat":"repeat","background-position":"center center","background-size":"auto","background-attachment":"scroll","background-type":"","background-media":"","overlay-type":"","overlay-color":"","overlay-opacity":"","overlay-gradient":""}},"footnotes":""},"class_list":["post-32","page","type-page","status-publish","hentry"],"post_mailing_queue_ids":[],"_links":{"self":[{"href":"https:\/\/agora.xtec.cat\/ceipvictorcatala\/wp-json\/wp\/v2\/pages\/32","targetHints":{"allow":["GET"]}}],"collection":[{"href":"https:\/\/agora.xtec.cat\/ceipvictorcatala\/wp-json\/wp\/v2\/pages"}],"about":[{"href":"https:\/\/agora.xtec.cat\/ceipvictorcatala\/wp-json\/wp\/v2\/types\/page"}],"author":[{"embeddable":true,"href":"https:\/\/agora.xtec.cat\/ceipvictorcatala\/wp-json\/wp\/v2\/users\/1"}],"replies":[{"embeddable":true,"href":"https:\/\/agora.xtec.cat\/ceipvictorcatala\/wp-json\/wp\/v2\/comments?post=32"}],"version-history":[{"count":6,"href":"https:\/\/agora.xtec.cat\/ceipvictorcatala\/wp-json\/wp\/v2\/pages\/32\/revisions"}],"predecessor-version":[{"id":6054,"href":"https:\/\/agora.xtec.cat\/ceipvictorcatala\/wp-json\/wp\/v2\/pages\/32\/revisions\/6054"}],"wp:attachment":[{"href":"https:\/\/agora.xtec.cat\/ceipvictorcatala\/wp-json\/wp\/v2\/media?parent=32"}],"curies":[{"name":"wp","href":"https:\/\/api.w.org\/{rel}","templated":true}]}}