{"id":26,"date":"2014-09-18T12:24:32","date_gmt":"2014-09-18T10:24:32","guid":{"rendered":"http:\/\/agora.xtec.cat\/ceipvictorcatala\/?page_id=26"},"modified":"2018-12-17T16:07:40","modified_gmt":"2018-12-17T15:07:40","slug":"historia","status":"publish","type":"page","link":"https:\/\/agora.xtec.cat\/ceipvictorcatala\/lescola\/historia\/","title":{"rendered":"Hist\u00f2ria"},"content":{"rendered":"<p>L&#8217;escola V\u00edctor Catal\u00e0 fou fundada l&#8217;any 1970, junt amb dues escoles m\u00e9s, en una \u00e8poca d&#8217;alt creixement demogr\u00e0fic a la zona. \u00a0El nostre centre t\u00e9 un arrelament molt gran al barri i, actualment, for\u00e7a ex-alumnes de l&#8217;escola hi porten els seus fills i filles i participen de les activitats de l&#8217;escola i de l&#8217;AFA.<\/p>\n<p>El seu nom li ve donat pel pseud\u00f2nim de l&#8217;escriptora Caterina Albert i Parad\u00eds, que va viure a l&#8217;Escala (Alt Empord\u00e0) tota la seva vida (11.09.1869 fins 27.01.1966). \u00a0All\u00e0 desenvolup\u00e0 la seva obra art\u00edstica: poesia, contes i novel\u00b7la, a m\u00e9s a m\u00e9s de participar en diverses publicacions i revistes del moment.<\/p>\n<p>El pseud\u00f2nim de V\u00edctor Catal\u00e0 la va protegir de les cr\u00edtiques que en aquell temps suscitava el fet de ser una dona escriptora, especialment perqu\u00e8 representava el m\u00f3n rural de la seva \u00e8poca de manera brutal i desagradable.<\/p>\n<p>Les seves obres m\u00e9s importants s\u00f3n:\u00a0<em>La infanticida, Drames Rurals i Solitud.<\/em><\/p>\n<p>Encara que al principi l&#8217;escola va tenir una matr\u00edcula bastant alta, uns mil alumnes, aquesta era molt irregular entre els diferents nivells. \u00a0Als anys 80 es constru\u00ed un edifici annex pels alumnes de parvulari. El curs 1991-92 es va obrir la primera aula ade P3 i a l seg\u00fcent curs l&#8217;altra. \u00a0L&#8217;escola ha estat funcionant amb dues l\u00ednies en tots els seus nivells des de llavors, actualment amb una matr\u00edcula de 450 alumnes.<\/p>\n","protected":false},"excerpt":{"rendered":"<p>L&#8217;escola V\u00edctor Catal\u00e0 fou fundada l&#8217;any 1970, junt amb dues escoles m\u00e9s, en una \u00e8poca d&#8217;alt creixement demogr\u00e0fic a la zona. \u00a0El nostre centre t\u00e9 un arrelament molt gran al barri i, actualment, for\u00e7a ex-alumnes de l&#8217;escola hi porten els seus fills i filles i participen de les activitats de l&#8217;escola i de l&#8217;AFA. El [&hellip;]<\/p>\n","protected":false},"author":1,"featured_media":0,"parent":22,"menu_order":30,"comment_status":"closed","ping_status":"closed","template":"page-templates\/side-menu.php","meta":{"_bbp_topic_count":0,"_bbp_reply_count":0,"_bbp_total_topic_count":0,"_bbp_total_reply_count":0,"_bbp_voice_count":0,"_bbp_anonymous_reply_count":0,"_bbp_topic_count_hidden":0,"_bbp_reply_count_hidden":0,"_bbp_forum_subforum_count":0,"site-sidebar-layout":"default","site-content-layout":"","ast-site-content-layout":"","site-content-style":"default","site-sidebar-style":"default","ast-global-header-display":"","ast-banner-title-visibility":"","ast-main-header-display":"","ast-hfb-above-header-display":"","ast-hfb-below-header-display":"","ast-hfb-mobile-header-display":"","site-post-title":"","ast-breadcrumbs-content":"","ast-featured-img":"","footer-sml-layout":"","theme-transparent-header-meta":"","adv-header-id-meta":"","stick-header-meta":"","header-above-stick-meta":"","header-main-stick-meta":"","header-below-stick-meta":"","astra-migrate-meta-layouts":"default","ast-page-background-enabled":"default","ast-page-background-meta":{"desktop":{"background-color":"var(--ast-global-color-4)","background-image":"","background-repeat":"repeat","background-position":"center center","background-size":"auto","background-attachment":"scroll","background-type":"","background-media":"","overlay-type":"","overlay-color":"","overlay-opacity":"","overlay-gradient":""},"tablet":{"background-color":"","background-image":"","background-repeat":"repeat","background-position":"center center","background-size":"auto","background-attachment":"scroll","background-type":"","background-media":"","overlay-type":"","overlay-color":"","overlay-opacity":"","overlay-gradient":""},"mobile":{"background-color":"","background-image":"","background-repeat":"repeat","background-position":"center center","background-size":"auto","background-attachment":"scroll","background-type":"","background-media":"","overlay-type":"","overlay-color":"","overlay-opacity":"","overlay-gradient":""}},"ast-content-background-meta":{"desktop":{"background-color":"var(--ast-global-color-5)","background-image":"","background-repeat":"repeat","background-position":"center center","background-size":"auto","background-attachment":"scroll","background-type":"","background-media":"","overlay-type":"","overlay-color":"","overlay-opacity":"","overlay-gradient":""},"tablet":{"background-color":"var(--ast-global-color-5)","background-image":"","background-repeat":"repeat","background-position":"center center","background-size":"auto","background-attachment":"scroll","background-type":"","background-media":"","overlay-type":"","overlay-color":"","overlay-opacity":"","overlay-gradient":""},"mobile":{"background-color":"var(--ast-global-color-5)","background-image":"","background-repeat":"repeat","background-position":"center center","background-size":"auto","background-attachment":"scroll","background-type":"","background-media":"","overlay-type":"","overlay-color":"","overlay-opacity":"","overlay-gradient":""}},"footnotes":""},"class_list":["post-26","page","type-page","status-publish","hentry"],"post_mailing_queue_ids":[],"_links":{"self":[{"href":"https:\/\/agora.xtec.cat\/ceipvictorcatala\/wp-json\/wp\/v2\/pages\/26","targetHints":{"allow":["GET"]}}],"collection":[{"href":"https:\/\/agora.xtec.cat\/ceipvictorcatala\/wp-json\/wp\/v2\/pages"}],"about":[{"href":"https:\/\/agora.xtec.cat\/ceipvictorcatala\/wp-json\/wp\/v2\/types\/page"}],"author":[{"embeddable":true,"href":"https:\/\/agora.xtec.cat\/ceipvictorcatala\/wp-json\/wp\/v2\/users\/1"}],"replies":[{"embeddable":true,"href":"https:\/\/agora.xtec.cat\/ceipvictorcatala\/wp-json\/wp\/v2\/comments?post=26"}],"version-history":[{"count":3,"href":"https:\/\/agora.xtec.cat\/ceipvictorcatala\/wp-json\/wp\/v2\/pages\/26\/revisions"}],"predecessor-version":[{"id":715,"href":"https:\/\/agora.xtec.cat\/ceipvictorcatala\/wp-json\/wp\/v2\/pages\/26\/revisions\/715"}],"up":[{"embeddable":true,"href":"https:\/\/agora.xtec.cat\/ceipvictorcatala\/wp-json\/wp\/v2\/pages\/22"}],"wp:attachment":[{"href":"https:\/\/agora.xtec.cat\/ceipvictorcatala\/wp-json\/wp\/v2\/media?parent=26"}],"curies":[{"name":"wp","href":"https:\/\/api.w.org\/{rel}","templated":true}]}}