{"id":22,"date":"2014-09-18T12:19:57","date_gmt":"2014-09-18T10:19:57","guid":{"rendered":"http:\/\/agora.xtec.cat\/ceipvictorcatala\/?page_id=22"},"modified":"2019-02-18T15:59:12","modified_gmt":"2019-02-18T14:59:12","slug":"lescola","status":"publish","type":"page","link":"https:\/\/agora.xtec.cat\/ceipvictorcatala\/lescola\/","title":{"rendered":"L&#8217;escola"},"content":{"rendered":"<p>Som una escola\u00a0<span style=\"color: #000000; font-size: medium;\">una escola d&#8217;educaci\u00f3 infantil i prim\u00e0ria de doble l\u00ednia que compr\u00e8n les seg\u00fcents etapes:<\/span><\/p>\n<ul>\n<li><span style=\"color: #000000; font-size: medium;\">Educaci\u00f3 infantil: de 3 a 6 anys.<\/span><\/li>\n<li><span style=\"color: #000000; font-size: medium;\">Educaci\u00f3 prim\u00e0ria: de 6 a 12 anys.<\/span><\/li>\n<\/ul>\n<p><span style=\"color: #000000; font-size: medium;\">La llengua vehicular d&#8217;aprenentatge a tots els nivells \u00e9s la catalana. A partir del primer curs del cicle inicial comen\u00e7a l&#8217;aprenentatge de la llengua castellana. La iniciaci\u00f3 en\u00a0la llengua estrangera, l&#8217;angl\u00e8s, es fa a educaci\u00f3 infantil (P3). Hi ha tres mestres especialistes de llengua anglesa per poder atendre tots els desdoblaments i projectes que realitzem.<\/span><\/p>\n<p><span style=\"color: #000000; font-size: medium;\">Hi ha una aula de m\u00fasica amb dotaci\u00f3 de diferents instruments. S&#8217;organitzen diversos concerts al llarg de l&#8217;any, dintre i fora del <\/span><span style=\"color: #000000; font-size: medium;\">centre.<\/span><\/p>\n<p>Una mestra especialista d&#8217;educaci\u00f3 f\u00edsica realitza les classes a la pista esportiva amb materials adaptats a les diferents edats. L&#8217;alumnat tamb\u00e9 apr\u00e8n diverses danses tradicionals que posen en pr\u00e0ctica en alguna de les jornades festives.<\/p>\n<p><span style=\"color: #000000; font-size: medium;\">Per als alumnes que han triat l&#8217;opci\u00f3 de religi\u00f3 cat\u00f2lica, hi ha\u00a0una professora\u00a0 especialista que imparteix la mat\u00e8ria.<\/span><\/p>\n<p>L&#8217;escola t\u00e9 una menjador amb cuina pr\u00f2pia. L&#8217;alumnat que al migdia fan \u00fas d&#8217;aquest servei (opcional) \u00e9s at\u00e9s per un equip de monitoratge.<\/p>\n<p>Els nostres instituts de refer\u00e8ncia s\u00f3n l\u2019IES Sant Andreu i l\u2019IES Flos i Calcat.<\/p>\n","protected":false},"excerpt":{"rendered":"<p>Som una escola\u00a0una escola d&#8217;educaci\u00f3 infantil i prim\u00e0ria de doble l\u00ednia que compr\u00e8n les seg\u00fcents etapes: Educaci\u00f3 infantil: de 3 a 6 anys. Educaci\u00f3 prim\u00e0ria: de 6 a 12 anys. La llengua vehicular d&#8217;aprenentatge a tots els nivells \u00e9s la catalana. A partir del primer curs del cicle inicial comen\u00e7a l&#8217;aprenentatge de la llengua castellana. [&hellip;]<\/p>\n","protected":false},"author":1,"featured_media":0,"parent":0,"menu_order":0,"comment_status":"closed","ping_status":"closed","template":"page-templates\/side-menu.php","meta":{"_bbp_topic_count":0,"_bbp_reply_count":0,"_bbp_total_topic_count":0,"_bbp_total_reply_count":0,"_bbp_voice_count":0,"_bbp_anonymous_reply_count":0,"_bbp_topic_count_hidden":0,"_bbp_reply_count_hidden":0,"_bbp_forum_subforum_count":0,"site-sidebar-layout":"default","site-content-layout":"","ast-site-content-layout":"","site-content-style":"default","site-sidebar-style":"default","ast-global-header-display":"","ast-banner-title-visibility":"","ast-main-header-display":"","ast-hfb-above-header-display":"","ast-hfb-below-header-display":"","ast-hfb-mobile-header-display":"","site-post-title":"","ast-breadcrumbs-content":"","ast-featured-img":"","footer-sml-layout":"","theme-transparent-header-meta":"","adv-header-id-meta":"","stick-header-meta":"","header-above-stick-meta":"","header-main-stick-meta":"","header-below-stick-meta":"","astra-migrate-meta-layouts":"default","ast-page-background-enabled":"default","ast-page-background-meta":{"desktop":{"background-color":"var(--ast-global-color-4)","background-image":"","background-repeat":"repeat","background-position":"center center","background-size":"auto","background-attachment":"scroll","background-type":"","background-media":"","overlay-type":"","overlay-color":"","overlay-opacity":"","overlay-gradient":""},"tablet":{"background-color":"","background-image":"","background-repeat":"repeat","background-position":"center center","background-size":"auto","background-attachment":"scroll","background-type":"","background-media":"","overlay-type":"","overlay-color":"","overlay-opacity":"","overlay-gradient":""},"mobile":{"background-color":"","background-image":"","background-repeat":"repeat","background-position":"center center","background-size":"auto","background-attachment":"scroll","background-type":"","background-media":"","overlay-type":"","overlay-color":"","overlay-opacity":"","overlay-gradient":""}},"ast-content-background-meta":{"desktop":{"background-color":"var(--ast-global-color-5)","background-image":"","background-repeat":"repeat","background-position":"center center","background-size":"auto","background-attachment":"scroll","background-type":"","background-media":"","overlay-type":"","overlay-color":"","overlay-opacity":"","overlay-gradient":""},"tablet":{"background-color":"var(--ast-global-color-5)","background-image":"","background-repeat":"repeat","background-position":"center center","background-size":"auto","background-attachment":"scroll","background-type":"","background-media":"","overlay-type":"","overlay-color":"","overlay-opacity":"","overlay-gradient":""},"mobile":{"background-color":"var(--ast-global-color-5)","background-image":"","background-repeat":"repeat","background-position":"center center","background-size":"auto","background-attachment":"scroll","background-type":"","background-media":"","overlay-type":"","overlay-color":"","overlay-opacity":"","overlay-gradient":""}},"footnotes":""},"class_list":["post-22","page","type-page","status-publish","hentry"],"post_mailing_queue_ids":[],"_links":{"self":[{"href":"https:\/\/agora.xtec.cat\/ceipvictorcatala\/wp-json\/wp\/v2\/pages\/22","targetHints":{"allow":["GET"]}}],"collection":[{"href":"https:\/\/agora.xtec.cat\/ceipvictorcatala\/wp-json\/wp\/v2\/pages"}],"about":[{"href":"https:\/\/agora.xtec.cat\/ceipvictorcatala\/wp-json\/wp\/v2\/types\/page"}],"author":[{"embeddable":true,"href":"https:\/\/agora.xtec.cat\/ceipvictorcatala\/wp-json\/wp\/v2\/users\/1"}],"replies":[{"embeddable":true,"href":"https:\/\/agora.xtec.cat\/ceipvictorcatala\/wp-json\/wp\/v2\/comments?post=22"}],"version-history":[{"count":3,"href":"https:\/\/agora.xtec.cat\/ceipvictorcatala\/wp-json\/wp\/v2\/pages\/22\/revisions"}],"predecessor-version":[{"id":773,"href":"https:\/\/agora.xtec.cat\/ceipvictorcatala\/wp-json\/wp\/v2\/pages\/22\/revisions\/773"}],"wp:attachment":[{"href":"https:\/\/agora.xtec.cat\/ceipvictorcatala\/wp-json\/wp\/v2\/media?parent=22"}],"curies":[{"name":"wp","href":"https:\/\/api.w.org\/{rel}","templated":true}]}}