{"id":1996,"date":"2020-09-28T23:54:32","date_gmt":"2020-09-28T21:54:32","guid":{"rendered":"http:\/\/agora.xtec.cat\/ceipvictorcatala\/activitat\/"},"modified":"2025-04-01T15:46:51","modified_gmt":"2025-04-01T13:46:51","slug":"activitat","status":"publish","type":"page","link":"https:\/\/agora.xtec.cat\/ceipvictorcatala\/activitat\/","title":{"rendered":"Projecte Global Scholars"},"content":{"rendered":"<p style=\"text-align: justify;\"><strong>QU\u00c8 \u00c9S EL PROGRAMA GLOBAL SCHOLARS?<\/strong><\/p>\n<p><strong style=\"text-align: justify;\"><a style=\"color: #2795b6;\" href=\"https:\/\/agora.xtec.cat\/ceipvictorcatala\/wp-content\/uploads\/usu1671\/2025\/04\/Presentacio-Global-Scholars.pdf\" target=\"_blank\" rel=\"noopener\"><img loading=\"lazy\" decoding=\"async\" class=\"alignleft wp-image-5709 size-large\" src=\"https:\/\/agora.xtec.cat\/ceipvictorcatala\/wp-content\/uploads\/usu1671\/2025\/04\/GlobalScholars_web-3-410x1024.png\" alt=\"\" width=\"410\" height=\"1024\" srcset=\"https:\/\/agora.xtec.cat\/ceipvictorcatala\/wp-content\/uploads\/usu1671\/2025\/04\/GlobalScholars_web-3-410x1024.png 410w, https:\/\/agora.xtec.cat\/ceipvictorcatala\/wp-content\/uploads\/usu1671\/2025\/04\/GlobalScholars_web-3-120x300.png 120w, https:\/\/agora.xtec.cat\/ceipvictorcatala\/wp-content\/uploads\/usu1671\/2025\/04\/GlobalScholars_web-3-768x1920.png 768w, https:\/\/agora.xtec.cat\/ceipvictorcatala\/wp-content\/uploads\/usu1671\/2025\/04\/GlobalScholars_web-3-819x2048.png 819w, https:\/\/agora.xtec.cat\/ceipvictorcatala\/wp-content\/uploads\/usu1671\/2025\/04\/GlobalScholars_web-3.png 900w\" sizes=\"auto, (max-width: 410px) 100vw, 410px\" \/><\/a><\/strong><\/p>\n<p style=\"text-align: justify;\">Global Scholars \u00e9s un programa internacional d\u2019aprenentatge en l\u00ednia que connecta estudiants d\u2019escoles situades en ciutats d\u2019arreu del m\u00f3n amb l\u2019objectiu de preparar-los per esdevenir ciutadans globals. La iniciativa, adre\u00e7ada a estudiants d\u2019entre 10 i 13 anys, facilita la interacci\u00f3 i el debat a trav\u00e9s de f\u00f2rums en l\u00ednia, permet que els joves comparteixin idees i experi\u00e8ncies, i promou el desenvolupament de projectes multim\u00e8dia al voltant de temes d\u2019inter\u00e8s general. Per al professorat dels centres que hi participen, Global Scholars \u00e9s tamb\u00e9 una oportunitat per entrar en contacte amb una xarxa internacional de docents, que els permet actualitzar coneixements i cr\u00e9ixer professionalment. El professorat es reuneix virtualment per tractar els temes m\u00e9s rellevants i la manera com ho treballaran amb l\u2019alumnat.<\/p>\n<p style=\"text-align: justify;\"><strong>QUI EL GESTIONA?<\/strong><\/p>\n<p style=\"text-align: justify;\">Global Scholars \u00e9s un projecte que impulsa Global Cities Inc., un programa de Bloomberg Philanthropies, organitzaci\u00f3 sense \u00e0nim de lucre amb seu a Nova York. Global Cities t\u00e9 una gran experi\u00e8ncia en fer servir la tecnologia per forj<\/p>\n<p style=\"font-family: 'Helvetica Neue', Helvetica, Helvetica, Arial, sans-serif; font-size: 16px;\"><img loading=\"lazy\" decoding=\"async\" class=\"alignright size-medium wp-image-5573\" style=\"text-align: justify;\" src=\"https:\/\/agora.xtec.cat\/ceipvictorcatala\/wp-content\/uploads\/usu1671\/2025\/02\/444-300x140.png\" alt=\"\" width=\"300\" height=\"140\" srcset=\"https:\/\/agora.xtec.cat\/ceipvictorcatala\/wp-content\/uploads\/usu1671\/2025\/02\/444-300x140.png 300w, https:\/\/agora.xtec.cat\/ceipvictorcatala\/wp-content\/uploads\/usu1671\/2025\/02\/444.png 426w\" sizes=\"auto, (max-width: 300px) 100vw, 300px\" \/><\/p>\n<p style=\"text-align: justify;\">ar connexions entre alumnes i docents que promouen l\u2019aprenentatge. Global Scholars, n\u2019\u00e9s el seu projecte ins\u00edgnia. L\u2019objectiu d\u2019aquest projecte transnacional i interactiu \u00e9s que l\u2019alumnat desenvolupi les compet\u00e8ncies necess\u00e0ries, a trav\u00e9s del di\u00e0leg i la col\u00b7laboraci\u00f3, per tal de convertir-se en ciutadans globals i poder interactuar amb \u00e8xit en el m\u00f3n globalitzat actual.<\/p>\n<p style=\"text-align: justify;\"><strong>QUI HI POT PARTICIPAR?<\/strong><br \/>\nGlobal Cities, com a propiet\u00e0ria del programa, n\u2019estableix les condicions de participaci\u00f3<span style=\"font-family: inherit; font-size: 1em; text-align: justify;\"> dels centres edu\u00a0<\/span><span style=\"font-family: inherit; font-size: 1em; text-align: justify;\">catius. Aix\u00ed doncs, i pel que fa a la incorporaci\u00f3 de nous centres, \u00e9s Global Cities qui recull les peticions de tot el m\u00f3n i configura els grups de treball. Per fer aquesta tasca, compta amb el suport de gestors d\u2019entitats educatives en els diferents <\/span><span style=\"font-family: inherit; font-size: 1em; text-align: justify;\">pa\u00efsos. En el cas de Catalunya, aquesta tasca de suport l\u2019ofereix el Servei de Lleng\u00fces Estrangeres i d\u2019Origen (SL<\/span><span style=\"font-family: inherit; font-size: 1em; text-align: justify;\">EO) del Departament d\u2019Educaci\u00f3 en col\u00b7laboraci\u00f3 amb els Serveis Territorials i el Consorci d\u2019Educaci\u00f3 de Barcelona.<\/span><\/p>\n<p style=\"text-align: justify;\"><strong>ON PUC TROBAR M\u00c9S INFORMACI\u00d3?<\/strong><br \/>\n<a href=\"https:\/\/www.globalcities.org\" target=\"_blank\" rel=\"noopener\">https:\/\/www.globalcities.org<\/a><\/p>\n<p style=\"text-align: justify;\"><strong>GLOBAL SCHOLARS AL NOSTRE CENTRE<\/strong><\/p>\n<p style=\"text-align: justify;\">Des del curs 2015-16, l\u2019escola V\u00edctor Catal\u00e0 participa en el programa de Global Scholars. L\u2019alumnat disposa d\u2019un usuari i contrasenya per tal d\u2019accedir a una aula digital. Al llarg de 5 unitats es treballa un tema proposat (generalment relacionat amb el medi ambient, sostenibilitat i consumisme).<\/p>\n<p style=\"text-align: justify;\">Al final de cada unitat l\u2019alumnat presenta un projecte grupal. Aquest programa s\u2019imparteix dins de l\u2019\u00e0rea de llengua anglesa. L\u2019alumnat disposa d\u2019un ordinador per a treballar i interactuar en angl\u00e8s amb altres nois i noies d\u2019arreu del m\u00f3n, tot compartint la seva cultura, punts de vista i experi\u00e8ncies personals a trav\u00e9s d\u2019 aquests espais virtuals. Considerem que \u00e9s una molt bona eina i experi\u00e8ncia per a <span style=\"font-family: inherit; font-size: 1em; text-align: justify;\">l\u2019\u00fas de l\u2019angl\u00e8s, de les compet\u00e8ncies digitals, aix\u00ed com per a adquirir una bona formaci\u00f3 i aprenentatge personal sobre temes d\u2019inter\u00e8s globals.<\/span><\/p>\n\r\n\t<div class=\"slideshow_container slideshow_container_style-light\" style=\" \" data-slideshow-id=\"5562\" data-style-name=\"style-light\" data-style-version=\"2.3.1\" >\r\n\r\n\t\t\t\t\t<div class=\"slideshow_loading_icon\"><\/div>\r\n\t\t\r\n\t\t<div class=\"slideshow_content\" style=\"display: none;\">\r\n\r\n\t\t\t<div class=\"slideshow_view\">\r\n\t\t\t\t<div class=\"slideshow_slide slideshow_slide_image\">\r\n\t\t\t\t\t\t\t\t\t\t\t<img src=\"https:\/\/agora.xtec.cat\/ceipvictorcatala\/wp-content\/uploads\/usu1671\/2025\/02\/WhatsApp-Image-2025-02-04-at-15.03.42.jpeg\" alt=\"WhatsApp Image 2025-02-04 at 15.03.42\" width=\"1600\" height=\"1200\" \/>\r\n\t\t\t\t\t\t\t\t\t\t<div class=\"slideshow_description_box slideshow_transparent\">\r\n\t\t\t\t\t\t<div class=\"slideshow_title\">WhatsApp Image 2025-02-04 at 15.03.42<\/div>\t\t\t\t\t\t\t\t\t\t\t<\/div>\r\n\t\t\t\t<\/div>\r\n\r\n\t\t\t\t\t\t<div style=\"clear: both;\"><\/div><\/div><div class=\"slideshow_view\">\r\n\t\t\t\t<div class=\"slideshow_slide slideshow_slide_image\">\r\n\t\t\t\t\t\t\t\t\t\t\t<img src=\"https:\/\/agora.xtec.cat\/ceipvictorcatala\/wp-content\/uploads\/usu1671\/2025\/02\/WhatsApp-Image-2025-02-04-at-15.03.42-1.jpeg\" alt=\"WhatsApp Image 2025-02-04 at 15.03.42 (1)\" width=\"1600\" height=\"1200\" \/>\r\n\t\t\t\t\t\t\t\t\t\t<div class=\"slideshow_description_box slideshow_transparent\">\r\n\t\t\t\t\t\t<div class=\"slideshow_title\">WhatsApp Image 2025-02-04 at 15.03.42 (1)<\/div>\t\t\t\t\t\t\t\t\t\t\t<\/div>\r\n\t\t\t\t<\/div>\r\n\r\n\t\t\t\t\t\t<div style=\"clear: both;\"><\/div><\/div><div class=\"slideshow_view\">\r\n\t\t\t\t<div class=\"slideshow_slide slideshow_slide_image\">\r\n\t\t\t\t\t\t\t\t\t\t\t<img src=\"https:\/\/agora.xtec.cat\/ceipvictorcatala\/wp-content\/uploads\/usu1671\/2025\/02\/WhatsApp-Image-2025-02-04-at-15.03.42-2.jpeg\" alt=\"WhatsApp Image 2025-02-04 at 15.03.42 (2)\" width=\"1600\" height=\"1200\" \/>\r\n\t\t\t\t\t\t\t\t\t\t<div class=\"slideshow_description_box slideshow_transparent\">\r\n\t\t\t\t\t\t<div class=\"slideshow_title\">WhatsApp Image 2025-02-04 at 15.03.42 (2)<\/div>\t\t\t\t\t\t\t\t\t\t\t<\/div>\r\n\t\t\t\t<\/div>\r\n\r\n\t\t\t\t\t\t<div style=\"clear: both;\"><\/div><\/div><div class=\"slideshow_view\">\r\n\t\t\t\t<div class=\"slideshow_slide slideshow_slide_image\">\r\n\t\t\t\t\t\t\t\t\t\t\t<img src=\"https:\/\/agora.xtec.cat\/ceipvictorcatala\/wp-content\/uploads\/usu1671\/2025\/02\/WhatsApp-Image-2025-02-04-at-15.03.42-3.jpeg\" alt=\"WhatsApp Image 2025-02-04 at 15.03.42 (3)\" width=\"1600\" height=\"1200\" \/>\r\n\t\t\t\t\t\t\t\t\t\t<div class=\"slideshow_description_box slideshow_transparent\">\r\n\t\t\t\t\t\t<div class=\"slideshow_title\">WhatsApp Image 2025-02-04 at 15.03.42 (3)<\/div>\t\t\t\t\t\t\t\t\t\t\t<\/div>\r\n\t\t\t\t<\/div>\r\n\r\n\t\t\t\t\t\t<div style=\"clear: both;\"><\/div><\/div><div class=\"slideshow_view\">\r\n\t\t\t\t<div class=\"slideshow_slide slideshow_slide_image\">\r\n\t\t\t\t\t\t\t\t\t\t\t<img src=\"https:\/\/agora.xtec.cat\/ceipvictorcatala\/wp-content\/uploads\/usu1671\/2025\/02\/WhatsApp-Image-2025-02-04-at-15.03.42-4.jpeg\" alt=\"WhatsApp Image 2025-02-04 at 15.03.42 (4)\" width=\"1600\" height=\"1200\" \/>\r\n\t\t\t\t\t\t\t\t\t\t<div class=\"slideshow_description_box slideshow_transparent\">\r\n\t\t\t\t\t\t<div class=\"slideshow_title\">WhatsApp Image 2025-02-04 at 15.03.42 (4)<\/div>\t\t\t\t\t\t\t\t\t\t\t<\/div>\r\n\t\t\t\t<\/div>\r\n\r\n\t\t\t\t\t\t<div style=\"clear: both;\"><\/div><\/div><div class=\"slideshow_view\">\r\n\t\t\t\t<div class=\"slideshow_slide slideshow_slide_image\">\r\n\t\t\t\t\t\t\t\t\t\t\t<img src=\"https:\/\/agora.xtec.cat\/ceipvictorcatala\/wp-content\/uploads\/usu1671\/2025\/02\/WhatsApp-Image-2025-02-04-at-15.03.42-5.jpeg\" alt=\"WhatsApp Image 2025-02-04 at 15.03.42 (5)\" width=\"1600\" height=\"1200\" \/>\r\n\t\t\t\t\t\t\t\t\t\t<div class=\"slideshow_description_box slideshow_transparent\">\r\n\t\t\t\t\t\t<div class=\"slideshow_title\">WhatsApp Image 2025-02-04 at 15.03.42 (5)<\/div>\t\t\t\t\t\t\t\t\t\t\t<\/div>\r\n\t\t\t\t<\/div>\r\n\r\n\t\t\t\t\t\t<div style=\"clear: both;\"><\/div><\/div><div class=\"slideshow_view\">\r\n\t\t\t\t<div class=\"slideshow_slide slideshow_slide_image\">\r\n\t\t\t\t\t\t\t\t\t\t\t<img src=\"https:\/\/agora.xtec.cat\/ceipvictorcatala\/wp-content\/uploads\/usu1671\/2025\/02\/WhatsApp-Image-2025-02-04-at-15.03.42-6.jpeg\" alt=\"WhatsApp Image 2025-02-04 at 15.03.42 (6)\" width=\"1600\" height=\"1200\" \/>\r\n\t\t\t\t\t\t\t\t\t\t<div class=\"slideshow_description_box slideshow_transparent\">\r\n\t\t\t\t\t\t<div class=\"slideshow_title\">WhatsApp Image 2025-02-04 at 15.03.42 (6)<\/div>\t\t\t\t\t\t\t\t\t\t\t<\/div>\r\n\t\t\t\t<\/div>\r\n\r\n\t\t\t\t\t\t<div style=\"clear: both;\"><\/div><\/div><div class=\"slideshow_view\">\r\n\t\t\t\t<div class=\"slideshow_slide slideshow_slide_image\">\r\n\t\t\t\t\t\t\t\t\t\t\t<img src=\"https:\/\/agora.xtec.cat\/ceipvictorcatala\/wp-content\/uploads\/usu1671\/2025\/02\/WhatsApp-Image-2025-02-04-at-15.06.15.jpeg\" alt=\"WhatsApp Image 2025-02-04 at 15.06.15\" width=\"1200\" height=\"1600\" \/>\r\n\t\t\t\t\t\t\t\t\t\t<div class=\"slideshow_description_box slideshow_transparent\">\r\n\t\t\t\t\t\t<div class=\"slideshow_title\">WhatsApp Image 2025-02-04 at 15.06.15<\/div>\t\t\t\t\t\t\t\t\t\t\t<\/div>\r\n\t\t\t\t<\/div>\r\n\r\n\t\t\t\t\t\t<div style=\"clear: both;\"><\/div><\/div>\r\n\t\t<\/div>\r\n\r\n\t\t<div class=\"slideshow_controlPanel slideshow_transparent\" style=\"display: none;\"><ul><li class=\"slideshow_togglePlay\" data-play-text=\"Visualitza\" data-pause-text=\"Pausa\"><\/li><\/ul><\/div>\r\n\r\n\t\t<div class=\"slideshow_button slideshow_previous slideshow_transparent\" role=\"button\" data-previous-text=\"Anterior\" style=\"display: none;\"><\/div>\r\n\t\t<div class=\"slideshow_button slideshow_next slideshow_transparent\" role=\"button\" data-next-text=\"Seg\u00fcent\" style=\"display: none;\"><\/div>\r\n\r\n\t\t<div class=\"slideshow_pagination\" style=\"display: none;\" data-go-to-text=\"V\u00e9s a la diapositiva\"><div class=\"slideshow_pagination_center\"><\/div><\/div>\r\n\r\n\t\t<!-- WordPress Slideshow Version 2.3.1 -->\r\n\r\n\t\t\t<\/div>\r\n\r\n\n","protected":false},"excerpt":{"rendered":"<p>QU\u00c8 \u00c9S EL PROGRAMA GLOBAL SCHOLARS? Global Scholars \u00e9s un programa internacional d\u2019aprenentatge en l\u00ednia que connecta estudiants d\u2019escoles situades en ciutats d\u2019arreu del m\u00f3n amb l\u2019objectiu de preparar-los per esdevenir ciutadans globals. La iniciativa, adre\u00e7ada a estudiants d\u2019entre 10 i 13 anys, facilita la interacci\u00f3 i el debat a trav\u00e9s de f\u00f2rums en l\u00ednia, [&hellip;]<\/p>\n","protected":false},"author":1,"featured_media":0,"parent":0,"menu_order":0,"comment_status":"closed","ping_status":"closed","template":"","meta":{"_bbp_topic_count":0,"_bbp_reply_count":0,"_bbp_total_topic_count":0,"_bbp_total_reply_count":0,"_bbp_voice_count":0,"_bbp_anonymous_reply_count":0,"_bbp_topic_count_hidden":0,"_bbp_reply_count_hidden":0,"_bbp_forum_subforum_count":0,"site-sidebar-layout":"default","site-content-layout":"","ast-site-content-layout":"","site-content-style":"default","site-sidebar-style":"default","ast-global-header-display":"","ast-banner-title-visibility":"","ast-main-header-display":"","ast-hfb-above-header-display":"","ast-hfb-below-header-display":"","ast-hfb-mobile-header-display":"","site-post-title":"","ast-breadcrumbs-content":"","ast-featured-img":"","footer-sml-layout":"","theme-transparent-header-meta":"","adv-header-id-meta":"","stick-header-meta":"","header-above-stick-meta":"","header-main-stick-meta":"","header-below-stick-meta":"","astra-migrate-meta-layouts":"default","ast-page-background-enabled":"default","ast-page-background-meta":{"desktop":{"background-color":"var(--ast-global-color-4)","background-image":"","background-repeat":"repeat","background-position":"center center","background-size":"auto","background-attachment":"scroll","background-type":"","background-media":"","overlay-type":"","overlay-color":"","overlay-opacity":"","overlay-gradient":""},"tablet":{"background-color":"","background-image":"","background-repeat":"repeat","background-position":"center center","background-size":"auto","background-attachment":"scroll","background-type":"","background-media":"","overlay-type":"","overlay-color":"","overlay-opacity":"","overlay-gradient":""},"mobile":{"background-color":"","background-image":"","background-repeat":"repeat","background-position":"center center","background-size":"auto","background-attachment":"scroll","background-type":"","background-media":"","overlay-type":"","overlay-color":"","overlay-opacity":"","overlay-gradient":""}},"ast-content-background-meta":{"desktop":{"background-color":"var(--ast-global-color-5)","background-image":"","background-repeat":"repeat","background-position":"center center","background-size":"auto","background-attachment":"scroll","background-type":"","background-media":"","overlay-type":"","overlay-color":"","overlay-opacity":"","overlay-gradient":""},"tablet":{"background-color":"var(--ast-global-color-5)","background-image":"","background-repeat":"repeat","background-position":"center center","background-size":"auto","background-attachment":"scroll","background-type":"","background-media":"","overlay-type":"","overlay-color":"","overlay-opacity":"","overlay-gradient":""},"mobile":{"background-color":"var(--ast-global-color-5)","background-image":"","background-repeat":"repeat","background-position":"center center","background-size":"auto","background-attachment":"scroll","background-type":"","background-media":"","overlay-type":"","overlay-color":"","overlay-opacity":"","overlay-gradient":""}},"footnotes":""},"class_list":["post-1996","page","type-page","status-publish","hentry"],"post_mailing_queue_ids":[],"_links":{"self":[{"href":"https:\/\/agora.xtec.cat\/ceipvictorcatala\/wp-json\/wp\/v2\/pages\/1996","targetHints":{"allow":["GET"]}}],"collection":[{"href":"https:\/\/agora.xtec.cat\/ceipvictorcatala\/wp-json\/wp\/v2\/pages"}],"about":[{"href":"https:\/\/agora.xtec.cat\/ceipvictorcatala\/wp-json\/wp\/v2\/types\/page"}],"author":[{"embeddable":true,"href":"https:\/\/agora.xtec.cat\/ceipvictorcatala\/wp-json\/wp\/v2\/users\/1"}],"replies":[{"embeddable":true,"href":"https:\/\/agora.xtec.cat\/ceipvictorcatala\/wp-json\/wp\/v2\/comments?post=1996"}],"version-history":[{"count":5,"href":"https:\/\/agora.xtec.cat\/ceipvictorcatala\/wp-json\/wp\/v2\/pages\/1996\/revisions"}],"predecessor-version":[{"id":5710,"href":"https:\/\/agora.xtec.cat\/ceipvictorcatala\/wp-json\/wp\/v2\/pages\/1996\/revisions\/5710"}],"wp:attachment":[{"href":"https:\/\/agora.xtec.cat\/ceipvictorcatala\/wp-json\/wp\/v2\/media?parent=1996"}],"curies":[{"name":"wp","href":"https:\/\/api.w.org\/{rel}","templated":true}]}}