{"id":84,"date":"2014-09-18T14:11:31","date_gmt":"2014-09-18T13:11:31","guid":{"rendered":"http:\/\/agora.xtec.cat\/ceipvallpalau\/?page_id=84"},"modified":"2020-01-17T13:38:54","modified_gmt":"2020-01-17T12:38:54","slug":"activitats-extraescolars","status":"publish","type":"page","link":"https:\/\/agora.xtec.cat\/ceipvallpalau\/serveis\/activitats-extraescolars\/","title":{"rendered":"Activitats extraescolars"},"content":{"rendered":"<p><img loading=\"lazy\" decoding=\"async\" class=\"aligncenter size-medium wp-image-1701\" src=\"https:\/\/agora.xtec.cat\/ceipvallpalau\/wp-content\/uploads\/usu984\/2020\/01\/EXTRAESCOLARS-300x87.png\" alt=\"\" width=\"300\" height=\"87\" srcset=\"https:\/\/agora.xtec.cat\/ceipvallpalau\/wp-content\/uploads\/usu984\/2020\/01\/EXTRAESCOLARS-300x87.png 300w, https:\/\/agora.xtec.cat\/ceipvallpalau\/wp-content\/uploads\/usu984\/2020\/01\/EXTRAESCOLARS.png 481w\" sizes=\"auto, (max-width: 300px) 100vw, 300px\" \/>L&#8217;AMPA ofereix tamb\u00e9 unes activitats extraescolars di\u00e0ries al migdia entre les 13:15\u00a0 15:00 i al les tardes de 16:30 a 18:00.<\/p>\n<p>A principi de curs es passa un llistat amb una \u00e0mplia oferta d&#8217;activitats esportives i culturals.<\/p>\n<p>En els darrers anys han funcionat molt b\u00e9 les sg\u00fcents activitats:<\/p>\n<ul>\n<li>Classes d&#8217;angl\u00e8s (tamb\u00e9 als migdies)<\/li>\n<li>Activitats multiesports<\/li>\n<li>Espai d&#8217;art<\/li>\n<li>Ball<\/li>\n<li>Taekwondo<\/li>\n<li>Patinatge<\/li>\n<\/ul>\n<p>El preu de les activitats va en funci\u00f3 del n\u00famero de dies. Per m\u00e9s informaci\u00f3 cal consultar el <a href=\"http:\/\/ampavalldepalau.net\/\">web de l&#8217;AMPA<\/a>.<\/p>\n<p>&nbsp;<\/p>\n<p>&nbsp;<\/p>\n","protected":false},"excerpt":{"rendered":"<p>L&#8217;AMPA ofereix tamb\u00e9 unes activitats extraescolars di\u00e0ries al migdia entre les 13:15\u00a0 15:00 i al les tardes de 16:30 a 18:00.<br \/>\nA principi de curs es passa un llistat amb una \u00e0mplia oferta d&#8217;activitats esportives i culturals.<br \/>\nEn els darrers anys han funcionat molt b\u00e9 les sg\u00fcents&hellip;  <a href=\"https:\/\/agora.xtec.cat\/ceipvallpalau\/serveis\/activitats-extraescolars\/\" title=\"Read Activitats extraescolars\">Llegeix m\u00e9s\u00bb<\/a><\/p>\n","protected":false},"author":1,"featured_media":0,"parent":66,"menu_order":30,"comment_status":"closed","ping_status":"closed","template":"page-templates\/side-menu.php","meta":{"_bbp_topic_count":0,"_bbp_reply_count":0,"_bbp_total_topic_count":0,"_bbp_total_reply_count":0,"_bbp_voice_count":0,"_bbp_anonymous_reply_count":0,"_bbp_topic_count_hidden":0,"_bbp_reply_count_hidden":0,"_bbp_forum_subforum_count":0,"footnotes":""},"class_list":["post-84","page","type-page","status-publish","hentry"],"post_mailing_queue_ids":[],"_links":{"self":[{"href":"https:\/\/agora.xtec.cat\/ceipvallpalau\/wp-json\/wp\/v2\/pages\/84","targetHints":{"allow":["GET"]}}],"collection":[{"href":"https:\/\/agora.xtec.cat\/ceipvallpalau\/wp-json\/wp\/v2\/pages"}],"about":[{"href":"https:\/\/agora.xtec.cat\/ceipvallpalau\/wp-json\/wp\/v2\/types\/page"}],"author":[{"embeddable":true,"href":"https:\/\/agora.xtec.cat\/ceipvallpalau\/wp-json\/wp\/v2\/users\/1"}],"replies":[{"embeddable":true,"href":"https:\/\/agora.xtec.cat\/ceipvallpalau\/wp-json\/wp\/v2\/comments?post=84"}],"version-history":[{"count":3,"href":"https:\/\/agora.xtec.cat\/ceipvallpalau\/wp-json\/wp\/v2\/pages\/84\/revisions"}],"predecessor-version":[{"id":1702,"href":"https:\/\/agora.xtec.cat\/ceipvallpalau\/wp-json\/wp\/v2\/pages\/84\/revisions\/1702"}],"up":[{"embeddable":true,"href":"https:\/\/agora.xtec.cat\/ceipvallpalau\/wp-json\/wp\/v2\/pages\/66"}],"wp:attachment":[{"href":"https:\/\/agora.xtec.cat\/ceipvallpalau\/wp-json\/wp\/v2\/media?parent=84"}],"curies":[{"name":"wp","href":"https:\/\/api.w.org\/{rel}","templated":true}]}}