{"id":82,"date":"2014-09-18T14:10:51","date_gmt":"2014-09-18T13:10:51","guid":{"rendered":"http:\/\/agora.xtec.cat\/ceipvallpalau\/?page_id=82"},"modified":"2020-01-13T19:59:05","modified_gmt":"2020-01-13T18:59:05","slug":"casal-destiu","status":"publish","type":"page","link":"https:\/\/agora.xtec.cat\/ceipvallpalau\/serveis\/casal-destiu\/","title":{"rendered":"Casal d&#8217;estiu"},"content":{"rendered":"<p>L&#8217;Ampa de l&#8217;escola organitza el casal d&#8217;estiu.<\/p>\n<p><img loading=\"lazy\" decoding=\"async\" class=\" wp-image-1648 alignright\" src=\"https:\/\/agora.xtec.cat\/ceipvallpalau\/wp-content\/uploads\/usu984\/2020\/01\/casal_estiu.jpg\" alt=\"\" width=\"431\" height=\"169\" srcset=\"https:\/\/agora.xtec.cat\/ceipvallpalau\/wp-content\/uploads\/usu984\/2020\/01\/casal_estiu.jpg 650w, https:\/\/agora.xtec.cat\/ceipvallpalau\/wp-content\/uploads\/usu984\/2020\/01\/casal_estiu-300x118.jpg 300w\" sizes=\"auto, (max-width: 431px) 100vw, 431px\" \/>Les activitats d\u2019estiu ens proporcionen experi\u00e8ncies i situacions fora del nostre entorn quotidi\u00e0 i ens donen l\u2019oportunitat de generar-nos una nova perspectiva del m\u00f3n que ens envolta.<\/p>\n<p>Per poder donar resposta a les necessitats del nostre entorn, el nostre Casal obre les portes a totes les realitats familiars. Aix\u00ed doncs, el nostre \u00e9s un centre plural, orgull\u00f3s de poder defensar els valors democr\u00e0tics, i sobretot els drets dels infants.<br \/>\nDefensem que l\u2019educaci\u00f3 \u00e9s cosa de tots, \u00e9s per aquest motiu, que involucrem a les fam\u00edlies en la nostra tasca, i les fem part\u00edcips de la viv\u00e8ncia.<\/p>\n<p>La nostra eina principal, per a treballar els nostres objectius, \u00e9s la creaci\u00f3 d\u2019un <strong>Centre d\u2019Inter\u00e8s<\/strong> que s\u2019acaba convertint en el puntal de la viv\u00e8ncia dels nostres nens.<br \/>\nEl Centre d\u2019Inter\u00e8s \u00e9s el mitj\u00e0 educatiu que utilitzem per lligar les activitats a una hist\u00f2ria que converteix l\u2019estiu en una aventura. Ens podem transportar a un m\u00f3n m\u00e0gic amb criatures mitol\u00f2giques, viatjar en el temps i con\u00e8ixer el passat o fins i tot viure una hist\u00f2ria de misteri.<\/p>\n<p>Si necessiteu m\u00e9s informaci\u00f3 podeu consultar la p\u00e0gina web de l&#8217;AMPA.<\/p>\n<p><a href=\"http:\/\/ampavalldepalau.net\/\">http:\/\/ampavalldepalau.net\/<\/a><\/p>\n<p>&nbsp;<\/p>\n","protected":false},"excerpt":{"rendered":"<p>L&#8217;Ampa de l&#8217;escola organitza el casal d&#8217;estiu.<br \/>\nLes activitats d\u2019estiu ens proporcionen experi\u00e8ncies i situacions fora del nostre entorn quotidi\u00e0 i ens donen l\u2019oportunitat de generar-nos una nova perspectiva del m\u00f3n que ens envolta.<br \/>\nPer poder donar resposta a les necessitats del nostre entorn, el nostre Casal&hellip;  <a href=\"https:\/\/agora.xtec.cat\/ceipvallpalau\/serveis\/casal-destiu\/\" title=\"Read Casal d&#8217;estiu\">Llegeix m\u00e9s\u00bb<\/a><\/p>\n","protected":false},"author":1,"featured_media":0,"parent":66,"menu_order":50,"comment_status":"closed","ping_status":"closed","template":"page-templates\/side-menu.php","meta":{"_bbp_topic_count":0,"_bbp_reply_count":0,"_bbp_total_topic_count":0,"_bbp_total_reply_count":0,"_bbp_voice_count":0,"_bbp_anonymous_reply_count":0,"_bbp_topic_count_hidden":0,"_bbp_reply_count_hidden":0,"_bbp_forum_subforum_count":0,"footnotes":""},"class_list":["post-82","page","type-page","status-publish","hentry"],"post_mailing_queue_ids":[],"_links":{"self":[{"href":"https:\/\/agora.xtec.cat\/ceipvallpalau\/wp-json\/wp\/v2\/pages\/82","targetHints":{"allow":["GET"]}}],"collection":[{"href":"https:\/\/agora.xtec.cat\/ceipvallpalau\/wp-json\/wp\/v2\/pages"}],"about":[{"href":"https:\/\/agora.xtec.cat\/ceipvallpalau\/wp-json\/wp\/v2\/types\/page"}],"author":[{"embeddable":true,"href":"https:\/\/agora.xtec.cat\/ceipvallpalau\/wp-json\/wp\/v2\/users\/1"}],"replies":[{"embeddable":true,"href":"https:\/\/agora.xtec.cat\/ceipvallpalau\/wp-json\/wp\/v2\/comments?post=82"}],"version-history":[{"count":3,"href":"https:\/\/agora.xtec.cat\/ceipvallpalau\/wp-json\/wp\/v2\/pages\/82\/revisions"}],"predecessor-version":[{"id":1649,"href":"https:\/\/agora.xtec.cat\/ceipvallpalau\/wp-json\/wp\/v2\/pages\/82\/revisions\/1649"}],"up":[{"embeddable":true,"href":"https:\/\/agora.xtec.cat\/ceipvallpalau\/wp-json\/wp\/v2\/pages\/66"}],"wp:attachment":[{"href":"https:\/\/agora.xtec.cat\/ceipvallpalau\/wp-json\/wp\/v2\/media?parent=82"}],"curies":[{"name":"wp","href":"https:\/\/api.w.org\/{rel}","templated":true}]}}