{"id":77,"date":"2014-09-18T14:05:08","date_gmt":"2014-09-18T13:05:08","guid":{"rendered":"http:\/\/agora.xtec.cat\/ceipvallpalau\/?page_id=77"},"modified":"2022-09-16T09:50:26","modified_gmt":"2022-09-16T07:50:26","slug":"acollida","status":"publish","type":"page","link":"https:\/\/agora.xtec.cat\/ceipvallpalau\/serveis\/acollida\/","title":{"rendered":"Acollida"},"content":{"rendered":"<p>L&#8217;AMPA ofereix un servei d&#8217;acollida matinal des de les 07:30h del mat\u00ed fins les 09:00h<\/p>\n<p>-En cas de ser usuaris habituals del servei ser\u00e0 necessari ser soci de l\u2019AMPA.<\/p>\n<p>-Per fer us del servei d\u2019acollida \u00e9s necessari pagar els 5\u20ac anuals d\u2019asseguran\u00e7a obligat\u00f2ria. Es pot fer a trav\u00e9s de transfer\u00e8ncia banc\u00e0ria al n\u00famero de compte ES75 0081 1656 2600 0101 7703 o amb el codi 147944 a trav\u00e9s del caixer del Banc Sabadell, anotant al concepte asseguran\u00e7a i el nom de l\u2019alumne. El justificant de pagament de l\u2019asseguran\u00e7a el podeu enviar al corre electr\u00f2nic que trobareu al encap\u00e7alament del document.<\/p>\n<p><a href=\"https:\/\/docs.google.com\/forms\/d\/e\/1FAIpQLSdRJuVB0ofoGOEgEDBrDkdy9K3rNaj-Oitx-5-vT5JJnbKp9Q\/viewform\">https:\/\/docs.google.com\/forms\/d\/e\/1FAIpQLSdRJuVB0ofoGOEgEDBrDkdy9K3rNaj-Oitx-5-vT5JJnbKp9Q\/viewform<\/a><\/p>\n<p>\u2013 Per donar-se de baixa del servei s\u2019haur\u00e0 d\u2019avisar abans del dia 25 del mes en curs.<\/p>\n<p>\u2013 Els infants seran recollits per les monitores a la porta principal en horari 7.30h, 8h i 8.30h. -Per realitzar l\u2019acollida de tarda es necessari un m\u00ednim de 10 infants fixes inscrits. -El pagament del servei es realitza de la seg\u00fcent manera :<\/p>\n<p>-Usuaris espor\u00e0dics o fixos discontinus l\u2019ha de fer la fam\u00edlia a trav\u00e9s de transfer\u00e8ncia banc\u00e0ria al n\u00famero de compte ES83 0081 1656 2500 0101 7802, a trav\u00e9s del caixer del Banc Sabadell amb el pagament a tercers amb el codi 147947. El justificant de pagament s\u2019haur\u00e0 d\u2019entregar a la monitora en el moment de deixar l\u2019infant. Nom\u00e9s s\u2019acceptar\u00e0 no entregar el justificant al moment per causa major, aquest s\u2019haur\u00e0 d\u2019entregar durant els 5 dies posteriors, si no es fa entrega del justificant la fam\u00edlia no podr\u00e0 tornar a gaudir del servei d\u2019acollida fins que no es regularitzi la situaci\u00f3.<\/p>\n<p>-Usuaris fixes, per domiciliaci\u00f3 bancaria al numero de compte que indiqueu a la inscripci\u00f3, el rebut es girar\u00e0 entre el dia 5 i 10 a mes ven\u00e7ut. En cas que el rebut sigui retornat per la fam\u00edlia per qualsevol causa que no sigui un error de l\u2019AMPA, es cobrar\u00e0 al seg\u00fcent rebut els c\u00e0rrecs de gesti\u00f3 i les comissions bancaries que s\u2019ocasionin.<\/p>\n<p><img decoding=\"async\" class=\"aligncenter\" src=\"http:\/\/ampavalldepalau.net\/wp-content\/uploads\/preus-acollida-22-23.jpg\" \/><\/p>\n<p><a href=\"http:\/\/ampavalldepalau.net\/wp-content\/uploads\/NORMATIVA-PREUS-I-FUNCIONAMENT-ACOLLIDA.pdf\">http:\/\/ampavalldepalau.net\/wp-content\/uploads\/NORMATIVA-PREUS-I-FUNCIONAMENT-ACOLLIDA.pdf<\/a><\/p>\n<figure class=\"wp-block-image\"><img decoding=\"async\" class=\"wp-image-3255\" src=\"http:\/\/ampavalldepalau.net\/wp-content\/uploads\/preus-acollida-22-23.jpg\" sizes=\"(max-width: 757px) 100vw, 757px\" srcset=\"http:\/\/ampavalldepalau.net\/wp-content\/uploads\/preus-acollida-22-23.jpg 757w, http:\/\/ampavalldepalau.net\/wp-content\/uploads\/preus-acollida-22-23-300x113.jpg 300w\" alt=\"\" \/><\/figure>\n","protected":false},"excerpt":{"rendered":"<p>L&#8217;AMPA ofereix un servei d&#8217;acollida matinal des de les 07:30h del mat\u00ed fins les 09:00h<br \/>\n-En cas de ser usuaris habituals del servei ser\u00e0 necessari ser soci de l\u2019AMPA.<br \/>\n-Per fer us del servei d\u2019acollida \u00e9s necessari pagar els 5\u20ac anuals d\u2019asseguran\u00e7a obligat\u00f2ria. Es pot fer a&hellip;  <a href=\"https:\/\/agora.xtec.cat\/ceipvallpalau\/serveis\/acollida\/\" title=\"Read Acollida\">Llegeix m\u00e9s\u00bb<\/a><\/p>\n","protected":false},"author":1,"featured_media":0,"parent":66,"menu_order":20,"comment_status":"closed","ping_status":"closed","template":"page-templates\/side-menu.php","meta":{"_bbp_topic_count":0,"_bbp_reply_count":0,"_bbp_total_topic_count":0,"_bbp_total_reply_count":0,"_bbp_voice_count":0,"_bbp_anonymous_reply_count":0,"_bbp_topic_count_hidden":0,"_bbp_reply_count_hidden":0,"_bbp_forum_subforum_count":0,"footnotes":""},"class_list":["post-77","page","type-page","status-publish","hentry"],"post_mailing_queue_ids":[],"_links":{"self":[{"href":"https:\/\/agora.xtec.cat\/ceipvallpalau\/wp-json\/wp\/v2\/pages\/77","targetHints":{"allow":["GET"]}}],"collection":[{"href":"https:\/\/agora.xtec.cat\/ceipvallpalau\/wp-json\/wp\/v2\/pages"}],"about":[{"href":"https:\/\/agora.xtec.cat\/ceipvallpalau\/wp-json\/wp\/v2\/types\/page"}],"author":[{"embeddable":true,"href":"https:\/\/agora.xtec.cat\/ceipvallpalau\/wp-json\/wp\/v2\/users\/1"}],"replies":[{"embeddable":true,"href":"https:\/\/agora.xtec.cat\/ceipvallpalau\/wp-json\/wp\/v2\/comments?post=77"}],"version-history":[{"count":3,"href":"https:\/\/agora.xtec.cat\/ceipvallpalau\/wp-json\/wp\/v2\/pages\/77\/revisions"}],"predecessor-version":[{"id":3165,"href":"https:\/\/agora.xtec.cat\/ceipvallpalau\/wp-json\/wp\/v2\/pages\/77\/revisions\/3165"}],"up":[{"embeddable":true,"href":"https:\/\/agora.xtec.cat\/ceipvallpalau\/wp-json\/wp\/v2\/pages\/66"}],"wp:attachment":[{"href":"https:\/\/agora.xtec.cat\/ceipvallpalau\/wp-json\/wp\/v2\/media?parent=77"}],"curies":[{"name":"wp","href":"https:\/\/api.w.org\/{rel}","templated":true}]}}