{"id":673,"date":"2017-02-15T13:13:43","date_gmt":"2017-02-15T12:13:43","guid":{"rendered":"http:\/\/agora.xtec.cat\/ceipvallpalau\/?page_id=673"},"modified":"2020-03-07T10:56:32","modified_gmt":"2020-03-07T09:56:32","slug":"gep-grup-experimental-al-plurilinguisme","status":"publish","type":"page","link":"https:\/\/agora.xtec.cat\/ceipvallpalau\/projectes\/angles\/gep-grup-experimental-al-plurilinguisme\/","title":{"rendered":"GEP (Grup Experimental al Pluriling\u00fcisme)"},"content":{"rendered":"<p>Durant el curs 2014-2015 l&#8217;Escola Vall de Palau va iniciar un projecte experimental en el qual participen centres de tota Catalunya amb l&#8217;objectiu de millorar la compet\u00e8ncia ling\u00fc\u00edstica i pluriling\u00fce de l\u2019alumnat.<\/p>\n<p>Amb aquest projecte volem\u00a0augmentar la\u00a0pres\u00e8ncia de la llengua anglesa al centre a trav\u00e9s de l\u2019aprenentatge de certs continguts curriculars en angl\u00e8s. En el nostre cas, treballem la pl\u00e0stica en angl\u00e8s a Cicle Mitj\u00e0 i Cicle Superior.<\/p>\n<p>Gr\u00e0cies a aquest programa, durant el curs 2015-2016 vam gaudir d&#8217;un auxiliar de conversa nadiu que va ajudar a millorar la compet\u00e8ncia ling\u00fc\u00edstica de l&#8217;alumnat. Els resultats van ser tant positius que continuarem sol\u00b7licitant aquest\u00a0tipus de suport en els propers anys.<\/p>\n<p>La nostra programaci\u00f3 es basa en el treball profund d&#8217;autors (pintors, escultors&#8230;) i la creaci\u00f3 d&#8217;un producte final amb caracter\u00edstiques pr\u00f2pies de cada estil dels autors. A continuaci\u00f3 podeu veure un v\u00eddeo amb intervencions del nostre alumnat.<\/p>\n<p><iframe loading=\"lazy\" src=\"\/\/www.youtube.com\/embed\/oufIL8wsH9M\" width=\"560\" height=\"315\" frameborder=\"0\"><\/iframe><\/p>\n<p>En la realitzaci\u00f3 d&#8217;aquestes tasques rep import\u00e0ncia el treball cooperatiu i\u00a0la comunicaci\u00f3 entre alumne-alumne i alumne-mestre en llengua anglesa.<\/p>\n<p>Aquests s\u00f3n alguns dels treballs realitzats pels alumnes de cicle mitj\u00e0.<\/p>\n<p><a href=\"http:\/\/agora.xtec.cat\/ceipvallpalau\/wp-content\/uploads\/usu984\/2017\/02\/Foto-web.jpg\"><img loading=\"lazy\" decoding=\"async\" class=\"size-full wp-image-686 aligncenter\" src=\"http:\/\/agora.xtec.cat\/ceipvallpalau\/wp-content\/uploads\/usu984\/2017\/02\/Foto-web.jpg\" alt=\"foto-web\" width=\"640\" height=\"228\" srcset=\"https:\/\/agora.xtec.cat\/ceipvallpalau\/wp-content\/uploads\/usu984\/2017\/02\/Foto-web.jpg 640w, https:\/\/agora.xtec.cat\/ceipvallpalau\/wp-content\/uploads\/usu984\/2017\/02\/Foto-web-300x107.jpg 300w\" sizes=\"auto, (max-width: 640px) 100vw, 640px\" \/><\/a><\/p>\n<p><a href=\"https:\/\/youtu.be\/_FF7_0_QahQ\">https:\/\/youtu.be\/_FF7_0_QahQ<\/a><\/p>\n<p><a href=\"https:\/\/youtu.be\/BZHk_lEffMk\">https:\/\/youtu.be\/BZHk_lEffMk<\/a><\/p>\n\r\n\t<div class=\"slideshow_container slideshow_container_style-light\" style=\"height: 300px; \" data-slideshow-id=\"833\" data-style-name=\"style-light\" data-style-version=\"2.3.1\" >\r\n\r\n\t\t\t\t\t<div class=\"slideshow_loading_icon\"><\/div>\r\n\t\t\r\n\t\t<div class=\"slideshow_content\" style=\"display: none;\">\r\n\r\n\t\t\t<div class=\"slideshow_view\">\r\n\t\t\t\t<div class=\"slideshow_slide slideshow_slide_image\">\r\n\t\t\t\t\t\t\t\t\t\t\t<img src=\"https:\/\/agora.xtec.cat\/ceipvallpalau\/wp-content\/uploads\/usu984\/2017\/03\/ok8-1.jpg\" alt=\"ok8\" width=\"800\" height=\"600\" \/>\r\n\t\t\t\t\t\t\t\t\t\t<div class=\"slideshow_description_box slideshow_transparent\">\r\n\t\t\t\t\t\t<div class=\"slideshow_title\">ok8<\/div>\t\t\t\t\t\t\t\t\t\t\t<\/div>\r\n\t\t\t\t<\/div>\r\n\r\n\t\t\t\t\t\t<div style=\"clear: both;\"><\/div><\/div><div class=\"slideshow_view\">\r\n\t\t\t\t<div class=\"slideshow_slide slideshow_slide_image\">\r\n\t\t\t\t\t\t\t\t\t\t\t<img src=\"https:\/\/agora.xtec.cat\/ceipvallpalau\/wp-content\/uploads\/usu984\/2017\/03\/ok7-1.jpg\" alt=\"ok7\" width=\"800\" height=\"600\" \/>\r\n\t\t\t\t\t\t\t\t\t\t<div class=\"slideshow_description_box slideshow_transparent\">\r\n\t\t\t\t\t\t<div class=\"slideshow_title\">ok7<\/div>\t\t\t\t\t\t\t\t\t\t\t<\/div>\r\n\t\t\t\t<\/div>\r\n\r\n\t\t\t\t\t\t<div style=\"clear: both;\"><\/div><\/div><div class=\"slideshow_view\">\r\n\t\t\t\t<div class=\"slideshow_slide slideshow_slide_image\">\r\n\t\t\t\t\t\t\t\t\t\t\t<img src=\"https:\/\/agora.xtec.cat\/ceipvallpalau\/wp-content\/uploads\/usu984\/2017\/03\/ok6-1.jpg\" alt=\"ok6\" width=\"600\" height=\"800\" \/>\r\n\t\t\t\t\t\t\t\t\t\t<div class=\"slideshow_description_box slideshow_transparent\">\r\n\t\t\t\t\t\t<div class=\"slideshow_title\">ok6<\/div>\t\t\t\t\t\t\t\t\t\t\t<\/div>\r\n\t\t\t\t<\/div>\r\n\r\n\t\t\t\t\t\t<div style=\"clear: both;\"><\/div><\/div><div class=\"slideshow_view\">\r\n\t\t\t\t<div class=\"slideshow_slide slideshow_slide_image\">\r\n\t\t\t\t\t\t\t\t\t\t\t<img src=\"https:\/\/agora.xtec.cat\/ceipvallpalau\/wp-content\/uploads\/usu984\/2017\/03\/ok5-1.jpg\" alt=\"ok5\" width=\"600\" height=\"800\" \/>\r\n\t\t\t\t\t\t\t\t\t\t<div class=\"slideshow_description_box slideshow_transparent\">\r\n\t\t\t\t\t\t<div class=\"slideshow_title\">ok5<\/div>\t\t\t\t\t\t\t\t\t\t\t<\/div>\r\n\t\t\t\t<\/div>\r\n\r\n\t\t\t\t\t\t<div style=\"clear: both;\"><\/div><\/div><div class=\"slideshow_view\">\r\n\t\t\t\t<div class=\"slideshow_slide slideshow_slide_image\">\r\n\t\t\t\t\t\t\t\t\t\t\t<img src=\"https:\/\/agora.xtec.cat\/ceipvallpalau\/wp-content\/uploads\/usu984\/2017\/03\/ok4-1.jpg\" alt=\"ok4\" width=\"600\" height=\"800\" \/>\r\n\t\t\t\t\t\t\t\t\t\t<div class=\"slideshow_description_box slideshow_transparent\">\r\n\t\t\t\t\t\t<div class=\"slideshow_title\">ok4<\/div>\t\t\t\t\t\t\t\t\t\t\t<\/div>\r\n\t\t\t\t<\/div>\r\n\r\n\t\t\t\t\t\t<div style=\"clear: both;\"><\/div><\/div><div class=\"slideshow_view\">\r\n\t\t\t\t<div class=\"slideshow_slide slideshow_slide_image\">\r\n\t\t\t\t\t\t\t\t\t\t\t<img src=\"https:\/\/agora.xtec.cat\/ceipvallpalau\/wp-content\/uploads\/usu984\/2017\/03\/ok3-1.jpg\" alt=\"ok3\" width=\"600\" height=\"800\" \/>\r\n\t\t\t\t\t\t\t\t\t\t<div class=\"slideshow_description_box slideshow_transparent\">\r\n\t\t\t\t\t\t<div class=\"slideshow_title\">ok3<\/div>\t\t\t\t\t\t\t\t\t\t\t<\/div>\r\n\t\t\t\t<\/div>\r\n\r\n\t\t\t\t\t\t<div style=\"clear: both;\"><\/div><\/div><div class=\"slideshow_view\">\r\n\t\t\t\t<div class=\"slideshow_slide slideshow_slide_image\">\r\n\t\t\t\t\t\t\t\t\t\t\t<img src=\"https:\/\/agora.xtec.cat\/ceipvallpalau\/wp-content\/uploads\/usu984\/2017\/03\/ok2-1.jpg\" alt=\"ok2\" width=\"600\" height=\"800\" \/>\r\n\t\t\t\t\t\t\t\t\t\t<div class=\"slideshow_description_box slideshow_transparent\">\r\n\t\t\t\t\t\t<div class=\"slideshow_title\">ok2<\/div>\t\t\t\t\t\t\t\t\t\t\t<\/div>\r\n\t\t\t\t<\/div>\r\n\r\n\t\t\t\t\t\t<div style=\"clear: both;\"><\/div><\/div><div class=\"slideshow_view\">\r\n\t\t\t\t<div class=\"slideshow_slide slideshow_slide_image\">\r\n\t\t\t\t\t\t\t\t\t\t\t<img src=\"https:\/\/agora.xtec.cat\/ceipvallpalau\/wp-content\/uploads\/usu984\/2017\/03\/ok1-1.jpg\" alt=\"ok1\" width=\"600\" height=\"800\" \/>\r\n\t\t\t\t\t\t\t\t\t\t<div class=\"slideshow_description_box slideshow_transparent\">\r\n\t\t\t\t\t\t<div class=\"slideshow_title\">ok1<\/div>\t\t\t\t\t\t\t\t\t\t\t<\/div>\r\n\t\t\t\t<\/div>\r\n\r\n\t\t\t\t\t\t<div style=\"clear: both;\"><\/div><\/div>\r\n\t\t<\/div>\r\n\r\n\t\t<div class=\"slideshow_controlPanel slideshow_transparent\" style=\"display: none;\"><ul><li class=\"slideshow_togglePlay\" data-play-text=\"Visualitza\" data-pause-text=\"Pausa\"><\/li><\/ul><\/div>\r\n\r\n\t\t<div class=\"slideshow_button slideshow_previous slideshow_transparent\" role=\"button\" data-previous-text=\"Anterior\" style=\"display: none;\"><\/div>\r\n\t\t<div class=\"slideshow_button slideshow_next slideshow_transparent\" role=\"button\" data-next-text=\"Seg\u00fcent\" style=\"display: none;\"><\/div>\r\n\r\n\t\t<div class=\"slideshow_pagination\" style=\"display: none;\" data-go-to-text=\"V\u00e9s a la diapositiva\"><div class=\"slideshow_pagination_center\"><\/div><\/div>\r\n\r\n\t\t<!-- WordPress Slideshow Version 2.3.1 -->\r\n\r\n\t\t\t<\/div>\r\n\r\n\n","protected":false},"excerpt":{"rendered":"<p>Durant el curs 2014-2015 l&#8217;Escola Vall de Palau va iniciar un projecte experimental en el qual participen centres de tota Catalunya amb l&#8217;objectiu de millorar la compet\u00e8ncia ling\u00fc\u00edstica i pluriling\u00fce de l\u2019alumnat.<br \/>\nAmb aquest projecte volem\u00a0augmentar la\u00a0pres\u00e8ncia de la llengua anglesa al centre a trav\u00e9s de&hellip;  <a href=\"https:\/\/agora.xtec.cat\/ceipvallpalau\/projectes\/angles\/gep-grup-experimental-al-plurilinguisme\/\" title=\"Read GEP (Grup Experimental al Pluriling\u00fcisme)\">Llegeix m\u00e9s\u00bb<\/a><\/p>\n","protected":false},"author":33,"featured_media":0,"parent":526,"menu_order":0,"comment_status":"closed","ping_status":"closed","template":"page-templates\/side-menu.php","meta":{"_bbp_topic_count":0,"_bbp_reply_count":0,"_bbp_total_topic_count":0,"_bbp_total_reply_count":0,"_bbp_voice_count":0,"_bbp_anonymous_reply_count":0,"_bbp_topic_count_hidden":0,"_bbp_reply_count_hidden":0,"_bbp_forum_subforum_count":0,"footnotes":""},"class_list":["post-673","page","type-page","status-publish","hentry"],"post_mailing_queue_ids":[],"_links":{"self":[{"href":"https:\/\/agora.xtec.cat\/ceipvallpalau\/wp-json\/wp\/v2\/pages\/673","targetHints":{"allow":["GET"]}}],"collection":[{"href":"https:\/\/agora.xtec.cat\/ceipvallpalau\/wp-json\/wp\/v2\/pages"}],"about":[{"href":"https:\/\/agora.xtec.cat\/ceipvallpalau\/wp-json\/wp\/v2\/types\/page"}],"author":[{"embeddable":true,"href":"https:\/\/agora.xtec.cat\/ceipvallpalau\/wp-json\/wp\/v2\/users\/33"}],"replies":[{"embeddable":true,"href":"https:\/\/agora.xtec.cat\/ceipvallpalau\/wp-json\/wp\/v2\/comments?post=673"}],"version-history":[{"count":3,"href":"https:\/\/agora.xtec.cat\/ceipvallpalau\/wp-json\/wp\/v2\/pages\/673\/revisions"}],"predecessor-version":[{"id":2004,"href":"https:\/\/agora.xtec.cat\/ceipvallpalau\/wp-json\/wp\/v2\/pages\/673\/revisions\/2004"}],"up":[{"embeddable":true,"href":"https:\/\/agora.xtec.cat\/ceipvallpalau\/wp-json\/wp\/v2\/pages\/526"}],"wp:attachment":[{"href":"https:\/\/agora.xtec.cat\/ceipvallpalau\/wp-json\/wp\/v2\/media?parent=673"}],"curies":[{"name":"wp","href":"https:\/\/api.w.org\/{rel}","templated":true}]}}