{"id":64,"date":"2014-09-18T12:39:08","date_gmt":"2014-09-18T11:39:08","guid":{"rendered":"http:\/\/agora.xtec.cat\/ceipvallpalau\/?page_id=64"},"modified":"2025-11-11T13:10:52","modified_gmt":"2025-11-11T12:10:52","slug":"projecte-educatiu","status":"publish","type":"page","link":"https:\/\/agora.xtec.cat\/ceipvallpalau\/organitzacio\/projecte-educatiu\/","title":{"rendered":"Documents de centre"},"content":{"rendered":"<p>El projecte educatiu i el projecte de direcci\u00f3 de cada centre educatiu recullen la identitat del centre, n&#8217;expliciten els objectius, n&#8217;orienten l&#8217;activitat i hi donen sentit, amb la finalitat que els alumnes assoleixin les compet\u00e8ncies b\u00e0siques i el m\u00e0xim aprofitament educatiu. Com a documents estrat\u00e8gics, que orienten l\u2019organitzaci\u00f3 i la gesti\u00f3 dels centres, es consideren documents b\u00e0sics que s\u2019inclouen en l\u2019\u00e0mbit d\u2019aplicaci\u00f3 de la <a href=\"http:\/\/ensenyament.gencat.cat\/ca\/departament\/normativa\/normativa-transparencia\/\">LTAIPBG<\/a>, i que han d\u2019estar plenament accessibles a la ciutadania i a la comunitat educativa.<\/p>\n<p>A continuaci\u00f3 podeu trobar els documents pels quals es regeix el nostre centre:<\/p>\n<p><a href=\"https:\/\/agora.xtec.cat\/ceipvallpalau\/wp-content\/uploads\/usu984\/2020\/03\/PEC_VALL-PALAU_19.pdf\">Projecte Educatiu de Centre.<\/a><\/p>\n<p><a href=\"https:\/\/agora.xtec.cat\/ceipvallpalau\/wp-content\/uploads\/usu984\/2020\/03\/Projecte-Ling\u00fc\u00edstic-19.pdf\">Projecte Ling\u00fc\u00edstic<\/a><\/p>\n<p><a href=\"https:\/\/agora.xtec.cat\/ceipvallpalau\/wp-content\/uploads\/usu984\/2020\/03\/NOFC-CAP\u00cdTOL-I-A-V.pdf\">NOFC CAP\u00cdTOL I A V<\/a><\/p>\n<p><a href=\"https:\/\/sites.google.com\/d\/1HEsd9RYs5K6MhRLc3gySszx9LI0DvLFq\/p\/1CUMH6mbojNaJbko0HQ-OaxzCUnczQwfW\/edit\">Estrat\u00e8gia Digital de Centre<\/a><\/p>\n<p><a href=\"https:\/\/agora.xtec.cat\/ceipvallpalau\/wp-content\/uploads\/usu984\/2022\/11\/projecte-de-convivencia.pdf\">Projecte de conviv\u00e8ncia<\/a><\/p>\n<p><a href=\"https:\/\/drive.google.com\/file\/d\/1w0X0v8gptnklwcsSPUm9rSPHiwENg6Fc\/view?usp=sharing\">Projecte Esportiu de Centre<\/a><\/p>\n","protected":false},"excerpt":{"rendered":"<p>El projecte educatiu i el projecte de direcci\u00f3 de cada centre educatiu recullen la identitat del centre, n&#8217;expliciten els objectius, n&#8217;orienten l&#8217;activitat i hi donen sentit, amb la finalitat que els alumnes assoleixin les compet\u00e8ncies b\u00e0siques i el m\u00e0xim aprofitament educatiu. Com a documents estrat\u00e8gics,&hellip;  <a href=\"https:\/\/agora.xtec.cat\/ceipvallpalau\/organitzacio\/projecte-educatiu\/\" title=\"Read Documents de centre\">Llegeix m\u00e9s\u00bb<\/a><\/p>\n","protected":false},"author":1,"featured_media":0,"parent":1506,"menu_order":3,"comment_status":"closed","ping_status":"closed","template":"page-templates\/side-menu.php","meta":{"_bbp_topic_count":0,"_bbp_reply_count":0,"_bbp_total_topic_count":0,"_bbp_total_reply_count":0,"_bbp_voice_count":0,"_bbp_anonymous_reply_count":0,"_bbp_topic_count_hidden":0,"_bbp_reply_count_hidden":0,"_bbp_forum_subforum_count":0,"footnotes":""},"class_list":["post-64","page","type-page","status-publish","hentry"],"post_mailing_queue_ids":[],"_links":{"self":[{"href":"https:\/\/agora.xtec.cat\/ceipvallpalau\/wp-json\/wp\/v2\/pages\/64","targetHints":{"allow":["GET"]}}],"collection":[{"href":"https:\/\/agora.xtec.cat\/ceipvallpalau\/wp-json\/wp\/v2\/pages"}],"about":[{"href":"https:\/\/agora.xtec.cat\/ceipvallpalau\/wp-json\/wp\/v2\/types\/page"}],"author":[{"embeddable":true,"href":"https:\/\/agora.xtec.cat\/ceipvallpalau\/wp-json\/wp\/v2\/users\/1"}],"replies":[{"embeddable":true,"href":"https:\/\/agora.xtec.cat\/ceipvallpalau\/wp-json\/wp\/v2\/comments?post=64"}],"version-history":[{"count":5,"href":"https:\/\/agora.xtec.cat\/ceipvallpalau\/wp-json\/wp\/v2\/pages\/64\/revisions"}],"predecessor-version":[{"id":4319,"href":"https:\/\/agora.xtec.cat\/ceipvallpalau\/wp-json\/wp\/v2\/pages\/64\/revisions\/4319"}],"up":[{"embeddable":true,"href":"https:\/\/agora.xtec.cat\/ceipvallpalau\/wp-json\/wp\/v2\/pages\/1506"}],"wp:attachment":[{"href":"https:\/\/agora.xtec.cat\/ceipvallpalau\/wp-json\/wp\/v2\/media?parent=64"}],"curies":[{"name":"wp","href":"https:\/\/api.w.org\/{rel}","templated":true}]}}