{"id":613,"date":"2017-02-03T16:01:24","date_gmt":"2017-02-03T15:01:24","guid":{"rendered":"http:\/\/agora.xtec.cat\/ceipvallpalau\/?page_id=613"},"modified":"2022-04-25T15:31:20","modified_gmt":"2022-04-25T13:31:20","slug":"projectes-daprenentatge-i-servei","status":"publish","type":"page","link":"https:\/\/agora.xtec.cat\/ceipvallpalau\/projectes\/projectes-daprenentatge-i-servei\/","title":{"rendered":"Aprenentatge i servei"},"content":{"rendered":"<p>Amb aquests projectes volem posar sobre la taula una possibilitat nova d\u2019ensenyar i d\u2019aprendre basada en la <strong>participaci\u00f3 responsable<\/strong> i el <strong>comprom\u00eds c\u00edvic<\/strong>, fent una aposta clara per l\u2019educaci\u00f3 en valors dels futurs ciutadans i ciutadanes de la nostra societat.<img loading=\"lazy\" decoding=\"async\" class=\"size-medium wp-image-1745 alignright\" src=\"https:\/\/agora.xtec.cat\/ceipvallpalau\/wp-content\/uploads\/usu984\/2020\/01\/vitalia-300x230.jpg\" alt=\"\" width=\"300\" height=\"230\" srcset=\"https:\/\/agora.xtec.cat\/ceipvallpalau\/wp-content\/uploads\/usu984\/2020\/01\/vitalia-300x230.jpg 300w, https:\/\/agora.xtec.cat\/ceipvallpalau\/wp-content\/uploads\/usu984\/2020\/01\/vitalia.jpg 682w\" sizes=\"auto, (max-width: 300px) 100vw, 300px\" \/><\/p>\n<p>La idea de vincular l\u2019educaci\u00f3 amb l\u2019entorn proper, la realitat o la societat no \u00e9s nova, fa aproximadament quaranta anys l\u2019anomenada corrent de l\u2019escola activa ens va deixar un gran nombre d\u2019experi\u00e8ncies en les quals l\u2019espai d\u2019ensenyament \/ aprenentatge sortia de les aules per passar al carrer. l\u2019Aprenentatge Servei pot ser una de les evolucions d\u2019aquest corrent als nostres dies i el podr\u00edem definir com:<\/p>\n<p><img loading=\"lazy\" decoding=\"async\" class=\" wp-image-3022 alignleft\" src=\"https:\/\/agora.xtec.cat\/ceipvallpalau\/wp-content\/uploads\/usu984\/2022\/04\/577220eb-4732-487e-8373-0d9c3e175bb7-212x300.jpg\" alt=\"\" width=\"185\" height=\"261\" srcset=\"https:\/\/agora.xtec.cat\/ceipvallpalau\/wp-content\/uploads\/usu984\/2022\/04\/577220eb-4732-487e-8373-0d9c3e175bb7-212x300.jpg 212w, https:\/\/agora.xtec.cat\/ceipvallpalau\/wp-content\/uploads\/usu984\/2022\/04\/577220eb-4732-487e-8373-0d9c3e175bb7-724x1024.jpg 724w, https:\/\/agora.xtec.cat\/ceipvallpalau\/wp-content\/uploads\/usu984\/2022\/04\/577220eb-4732-487e-8373-0d9c3e175bb7-768x1086.jpg 768w, https:\/\/agora.xtec.cat\/ceipvallpalau\/wp-content\/uploads\/usu984\/2022\/04\/577220eb-4732-487e-8373-0d9c3e175bb7.jpg 842w\" sizes=\"auto, (max-width: 185px) 100vw, 185px\" \/>\u201cUna proposta educativa diferent que combina els processos d\u2019aprenentatge i de servei a la comunitat en un sol projecte ben articulat en els qual els participants es formen tot treballant sobre necessitats reals de l\u2019entorn amb l\u2019objecte de millorar-ho\u201d (Mart\u00edn i Rubio, 2006 pp.17 &#8211; 18)<\/p>\n<p><strong>Descobreix alguns projectes basats en al metodologia d\u2019Aprenentatge Servei desenvolupem en el nostre centre.<\/strong><\/p>\n<p><a href=\"http:\/\/agora.xtec.cat\/ceipvallpalau\/wp-content\/uploads\/usu984\/2017\/02\/Projecte-intergeneracional_WEB.pdf\">Projecte intergeneracional amb col\u00b7laboraci\u00f3 amb el casal d&#8217;avis<\/a>. (Actualment aquest projecte no es duu a terme per la situaci\u00f3 pand\u00e8mica de la Covid-19)<\/p>\n<p><a href=\"http:\/\/agora.xtec.cat\/ceipvallpalau\/wp-content\/uploads\/usu984\/2017\/02\/APS-Vine-a-donar-sang-a-la-meva-escola-WEB.pdf\">Vine a donar sang a la nostra escola!!<\/a><\/p>\n<table border=\"0\" width=\"700\" cellspacing=\"0\" align=\"center\">\n<tbody>\n<tr class=\"aa\">\n<td align=\"right\"><\/td>\n<\/tr>\n<\/tbody>\n<\/table>\n","protected":false},"excerpt":{"rendered":"<p>Amb aquests projectes volem posar sobre la taula una possibilitat nova d\u2019ensenyar i d\u2019aprendre basada en la participaci\u00f3 responsable i el comprom\u00eds c\u00edvic, fent una aposta clara per l\u2019educaci\u00f3 en valors dels futurs ciutadans i ciutadanes de la nostra societat.<br \/>\nLa idea de vincular l\u2019educaci\u00f3 amb&hellip;  <a href=\"https:\/\/agora.xtec.cat\/ceipvallpalau\/projectes\/projectes-daprenentatge-i-servei\/\" title=\"Read Aprenentatge i servei\">Llegeix m\u00e9s\u00bb<\/a><\/p>\n","protected":false},"author":1,"featured_media":0,"parent":1516,"menu_order":30,"comment_status":"closed","ping_status":"closed","template":"page-templates\/side-menu.php","meta":{"_bbp_topic_count":0,"_bbp_reply_count":0,"_bbp_total_topic_count":0,"_bbp_total_reply_count":0,"_bbp_voice_count":0,"_bbp_anonymous_reply_count":0,"_bbp_topic_count_hidden":0,"_bbp_reply_count_hidden":0,"_bbp_forum_subforum_count":0,"footnotes":""},"class_list":["post-613","page","type-page","status-publish","hentry"],"post_mailing_queue_ids":[],"_links":{"self":[{"href":"https:\/\/agora.xtec.cat\/ceipvallpalau\/wp-json\/wp\/v2\/pages\/613","targetHints":{"allow":["GET"]}}],"collection":[{"href":"https:\/\/agora.xtec.cat\/ceipvallpalau\/wp-json\/wp\/v2\/pages"}],"about":[{"href":"https:\/\/agora.xtec.cat\/ceipvallpalau\/wp-json\/wp\/v2\/types\/page"}],"author":[{"embeddable":true,"href":"https:\/\/agora.xtec.cat\/ceipvallpalau\/wp-json\/wp\/v2\/users\/1"}],"replies":[{"embeddable":true,"href":"https:\/\/agora.xtec.cat\/ceipvallpalau\/wp-json\/wp\/v2\/comments?post=613"}],"version-history":[{"count":3,"href":"https:\/\/agora.xtec.cat\/ceipvallpalau\/wp-json\/wp\/v2\/pages\/613\/revisions"}],"predecessor-version":[{"id":3024,"href":"https:\/\/agora.xtec.cat\/ceipvallpalau\/wp-json\/wp\/v2\/pages\/613\/revisions\/3024"}],"up":[{"embeddable":true,"href":"https:\/\/agora.xtec.cat\/ceipvallpalau\/wp-json\/wp\/v2\/pages\/1516"}],"wp:attachment":[{"href":"https:\/\/agora.xtec.cat\/ceipvallpalau\/wp-json\/wp\/v2\/media?parent=613"}],"curies":[{"name":"wp","href":"https:\/\/api.w.org\/{rel}","templated":true}]}}