{"id":586,"date":"2017-02-02T16:18:52","date_gmt":"2017-02-02T15:18:52","guid":{"rendered":"http:\/\/agora.xtec.cat\/ceipvallpalau\/?page_id=586"},"modified":"2020-12-04T12:29:35","modified_gmt":"2020-12-04T11:29:35","slug":"missio-visio-i-valors","status":"publish","type":"page","link":"https:\/\/agora.xtec.cat\/ceipvallpalau\/lescola\/missio-visio-i-valors\/","title":{"rendered":"Trets d&#8217;identitat"},"content":{"rendered":"<ul>\n<li>El nostre centre opta clarament per un model d\u2019<strong>escola inclusiva,<\/strong>\u00a0en la qual, el punt de partida \u00e9s el respecte dels diferents ritmes d\u2019aprenentatges i on tots els infants tinguin cabuda.<\/li>\n<li>Partim d\u2019una proposta pedag\u00f2gica que t\u00e9 com a finalitat <strong>l\u2019educaci\u00f3 integral<\/strong> (\u00e0mbit motor, cognitiu, socio-afectiu i comunicatiu) dels nostres alumnes.<\/li>\n<li>L\u2019alumne \u00e9s el protagonista del seu proc\u00e9s d\u2019aprenentatge.<\/li>\n<li>Estem conven\u00e7uts que els aspecte emocionals (motivaci\u00f3, metes, expectatives, autoconcepte, autoestima) estan \u00edntimament lligats amb les capacitats cognitives.<\/li>\n<li>L\u2019escola treballa de forma expl\u00edcita, com a part b\u00e0sica del proc\u00e9s de <strong>socialitzaci\u00f3<\/strong>: els valors morals (esfor\u00e7 i responsabilitat); les habilitats emocionals (autoregulaci\u00f3) i les relacions interpersonals (respecte i di\u00e0leg) que permetran als infants formar part d\u2019una societat canviant i plural.<\/li>\n<li>Potenciem el <strong>treball col\u00b7laboratiu<\/strong> en contra d\u2019un m\u00e9s individualista i competitiu.<\/li>\n<li>L\u2019avaluaci\u00f3 \u00e9s entesa com una eina de reflexi\u00f3 formativa i formadora que afavoreix la millora constant dels processos d\u2019ensenyament \u2013 aprenentatge.<\/li>\n<li>La nostra escola vol ser un espai de trobada entre fam\u00edlies i docents a trav\u00e9s del <strong>di\u00e0leg<\/strong>. Revaloritzant la tasca del professorat i el paper de les fam\u00edlies com a part essencial en l\u2019educaci\u00f3.<\/li>\n<\/ul>\n<p><strong><u>Missi\u00f3<\/u><\/strong><\/p>\n<p>La principal finalitat de la nostra escola \u00e9s contribuir al creixement personal dels nostres alumnes en el seu proc\u00e9s de socialitzaci\u00f3 i individualitzaci\u00f3.<\/p>\n<p>Desenvolupar al m\u00e0xim les capacitats i compet\u00e8ncies de tots i cadascun dels infants, com a principi fonamentador de l\u2019equitat i garantia, alhora, de la cohesi\u00f3 social.<\/p>\n<p><strong><u>Visi\u00f3<\/u><\/strong><\/p>\n<p>Volem formar a persones que siguin capa\u00e7os d\u2019adaptar-se als canvis i poder decidir el seu futur.<\/p>\n<p>Volem formar persones aut\u00f2nomes que puguin ser part activa de la societat canviant en la qual vivim de forma responsable.<\/p>\n<p><img loading=\"lazy\" decoding=\"async\" class=\"aligncenter size-medium wp-image-1758\" src=\"https:\/\/agora.xtec.cat\/ceipvallpalau\/wp-content\/uploads\/usu984\/2020\/01\/diversitat-300x213.png\" alt=\"\" width=\"300\" height=\"213\" srcset=\"https:\/\/agora.xtec.cat\/ceipvallpalau\/wp-content\/uploads\/usu984\/2020\/01\/diversitat-300x213.png 300w, https:\/\/agora.xtec.cat\/ceipvallpalau\/wp-content\/uploads\/usu984\/2020\/01\/diversitat-768x545.png 768w, https:\/\/agora.xtec.cat\/ceipvallpalau\/wp-content\/uploads\/usu984\/2020\/01\/diversitat-1024x726.png 1024w, https:\/\/agora.xtec.cat\/ceipvallpalau\/wp-content\/uploads\/usu984\/2020\/01\/diversitat.png 1187w\" sizes=\"auto, (max-width: 300px) 100vw, 300px\" \/><\/p>\n","protected":false},"excerpt":{"rendered":"<ul>\n<li>El nostre centre opta clarament per un model d\u2019escola inclusiva,\u00a0en la qual, el punt de partida \u00e9s el respecte dels diferents ritmes d\u2019aprenentatges i on tots els infants tinguin cabuda.<\/li>\n<li>Partim d\u2019una proposta pedag\u00f2gica que t\u00e9 com a finalitat l\u2019educaci\u00f3 integral (\u00e0mbit motor, cognitiu, socio-afectiu i&hellip;  <a href=\"https:\/\/agora.xtec.cat\/ceipvallpalau\/lescola\/missio-visio-i-valors\/\" title=\"Read Trets d&#8217;identitat\">Llegeix m\u00e9s\u00bb<\/a><br \/>\n","protected":false},"author":1,"featured_media":0,"parent":22,"menu_order":0,"comment_status":"closed","ping_status":"closed","template":"page-templates\/side-menu.php","meta":{"_bbp_topic_count":0,"_bbp_reply_count":0,"_bbp_total_topic_count":0,"_bbp_total_reply_count":0,"_bbp_voice_count":0,"_bbp_anonymous_reply_count":0,"_bbp_topic_count_hidden":0,"_bbp_reply_count_hidden":0,"_bbp_forum_subforum_count":0,"footnotes":""},"class_list":["post-586","page","type-page","status-publish","hentry"],"post_mailing_queue_ids":[],"_links":{"self":[{"href":"https:\/\/agora.xtec.cat\/ceipvallpalau\/wp-json\/wp\/v2\/pages\/586","targetHints":{"allow":["GET"]}}],"collection":[{"href":"https:\/\/agora.xtec.cat\/ceipvallpalau\/wp-json\/wp\/v2\/pages"}],"about":[{"href":"https:\/\/agora.xtec.cat\/ceipvallpalau\/wp-json\/wp\/v2\/types\/page"}],"author":[{"embeddable":true,"href":"https:\/\/agora.xtec.cat\/ceipvallpalau\/wp-json\/wp\/v2\/users\/1"}],"replies":[{"embeddable":true,"href":"https:\/\/agora.xtec.cat\/ceipvallpalau\/wp-json\/wp\/v2\/comments?post=586"}],"version-history":[{"count":4,"href":"https:\/\/agora.xtec.cat\/ceipvallpalau\/wp-json\/wp\/v2\/pages\/586\/revisions"}],"predecessor-version":[{"id":2260,"href":"https:\/\/agora.xtec.cat\/ceipvallpalau\/wp-json\/wp\/v2\/pages\/586\/revisions\/2260"}],"up":[{"embeddable":true,"href":"https:\/\/agora.xtec.cat\/ceipvallpalau\/wp-json\/wp\/v2\/pages\/22"}],"wp:attachment":[{"href":"https:\/\/agora.xtec.cat\/ceipvallpalau\/wp-json\/wp\/v2\/media?parent=586"}],"curies":[{"name":"wp","href":"https:\/\/api.w.org\/{rel}","templated":true}]}}