{"id":526,"date":"2017-01-31T16:20:02","date_gmt":"2017-01-31T15:20:02","guid":{"rendered":"http:\/\/agora.xtec.cat\/ceipvallpalau\/?page_id=526"},"modified":"2022-10-07T13:24:08","modified_gmt":"2022-10-07T11:24:08","slug":"angles","status":"publish","type":"page","link":"https:\/\/agora.xtec.cat\/ceipvallpalau\/projectes\/angles\/","title":{"rendered":"Llengua estrangera"},"content":{"rendered":"<p>L\u2019angl\u00e8s a l&#8217;Escola Vall de Palau s\u2019inicia a I3<span style=\"font-family: inherit; font-size: 1em;\">.\u00a0<\/span><\/p>\n<p><img loading=\"lazy\" decoding=\"async\" class=\" wp-image-3210 alignleft\" src=\"https:\/\/agora.xtec.cat\/ceipvallpalau\/wp-content\/uploads\/usu984\/2022\/10\/child-g91a0823d7_1920-300x300.jpg\" alt=\"\" width=\"189\" height=\"189\" srcset=\"https:\/\/agora.xtec.cat\/ceipvallpalau\/wp-content\/uploads\/usu984\/2022\/10\/child-g91a0823d7_1920-300x300.jpg 300w, https:\/\/agora.xtec.cat\/ceipvallpalau\/wp-content\/uploads\/usu984\/2022\/10\/child-g91a0823d7_1920-1024x1024.jpg 1024w, https:\/\/agora.xtec.cat\/ceipvallpalau\/wp-content\/uploads\/usu984\/2022\/10\/child-g91a0823d7_1920-150x150.jpg 150w, https:\/\/agora.xtec.cat\/ceipvallpalau\/wp-content\/uploads\/usu984\/2022\/10\/child-g91a0823d7_1920-768x768.jpg 768w, https:\/\/agora.xtec.cat\/ceipvallpalau\/wp-content\/uploads\/usu984\/2022\/10\/child-g91a0823d7_1920-1536x1536.jpg 1536w, https:\/\/agora.xtec.cat\/ceipvallpalau\/wp-content\/uploads\/usu984\/2022\/10\/child-g91a0823d7_1920.jpg 1920w\" sizes=\"auto, (max-width: 189px) 100vw, 189px\" \/>A <strong>Educaci\u00f3 Infantil<\/strong> (I3, I4 i I5) fem una hora d&#8217;angl\u00e8s a la setmana i una hora de conte en angl\u00e8s quinzenal. Donant<span style=\"font-family: inherit; font-size: 1em;\"> molta import\u00e0ncia la llengua oral, \u00e9s per aix\u00f2 que treballem mitjan\u00e7ant contes escenificats, rutines b\u00e0siques, jocs i can\u00e7ons. A partir de la primavera tamb\u00e9 treballem l&#8217;hort en angl\u00e8s (garden project).<\/span><\/p>\n<p>A partir de Prim\u00e0ria fem dues hores d&#8217;angl\u00e8s setmanals i una hora quinzenal amb un grup redu\u00eft on treballem l&#8217;expressi\u00f3 oral.<\/p>\n<p>Des de 3r fins a 6\u00e8 fem l&#8217;\u00e0rea de Pl\u00e0stica en llengua anglesa <strong>&#8220;Arts and crafts&#8221;<\/strong>, el que suposa una hora m\u00e9s a la setmana d&#8217;exposici\u00f3 a la llengua anglesa.<\/p>\n<p>&nbsp;<\/p>\n","protected":false},"excerpt":{"rendered":"<p>L\u2019angl\u00e8s a l&#8217;Escola Vall de Palau s\u2019inicia a I3.\u00a0<br \/>\nA Educaci\u00f3 Infantil (I3, I4 i I5) fem una hora d&#8217;angl\u00e8s a la setmana i una hora de conte en angl\u00e8s quinzenal. Donant molta import\u00e0ncia la llengua oral, \u00e9s per aix\u00f2 que treballem mitjan\u00e7ant contes escenificats, rutines&hellip;  <a href=\"https:\/\/agora.xtec.cat\/ceipvallpalau\/projectes\/angles\/\" title=\"Read Llengua estrangera\">Llegeix m\u00e9s\u00bb<\/a><\/p>\n","protected":false},"author":1,"featured_media":0,"parent":1516,"menu_order":10,"comment_status":"closed","ping_status":"closed","template":"","meta":{"_bbp_topic_count":0,"_bbp_reply_count":0,"_bbp_total_topic_count":0,"_bbp_total_reply_count":0,"_bbp_voice_count":0,"_bbp_anonymous_reply_count":0,"_bbp_topic_count_hidden":0,"_bbp_reply_count_hidden":0,"_bbp_forum_subforum_count":0,"footnotes":""},"class_list":["post-526","page","type-page","status-publish","hentry"],"post_mailing_queue_ids":[],"_links":{"self":[{"href":"https:\/\/agora.xtec.cat\/ceipvallpalau\/wp-json\/wp\/v2\/pages\/526","targetHints":{"allow":["GET"]}}],"collection":[{"href":"https:\/\/agora.xtec.cat\/ceipvallpalau\/wp-json\/wp\/v2\/pages"}],"about":[{"href":"https:\/\/agora.xtec.cat\/ceipvallpalau\/wp-json\/wp\/v2\/types\/page"}],"author":[{"embeddable":true,"href":"https:\/\/agora.xtec.cat\/ceipvallpalau\/wp-json\/wp\/v2\/users\/1"}],"replies":[{"embeddable":true,"href":"https:\/\/agora.xtec.cat\/ceipvallpalau\/wp-json\/wp\/v2\/comments?post=526"}],"version-history":[{"count":3,"href":"https:\/\/agora.xtec.cat\/ceipvallpalau\/wp-json\/wp\/v2\/pages\/526\/revisions"}],"predecessor-version":[{"id":3211,"href":"https:\/\/agora.xtec.cat\/ceipvallpalau\/wp-json\/wp\/v2\/pages\/526\/revisions\/3211"}],"up":[{"embeddable":true,"href":"https:\/\/agora.xtec.cat\/ceipvallpalau\/wp-json\/wp\/v2\/pages\/1516"}],"wp:attachment":[{"href":"https:\/\/agora.xtec.cat\/ceipvallpalau\/wp-json\/wp\/v2\/media?parent=526"}],"curies":[{"name":"wp","href":"https:\/\/api.w.org\/{rel}","templated":true}]}}