{"id":522,"date":"2017-01-31T16:08:04","date_gmt":"2017-01-31T15:08:04","guid":{"rendered":"http:\/\/agora.xtec.cat\/ceipvallpalau\/?page_id=522"},"modified":"2020-01-24T14:06:01","modified_gmt":"2020-01-24T13:06:01","slug":"robotica","status":"publish","type":"page","link":"https:\/\/agora.xtec.cat\/ceipvallpalau\/projectes\/robotica\/","title":{"rendered":"Rob\u00f2tica"},"content":{"rendered":"<p>La rob\u00f2tica \u00e9s un sistema d\u2019ensenyament basat en el constructivisme\u00a0que permet\u00a0afavorir la creaci\u00f3 de nous escenaris d\u2019aula on l\u2019alumnat \u00e9s\u00a0protagonista actiu i reflexiu del seu aprenentatge a trav\u00e9s del disseny i l\u2019elaboraci\u00f3 de creacions pr\u00f2pies, i on es potencia el desenvolupament de les seves habilitats i compet\u00e8ncies<strong>.<\/strong> \u00c9s transversal i interdisciplin\u00e0ria perqu\u00e8 abasta diferents \u00e0rees del curr\u00edculum. Es poden treballar continguts de ci\u00e8ncies, tecnologia, enginyeria (construcci\u00f3) i matem\u00e0tica, de l\u2019\u00e0mbit de les <strong>STEM<\/strong>\u00a0(sigles en angl\u00e8s de Science, Technology, Engineering, Mathematics), aix\u00ed com \u00e0rees de llengua i, tamb\u00e9, el pluriling\u00fcisme.<\/p>\n\r\n\t<div class=\"slideshow_container slideshow_container_style-light\" style=\" \" data-slideshow-id=\"538\" data-style-name=\"style-light\" data-style-version=\"2.3.1\" >\r\n\r\n\t\t\t\t\t<div class=\"slideshow_loading_icon\"><\/div>\r\n\t\t\r\n\t\t<div class=\"slideshow_content\" style=\"display: none;\">\r\n\r\n\t\t\t<div class=\"slideshow_view\">\r\n\t\t\t\t<div class=\"slideshow_slide slideshow_slide_image\">\r\n\t\t\t\t\t\t\t\t\t\t\t<img src=\"https:\/\/agora.xtec.cat\/ceipvallpalau\/wp-content\/uploads\/usu984\/2017\/02\/20170124_152743.jpg\" alt=\"20170124_152743\" width=\"3264\" height=\"2448\" \/>\r\n\t\t\t\t\t\t\t\t\t\t<div class=\"slideshow_description_box slideshow_transparent\">\r\n\t\t\t\t\t\t<div class=\"slideshow_title\">20170124_152743<\/div>\t\t\t\t\t\t\t\t\t\t\t<\/div>\r\n\t\t\t\t<\/div>\r\n\r\n\t\t\t\t\t\t\r\n\t\t\t\t<div class=\"slideshow_slide slideshow_slide_image\">\r\n\t\t\t\t\t\t\t\t\t\t\t<img src=\"https:\/\/agora.xtec.cat\/ceipvallpalau\/wp-content\/uploads\/usu984\/2017\/02\/20170110_154826.jpg\" alt=\"20170110_154826\" width=\"3264\" height=\"2448\" \/>\r\n\t\t\t\t\t\t\t\t\t\t<div class=\"slideshow_description_box slideshow_transparent\">\r\n\t\t\t\t\t\t<div class=\"slideshow_title\">20170110_154826<\/div>\t\t\t\t\t\t\t\t\t\t\t<\/div>\r\n\t\t\t\t<\/div>\r\n\r\n\t\t\t\t\t\t<div style=\"clear: both;\"><\/div><\/div><div class=\"slideshow_view\">\r\n\t\t\t\t<div class=\"slideshow_slide slideshow_slide_image\">\r\n\t\t\t\t\t\t\t\t\t\t\t<img src=\"https:\/\/agora.xtec.cat\/ceipvallpalau\/wp-content\/uploads\/usu984\/2017\/02\/20170124_152204.jpg\" alt=\"20170124_152204\" width=\"3264\" height=\"2448\" \/>\r\n\t\t\t\t\t\t\t\t\t\t<div class=\"slideshow_description_box slideshow_transparent\">\r\n\t\t\t\t\t\t<div class=\"slideshow_title\">20170124_152204<\/div>\t\t\t\t\t\t\t\t\t\t\t<\/div>\r\n\t\t\t\t<\/div>\r\n\r\n\t\t\t\t\t\t\r\n\t\t\t\t<div class=\"slideshow_slide slideshow_slide_image\">\r\n\t\t\t\t\t\t\t\t\t\t\t<img src=\"https:\/\/agora.xtec.cat\/ceipvallpalau\/wp-content\/uploads\/usu984\/2017\/02\/20161129_155932.jpg\" alt=\"20161129_155932\" width=\"3264\" height=\"2448\" \/>\r\n\t\t\t\t\t\t\t\t\t\t<div class=\"slideshow_description_box slideshow_transparent\">\r\n\t\t\t\t\t\t<div class=\"slideshow_title\">20161129_155932<\/div>\t\t\t\t\t\t\t\t\t\t\t<\/div>\r\n\t\t\t\t<\/div>\r\n\r\n\t\t\t\t\t\t<div style=\"clear: both;\"><\/div><\/div><div class=\"slideshow_view\">\r\n\t\t\t\t<div class=\"slideshow_slide slideshow_slide_image\">\r\n\t\t\t\t\t\t\t\t\t\t\t<img src=\"https:\/\/agora.xtec.cat\/ceipvallpalau\/wp-content\/uploads\/usu984\/2017\/02\/20161123_154407.jpg\" alt=\"20161123_154407\" width=\"4128\" height=\"2322\" \/>\r\n\t\t\t\t\t\t\t\t\t\t<div class=\"slideshow_description_box slideshow_transparent\">\r\n\t\t\t\t\t\t<div class=\"slideshow_title\">20161123_154407<\/div>\t\t\t\t\t\t\t\t\t\t\t<\/div>\r\n\t\t\t\t<\/div>\r\n\r\n\t\t\t\t\t\t\r\n\t\t\t\t<div class=\"slideshow_slide slideshow_slide_image\">\r\n\t\t\t\t\t\t\t\t\t\t\t<img src=\"https:\/\/agora.xtec.cat\/ceipvallpalau\/wp-content\/uploads\/usu984\/2017\/01\/20170110_154826.jpg\" alt=\"20170110_154826\" width=\"3264\" height=\"2448\" \/>\r\n\t\t\t\t\t\t\t\t\t\t<div class=\"slideshow_description_box slideshow_transparent\">\r\n\t\t\t\t\t\t<div class=\"slideshow_title\">20170110_154826<\/div>\t\t\t\t\t\t\t\t\t\t\t<\/div>\r\n\t\t\t\t<\/div>\r\n\r\n\t\t\t\t\t\t<div style=\"clear: both;\"><\/div><\/div><div class=\"slideshow_view\">\r\n\t\t\t\t<div class=\"slideshow_slide slideshow_slide_image\">\r\n\t\t\t\t\t\t\t\t\t\t\t<img src=\"https:\/\/agora.xtec.cat\/ceipvallpalau\/wp-content\/uploads\/usu984\/2017\/02\/20170124_152908.jpg\" alt=\"20170124_152908\" width=\"3264\" height=\"2448\" \/>\r\n\t\t\t\t\t\t\t\t\t\t<div class=\"slideshow_description_box slideshow_transparent\">\r\n\t\t\t\t\t\t<div class=\"slideshow_title\">20170124_152908<\/div>\t\t\t\t\t\t\t\t\t\t\t<\/div>\r\n\t\t\t\t<\/div>\r\n\r\n\t\t\t\t\t\t\r\n\t\t\t\t<div class=\"slideshow_slide slideshow_slide_image\">\r\n\t\t\t\t\t\t\t\t\t\t\t<img src=\"https:\/\/agora.xtec.cat\/ceipvallpalau\/wp-content\/uploads\/usu984\/2017\/02\/20161109_151956.jpg\" alt=\"20161109_151956\" width=\"4128\" height=\"2322\" \/>\r\n\t\t\t\t\t\t\t\t\t\t<div class=\"slideshow_description_box slideshow_transparent\">\r\n\t\t\t\t\t\t<div class=\"slideshow_title\">20161109_151956<\/div>\t\t\t\t\t\t\t\t\t\t\t<\/div>\r\n\t\t\t\t<\/div>\r\n\r\n\t\t\t\t\t\t<div style=\"clear: both;\"><\/div><\/div><div class=\"slideshow_view\">\r\n\t\t\t\t<div class=\"slideshow_slide slideshow_slide_image\">\r\n\t\t\t\t\t\t\t\t\t\t\t<img src=\"https:\/\/agora.xtec.cat\/ceipvallpalau\/wp-content\/uploads\/usu984\/2017\/02\/20161109_154941.jpg\" alt=\"20161109_154941\" width=\"4128\" height=\"2322\" \/>\r\n\t\t\t\t\t\t\t\t\t\t<div class=\"slideshow_description_box slideshow_transparent\">\r\n\t\t\t\t\t\t<div class=\"slideshow_title\">20161109_154941<\/div>\t\t\t\t\t\t\t\t\t\t\t<\/div>\r\n\t\t\t\t<\/div>\r\n\r\n\t\t\t\t\t\t\r\n\t\t\t\t<div class=\"slideshow_slide slideshow_slide_image\">\r\n\t\t\t\t\t\t\t\t\t\t\t<img src=\"https:\/\/agora.xtec.cat\/ceipvallpalau\/wp-content\/uploads\/usu984\/2017\/02\/20161123_154349.jpg\" alt=\"20161123_154349\" width=\"4128\" height=\"2322\" \/>\r\n\t\t\t\t\t\t\t\t\t\t<div class=\"slideshow_description_box slideshow_transparent\">\r\n\t\t\t\t\t\t<div class=\"slideshow_title\">20161123_154349<\/div>\t\t\t\t\t\t\t\t\t\t\t<\/div>\r\n\t\t\t\t<\/div>\r\n\r\n\t\t\t\t\t\t<div style=\"clear: both;\"><\/div><\/div><div class=\"slideshow_view\">\r\n\t\t\t\t<div class=\"slideshow_slide slideshow_slide_image\">\r\n\t\t\t\t\t\t\t\t\t\t\t<img src=\"https:\/\/agora.xtec.cat\/ceipvallpalau\/wp-content\/uploads\/usu984\/2017\/01\/IMG_1505.jpg\" alt=\"img_1505\" width=\"3264\" height=\"2448\" \/>\r\n\t\t\t\t\t\t\t\t\t\t<div class=\"slideshow_description_box slideshow_transparent\">\r\n\t\t\t\t\t\t<div class=\"slideshow_title\">img_1505<\/div>\t\t\t\t\t\t\t\t\t\t\t<\/div>\r\n\t\t\t\t<\/div>\r\n\r\n\t\t\t\t\t\t\r\n\t\t\t\t<div class=\"slideshow_slide slideshow_slide_image\">\r\n\t\t\t\t\t\t\t\t\t\t\t<img src=\"https:\/\/agora.xtec.cat\/ceipvallpalau\/wp-content\/uploads\/usu984\/2017\/01\/IMG_1481.jpg\" alt=\"img_1481\" width=\"3264\" height=\"2448\" \/>\r\n\t\t\t\t\t\t\t\t\t\t<div class=\"slideshow_description_box slideshow_transparent\">\r\n\t\t\t\t\t\t<div class=\"slideshow_title\">img_1481<\/div>\t\t\t\t\t\t\t\t\t\t\t<\/div>\r\n\t\t\t\t<\/div>\r\n\r\n\t\t\t\t\t\t<div style=\"clear: both;\"><\/div><\/div>\r\n\t\t<\/div>\r\n\r\n\t\t<div class=\"slideshow_controlPanel slideshow_transparent\" style=\"display: none;\"><ul><li class=\"slideshow_togglePlay\" data-play-text=\"Visualitza\" data-pause-text=\"Pausa\"><\/li><\/ul><\/div>\r\n\r\n\t\t<div class=\"slideshow_button slideshow_previous slideshow_transparent\" role=\"button\" data-previous-text=\"Anterior\" style=\"display: none;\"><\/div>\r\n\t\t<div class=\"slideshow_button slideshow_next slideshow_transparent\" role=\"button\" data-next-text=\"Seg\u00fcent\" style=\"display: none;\"><\/div>\r\n\r\n\t\t<div class=\"slideshow_pagination\" style=\"display: none;\" data-go-to-text=\"V\u00e9s a la diapositiva\"><div class=\"slideshow_pagination_center\"><\/div><\/div>\r\n\r\n\t\t<!-- WordPress Slideshow Version 2.3.1 -->\r\n\r\n\t\t\t<\/div>\r\n\r\n\n<p>Desenvolupar les capacitats creatives i d\u2019organitzaci\u00f3, fomentar el treball en grup, promoure la necessitat d\u2019experimentar, de descobrir noves habilitats i l\u2019inter\u00e8s per investigar s\u00f3n alguns dels objectius de la rob\u00f2tica educativa, fent especial \u00e8mfasi en aspectes com el treball en equip, aprenentatge a partir dels errors, autonomia, emprenendoria, aprendre jugant.<\/p>\n<p>A <strong>Educaci\u00f3 Infantil<\/strong> i <strong>Cicle Inicial<\/strong> treballem la programaci\u00f3 programaci\u00f3 mitjan\u00e7ant els <span style=\"text-decoration: underline;\">Bee Bots<\/span> i els <span style=\"text-decoration: underline;\">Next 2.0<\/span><\/p>\n<p>El Bee Bot \u00e9s un robot senzill amb un disseny infantil per a que els nens donin els seus primers passos amb la programaci\u00f3. Quan els nens i nenes d\u2019infantil juguen amb ells, l\u2019experi\u00e8ncia engloba aspectes com la seq\u00fcenciaci\u00f3, la lateralitat, la noci\u00f3 espacial, el treball en equip&#8230;<\/p>\n<p>El robot Next 2.0 \u00e9s un robot de terra amb comandaments de direccionalitat avan\u00e7ada, gr\u00e0cies a la seva connexi\u00f3 per bluetooth \u00e9s pot programar a dist\u00e0ncia a trav\u00e8s d&#8217;un m\u00f2bil o tauleta.<\/p>\n\r\n\t<div class=\"slideshow_container slideshow_container_style-light\" style=\"height: 300px; \" data-slideshow-id=\"1315\" data-style-name=\"style-light\" data-style-version=\"2.3.1\" >\r\n\r\n\t\t\t\t\t<div class=\"slideshow_loading_icon\"><\/div>\r\n\t\t\r\n\t\t<div class=\"slideshow_content\" style=\"display: none;\">\r\n\r\n\t\t\t<div class=\"slideshow_view\">\r\n\t\t\t\t<div class=\"slideshow_slide slideshow_slide_image\">\r\n\t\t\t\t\t\t\t\t\t\t\t<img src=\"https:\/\/agora.xtec.cat\/ceipvallpalau\/wp-content\/uploads\/usu984\/2019\/02\/PHOTO-2019-02-21-12-34-06.jpg\" alt=\"PHOTO-2019-02-21-12-34-06\" width=\"1200\" height=\"1600\" \/>\r\n\t\t\t\t\t\t\t\t\t\t<div class=\"slideshow_description_box slideshow_transparent\">\r\n\t\t\t\t\t\t<div class=\"slideshow_title\">PHOTO-2019-02-21-12-34-06<\/div>\t\t\t\t\t\t\t\t\t\t\t<\/div>\r\n\t\t\t\t<\/div>\r\n\r\n\t\t\t\t\t\t\r\n\t\t\t\t<div class=\"slideshow_slide slideshow_slide_image\">\r\n\t\t\t\t\t\t\t\t\t\t\t<img src=\"https:\/\/agora.xtec.cat\/ceipvallpalau\/wp-content\/uploads\/usu984\/2019\/02\/PHOTO-2019-02-21-12-34-06_1-e1550752096423.jpg\" alt=\"PHOTO-2019-02-21-12-34-06_1\" width=\"1600\" height=\"1200\" \/>\r\n\t\t\t\t\t\t\t\t\t\t<div class=\"slideshow_description_box slideshow_transparent\">\r\n\t\t\t\t\t\t<div class=\"slideshow_title\">PHOTO-2019-02-21-12-34-06_1<\/div>\t\t\t\t\t\t\t\t\t\t\t<\/div>\r\n\t\t\t\t<\/div>\r\n\r\n\t\t\t\t\t\t<div style=\"clear: both;\"><\/div><\/div><div class=\"slideshow_view\">\r\n\t\t\t\t<div class=\"slideshow_slide slideshow_slide_image\">\r\n\t\t\t\t\t\t\t\t\t\t\t<img src=\"https:\/\/agora.xtec.cat\/ceipvallpalau\/wp-content\/uploads\/usu984\/2019\/02\/PHOTO-2019-02-21-12-34-10.jpg\" alt=\"PHOTO-2019-02-21-12-34-10\" width=\"1600\" height=\"1200\" \/>\r\n\t\t\t\t\t\t\t\t\t\t<div class=\"slideshow_description_box slideshow_transparent\">\r\n\t\t\t\t\t\t<div class=\"slideshow_title\">PHOTO-2019-02-21-12-34-10<\/div>\t\t\t\t\t\t\t\t\t\t\t<\/div>\r\n\t\t\t\t<\/div>\r\n\r\n\t\t\t\t\t\t\r\n\t\t\t\t<div class=\"slideshow_slide slideshow_slide_image\">\r\n\t\t\t\t\t\t\t\t\t\t\t<img src=\"https:\/\/agora.xtec.cat\/ceipvallpalau\/wp-content\/uploads\/usu984\/2019\/02\/PHOTO-2019-02-21-12-34-43.jpg\" alt=\"PHOTO-2019-02-21-12-34-43\" width=\"1600\" height=\"1200\" \/>\r\n\t\t\t\t\t\t\t\t\t\t<div class=\"slideshow_description_box slideshow_transparent\">\r\n\t\t\t\t\t\t<div class=\"slideshow_title\">PHOTO-2019-02-21-12-34-43<\/div>\t\t\t\t\t\t\t\t\t\t\t<\/div>\r\n\t\t\t\t<\/div>\r\n\r\n\t\t\t\t\t\t<div style=\"clear: both;\"><\/div><\/div><div class=\"slideshow_view\">\r\n\t\t\t\t<div class=\"slideshow_slide slideshow_slide_image\">\r\n\t\t\t\t\t\t\t\t\t\t\t<img src=\"https:\/\/agora.xtec.cat\/ceipvallpalau\/wp-content\/uploads\/usu984\/2019\/02\/PHOTO-2019-02-21-12-43-03.jpg\" alt=\"PHOTO-2019-02-21-12-43-03\" width=\"1600\" height=\"1200\" \/>\r\n\t\t\t\t\t\t\t\t\t\t<div class=\"slideshow_description_box slideshow_transparent\">\r\n\t\t\t\t\t\t<div class=\"slideshow_title\">PHOTO-2019-02-21-12-43-03<\/div>\t\t\t\t\t\t\t\t\t\t\t<\/div>\r\n\t\t\t\t<\/div>\r\n\r\n\t\t\t\t\t\t\r\n\t\t\t\t<div class=\"slideshow_slide slideshow_slide_image\">\r\n\t\t\t\t\t\t\t\t\t\t\t<img src=\"https:\/\/agora.xtec.cat\/ceipvallpalau\/wp-content\/uploads\/usu984\/2019\/02\/PHOTO-2019-02-21-12-43-04.jpg\" alt=\"PHOTO-2019-02-21-12-43-04\" width=\"1600\" height=\"1200\" \/>\r\n\t\t\t\t\t\t\t\t\t\t<div class=\"slideshow_description_box slideshow_transparent\">\r\n\t\t\t\t\t\t<div class=\"slideshow_title\">PHOTO-2019-02-21-12-43-04<\/div>\t\t\t\t\t\t\t\t\t\t\t<\/div>\r\n\t\t\t\t<\/div>\r\n\r\n\t\t\t\t\t\t<div style=\"clear: both;\"><\/div><\/div><div class=\"slideshow_view\">\r\n\t\t\t\t<div class=\"slideshow_slide slideshow_slide_image\">\r\n\t\t\t\t\t\t\t\t\t\t\t<img src=\"https:\/\/agora.xtec.cat\/ceipvallpalau\/wp-content\/uploads\/usu984\/2019\/02\/PHOTO-2019-02-21-12-43-04_1.jpg\" alt=\"PHOTO-2019-02-21-12-43-04_1\" width=\"1600\" height=\"1200\" \/>\r\n\t\t\t\t\t\t\t\t\t\t<div class=\"slideshow_description_box slideshow_transparent\">\r\n\t\t\t\t\t\t<div class=\"slideshow_title\">PHOTO-2019-02-21-12-43-04_1<\/div>\t\t\t\t\t\t\t\t\t\t\t<\/div>\r\n\t\t\t\t<\/div>\r\n\r\n\t\t\t\t\t\t\r\n\t\t\t\t<div class=\"slideshow_slide slideshow_slide_image\">\r\n\t\t\t\t\t\t\t\t\t\t\t<img src=\"https:\/\/agora.xtec.cat\/ceipvallpalau\/wp-content\/uploads\/usu984\/2019\/02\/PHOTO-2019-02-21-12-43-05.jpg\" alt=\"PHOTO-2019-02-21-12-43-05\" width=\"1600\" height=\"1200\" \/>\r\n\t\t\t\t\t\t\t\t\t\t<div class=\"slideshow_description_box slideshow_transparent\">\r\n\t\t\t\t\t\t<div class=\"slideshow_title\">PHOTO-2019-02-21-12-43-05<\/div>\t\t\t\t\t\t\t\t\t\t\t<\/div>\r\n\t\t\t\t<\/div>\r\n\r\n\t\t\t\t\t\t<div style=\"clear: both;\"><\/div><\/div><div class=\"slideshow_view\">\r\n\t\t\t\t<div class=\"slideshow_slide slideshow_slide_image\">\r\n\t\t\t\t\t\t\t\t\t\t\t<img src=\"https:\/\/agora.xtec.cat\/ceipvallpalau\/wp-content\/uploads\/usu984\/2019\/02\/PHOTO-2019-02-21-12-43-06_1.jpg\" alt=\"PHOTO-2019-02-21-12-43-06_1\" width=\"1600\" height=\"1200\" \/>\r\n\t\t\t\t\t\t\t\t\t\t<div class=\"slideshow_description_box slideshow_transparent\">\r\n\t\t\t\t\t\t<div class=\"slideshow_title\">PHOTO-2019-02-21-12-43-06_1<\/div>\t\t\t\t\t\t\t\t\t\t\t<\/div>\r\n\t\t\t\t<\/div>\r\n\r\n\t\t\t\t\t\t\r\n\t\t\t\t<div class=\"slideshow_slide slideshow_slide_image\">\r\n\t\t\t\t\t\t\t\t\t\t\t<img src=\"https:\/\/agora.xtec.cat\/ceipvallpalau\/wp-content\/uploads\/usu984\/2019\/02\/PHOTO-2019-02-21-12-43-06_2.jpg\" alt=\"PHOTO-2019-02-21-12-43-06_2\" width=\"1600\" height=\"1200\" \/>\r\n\t\t\t\t\t\t\t\t\t\t<div class=\"slideshow_description_box slideshow_transparent\">\r\n\t\t\t\t\t\t<div class=\"slideshow_title\">PHOTO-2019-02-21-12-43-06_2<\/div>\t\t\t\t\t\t\t\t\t\t\t<\/div>\r\n\t\t\t\t<\/div>\r\n\r\n\t\t\t\t\t\t<div style=\"clear: both;\"><\/div><\/div>\r\n\t\t<\/div>\r\n\r\n\t\t<div class=\"slideshow_controlPanel slideshow_transparent\" style=\"display: none;\"><ul><li class=\"slideshow_togglePlay\" data-play-text=\"Visualitza\" data-pause-text=\"Pausa\"><\/li><\/ul><\/div>\r\n\r\n\t\t<div class=\"slideshow_button slideshow_previous slideshow_transparent\" role=\"button\" data-previous-text=\"Anterior\" style=\"display: none;\"><\/div>\r\n\t\t<div class=\"slideshow_button slideshow_next slideshow_transparent\" role=\"button\" data-next-text=\"Seg\u00fcent\" style=\"display: none;\"><\/div>\r\n\r\n\t\t<div class=\"slideshow_pagination\" style=\"display: none;\" data-go-to-text=\"V\u00e9s a la diapositiva\"><div class=\"slideshow_pagination_center\"><\/div><\/div>\r\n\r\n\t\t<!-- WordPress Slideshow Version 2.3.1 -->\r\n\r\n\t\t\t<\/div>\r\n\r\n\n<p>A <strong>Cicle Mitj\u00e0<\/strong> i <strong>Cicle Superior<\/strong> treballem amb el <span style=\"text-decoration: underline;\">LEGO WEDO<\/span>.<\/p>\n<p>Els Lego WeDo \u00e9s un kit de programaci\u00f3 per peces que ens permet construir robots inal\u00e1mbrics que podem controlar i dirigir amb les tablets utilitzant un llenguatge de programaci\u00f3 visual senzill.<\/p>\n","protected":false},"excerpt":{"rendered":"<p>La rob\u00f2tica \u00e9s un sistema d\u2019ensenyament basat en el constructivisme\u00a0que permet\u00a0afavorir la creaci\u00f3 de nous escenaris d\u2019aula on l\u2019alumnat \u00e9s\u00a0protagonista actiu i reflexiu del seu aprenentatge a trav\u00e9s del disseny i l\u2019elaboraci\u00f3 de creacions pr\u00f2pies, i on es potencia el desenvolupament de les seves habilitats&hellip;  <a href=\"https:\/\/agora.xtec.cat\/ceipvallpalau\/projectes\/robotica\/\" title=\"Read Rob\u00f2tica\">Llegeix m\u00e9s\u00bb<\/a><\/p>\n","protected":false},"author":1,"featured_media":0,"parent":1516,"menu_order":40,"comment_status":"closed","ping_status":"closed","template":"page-templates\/side-menu.php","meta":{"_bbp_topic_count":0,"_bbp_reply_count":0,"_bbp_total_topic_count":0,"_bbp_total_reply_count":0,"_bbp_voice_count":0,"_bbp_anonymous_reply_count":0,"_bbp_topic_count_hidden":0,"_bbp_reply_count_hidden":0,"_bbp_forum_subforum_count":0,"footnotes":""},"class_list":["post-522","page","type-page","status-publish","hentry"],"post_mailing_queue_ids":[],"_links":{"self":[{"href":"https:\/\/agora.xtec.cat\/ceipvallpalau\/wp-json\/wp\/v2\/pages\/522","targetHints":{"allow":["GET"]}}],"collection":[{"href":"https:\/\/agora.xtec.cat\/ceipvallpalau\/wp-json\/wp\/v2\/pages"}],"about":[{"href":"https:\/\/agora.xtec.cat\/ceipvallpalau\/wp-json\/wp\/v2\/types\/page"}],"author":[{"embeddable":true,"href":"https:\/\/agora.xtec.cat\/ceipvallpalau\/wp-json\/wp\/v2\/users\/1"}],"replies":[{"embeddable":true,"href":"https:\/\/agora.xtec.cat\/ceipvallpalau\/wp-json\/wp\/v2\/comments?post=522"}],"version-history":[{"count":4,"href":"https:\/\/agora.xtec.cat\/ceipvallpalau\/wp-json\/wp\/v2\/pages\/522\/revisions"}],"predecessor-version":[{"id":1852,"href":"https:\/\/agora.xtec.cat\/ceipvallpalau\/wp-json\/wp\/v2\/pages\/522\/revisions\/1852"}],"up":[{"embeddable":true,"href":"https:\/\/agora.xtec.cat\/ceipvallpalau\/wp-json\/wp\/v2\/pages\/1516"}],"wp:attachment":[{"href":"https:\/\/agora.xtec.cat\/ceipvallpalau\/wp-json\/wp\/v2\/media?parent=522"}],"curies":[{"name":"wp","href":"https:\/\/api.w.org\/{rel}","templated":true}]}}